{"id":177,"date":"2017-04-18T10:25:41","date_gmt":"2017-04-18T10:25:41","guid":{"rendered":"http:\/\/ieomsociety.org\/bogota2017\/?page_id=177"},"modified":"2017-05-16T21:34:07","modified_gmt":"2017-05-16T21:34:07","slug":"travel","status":"publish","type":"page","link":"http:\/\/ieomsociety.org\/bogota2017\/travel\/","title":{"rendered":"Travel"},"content":{"rendered":"<h1 style=\"text-align: center;\"><span style=\"color: #993300;\">Travel<\/span><\/h1>\n<h3><a href=\"http:\/\/www.marriott.com\/hotels\/travel\/bogmc-bogota-marriott-hotel\/\">Bogota Marriott Hotel<img loading=\"lazy\" decoding=\"async\" class=\" wp-image-270 alignright\" src=\"http:\/\/ieomsociety.org\/bogota2017\/wp-content\/uploads\/2017\/04\/Marriott-Hotel.jpg\" alt=\"\" width=\"479\" height=\"257\" srcset=\"http:\/\/ieomsociety.org\/bogota2017\/wp-content\/uploads\/2017\/04\/Marriott-Hotel.jpg 1024w, http:\/\/ieomsociety.org\/bogota2017\/wp-content\/uploads\/2017\/04\/Marriott-Hotel-300x161.jpg 300w, http:\/\/ieomsociety.org\/bogota2017\/wp-content\/uploads\/2017\/04\/Marriott-Hotel-768x413.jpg 768w, http:\/\/ieomsociety.org\/bogota2017\/wp-content\/uploads\/2017\/04\/Marriott-Hotel-940x505.jpg 940w, http:\/\/ieomsociety.org\/bogota2017\/wp-content\/uploads\/2017\/04\/Marriott-Hotel-620x333.jpg 620w, http:\/\/ieomsociety.org\/bogota2017\/wp-content\/uploads\/2017\/04\/Marriott-Hotel-195x105.jpg 195w\" sizes=\"(max-width: 479px) 100vw, 479px\" \/><\/a><\/h3>\n<p><strong>Av El Dorado 69 B-53<\/strong><br \/>\n<strong>Bogota, Colombia\u00a0\u00a0<\/strong><br \/>\n<strong>Phone: +57-1-4851111<br \/>\nEmail:<br \/>\n<\/strong><\/p>\n<p>Bogota Marriott Hotel is a luxurious hotel located in the heart of the city&#8217;s financial and entertainment center of Salitre. Marriott Bogota hotel surrounds you with endless shopping and dining opportunities. All of our hotel rooms are equipped with high-speed Wi-Fi.<\/p>\n<p>Bogot\u00e1 is Colombia\u2019s sprawling, high-altitude capital. La Candelaria, its cobblestoned center, features colonial-era landmarks like the neoclassical performance hall Teatro Col\u00f3n and the 17th-century Iglesia de San Francisco. It&#8217;s also home to popular museums including the Museo Botero, showcasing Fernando Botero&#8217;s art, and the Museo del Oro, displaying pre-Columbian gold pieces.<\/p>\n<p><span style=\"color: #ff0000;\">A limited number of rooms are available at the conference rate, US $ 171 per night. Please click below link for reservation:<\/span><\/p>\n<h1 style=\"text-align: center;\"><span style=\"color: #333333; font-family: 'Arial',sans-serif; font-size: 9pt;\"><a href=\"http:\/\/www.espanol.marriott.com\/meeting-event-hotels\/group-corporate-travel\/groupCorp.mi?resLinkData=Congreso%20Universidad%20del%20Rosario%20Oct%202017%5Ebogmc%60rsrrsra%60171.66%60USD%60false%602%6010\/24\/17%6010\/27\/17%6010\/2\/17&amp;app=resvlink&amp;stop_mobi=yes\" target=\"_blank\" rel=\"noopener noreferrer\"><b>Reserve Your Room Here<\/b><\/a><\/span><\/h1>\n<p><strong>Attractions<\/strong><\/p>\n<ul>\n<li>Museo del Oro<\/li>\n<li>Museo Botero<\/li>\n<li>Iglesia Museo de Santa Clara<\/li>\n<li>Iglesia de San Francisco<\/li>\n<li>Museo Nacional<\/li>\n<li>Museum in Bogot\u00e1<\/li>\n<li>Colecc\u00edon de Arte<\/li>\n<li>Casa de Nari\u00f1o<\/li>\n<li>Catedral Primada<\/li>\n<li>Plazoleta del Chorro de Quevedo<\/li>\n<li>Palacio de Justicia<\/li>\n<li>Parque Sim\u00f3n Bol\u00edvar<\/li>\n<li>Plaza de Bol\u00edvar<\/li>\n<li>Palacio de San Carlos<\/li>\n<li>Jard\u00edn Bot\u00e1nico Jos\u00e9 Celestino Mutis<\/li>\n<\/ul>\n<hr \/>\n<p><strong><span style=\"color: #ff6600;\">Visa not required for the following countries<\/span> <\/strong><\/p>\n<p>A foreign citizen that wish to visit Colombia, must have a valid passport. Search in the following link your country, if your country is in this list, you do not need a visa to enter Colombia and just you need a valid passport: <u><a href=\"http:\/\/www.colombia.travel\/en\/practical-information\/visa\">http:\/\/www.colombia.travel\/en\/practical-information\/visa<\/a>. <\/u><\/p>\n<p>Citizens of the following countries do not require a TP-11, TP-12 or TP-13 Visa, to enter and temporarily stay in the country: Andorra, Antigua and Barbuda, Argentina, Australia, Austria, Azerbaijan, Bahamas, Barbados, Belgium, Belize, Bolivia, Brazil, Brunei Darussalam, Bulgaria, Bhutan, Canada, Czech (Republic), Chile, Cyprus, Korea (Republic of), Costa Rica, Croatia, Denmark, Dominica, Ecuador, El Salvador, United Arab Emirates, Slovakia, Slovenia, Spain, <strong><span style=\"color: #ff0000;\">USA,<\/span> <\/strong>Estonia, Fiji, Finland, France, Georgia, Granada, Greece, Guatemala, Guyana, Honduras, Hungary, Indonesia, Ireland, Marshall Islands, Solomon Islands, Israel, Italy, Jamaica, Japan, Kazakhstan, Latvia, Liechtenstein, Lithuania, Luxembourg, Malaysia, Malta, Mexico, Micronesia, Monaco, Norway, New Zealand, Netherlands, Palau, Panama, Papua New Guinea, Paraguay, Peru, Poland, Portugal, United Kingdom of Great Britain and Northern Ireland, Dominican Republic, Romania, Russian Federation, Saint Kitts and Nevis, Samoa, San Marino, Saint Lucia, the Vatican, St. Vincent and the Grenadines, Singapore, South Africa, Sweden, Switzerland, Suriname, Trinidad and Tobago, Turkey, Uruguay and Venezuela.<\/p>\n<hr \/>\n<p><strong><span style=\"color: #ff6600;\">What to Do:<\/span><\/strong> <a href=\"http:\/\/www.colombia.travel\/en\/where-to-go\/andean\/bogota\/\">http:\/\/www.colombia.travel\/en\/where-to-go\/andean\/bogota\/<\/a><\/p>\n<p>Bogot\u00e1 is the capital and largest city in Colombia. A melting pot of people from around the country, it is diverse and multicultural, with a blend of modern and colonial architecture. The predominant colors in Bogot\u00e1 are the green of the city\u2019s many parks and the eastern mountains overlooking the sanctuaries of Monserrate and Guadalupe, and the rich red of its many brick buildings.<\/p>\n<hr \/>\n<p><strong><span style=\"color: #ff6600;\">Airport: <\/span><\/strong><span style=\"color: #ff6600;\"><a href=\"https:\/\/eldorado.aero\/\">https:\/\/eldorado.aero\/<\/a><\/span><\/p>\n<p><span style=\"font-family: 'Times New Roman',serif;\"><span style=\"color: #000000;\">El Dorado International Airport (<strong><span style=\"color: #ff0000;\">Code: BOG<\/span><\/strong>) is an international airport located in Bogot\u00e1, Colombia. It is ranked among the world&#8217;s 50 busiest airports in terms of: passenger traffic, cargo traffic and traffic movements. Bogota Airport is the second-busiest airport in South America by total passengers. Major airlines from USA have direct flights to Bogota.<\/span><\/span><\/p>\n<p>&nbsp;<\/p>\n","protected":false},"excerpt":{"rendered":"<p>Travel Bogota Marriott Hotel Av El Dorado 69 B-53 Bogota, Colombia\u00a0\u00a0 Phone: +57-1-4851111 Email: Bogota Marriott Hotel is a luxurious hotel located in the heart of the city&#8217;s financial and entertainment center of Salitre. Marriott Bogota hotel surrounds you with endless shopping and dining opportunities. All of our hotel rooms are equipped with high-speed Wi-Fi. [&hellip;]<\/p>\n","protected":false},"author":1,"featured_media":0,"parent":0,"menu_order":0,"comment_status":"closed","ping_status":"closed","template":"","meta":{"footnotes":""},"class_list":["post-177","page","type-page","status-publish","hentry"],"_links":{"self":[{"href":"http:\/\/ieomsociety.org\/bogota2017\/wp-json\/wp\/v2\/pages\/177"}],"collection":[{"href":"http:\/\/ieomsociety.org\/bogota2017\/wp-json\/wp\/v2\/pages"}],"about":[{"href":"http:\/\/ieomsociety.org\/bogota2017\/wp-json\/wp\/v2\/types\/page"}],"author":[{"embeddable":true,"href":"http:\/\/ieomsociety.org\/bogota2017\/wp-json\/wp\/v2\/users\/1"}],"replies":[{"embeddable":true,"href":"http:\/\/ieomsociety.org\/bogota2017\/wp-json\/wp\/v2\/comments?post=177"}],"version-history":[{"count":8,"href":"http:\/\/ieomsociety.org\/bogota2017\/wp-json\/wp\/v2\/pages\/177\/revisions"}],"predecessor-version":[{"id":273,"href":"http:\/\/ieomsociety.org\/bogota2017\/wp-json\/wp\/v2\/pages\/177\/revisions\/273"}],"wp:attachment":[{"href":"http:\/\/ieomsociety.org\/bogota2017\/wp-json\/wp\/v2\/media?parent=177"}],"curies":[{"name":"wp","href":"https:\/\/api.w.org\/{rel}","templated":true}]}}