{"id":26,"date":"2017-01-15T14:12:24","date_gmt":"2017-01-15T14:12:24","guid":{"rendered":"http:\/\/ieomsociety.org\/ieom2018\/?page_id=26"},"modified":"2023-06-04T11:50:45","modified_gmt":"2023-06-04T11:50:45","slug":"committee","status":"publish","type":"page","link":"http:\/\/ieomsociety.org\/houston2023\/committee\/","title":{"rendered":"Committee"},"content":{"rendered":"<h1 style=\"text-align: center;\"><strong><span style=\"color: #993300;\">Conference Committee<\/span><\/strong><\/h1>\n<hr \/>\n<h3><span style=\"color: #ff6600;\"><strong>Conference Chair<\/strong><\/span><\/h3>\n<p><strong>Dr. Satish Bukkapatnam<br \/>\n<\/strong>Rockwell International Professor and<br \/>\nDirector, TEES Institute for Manufacturing Systems<br \/>\nTexas Engineering Experiment Station<br \/>\nCollege Station, Texas, USA<\/p>\n<h3><span style=\"color: #ff6600;\"><strong>Conference Co-Chairs<\/strong><\/span><\/h3>\n<p><strong>Dr. Ahad Ali<br \/>\n<\/strong>Associate Professor<br \/>\nDirector of Industrial Engineering Program<br \/>\nA. Leon Linton Department of Mechanical, Robotics and Industrial Engineering<br \/>\nLawrence Technological University<br \/>\nSouthfield, Michigan, USA<\/p>\n<p><strong>Dr. Gino Lim<\/strong><br \/>\nProfessor &amp; Chair<br \/>\nR. Larry and Gerlene (Gerri) R. Snider Endowed Chair<br \/>\nDepartment of Industrial Engineering<br \/>\nUniversity of Houston<br \/>\nTexas, USA<\/p>\n<p><strong>Dr. Hamid R. Parsaei<\/strong><br \/>\nProfessor of Industrial &amp; Systems Engineering<br \/>\nThe Wm Michael Barnes \u201964 Department of Industrial &amp; Systems Engineering<br \/>\nAffiliated Professor, Multidisciplinary Engineering<br \/>\nDirector, College of Engineering Accreditation and Assessment<br \/>\nTexas A&amp;M University, College Station<br \/>\nTexas, USA<\/p>\n<hr \/>\n<h3><span style=\"color: #ff6600;\"><strong>Industry Chair<\/strong><\/span><\/h3>\n<p><strong>Eric Ayanegui, CPMM, CRL<br \/>\n<\/strong>Director Operations Engineering<br \/>\nCintas Corporation<br \/>\nHouston, Texas, USA<\/p>\n<h3><span style=\"color: #ff6600;\"><strong>Program Chair<\/strong><\/span><\/h3>\n<p><strong>Professor Don Reimer<\/strong><br \/>\nDirector of Membership and Chapter Development<br \/>\nIEOM Society<\/p>\n<hr \/>\n<p><strong><span style=\"color: #ff6600;\">Panel Chairs<\/span><\/strong><\/p>\n<p>Women in Industry and Academia (WIIA) Panel<\/p>\n<ul>\n<li>Dr. Johanna Trujillo D\u00edaz, Titular-II Professor at Business Administration, Support of Vice-Rectory for Research, Fundaci\u00f3n Internacional De La Rioja (UNIR),Bogot\u00e1, Colombia<\/li>\n<\/ul>\n<p>Industry 4.0 Panel Chair<\/p>\n<ul>\n<li>Dr. Hayder Zghair, Assistant Professor of Industrial Engineering and Director of Industrial Engineering Development, College of Science and Engineering, Southern Arkansas University, Magnolia, Arkansas, USA<\/li>\n<\/ul>\n<p>Human Factors and Ergonomics &#8211; Maintenance and Reliability Panel Chair<\/p>\n<ul>\n<li>Eric Ayanegui, Cintas Corporation<\/li>\n<\/ul>\n<p>Global Supply Chain Management and Logistics Panel Chair<\/p>\n<ul>\n<li>Dr. Shahram Taj, Chair and Professor, Department of Data Science &amp; Business Analytics and Chair, Department of Computer Science, Florida Polytechnic University, Lakeland, Florida, USA<\/li>\n<\/ul>\n<p>Data Analytics Panel Chair<\/p>\n<ul>\n<li>Dr. Ying Lin, Assistant Professor, Industrial Engineering Department and Director, Smart Health &amp; Intelligent Engineering Systems (SHINES) Lab, University of Houston, Houston, Texas<\/li>\n<\/ul>\n<p>Using Assessment to Improve Student Learning and Curriculum \u2013 Panel Chair<\/p>\n<ul>\n<li>Dr. Abu Masud, Professor Emeritus, Department of Industrial and Manufacturing Engineering, Wichita State University, Kansas, USA<\/li>\n<\/ul>\n<p>Lean Six Sigma Panel Chair<\/p>\n<ul>\n<li>Dr. Jamison Kovach, PMI Houston Endowed Professor in Project Management, University of Houston, Texas, USA<\/li>\n<\/ul>\n<p>Diversity and Inclusion Panel sponsored by Ford Motor Company Panel Chair<\/p>\n<ul>\n<li>Shelia Harden, CEO, GSHA Quality Services, Ann Arbor, Michigan, USA<\/li>\n<\/ul>\n<p>Global Engineering Education Forum \u2013 Panel Chair<\/p>\n<ul>\n<li>Dr. Adedeji Badiru, Dean, Graduate School of Engineering and Management, Air Force Institute of Technology, Wright-Patterson AFB, Ohio, USA<\/li>\n<\/ul>\n<p><strong>Conference Secretariat<\/strong><\/p>\n<ul>\n<li>Dr. Taufiqul Islam, Operations Manager, IEOM Society International<\/li>\n<\/ul>\n<hr \/>\n<p><span style=\"color: #ff6600;\"><strong>Technical Committee (TC) \/ Review Editorial Board<\/strong><\/span><\/p>\n<ul>\n<li>Dr. Adnan Hassan, Universiti Teknologi Malaysia<\/li>\n<li>Dr. Cherrafi Anass, ENSAM- Meknes, Moulay Ismail University, Morocco<\/li>\n<li>Taher Azar Ahmad, Benha University, Egypt<\/li>\n<li>Alimohammad AHMADVAND, University of Eyvanekey, Iran<\/li>\n<li>Michel ALDANONDO, Ecole des Mine d\u2019Albi, France<\/li>\n<li>Bandar A. Alkhayyal, Prince Sultan University, Saudi Arabia<\/li>\n<li>Ahmad Taher AZAR, Benha University, Egypt<\/li>\n<li>Armand BABOLI, INSA Lyon, France<\/li>\n<li>Trishit BANDYOPADHYAY, Xavier School of Management, India<\/li>\n<li>Andr\u00e9s Felipe BARCO, Universidad de San Buenaventura-Cali, Colombia<\/li>\n<li>Samuel BASSETTO, Ecole Polytechnique, Canada<\/li>\n<li>Mahdi BASTAN, University of Eyvanekey, Iran<\/li>\n<li>Philipp BAUMANN, University of Bern, Switzerland<\/li>\n<li>Cedrick BELER, Institut National Polytechnique de Toulouse \u2013 Ecole Nationale d\u2019Ing\u00e9nieurs de Tarbes, France<\/li>\n<li>Eric BONJOUR, ENSGSI \u2013 University of Lorraine, France<\/li>\n<li>Robert BOUTE, KU Leuven, Belgium<\/li>\n<li>Xavier BRUSSET, SKEMA Business School, France<\/li>\n<li>Patricia Alcantara CARDOSO, Universidade Federal do Esp\u00edrito Santo, Brazil<\/li>\n<li>Kah Hin CHAI, National University of Singapore, Singapore<\/li>\n<li>Aur\u00e9lie CHARLES, University of Lyon France, France<\/li>\n<li>Elyn Solano CHARRIS, Universidad de La Sabana, Columbia<\/li>\n<li>Anis CHELBI, University of Tunis, Tunisia<\/li>\n<li>Aidin Delgoshaei, Industrial Engineering Department, Kharazmi University, Tehran, Iran<\/li>\n<li>Christine DI MARTINELLY, IESEG School of Management, France<\/li>\n<li>Jose Arturo Garza-Reyes, The University of Derby, UK<\/li>\n<li>Hamed Shakouri GANJAVI , University of Tehran, Iran<\/li>\n<li>Laurent ENESTE , Institut National Polytechnique de Toulouse \u2013 Ecole Nationale d\u2019Ing\u00e9nieurs de Tarbes, France<\/li>\n<li>Ali GHARBI, ETS Montreal, Canada<\/li>\n<li>Bernard GRABOT , Institut National Polytechnique de Toulouse \u2013 Ecole Nationale d\u2019Ing\u00e9nieurs de Tarbes, France<\/li>\n<li>Elise GRUHIER , University of Bordeaux France, France<\/li>\n<li>Bhaskar GARDAS, Veermata Jijabai Technological Institute, India<\/li>\n<li>Vastag GYULA, Sz\u00e9chenyi Istv\u00e1n University, Hungary<\/li>\n<li>Marc Haddad, Lebanese American University, Lebanon<\/li>\n<li>Khaled HADJ HAMMOU, Institut National des Sciences Appliqu\u00e9es de Lyon, France<\/li>\n<li>Ramzi HAMMAMI, ESC Rennes School of Business, France<\/li>\n<li>Alaa HASSAN, University of Lorraine, France<\/li>\n<li>Petri HELO, University of Vaasa, Finland<\/li>\n<li>Lazhar HOMRI, Arts et M\u00e9tiers ParisTech, France<\/li>\n<li>Lars HVAM, Technical University of Denmark, Denmark<\/li>\n<li>Emmanuel HYON, Sorbonne Universit\u00e9 \u2013 LIP6, France<\/li>\n<li>Peter JACOBSEN, Technical University of Denmark, Denmark<\/li>\n<li>Daouda KAMISSOKO, IMT Mines Albi, France<\/li>\n<li>\u00d6zge Karanfil, Ko\u00e7 \u00dcniversitesi, Turkey<\/li>\n<li>Laoucine KERBACHE, HEC Paris, France<\/li>\n<li>Javad KHAMISABADI, Islamic Azad University, Iran<\/li>\n<li>Reza Ramazani KHORSHID-DOUST, Amirkabir University of Technology, Iran<\/li>\n<li>Nathalie KLEMENT, Arts et M\u00e9tiers ParisTech, France<\/li>\n<li>Anil Kumar, University of Derby, UK<\/li>\n<li>Arun KUMAR, RMIT University, Australia<\/li>\n<li>Vikas KUMAR, University pf the West England, UK<\/li>\n<li>Elmar KUTSCH, Cranfield University, UK<\/li>\n<li>Samir LAMOURI, ENSAM Arts et M\u00e9tiers ParisTech, France<\/li>\n<li>Carman LEE, Hong Kong Polytechnic University, Hong Kong<\/li>\n<li>Danping LIN, Shanghai Maritime University, China<\/li>\n<li>Chrity Yaqiong LV, Wuhan University of Technology, China<\/li>\n<li>Lahcen MIFDAL, Universiapolis Agadir, Morocco<\/li>\n<li>Mehrdad MOHAMMADI, IMT Atlantique, France<\/li>\n<li>Seyed Meysam MOUSAVI, Shahed University, Iran<\/li>\n<li>Simon Peter Nadeem, University of Derby, UK<\/li>\n<li>Balkrishna NARKHEDE, National Institute of Industrial Engineering, India<\/li>\n<li>Banu OZKESER, KOLUMAN Industry Automotive, Turkey<\/li>\n<li>Maurice PILLET, Universit\u00e9 de Savoie Mont Blanc, France<\/li>\n<li>Rakesh RAUT, National Institute of Industrial Engineering, India<\/li>\n<li>Nidhal REGZ, University of Lorraine, France<\/li>\n<li>Luis Rocha-Lona, Instituto Politecnico Nacional, Mexico<\/li>\n<li>Turki SADOK, University of Lorraine, France<\/li>\n<li>J\u00e9r\u00e9mie SCHUTZ, University of Lorraine, France<\/li>\n<li>Sara SHAFIEE, Technical University of Denmark, Denmark<\/li>\n<li>Shakouri G. Hamed, University of Tehran, Iran<\/li>\n<li>Dellagi SOFIENE, University of Lorraine, France<\/li>\n<li>Reza TAVAKKOLI-MOGHADDAM, University of Tehran, Iran<\/li>\n<li>Ayeley TCHANGANI, Institut National Polytechnique de Toulouse \u2013 Ecole Nationale d\u2019Ing\u00e9nieurs de Tarbes, France<\/li>\n<li>Norbert TRAUTMANN, University of Bern, Switzerland<\/li>\n<li>Jiri TUPA, University of West Bohemia, Czech Republic<\/li>\n<li>Yazg\u0131 T\u00dcT\u00dcNC\u00dc, Izmir University of Economics, Turkey<\/li>\n<li>Eric VILLENEUVE, Ecole Sup\u00e9rieure des Technologies Industrielles Avanc\u00e9es, France<\/li>\n<li>Junqiang WANG, Northwestern Polytechnic University, China<\/li>\n<li>Yue WANG, Hang Seng Management College, Hong Kong<\/li>\n<li>Yong WU, Griffith University, Australia<\/li>\n<li>Christoph WUNCK, Jade University of Applied Sciences, Germany<\/li>\n<li>Esma YAHIA, Arts et M\u00e9tiers ParisTech, France<\/li>\n<li>Bingwen YAN, Cape Peninsula University of Technology, South Africa<\/li>\n<li>Marc ZOLGHADRI, Ecole des Ing\u00e9nieurs en M\u00e9canique de Paris, France<\/li>\n<li>Funlade Sunmola , University of Hertfordshire, Hatfield, UK<\/li>\n<li>Ali MOSTAFAEIPOUR, Industrial Engineering Department, Yazd University, Iran<strong style=\"font-size: inherit;\">\u00a0<\/strong><\/li>\n<\/ul>\n<hr \/>\n<p><span style=\"color: #ff6600;\"><strong>International Committee<\/strong><\/span><\/p>\n<ul>\n<li>Eldon Caldwell, University of Costa Rica<\/li>\n<li>Mohammad Abdullah Shaikh, Deakin University, Australia<\/li>\n<li>Bhaskar Bhandarkar, Indian Institution of Industrial Engineering (IIIE), Mumbai, India<\/li>\n<li>Mohd Khairol Anuar bin Mohd Ariffin,Co-ordinator Master of Manufacturing System Engineering,Department of Mechanical and Manufacturing Engineering, Faculty of Engineering, University Putra Malaysia (UPM), Selangor, Malaysia<\/li>\n<li>Shekar Babu, AMRITA School of Business, AMRITA University, Bangalore, India<\/li>\n<li>Khurshid Khan, Vice Chancelor, Abdul Wali Khan University Mardan (AWKUM), Mardan, Khyber Pakhtunkhwa, Pakistan<\/li>\n<li>Mahdi Bashiri, Professor of Industrial Engineering, Shahed University, Tehran, Iran<\/li>\n<li>MELLAK Abderrahmane, Boumerdes University \u2013 Algeria<\/li>\n<li>Sumit Kumar Gupta, Dean of Science, Parishkar college of global Excellence Jaipur, India<\/li>\n<li>Sharif, Indian Institute of Technology (IIT) Kanpur (India)<\/li>\n<\/ul>\n","protected":false},"excerpt":{"rendered":"<p>Conference Committee Conference Chair Dr. Satish Bukkapatnam Rockwell International Professor and Director, TEES Institute for Manufacturing Systems Texas Engineering Experiment Station College Station, Texas, USA Conference Co-Chairs Dr. Ahad Ali Associate Professor Director of Industrial Engineering Program A. Leon Linton Department of Mechanical, Robotics and Industrial Engineering Lawrence Technological University Southfield, Michigan, USA Dr. Gino [&hellip;]<\/p>\n","protected":false},"author":1,"featured_media":0,"parent":0,"menu_order":0,"comment_status":"closed","ping_status":"closed","template":"","meta":[],"_links":{"self":[{"href":"http:\/\/ieomsociety.org\/houston2023\/wp-json\/wp\/v2\/pages\/26"}],"collection":[{"href":"http:\/\/ieomsociety.org\/houston2023\/wp-json\/wp\/v2\/pages"}],"about":[{"href":"http:\/\/ieomsociety.org\/houston2023\/wp-json\/wp\/v2\/types\/page"}],"author":[{"embeddable":true,"href":"http:\/\/ieomsociety.org\/houston2023\/wp-json\/wp\/v2\/users\/1"}],"replies":[{"embeddable":true,"href":"http:\/\/ieomsociety.org\/houston2023\/wp-json\/wp\/v2\/comments?post=26"}],"version-history":[{"count":137,"href":"http:\/\/ieomsociety.org\/houston2023\/wp-json\/wp\/v2\/pages\/26\/revisions"}],"predecessor-version":[{"id":2571,"href":"http:\/\/ieomsociety.org\/houston2023\/wp-json\/wp\/v2\/pages\/26\/revisions\/2571"}],"wp:attachment":[{"href":"http:\/\/ieomsociety.org\/houston2023\/wp-json\/wp\/v2\/media?parent=26"}],"curies":[{"name":"wp","href":"https:\/\/api.w.org\/{rel}","templated":true}]}}