{"id":48,"date":"2017-01-15T16:32:06","date_gmt":"2017-01-15T16:32:06","guid":{"rendered":"http:\/\/ieomsociety.org\/ieom2018\/?page_id=48"},"modified":"2023-06-11T16:07:31","modified_gmt":"2023-06-11T16:07:31","slug":"global-engineering-education","status":"publish","type":"page","link":"http:\/\/ieomsociety.org\/houston2023\/global-engineering-education\/","title":{"rendered":"Global Engineering Education"},"content":{"rendered":"<h1 style=\"text-align: center;\" align=\"center\"><span style=\"color: #993300;\"><strong>40th IEOM Global Engineering Education<\/strong><\/span><\/h1>\n<hr \/>\n<p>IEOM Society International addresses the issues of Global Engineering Education. There are various levels of readiness of engineering graduates from various parts of the world. One of the main themes is how to reduce the readiness gap of engineering graduates around the world. The special focus is given to Industrial Engineering and Manufacturing Engineering including Engineering Management. Are the engineering graduates ready to take on the challenges of the current global economy? With the great success of Global Engineering Education Series of last IEOM conferences, IEOM Rome Conference will have a dedicated session for the 40th Global Engineering Education where distinguished speakers will discuss the readiness of engineering graduates for workforce around the world. Fifteen featured speakers will be from various part of the world to address engineering education challenges and opportunities.<\/p>\n<p>Global Engineering Education Topics can be related on:<\/p>\n<ul>\n<li>Accreditation<\/li>\n<li>Learning Assessment<\/li>\n<li>Problem based learning<\/li>\n<li>Project based learning<\/li>\n<li>Active collaborative learning<\/li>\n<li>Student learning assessment<\/li>\n<li>Teaching and learning<\/li>\n<li>Pedagogy<\/li>\n<li>Curriculum improvement<\/li>\n<li>Innovation and entrepreneurship<\/li>\n<li>Global engineering education challenges<\/li>\n<li>Industrial engineering, manufacturing engineering, systems engineering, integrated engineering, reliability engineering, quality engineering and similar Education<\/li>\n<\/ul>\n<p>Each speaker needs to submit a title of the talk, photo and a short bio as well as power point presentation. All will be included in the IEOM 2023 Detroit Conference proceedings. If you are interested to be distinguished feature speaker, please contact <a href=\"mailto:info@ieomsociety.org\">info@ieomsociety.org<\/a> for details.<\/p>\n<p style=\"text-align: center;\">All speakers need to register for the 8th North American IEOM Houston Conference. Please pay your registration fee <span style=\"color: #ff6600;\"><strong>ONLINE: <a href=\"https:\/\/www.xcdsystem.com\/IEOM\/attendee\/index.cfm?ID=C1f6EXs\">https:\/\/www.xcdsystem.com\/IEOM\/attendee\/index.cfm?ID=C1f6EXs<\/a><\/strong><\/span><\/p>\n<hr \/>\n<h1 style=\"text-align: center;\" align=\"center\"><span style=\"color: #0000ff;\"><strong>DISTINGUISHED SPEAKERS<\/strong><\/span><\/h1>\n<hr \/>\n<h2 style=\"text-align: center;\"><strong>June 13, Tuesday<\/strong><\/h2>\n<h2 style=\"text-align: center;\"><span style=\"color: #993300;\"><strong>Global Engineering Education I<\/strong><\/span><\/h2>\n<p style=\"text-align: center;\"><strong>2:00 &#8211; 3:45 pm &#8211; Meeting Room 2 (Onsite)<\/strong><br \/>\n<strong>Session Chair: Dr. Anjum Ali<br \/>\n<\/strong><\/p>\n<p><span style=\"color: #0000ff;\"><strong>2:00 pm &#8211; 2:30 pm (Tuesday, June 13)<\/strong><\/span><\/p>\n<h3><strong><a href=\"http:\/\/ieomsociety.org\/ieom\/wp-content\/uploads\/2019\/01\/Anjum.jpg\"><img decoding=\"async\" loading=\"lazy\" class=\"alignleft wp-image-6481\" src=\"http:\/\/ieomsociety.org\/ieom\/wp-content\/uploads\/2019\/01\/Anjum.jpg\" sizes=\"(max-width: 212px) 100vw, 212px\" srcset=\"http:\/\/ieomsociety.org\/ieom\/wp-content\/uploads\/2019\/01\/Anjum.jpg 330w, http:\/\/ieomsociety.org\/ieom\/wp-content\/uploads\/2019\/01\/Anjum-233x300.jpg 233w, http:\/\/ieomsociety.org\/ieom\/wp-content\/uploads\/2019\/01\/Anjum-151x195.jpg 151w\" alt=\"Anjum\" width=\"212\" height=\"273\" \/><\/a><span style=\"color: #ff6600;\">Anjum Ali, Ph.D.<\/span><\/strong><br \/>\n<span style=\"color: #ff6600;\">(Retd.) Professor of Electrical Engineering, FAST-NU, Lahore, Pakistan<\/span><br \/>\n<span style=\"color: #ff6600;\">Ex. Associate Professor of Computer Engineering, LUMS, Lahore, Pakistan<\/span><br \/>\n<span style=\"color: #ff6600;\">Ex. Professor of Computer Science and Engineering<\/span><\/h3>\n<p>Dr. Anjum Ali completed his Ph.D. degree in August 1988 from the University of Alabama, Huntsville, Alabama, U.S.A. He has been teaching Electrical and Computer Engineering subjects since March 1978. His first teaching appointment, as a lecturer of Electrical Engineering, was at the University of Engineering and Technology (UET), Lahore, Pakistan, after winning gold medals in each of the last three years of his undergraduate engineering education.<\/p>\n<p>His teaching experience includes twelve years at Mercer University, Macon, Georgia, USA, and about nine years at three different universities in Saudi Arabia. At Mercer University (1988-1999), \u00a0he was the lead faculty member who developed the Computer Engineering curriculum series, from the first undergraduate course in the area to various MS level electives.<\/p>\n<p>He has also worked, as an associate professor, at the Lahore University of Management Sciences (LUMS), Lahore, Pakistan, from 1996 to 1998. During his stay at LUMS, he developed the computer engineering portion of the CS curriculum, and helped the university transition from the quarter system to the semester system.<\/p>\n<p>He served as the chairman of the Electronics Engineering and Instrumentation Department at the Hail Community College (now University of Hail), Hail, Saudi Arabia, from February 2000 to June 2002. During his stay there, he developed a four-year degree program in Electrical Engineering for the University of Hail.<\/p>\n<p>Dr. Anjum Ali moved to Pakistan in July 2002, and joined Al-Khawarizmi Institute of Computer Science (KICS) at the University of Engineering and Technology, Lahore, as a professor in December 2002. During his stay at KICS, he initiated many research and development projects and won research grants.<\/p>\n<p>He has been a professor of Electrical Engineering at the National University of Computer and Emerging Sciences, (FAST-NU), Lahore, from\u00a0 May 2005 to May 2018.\u00a0 He was the Head of Electrical Engineering from March 2007 to September 2013, and during this time he developed multiple long-range policies and procedures for the university, which are still in place.\u00a0 He was also the Acting Director, Lahore Campus, at different occasions during his stay at FAST-NU, Lahore.<\/p>\n<p>Dr. Anjum Ali was the convener of the National HEC Computer Engineering curriculum development committee. The HEC committee (NCRC) developed and finalized the 2009 HEC Computer Engineering Curriculum for all Pakistani universities.<\/p>\n<p>Dr. Anjum Ali has taught many EE, CE and CS courses and supervised numerous graduate as well as undergraduate students during his 40 years of teaching career. He has over 30 conference and journal publications. He is also the founding editor of the FAST-NU Research Journal. His areas of current research interest include embedded control systems and computer architecture.<\/p>\n<p>After retirement from FAST-NU, Dr. Anjum Ali is leading a research and development company in Atlanta, GA, USA, as its president and CEO.<\/p>\n<hr \/>\n<p><span style=\"color: #0000ff;\"><strong>2:30 pm &#8211; 3:00 pm (Tuesday, June 13)<\/strong><\/span><\/p>\n<h3><span style=\"color: #ff6600;\"><strong><img decoding=\"async\" loading=\"lazy\" class=\"wp-image-2291 alignleft\" src=\"http:\/\/ieomsociety.org\/houston2023\/wp-content\/uploads\/2023\/04\/banwet.png\" alt=\"\" width=\"224\" height=\"245\" srcset=\"http:\/\/ieomsociety.org\/houston2023\/wp-content\/uploads\/2023\/04\/banwet.png 340w, http:\/\/ieomsociety.org\/houston2023\/wp-content\/uploads\/2023\/04\/banwet-274x300.png 274w, http:\/\/ieomsociety.org\/houston2023\/wp-content\/uploads\/2023\/04\/banwet-178x195.png 178w\" sizes=\"(max-width: 224px) 100vw, 224px\" \/>Dr. Devinder Kumar Banwet FIE<br \/>\n<\/strong>Vice Chancellor Founding Retd<\/span><br \/>\n<span style=\"color: #ff6600;\">University of Engineering &amp; Management<\/span><br \/>\n<span style=\"color: #ff6600;\">Kolkata India<\/span><br \/>\n<span style=\"color: #ff6600;\">Professor Emeritus, DMS ,IIT Delhi (India)<\/span><\/h3>\n<p>Prof. Devinder Kumar Banwet is Vice Chancellor Founding Retd. of University of Engineering &amp; Management , Kolkata India. He is an Emeritus Professor of DMS IIT Delhi in the area of Operations &amp; Supply Chain Management \u00a0, \u00a0Industrial Systems Engineering, Infrastructure Project Systems Management, TQM, DSS, Operations Research Applications, Prof Banwet is a graduate\u00a0 Mechanical \u00a0Engineer, with Master of Industrial Engineering and a PhD \u00a0( Industrial Engg \/Production Management from IIT Delhi. Previously he served as a Vice Chancellor of the University of Engineering and Management at Kolkata. He has made significant contributions in publications related to Operations Management. His areas of research interest include Operations Management, Supply Chain and Logistics, Services Management, Project Management, IT-enabled DSS, Industrial Systems Engineering, Total Quality Management, Manufacturing Strategy, Technology Management, Materials Inventory Management, Facilities Planning, Operations Research Systems Modelling, Telecom Systems and Entrepreneurship Management.Prof Banwet has more than 40 years of academic teaching, research and administrative experience Prof Banwet has guided 35 + PhD projects:, has many research publications in reputed journals in India and abroad, Has had prestigious assignments at Kuwait Institute for Scientific Research, University of Sorbonne at Paris, Asian Institute of Technology Bangkok; Awarded Best Engineer Award IE,India, PMI Distinguished Researcher Award, IEOM Award, Life Time Achievement Award of POMS India, ISTD India,, President of professional Societies Decision Science Institute of USA India Chapter,. Prof Banwet is on the Governing Board of many Professional Institutes of Technology,and Management, and usually Chairman of many NBA Nat Board of Accreditation team expert visits.<span style=\"color: #0000ff;\"><strong><br \/>\n<\/strong><\/span><\/p>\n<hr \/>\n<p><span style=\"color: #0000ff;\"><strong>3:00 pm &#8211; 3:30 pm (Tuesday, June 13)<br \/>\n<\/strong><\/span><\/p>\n<h3><span style=\"color: #ff6600;\"><strong><img decoding=\"async\" loading=\"lazy\" class=\"wp-image-2574 alignleft\" src=\"http:\/\/ieomsociety.org\/houston2023\/wp-content\/uploads\/2023\/06\/Louis.png\" alt=\"\" width=\"220\" height=\"220\" srcset=\"http:\/\/ieomsociety.org\/houston2023\/wp-content\/uploads\/2023\/06\/Louis.png 472w, http:\/\/ieomsociety.org\/houston2023\/wp-content\/uploads\/2023\/06\/Louis-300x300.png 300w, http:\/\/ieomsociety.org\/houston2023\/wp-content\/uploads\/2023\/06\/Louis-150x150.png 150w, http:\/\/ieomsociety.org\/houston2023\/wp-content\/uploads\/2023\/06\/Louis-195x195.png 195w, http:\/\/ieomsociety.org\/houston2023\/wp-content\/uploads\/2023\/06\/Louis-130x130.png 130w, http:\/\/ieomsociety.org\/houston2023\/wp-content\/uploads\/2023\/06\/Louis-70x70.png 70w, http:\/\/ieomsociety.org\/houston2023\/wp-content\/uploads\/2023\/06\/Louis-45x45.png 45w\" sizes=\"(max-width: 220px) 100vw, 220px\" \/>Louis H. Iselin<br \/>\n<\/strong>CTE\/STEM Engineering and Robotics Instructor<\/span><br \/>\n<span style=\"color: #ff6600;\">Cypress Park High School <\/span><br \/>\n<span style=\"color: #ff6600;\">Cypress, Texas, United States\u00a0<\/span><\/h3>\n<p>Louis H. Iselin is a career and technical education (CTE) teacher at Cypress Park High School in the Cypress-Fairbanks Independent School District near Houston, Texas. He teaches vocational engineering courses and robotics, pulling from his experiences as a physicist, graduate engineer, and US patent attorney.<\/p>\n<p>Prior to returning to education in 2018, he spent over 20 years in patent prosecution and litigation support. His first position after graduate school was as an Assistant Professor of Physics at Bloomsburg University. Louis received MEng and PhD degrees in Nuclear Engineering Sciences from the University of Florida in Gainesville. His undergraduate, ABET-accredited degree is in Engineering Physics from The University of Tulsa in Tulsa, Oklahoma. Louis earned a JD degree from the University of Houston Law Center. He is a Texas certified teacher in mathematics, physical science, and engineering for grades 6-12. Louis is an Oklahoma Engineer Intern and a Chartered Physicist (CPhys) and corporate member (MInstP) of the Institute of Physics. He is also a 37-year member of the Institute of Electrical and Electronics Engineers (IEEE).<\/p>\n<hr \/>\n<p><strong>3:30 pm &#8211; 4:00 pm (Tuesday, June 13)<\/strong><\/p>\n<p><img decoding=\"async\" loading=\"lazy\" class=\"wp-image-2594 alignleft\" src=\"http:\/\/ieomsociety.org\/houston2023\/wp-content\/uploads\/2023\/06\/soban.png\" alt=\"\" width=\"221\" height=\"249\" srcset=\"http:\/\/ieomsociety.org\/houston2023\/wp-content\/uploads\/2023\/06\/soban.png 568w, http:\/\/ieomsociety.org\/houston2023\/wp-content\/uploads\/2023\/06\/soban-267x300.png 267w, http:\/\/ieomsociety.org\/houston2023\/wp-content\/uploads\/2023\/06\/soban-173x195.png 173w\" sizes=\"(max-width: 221px) 100vw, 221px\" \/><\/p>\n<h3><span style=\"color: #ff6600;\"><strong>Soban Jalil<br \/>\n<\/strong>Senior Program Manager<\/span><br \/>\n<span style=\"color: #ff6600;\">Wabtec Corporation<\/span><br \/>\n<span style=\"color: #ff6600;\">Strategic Advisor, PakLaunch<\/span><br \/>\n<span style=\"color: #ff6600;\">Founder and Principal Consultant at SJ Consulting Services<\/span><\/h3>\n<p>Soban is an execution and people focused global operations leader with 25+ years of experience across multiple industrial segments including Transportation, Marine, Power Generation, Energy and Transit. He held various leadership positions through his career at GE Transportation, GE Oil &amp; Gas, Baker Hughes and now Wabtec Corporation in Engineering, Program Management and Supply Chain teams. He is currently leading North America Transit Passenger programs at Wabtec Corporation as Senior Program Manager. Before his current role, he was Global Quality Services and Engineering Leader at Baker Hughes, a GE Company, a position he held for six years. Earlier in his career, Soban gained extensive experience in launching and marketing of new products and services, customer engagement, strategic program management, business cost and process improvement, quality assurance and digital transformation with various business segments of General Electric Company (GE). Soban has been a thought-leader for 20+ years and led projects from concept to commercialization across multiple regions including Americas, Europe, Middle East and Asia Pacific. Soban holds a bachelor\u2019s degree in Electronic Engineering from GIK Institute, Pakistan, Master\u2019s in Electrical Engineering from Gannon University, Reliability and Risk Management Certification from University of Maryland and Executive MBA from Katz School of Business, University of Pittsburgh. He holds 2 patents and presented technical and policy related papers at various conferences and forums. He is a practicing ISO 9001 Quality Auditor, certified Lean Six Sigma practitioner and PMI certified Project Management Professional (PMP). Soban was one of the founding members and active leader of GE and Baker Hughes Asian Pacific American Forum (APAF), a Diversity and Inclusion Employee Resource Group (ERG). He was recognized and valued at CEO Diversity Council for his APAF leadership and community service initiatives. He was an active board member of Erie Asian Pacific American Association. He has led various initiatives in nonprofit and community organizations including GE Foundation and The Citizens Foundation (TCF). He is also active member of OPEN Entrepreneurship Forums in Silicon Valley and Houston area. Soban is currently advising PakLaunch, an entrepreneurship platform to connect global diaspora to startups in Pakistan across various sectors. He also volunteers time as Business mentor for Society of Asian Scientists and Engineers (SASE) and Sawayra, a non-profit focused on providing sustainable green solutions. He is also advising GIKI Alumni Association, a vibrant community of 7000+ members, as global coordinator and executive team member for the organization.<\/p>\n<hr \/>\n<h2 style=\"text-align: center;\"><span style=\"color: #993300;\"><strong>Global Engineering Education II<\/strong><\/span><\/h2>\n<p style=\"text-align: center;\"><strong>4:00 &#8211; 5:45 pm &#8211; Meeting Room 2 (Onsite)<\/strong><br \/>\n<strong>Session Chair: Dr. Anjum Ali<br \/>\n<\/strong><\/p>\n<p>4:00 pm &#8211; 4:20 pm (Tuesday, June 13)<\/p>\n<p><strong>ID 80\u00a0\u00a0\u00a0\u00a0\u00a0\u00a0 Analysis of the Technological Maturity Level of Industrial Engineering Students<br \/>\n<\/strong>Daniela del Carmen Bacre-Guzm\u00e1n, Mar\u00eda de los \u00c1ngeles Mart\u00ednez-Mercado, Azucena Minerva Garc\u00eda-Le\u00f3n and Nury Margarita Leal-Rend\u00f3n<br \/>\nProfessor, School of Chemical Science, Universidad Aut\u00f3noma de Nuevo Le\u00f3n, San Nicol\u00e1s de los Garza, Nuevo Le\u00f3n, M\u00e9xico<\/p>\n<p>4:20 pm &#8211; 4:40 pm (Tuesday, June 13)<\/p>\n<p><strong>ID 208\u00a0\u00a0\u00a0\u00a0\u00a0 You can\u2019t hide behind the screen forever; The necessity of Foundational Skills in STEM careers<br \/>\n<\/strong>E Shirl Donaldson, University of Michigan Flint, United States<\/p>\n<p>4:40 pm &#8211; 5:00 pm (Tuesday, June 13)<\/p>\n<p><strong>ID 131\u00a0\u00a0\u00a0\u00a0\u00a0 Embedding Professional Development Courses in Curriculum<br \/>\n<\/strong>Dr. Sabah Abro, Professor and Graduate Program Director, Department of Engineering Technology, Lawrence Technological University, Southfield, United States<\/p>\n<p>5:00 pm &#8211; 5:20 pm (Tuesday, June 13)<\/p>\n<p><strong>ID 51\u00a0\u00a0\u00a0\u00a0\u00a0\u00a0 A Comparison of Students&#8217; Learning Experience in Undergraduate Engineering Programs Using Face-to-Face and Synchronous<br \/>\n<\/strong>Albertus Retnanto, Ph.D., Professor, Petroleum Engineering, Texas A&amp;M University at Qatar, Doha, Qatar<br \/>\nHamid R. Parsaei, Ph.D., P.E., Professor, Industrial and Systems Engineering, Texas A&amp;M University, College Station, TX, USA<br \/>\nBoback Parsaei, Vice President and Chief Technical Officer, Integrated Technology Systems, Inc., Houston, Texas, USA<\/p>\n<p><strong>5:20 pm &#8211; 5:40 pm (Tuesday, June 13)<\/strong><\/p>\n<hr \/>\n<h3 style=\"text-align: left;\"><span style=\"color: #993300;\">Past Programs of IEOM Global Engineering Education<\/span><\/h3>\n<ol>\n<li>2014 IEOM Bali Global Engineering Education Speakers<\/li>\n<li><a href=\"http:\/\/ieomsociety.org\/global-engineering-education-orlando.pdf\">2015 IEOM Orlando Global Engineering Education Speakers<\/a><\/li>\n<li><a href=\"http:\/\/iieom.org\/global_engineering_education_2015_Dubai.pdf\">2015 IEOM Dubai Global Engineering Education Speakers<\/a><\/li>\n<li><a href=\"http:\/\/ieomsociety.org\/global-engineering-education-malaysia.pdf\">2016 IEOM Kuala Lumpur Global Engineering Education Speakers<\/a><\/li>\n<li><a href=\"http:\/\/ieomsociety.org\/global-engineering-education-Detroit.pdf\">2016 IEOM Detroit Global Engineering Education Speakers<\/a><\/li>\n<li><a href=\"http:\/\/ieomsociety.org\/global-engineering-education-bogota.pdf\">2017 IEOM Bogota, Colombia<\/a><\/li>\n<li><a href=\"http:\/\/ieomsociety.org\/global-engineering-education-uk.pdf\">2017 IEOM Bristol, UK<\/a><\/li>\n<li><a href=\"http:\/\/ieomsociety.org\/global-engineering-education-rabat.pdf\">2017 IEOM Rabat Global Engineering Education Speakers<\/a><\/li>\n<li>2018 Pretoria &#8211; IEOM Global Engineering Education<\/li>\n<li>2018 Washington DC &#8211; IEOM Global Engineering Education<\/li>\n<li>2018 Paris &#8211; IEOM Global Engineering Education<\/li>\n<li>2018 Bandung &#8211; IEOM Global Engineering Education<\/li>\n<li>2019 Riyadh &#8211; IEOM GEE<\/li>\n<li>2019 Toronto &#8211; IEOM Global Engineering Education<\/li>\n<li>2019 Pilsen &#8211; IEOM Global Engineering Education<\/li>\n<li>2019 Bangkok &#8211; IEOM Global Engineering Education<\/li>\n<li>2020 Dubai- IEOM Global Engineering Education<\/li>\n<li>2020 Detroit GEE<\/li>\n<\/ol>\n<hr \/>\n<p style=\"text-align: left;\">If you have any question about IEOM Conference and\/or IEOM Society, please contact: <a href=\"mailto:info@ieomsociety.org\">info@ieomsociety.org.<\/a><\/p>\n","protected":false},"excerpt":{"rendered":"<p>40th IEOM Global Engineering Education IEOM Society International addresses the issues of Global Engineering Education. There are various levels of readiness of engineering graduates from various parts of the world. One of the main themes is how to reduce the readiness gap of engineering graduates around the world. The special focus is given to Industrial [&hellip;]<\/p>\n","protected":false},"author":1,"featured_media":0,"parent":0,"menu_order":0,"comment_status":"closed","ping_status":"closed","template":"","meta":[],"_links":{"self":[{"href":"http:\/\/ieomsociety.org\/houston2023\/wp-json\/wp\/v2\/pages\/48"}],"collection":[{"href":"http:\/\/ieomsociety.org\/houston2023\/wp-json\/wp\/v2\/pages"}],"about":[{"href":"http:\/\/ieomsociety.org\/houston2023\/wp-json\/wp\/v2\/types\/page"}],"author":[{"embeddable":true,"href":"http:\/\/ieomsociety.org\/houston2023\/wp-json\/wp\/v2\/users\/1"}],"replies":[{"embeddable":true,"href":"http:\/\/ieomsociety.org\/houston2023\/wp-json\/wp\/v2\/comments?post=48"}],"version-history":[{"count":153,"href":"http:\/\/ieomsociety.org\/houston2023\/wp-json\/wp\/v2\/pages\/48\/revisions"}],"predecessor-version":[{"id":2601,"href":"http:\/\/ieomsociety.org\/houston2023\/wp-json\/wp\/v2\/pages\/48\/revisions\/2601"}],"wp:attachment":[{"href":"http:\/\/ieomsociety.org\/houston2023\/wp-json\/wp\/v2\/media?parent=48"}],"curies":[{"name":"wp","href":"https:\/\/api.w.org\/{rel}","templated":true}]}}