{"id":71,"date":"2017-01-16T01:49:42","date_gmt":"2017-01-16T01:49:42","guid":{"rendered":"http:\/\/ieomsociety.org\/ieom2018\/?page_id=71"},"modified":"2022-03-10T04:13:21","modified_gmt":"2022-03-10T04:13:21","slug":"program","status":"publish","type":"page","link":"http:\/\/ieomsociety.org\/istanbul2022\/program\/","title":{"rendered":"Program"},"content":{"rendered":"<h1 align=\"center\"><span style=\"color: #993300;\"><strong>Overall Conference Program<\/strong><\/span><\/h1>\n<hr \/>\n<h3><span style=\"color: #ff6600;\"><strong>Day 1 \u2013 March 7 (Monday) <\/strong><\/span><\/h3>\n<ul>\n<li>6:00 am &#8211; 7:45 am &#8211; Technical Presentations &#8211; Virtual Meeting Rooms 1-6<\/li>\n<li>8:00 am- 10:00 am &#8211; Technical Presentations &#8211; Virtual Meeting Rooms 1-6<\/li>\n<li>10:00 am &#8211; 12:00 pm &#8211; Technical Presentations &#8211; Virtual Meeting Rooms 1-6<\/li>\n<li>12:00 &#8211; 2:00 pm &#8211; Technical Presentations &#8211; Virtual Meeting Rooms 1-6<\/li>\n<li>2:00 &#8211; 4:00 pm &#8211; Technical Presentations &#8211; Virtual Meeting Rooms 1-6<\/li>\n<li>4:00 &#8211; 6:00 pm &#8211; Technical Presentations &#8211; Virtual Meeting Rooms 1-6<\/li>\n<li>6:00 &#8211; 8:00 pm &#8211; Technical Presentations &#8211; Virtual Meeting Rooms 1-6<\/li>\n<\/ul>\n<hr \/>\n<h3><span style=\"color: #ff6600;\"><strong>Day 2 \u2013 March 8 (Tuesday)<br \/>\n<\/strong><\/span><\/h3>\n<ul>\n<li>6:00 am &#8211; 7:45 am &#8211; Technical Presentations &#8211; Virtual Meeting Rooms 1-6<\/li>\n<li>7:30 am &#8211; 5:00 pm &#8211; Registration and onsite registration fee payment<\/li>\n<li>8:00 am &#8211; Technical Presentations &#8211; Hilton Rooms MR25A-MR25B and Virtual Rooms 1-6<\/li>\n<li><span style=\"color: #000000;\">10:00 am &#8211;\u00a0<\/span><span style=\"color: #ff00ff;\"><span style=\"color: #000000;\"> 10:<\/span><\/span>20 am <strong>Welcome Addres<\/strong>s &#8211; Hilton Istanbul Bomonti Hotel Meeting Rooms MR25A-MR25B<\/li>\n<li>10:20 am &#8211; 11:00 am <strong>Opening<\/strong> <strong>Keynote I: <\/strong>Prof. Dr. \u015eener Oktik, Board Member of \u015ei\u015fecam A.\u015e., Professor, Kadir Has University, Istanbul, Turkey &#8211; Hilton Istanbul Bomonti Hotel Meeting Rooms MR25A-MR25B<\/li>\n<li>11:00 am &#8211; 11:40 am <strong><strong>Keynote II:\u00a0<\/strong><\/strong>Cevdet Alemdar, Industry SBU President, Sabanci Holding, \u0130stanbul, Turkey &#8211; Hilton Istanbul Bomonti Hotel Meeting Rooms MR25A-MR25B<\/li>\n<li>11:40 am &#8211; 12:20 pm <strong>Keynote III: <\/strong>Prof. Dr. Ilker Birbil, Professor of AI &amp; Optimization Techniques for Business &amp; Society, Faculty of Economics and Business, Section Business Analytics, University of Amsterdam (UvA), Amsterdam, The Netherlands &#8211; Hilton Istanbul Bomonti Hotel Meeting Rooms MR25A-MR25B<\/li>\n<li>12:20 pm &#8211; 1:00 pm <strong>Keynote IV: <\/strong>Ahmet G\u00fcrsoy, Chief Supply Chain Officer, Modanisa, Istanbul, Turkey &#8211; Hilton Istanbul Bomonti Hotel Meeting Rooms MR25A-MR25B<\/li>\n<li>1:00 pm &#8211; 2:00 pm LUNCH BREAK &#8211; Hilton Istanbul Bomonti Hotel Meeting Rooms MR25A-MR25B<\/li>\n<li>2:00 pm &#8211;\u00a0 3:45 pm Technical Presentations &#8211; Hilton Rooms MR25A-MR25B and Virtual Rooms 1-6<\/li>\n<li>3:45 pm &#8211; 4:00 pm &#8211; Coffee Break &#8211; Hilton Rooms MR25A-MR25B<\/li>\n<li>4:40 pm &#8211; 4:40 pm <strong>Keynote V: <\/strong>Dr. Lewis Ntaimo, Professor and Sugar and Mike Barnes Department Head Chair, Wm Michael Barnes \u201864 Department of Industrial and Systems Engineering, Texas A&amp;M University, College Station, Texas, USA &#8211; Virtual<\/li>\n<li>4:40 pm &#8211; 5:20 pm <strong>Keynote VI: <\/strong>Paul Perkins, President, Amatrol, Inc., Jeffersonville, Indiana, USA &#8211; Virtual<\/li>\n<li>5:20 pm &#8211; 6:00 pm <strong>Keynote VII: <\/strong>Dr. Rosemary R. Seva, Professor of Industrial Engineering, Assistant Dean for Quality Assurance, Gokongwei College of Engineering, De La Salle University, Manila, Philippines &#8211; Virtual<\/li>\n<li>4:00 pm &#8211; 5:45 pm Technical Presentations &#8211; Hilton Rooms MR25A-MR25B and Virtual Rooms 1-6<\/li>\n<li>6:00 &#8211; 7:45 pm &#8211; <strong>IEOM Presidential Panel on \u201cThe role of professional societies in serving the professions and providing opportunities for re-training and continuing education\u201d\u2013 virtual room 1 <\/strong><\/li>\n<li>6:00 &#8211; 7:45 pm &#8211; Technical Presentations &#8211; Virtual Rooms 1-6<\/li>\n<\/ul>\n<hr \/>\n<h3><span style=\"color: #ff6600;\"><strong>Day 3 \u2013 March 9 (Wednesday)<\/strong><\/span><\/h3>\n<ul>\n<li>6:00 am &#8211; 7:45 am &#8211; Technical Presentations &#8211; Virtual Meeting Rooms 1-6<\/li>\n<li>7:30 am &#8211; 5:00 pm &#8211; Registration and onsite registration fee payment<\/li>\n<li>8:00 am &#8211; Technical Presentations &#8211; Hilton Rooms MR25A-MR25B and Virtual Rooms 1-6<\/li>\n<li>10:00 am &#8211;\u00a0 10:20 am Welcome Address &#8211; Hilton Istanbul Bomonti Hotel Meeting Rooms MR25A-MR25B<\/li>\n<li>10:20 am &#8211; 11:00 am <strong>Keynote VIII: <\/strong>Prof. Nesli Alp, Dean and Professor, College of Technology, Indiana State University, Terre Haute, Indiana, USA &#8211; Hilton Istanbul Bomonti Hotel Meeting Rooms MR25A-MR25B<\/li>\n<li>11:00 am &#8211; 11:40 am <strong><strong>Keynote IX: <\/strong><\/strong>Dr. Jean-Damien Muller, Advanced Development Technical Leader, Battery Cooling Systems Expert, Valeo Thermal Systems, France &#8211; Hilton Istanbul Bomonti Hotel Meeting Rooms MR25A-MR25B<\/li>\n<li>11:40 am &#8211; 12:20 pm <strong>Keynote X: <\/strong>David A. Harry, CEO and Black Belt Trainer, Process Whisperer\u00ae Consultants LLC, Greeneville, Tennessee U.S.A. &#8211; Hilton Istanbul Bomonti Hotel Meeting Rooms MR25A-MR25B<\/li>\n<li>12:20 pm &#8211; 1:00 pm <strong>Keynote XI:<\/strong> Dr. Y\u0131lmaz Arg\u00fcden, Chairman, ARGE Consulting, Istanbul, Turkey &#8211; Hilton Istanbul Bomonti Hotel Meeting Rooms MR25A-MR25B<strong><br \/>\n<\/strong><\/li>\n<li>1:00 pm &#8211; 2:00 pm &#8211; LUNCH BREAK &#8211; Hilton Rooms MR25A-MR25B<\/li>\n<li>2:00 pm &#8211;\u00a0 3:45 pm Technical Presentations &#8211; Hilton Istanbul Bomonti Hotel Meeting Rooms MR25A-MR25B and Meeting Rooms 1-6<\/li>\n<li>3:45 pm &#8211; 4:00 pm &#8211; Coffee Break &#8211; Hilton Rooms MR25A-MR25B<\/li>\n<li>4:00 pm &#8211; 5:45 pm &#8211;\u00a0Hilton Rooms MR25A-MR25B and Virtual Rooms 1-6<\/li>\n<\/ul>\n<hr \/>\n<h3><span style=\"color: #ff6600;\"><strong>Day 4 \u2013 March 10 (Thursday)<\/strong><\/span><\/h3>\n<ul>\n<li>6:00 am &#8211; 7:45 am &#8211; Technical Presentations &#8211; Virtual Meeting Rooms 2-6<\/li>\n<li>8:00 am &#8211; Technical Presentations &#8211; Hilton Istanbul Bomonti Hotel Meeting Rooms MR25A-MR25B and Meeting Rooms 1-6<\/li>\n<li>10:00 am &#8211;\u00a0 10:40 am\u00a0<strong><strong>Keynote XII: <\/strong><\/strong>Dr. Linh N K Duong, Sr Lecturer in Operations Management, Bristol Business School, University of the West of England, UK &#8211; Hilton Istanbul Bomonti Hotel Meeting Rooms MR25A-MR25B<\/li>\n<li>10:40 am &#8211; 11:20 am <strong>Keynote XIII: <\/strong>Professor Edward J. Williams, Educator, University of Michigan \u2013 Dearborn and Sr. Technical Specialist, PMC, Michigan, USA &#8211; Hilton Istanbul Bomonti Hotel Meeting Rooms MR25A-MR25B<\/li>\n<li>11:30 &#8211; 1:00 pm Parallel Sessions &#8211; Hilton Rooms MR25A-MR25B and Virtual 1-6<\/li>\n<li>1:00 pm &#8211; 2:00 pm LUNCH BREAK &#8211; Hilton Istanbul Bomonti Hotel Meeting Rooms MR25A-MR25B<\/li>\n<li>2:00 pm &#8211;\u00a0 3:45 pm Technical Presentations &#8211; Hilton Istanbul Bomonti Hotel Meeting Rooms MR25A-MR25B and Meeting Rooms 1-6<\/li>\n<li>3:45 pm &#8211; 4:00 pm Break &#8211; Hilton Istanbul Bomonti Hotel Meeting Rooms MR25A-MR25B<\/li>\n<li>4:00 pm &#8211; 5:45 pm Technical Presentations &#8211; Hilton Istanbul Bomonti Hotel Meeting Rooms MR25A-MR25B and Meeting Rooms 1-7<\/li>\n<li>7:00 &#8211; 10:00 pm Awards Ceremony and Gala Dinner &#8211; Hilton Istanbul Bomonti Hotel Meeting Rooms MR25A-MR25B<\/li>\n<\/ul>\n<hr \/>\n<h2><span style=\"color: #993300;\"><strong>Past Conference Programs<\/strong><\/span><\/h2>\n<ul>\n<li>Bangalore, India 2021<\/li>\n<li>Rome, Italy 2021<\/li>\n<li>Harbin, China 2021<\/li>\n<li>Haiti 2021<\/li>\n<li>Sao Paulo 2021<\/li>\n<li>Singapore 2021<\/li>\n<li>Harare 2020<\/li>\n<li>Detroit 2020<\/li>\n<li><a href=\"http:\/\/www.ieomsociety.org\/program-dubai2020.pdf\">Program &#8211; Dubai 2020 &#8211; 10th Annual<\/a><\/li>\n<li><a href=\"http:\/\/www.ieomsociety.org\/program-riyadh2019.pdf\">Program &#8211; Riyadh 2019 &#8211; 1st GCC<\/a><\/li>\n<li><a href=\"http:\/\/www.ieomsociety.org\/program-toronto2019.pdf\">Program &#8211; Toronto 2019 &#8211; 4th North American<\/a><\/li>\n<li><a href=\"http:\/\/www.ieomsociety.org\/program-pilsen2019.pdf\">Program &#8211; Pilsen 2019- 3rd European<\/a><\/li>\n<li><a href=\"http:\/\/www.ieomsociety.org\/program-ieom2019.pdf\">Program &#8211; Bangkok 2019 &#8211; 9th Annual<\/a><\/li>\n<li><a href=\"http:\/\/www.ieomsociety.org\/program-southafrica2018.pdf\">Program &#8211; Pretoria 2018 &#8211; 1st African<\/a><\/li>\n<li><a href=\"http:\/\/www.ieomsociety.org\/program-dc2018.pdf\">Program &#8211; Washington DC 2018 &#8211; 3rd North American<\/a><\/li>\n<li><a href=\"http:\/\/www.ieomsociety.org\/program-paris2018.pdf\">Program &#8211; Paris 2018 &#8211; 2nd European<\/a><\/li>\n<li><a href=\"http:\/\/www.ieomsociety.org\/program-ieom2018.pdf\">Program &#8211; Bandung 2018 &#8211; 8th Annual<\/a><\/li>\n<li><a href=\"http:\/\/www.ieomsociety.org\/program-bogota2017.pdf\">Program &#8211; Bogota 2017 &#8211; 1st South American<\/a><\/li>\n<li><a href=\"http:\/\/www.ieomsociety.org\/program_uk2017.pdf\">Program &#8211; UK (Bristol) 2017 &#8211; 1st European<\/a><\/li>\n<li><a href=\"http:\/\/www.ieomsociety.org\/program_ieom_2017.pdf\">Program &#8211; Rabat 2017 &#8211; 7th Annual<\/a><\/li>\n<li><a href=\"http:\/\/www.ieomsociety.org\/Final_Program_IEOM_2016_Detroit_Conference.pdf\">Program &#8211; Detroit 2016- 2nd North American<\/a><\/li>\n<li style=\"text-align: left;\"><a href=\"http:\/\/ieomsociety.org\/program_ieom_2016.pdf\">Program &#8211; Kuala Lumpur 2016 &#8211; 6th Annual<\/a><\/li>\n<li><a href=\"http:\/\/ieomsociety.org\/ieom_orlando_2015_program.pdf\">Program &#8211; Orlando 2015 &#8211; 1st North American<\/a><\/li>\n<li style=\"text-align: left;\"><a href=\"http:\/\/ieomsociety.org\/ieom2015program.pdf\">Program &#8211; Dubai 2015 &#8211; 5th Annual<\/a><\/li>\n<li style=\"text-align: left;\"><a href=\"http:\/\/ieomsociety.org\/ieom2014program.pdf\">Program &#8211; Bali 2014 &#8211; 4th Annual<\/a><\/li>\n<li style=\"text-align: left;\"><a href=\"http:\/\/ieomsociety.org\/ieom2012program.pdf\">Program &#8211; Istanbul 2012 &#8211; 3rd Annual<\/a><\/li>\n<li style=\"text-align: left;\"><a href=\"http:\/\/ieomsociety.org\/ieom2011program.pdf\">Program &#8211; Kuala Lumpur 2011 &#8211; 2nd Annual<\/a><\/li>\n<li style=\"text-align: left;\"><a href=\"http:\/\/ieomsociety.org\/ieom2010program.pdf\">Program &#8211; Dhaka 2010 &#8211; 1st Annual<\/a><\/li>\n<\/ul>\n<hr \/>\n","protected":false},"excerpt":{"rendered":"<p>Overall Conference Program Day 1 \u2013 March 7 (Monday) 6:00 am &#8211; 7:45 am &#8211; Technical Presentations &#8211; Virtual Meeting Rooms 1-6 8:00 am- 10:00 am &#8211; Technical Presentations &#8211; Virtual Meeting Rooms 1-6 10:00 am &#8211; 12:00 pm &#8211; Technical Presentations &#8211; Virtual Meeting Rooms 1-6 12:00 &#8211; 2:00 pm &#8211; Technical Presentations &#8211; [&hellip;]<\/p>\n","protected":false},"author":1,"featured_media":0,"parent":0,"menu_order":0,"comment_status":"closed","ping_status":"closed","template":"","meta":{"footnotes":""},"class_list":["post-71","page","type-page","status-publish","hentry"],"_links":{"self":[{"href":"http:\/\/ieomsociety.org\/istanbul2022\/wp-json\/wp\/v2\/pages\/71"}],"collection":[{"href":"http:\/\/ieomsociety.org\/istanbul2022\/wp-json\/wp\/v2\/pages"}],"about":[{"href":"http:\/\/ieomsociety.org\/istanbul2022\/wp-json\/wp\/v2\/types\/page"}],"author":[{"embeddable":true,"href":"http:\/\/ieomsociety.org\/istanbul2022\/wp-json\/wp\/v2\/users\/1"}],"replies":[{"embeddable":true,"href":"http:\/\/ieomsociety.org\/istanbul2022\/wp-json\/wp\/v2\/comments?post=71"}],"version-history":[{"count":39,"href":"http:\/\/ieomsociety.org\/istanbul2022\/wp-json\/wp\/v2\/pages\/71\/revisions"}],"predecessor-version":[{"id":2459,"href":"http:\/\/ieomsociety.org\/istanbul2022\/wp-json\/wp\/v2\/pages\/71\/revisions\/2459"}],"wp:attachment":[{"href":"http:\/\/ieomsociety.org\/istanbul2022\/wp-json\/wp\/v2\/media?parent=71"}],"curies":[{"name":"wp","href":"https:\/\/api.w.org\/{rel}","templated":true}]}}