{"id":71,"date":"2017-01-16T01:49:42","date_gmt":"2017-01-16T01:49:42","guid":{"rendered":"http:\/\/ieomsociety.org\/ieom2018\/?page_id=71"},"modified":"2023-06-30T21:07:45","modified_gmt":"2023-06-30T21:07:45","slug":"program","status":"publish","type":"page","link":"http:\/\/ieomsociety.org\/lisbon2023\/program\/","title":{"rendered":"Program"},"content":{"rendered":"<h2 align=\"center\"><span style=\"color: #993300;\"><strong>Overall Conference Program<\/strong><\/span><\/h2>\n<h3 style=\"text-align: center;\"><a href=\"http:\/\/ieomsociety.org\/documents\/program-lisbon2023.pdf\"><strong>Preliminary Program<\/strong><\/a><\/h3>\n<hr \/>\n<h3><span style=\"color: #ff6600;\"><strong>Day 1 &#8211; July 17 (Monday) &#8211; Online<\/strong><\/span><\/h3>\n<ul>\n<li><strong>Student Competitions<\/strong><\/li>\n<\/ul>\n<h3><span style=\"color: #ff6600;\"><strong>Day 2 \u2013 July 18 (Tuesday)<\/strong><\/span><\/h3>\n<ul>\n<li>8:00 -9:30 am &#8211; <span style=\"color: #000000;\">Global Engineering Education and <\/span>Parallel Sessions<\/li>\n<li>9:30 &#8211; 10:00 am &#8211; Welcome Address &#8211; Host University Leadership and Professor Don Reimer, Chief Operating Officer, IEOM Society International<\/li>\n<li>10:00 -10:40 am &#8211; <strong><span style=\"color: #0000ff;\">Keynote Speaker I:\u00a0<\/span><\/strong>Jo\u00e3o Paulo Ribeiro, Senior Vice President Operations and Supply Chain, Visteon, Portugal<\/li>\n<li>10:40 &#8211; 11:20 am &#8211; <strong><span style=\"color: #0000ff;\">Keynote Speaker II: <\/span><\/strong>Prof. Virg\u00edlio Cruz Machado, Professor, Nova School of Science and Technology &#8211; FCT NOVA, Universidade NOVA de Lisboa, Portugal<\/li>\n<li>11:20 -12:00 pm &#8211;<strong><span style=\"color: #0000ff;\">Keynote Speaker III: <\/span><\/strong>Dr. Tomohiko Sakao, Professor of Sustainable Product\/Service Systems, Link\u00f6oping University, Sweden<\/li>\n<li>12:00 &#8211; 12:40 pm &#8211; <strong><span style=\"color: #0000ff;\">Keynote Speaker IV: <\/span><\/strong>V\u00e2nia Gomes, Director of Quality and Food Safety and Assistant to the Production Management, Chocolates Excelsior Company, Lisbon, Portugal<\/li>\n<li>1:00 &#8211; 2:00 pm &#8211; <span style=\"color: #000000;\">Lunch<\/span><\/li>\n<li><span style=\"color: #000000;\">2:00 &#8211; 3:45 pm &#8211; Global Engineering Education, WIIA Panel and Technical Parallel Session<\/span><\/li>\n<li><span style=\"color: #000000;\">4:00 &#8211; 5:45 pm &#8211; Global Engineering Education Panel and Technical Parallel Session<\/span><\/li>\n<\/ul>\n<hr \/>\n<h3><span style=\"color: #ff6600;\"><strong>Day 3 \u2013 July 19 (Wednesday)<\/strong><\/span><\/h3>\n<ul>\n<li>8:00 -9:30 am &#8211; <span style=\"color: #000000;\">Industry Solutions and <\/span>Parallel Sessions<\/li>\n<li>9:30 &#8211; 10:00 am &#8211; Conference Chairs Remarks<\/li>\n<li>10:00 -10:40 am &#8211; <strong><span style=\"color: #0000ff;\">Keynote Speaker V:<\/span><\/strong> Ant\u00f3nio Novais, Managing Director, Palmetal &#8211; Armazenagem e Servi\u00e7os, Thyssenkrupp Group, Palmela, Set\u00fabal, Portugal<\/li>\n<li>10:40 &#8211; 11:20 am &#8211; <strong><span style=\"color: #0000ff;\">Keynote Speaker VI:\u00a0<\/span><\/strong>Lu\u00eds Ferreira, Professor at Universidade Coimbra, Portugal<\/li>\n<li>11:20 -12:00 pm &#8211;<strong><span style=\"color: #0000ff;\">Keynote Speaker VII:\u00a0<\/span><\/strong>Ana Paula P\u00f3voa, Professor at T\u00e9cnico \/ Universidade de Lisboa, Portugal<\/li>\n<li>12:00 &#8211; 12:40 pm &#8211; <strong><span style=\"color: #0000ff;\">Keynote Speaker VIII:\u00a0<\/span><\/strong>Jo\u00e3o Matias, Professor at Universidade de Aveiro, Portugal<\/li>\n<li>1:00 &#8211; 2:00 pm &#8211; Lunch<\/li>\n<li><span style=\"color: #000000;\">2:00 &#8211; 3:45 pm &#8211; Industry Solutions and Technical Parallel Sessions<\/span><\/li>\n<li><span style=\"color: #000000;\">4:00 &#8211; 5:45 pm &#8211; Industry Solutions Panel and Technical Parallel Sessions<\/span><\/li>\n<li>6:00 &#8211; 8:30 pm &#8211; <span style=\"color: #000000;\">Diversity and Inclusion Panel sponsored by Ford Motor Company<\/span><\/li>\n<\/ul>\n<hr \/>\n<h3><span style=\"color: #ff6600;\"><strong>Day 4 \u2013 July 20 (Thursday)<\/strong><\/span><\/h3>\n<ul>\n<li>8:00 -9:30 am &#8211; GSCM and Parallel Sessions<\/li>\n<li>9:45 &#8211; 10:00 am &#8211; Conference Chair Remarks<\/li>\n<li>10:00 -10:40 am &#8211; <strong><span style=\"color: #0000ff;\">Keynote Speaker IX:\u00a0<\/span><\/strong>Lu\u00eds Bastos, Digital Industries Country Head, Siemens Portugal, Amadora, Lisbon, Portugal<\/li>\n<li>10:40 &#8211; 11:20 am &#8211; <strong><span style=\"color: #0000ff;\">Keynote Speaker X:\u00a0<\/span><\/strong>J\u00fcrgen H. Lenz, Research Professor, Augsburg Technical University, N\u00f6rdlingen, Bavaria, Germany<\/li>\n<li>11:20 -12:00 pm &#8211; <strong><span style=\"color: #0000ff;\">Keynote Speaker XI:\u00a0<\/span><\/strong>Luis Lopes Pereira, Country Director, Medtronic Portugal, Lisboa, Lisbon, Portugal<\/li>\n<li>12:00 &#8211; 12:40 pm &#8211; <strong><span style=\"color: #0000ff;\">Keynote Speakers:\u00a0<\/span><\/strong>\n<ul>\n<li>Pedro Monteiro, Operational Excellence Manager for Europe, Asia and New Zealand, Allied Motion Technologies, Founder and Editor, theleanmag and Associate Founder, projectoSONAR, Porto, Portugal<\/li>\n<li>Dave Harry, CEO of Process Whisperer\u00ae Consultants LLC, Greeneville, Tennessee, USA<\/li>\n<\/ul>\n<\/li>\n<li>1:00 &#8211; 2:00 pm &#8211; Lunch<\/li>\n<li><span style=\"color: #000000;\">2:00 &#8211; 3:45 pm &#8211; GSCM and Technical Parallel Sessions<\/span><\/li>\n<li><span style=\"color: #000000;\">4:00 &#8211; 5:45 pm &#8211; GSCM Panel and Technical Parallel Session<\/span><\/li>\n<li>6:00 &#8211; 9:00 pm &#8211; Conference Awards Ceremony<\/li>\n<\/ul>\n<hr \/>\n<h2><span style=\"color: #993300;\"><strong>Past Conference Programs<\/strong><\/span><\/h2>\n<ul>\n<li><a href=\"http:\/\/www.ieomsociety.org\/program-dubai2020.pdf\">Program &#8211; Dubai 2020 &#8211; 10th Annual<\/a><\/li>\n<li><a href=\"http:\/\/www.ieomsociety.org\/program-riyadh2019.pdf\">Program &#8211; Riyadh 2019 &#8211; 1st GCC<\/a><\/li>\n<li><a href=\"http:\/\/www.ieomsociety.org\/program-toronto2019.pdf\">Program &#8211; Toronto 2019 &#8211; 4th North American<\/a><\/li>\n<li><a href=\"http:\/\/www.ieomsociety.org\/program-pilsen2019.pdf\">Program &#8211; Pilsen 2019- 3rd European<\/a><\/li>\n<li><a href=\"http:\/\/www.ieomsociety.org\/program-ieom2019.pdf\">Program &#8211; Bangkok 2019 &#8211; 9th Annual<\/a><\/li>\n<li><a href=\"http:\/\/www.ieomsociety.org\/program-southafrica2018.pdf\">Program &#8211; Pretoria 2018 &#8211; 1st African<\/a><\/li>\n<li><a href=\"http:\/\/www.ieomsociety.org\/program-dc2018.pdf\">Program &#8211; Washington DC 2018 &#8211; 3rd North American<\/a><\/li>\n<li><a href=\"http:\/\/www.ieomsociety.org\/program-paris2018.pdf\">Program &#8211; Paris 2018 &#8211; 2nd European<\/a><\/li>\n<li><a href=\"http:\/\/www.ieomsociety.org\/program-ieom2018.pdf\">Program &#8211; Bandung 2018 &#8211; 8th Annual<\/a><\/li>\n<li><a href=\"http:\/\/www.ieomsociety.org\/program-bogota2017.pdf\">Program &#8211; Bogota 2017 &#8211; 1st South American<\/a><\/li>\n<li><a href=\"http:\/\/www.ieomsociety.org\/program_uk2017.pdf\">Program &#8211; UK (Bristol) 2017 &#8211; 1st European<\/a><\/li>\n<li><a href=\"http:\/\/www.ieomsociety.org\/program_ieom_2017.pdf\">Program &#8211; Rabat 2017 &#8211; 7th Annual<\/a><\/li>\n<li><a href=\"http:\/\/www.ieomsociety.org\/Final_Program_IEOM_2016_Detroit_Conference.pdf\">Program &#8211; Detroit 2016- 2nd North American<\/a><\/li>\n<li style=\"text-align: left;\"><a href=\"http:\/\/ieomsociety.org\/program_ieom_2016.pdf\">Program &#8211; Kuala Lumpur 2016 &#8211; 6th Annual<\/a><\/li>\n<li><a href=\"http:\/\/ieomsociety.org\/ieom_orlando_2015_program.pdf\">Program &#8211; Orlando 2015 &#8211; 1st North American<\/a><\/li>\n<li style=\"text-align: left;\"><a href=\"http:\/\/ieomsociety.org\/ieom2015program.pdf\">Program &#8211; Dubai 2015 &#8211; 5th Annual<\/a><\/li>\n<li style=\"text-align: left;\"><a href=\"http:\/\/ieomsociety.org\/ieom2014program.pdf\">Program &#8211; Bali 2014 &#8211; 4th Annual<\/a><\/li>\n<li style=\"text-align: left;\"><a href=\"http:\/\/ieomsociety.org\/ieom2012program.pdf\">Program &#8211; Istanbul 2012 &#8211; 3rd Annual<\/a><\/li>\n<li style=\"text-align: left;\"><a href=\"http:\/\/ieomsociety.org\/ieom2011program.pdf\">Program &#8211; Kuala Lumpur 2011 &#8211; 2nd Annual<\/a><\/li>\n<li style=\"text-align: left;\"><a href=\"http:\/\/ieomsociety.org\/ieom2010program.pdf\">Program &#8211; Dhaka 2010 &#8211; 1st Annual<\/a><\/li>\n<\/ul>\n<hr \/>\n","protected":false},"excerpt":{"rendered":"<p>Overall Conference Program Preliminary Program Day 1 &#8211; July 17 (Monday) &#8211; Online Student Competitions Day 2 \u2013 July 18 (Tuesday) 8:00 -9:30 am &#8211; Global Engineering Education and Parallel Sessions 9:30 &#8211; 10:00 am &#8211; Welcome Address &#8211; Host University Leadership and Professor Don Reimer, Chief Operating Officer, IEOM Society International 10:00 -10:40 am [&hellip;]<\/p>\n","protected":false},"author":1,"featured_media":0,"parent":0,"menu_order":0,"comment_status":"closed","ping_status":"closed","template":"","meta":[],"_links":{"self":[{"href":"http:\/\/ieomsociety.org\/lisbon2023\/wp-json\/wp\/v2\/pages\/71"}],"collection":[{"href":"http:\/\/ieomsociety.org\/lisbon2023\/wp-json\/wp\/v2\/pages"}],"about":[{"href":"http:\/\/ieomsociety.org\/lisbon2023\/wp-json\/wp\/v2\/types\/page"}],"author":[{"embeddable":true,"href":"http:\/\/ieomsociety.org\/lisbon2023\/wp-json\/wp\/v2\/users\/1"}],"replies":[{"embeddable":true,"href":"http:\/\/ieomsociety.org\/lisbon2023\/wp-json\/wp\/v2\/comments?post=71"}],"version-history":[{"count":40,"href":"http:\/\/ieomsociety.org\/lisbon2023\/wp-json\/wp\/v2\/pages\/71\/revisions"}],"predecessor-version":[{"id":2579,"href":"http:\/\/ieomsociety.org\/lisbon2023\/wp-json\/wp\/v2\/pages\/71\/revisions\/2579"}],"wp:attachment":[{"href":"http:\/\/ieomsociety.org\/lisbon2023\/wp-json\/wp\/v2\/media?parent=71"}],"curies":[{"name":"wp","href":"https:\/\/api.w.org\/{rel}","templated":true}]}}