{"id":963,"date":"2020-05-14T06:39:43","date_gmt":"2020-05-14T06:39:43","guid":{"rendered":"http:\/\/ieomsociety.org\/detroit2020\/?page_id=963"},"modified":"2023-07-16T15:07:57","modified_gmt":"2023-07-16T15:07:57","slug":"scm","status":"publish","type":"page","link":"http:\/\/ieomsociety.org\/lisbon2023\/scm\/","title":{"rendered":"Global Supply Chain and Logistics"},"content":{"rendered":"<h1 style=\"text-align: center;\" align=\"center\"><span style=\"color: #993300;\"><strong>20th IEOM Global Supply Chain and Logistics<br \/>\n<\/strong><\/span><\/h1>\n<h3 style=\"text-align: center;\"><strong>GSCM Speaker Registration Link: <\/strong><span style=\"color: #0000ff;\"><a href=\"https:\/\/www.xcdsystem.com\/IEOM\/attendee\/index.cfm?ID=rUx5M3Y\">https:\/\/www.xcdsystem.com\/IEOM\/attendee\/index.cfm?ID=rUx5M3Y<\/a><\/span><\/h3>\n<hr \/>\n<p>IEOM Society International discussing the current global issues, challenges and opportunities in the area of supply chain and logistics.<\/p>\n<p>Topics can be related on:<\/p>\n<ul>\n<li>Cross-functional drivers in a supply chain<\/li>\n<li>Demand planning and forecasting in supply chain<\/li>\n<li>Designing distribution networks<\/li>\n<li>Inventory positioning in SC<\/li>\n<li>Optimization in supply chain<\/li>\n<li>Strategic, tactical and operational supply chain<\/li>\n<li>Managing uncertainty in a supply chain<\/li>\n<li>Global Supply Chain<\/li>\n<li>Logistics<\/li>\n<li>Risk in supply chain<\/li>\n<li>Resilience in supply chain<\/li>\n<li>Green or Sustainable Supply Chain<\/li>\n<li>Supply chain coordination and collaboration<\/li>\n<li>Supply chain performance<\/li>\n<li>Value distortion of information: Bullwhip effect<\/li>\n<\/ul>\n<p>Each speaker needs to submit a title of the talk, photo and a short bio. All will be included in the IEOM 2023 Lisbon Conference proceedings. If you are interested to be distinguished feature speaker, please contact <a href=\"mailto:info@ieomsociety.org\">info@ieomsociety.org<\/a>\u00a0for details.<\/p>\n<hr \/>\n<h1 style=\"text-align: center;\" align=\"center\"><span style=\"color: #0000ff;\"><strong>DISTINGUISHED SPEAKERS<\/strong><\/span><\/h1>\n<hr \/>\n<h1 style=\"text-align: center;\"><strong><span style=\"color: #ff6600;\"><span style=\"color: #993300;\">Global Supply Chain and Logistics I<\/span><\/span><br \/>\n<\/strong><\/h1>\n<h2 style=\"text-align: center;\"><strong>July 20, 8:00 &#8211; 9:45 am &#8211; Meeting Room 1 (Onsite at Hilton)<br \/>\n<\/strong><\/h2>\n<p><span style=\"color: #0000ff;\"><strong>8:00 am &#8211; 8:20 am (Thursday, July 20)<\/strong><\/span><span style=\"color: #ff6600;\"><br \/>\n<\/span><\/p>\n<h3><strong><img loading=\"lazy\" class=\"wp-image-1816 alignleft\" src=\"http:\/\/ieomsociety.org\/nigeria2022\/wp-content\/uploads\/2021\/12\/Thaba.jpg\" sizes=\"(max-width: 265px) 100vw, 265px\" srcset=\"https:\/\/ieomsociety.org\/nigeria2022\/wp-content\/uploads\/2021\/12\/Thaba.jpg 424w, https:\/\/ieomsociety.org\/nigeria2022\/wp-content\/uploads\/2021\/12\/Thaba-261x300.jpg 261w, https:\/\/ieomsociety.org\/nigeria2022\/wp-content\/uploads\/2021\/12\/Thaba-169x195.jpg 169w\" alt=\"\" width=\"265\" height=\"305\" \/><span style=\"color: #ff6600;\">Ms. Sebonkile Thaba<\/span><\/strong><br \/>\n<span style=\"color: #ff6600;\">Lecturer of Supply Chain Management<\/span><br \/>\n<span style=\"color: #ff6600;\">Department of Transport and Supply Chain Management<\/span><br \/>\n<span style=\"color: #ff6600;\">University of Johannesburg<\/span><br \/>\n<span style=\"color: #ff6600;\">South Africa<\/span><\/h3>\n<p>She is currently a lecturer at the University of Johannesburg, holding Master of Technology Degree in Operations Management.\u00a0 Ms. Thaba serves at the Department of Transport and Supply Chain Management, lecturing 3rd-year students on Purchasing and 4th-year students on Logistics Processes and Practices. Ms Thaba\u2019s research area are enterprise development, Sustainable Supply Chain Management and Cooperatives. She has so far published one book-chapter and 25 peer-reviewed international conferences papers. She has 34 Google Scholar citations with three h-index, and 1 I10- Index. She is awarded Academic Doctorate Advancement Project towards Transformation (ADAPTT) Scholarship, which is the collaboration of University of Florida (USA) and South Africa Higher Education (SA-HE) Network (UJ). Sebonkile received three global prestige\u2019s awards from Industrial Engineering and Operations Management (IEOM)-International Society, Best Track Paper Award, Outstanding Service Award and Teaching &amp; Learning Award in Supply Chain Management. She is a Track Chair for Waste Management and Supply Chain Management, Annual International Conference on Industrial Engineering and Operations Management. \u00a0Sebonkile formed part of the diversity and Inclusion panelist from the 2<sup>nd<\/sup> African International Conference on Industrial Engineering and Operations Management in Harare Zimbabwe, December 2021<\/p>\n<p>Ms. Thaba currently is working on two projects, on Enterprise Development, which is Sustainable Supply Chain Management on Agricultural Farming Industry and Social Value Chain Economy within Local Community Enterprises. She currently a PhD candidate at University of Johannesburg, with a proposed title: Deconstructing the Social in Sustainable Supply Chain Management for African Farmers.<\/p>\n<p><strong>ID 394\u00a0\u00a0\u00a0\u00a0\u00a0 Impact of Blockchain in Enhancing Sustainable Supply Chain Activities Within Enterprises<br \/>\n<\/strong>Sebonkile Thaba, Lecturer for Supply Chain Management, Department of Transport and Supply Chain Management, University of Johannesburg,\u00a0Johannesburg, South Africa<br \/>\nCharles Mbohwa and Nelson Madonsela, Department of Quality and Operations Management, University of Johannesburg, Johannesburg, South Africa<\/p>\n<hr \/>\n<p><span style=\"color: #0000ff;\"><strong>8:20 am &#8211; 8:40 am (Thursday, July 20)<\/strong><\/span><\/p>\n<h3><span style=\"color: #ff6600;\"><strong>Dr. Palash Dey, CSCM\u2122<br \/>\n<\/strong>Head of Supply Chain Management<\/span><br \/>\n<span style=\"color: #ff6600;\">Expert in Planning, Sourcing Procurement &amp; Negotiation<\/span><br \/>\n<span style=\"color: #ff6600;\">Acorn Infrastructure Services Ltd<\/span><br \/>\n<span style=\"color: #ff6600;\">Ottawa, Ontario, Canada<\/span><\/h3>\n<p><img loading=\"lazy\" class=\"alignnone  wp-image-2605\" src=\"http:\/\/ieomsociety.org\/lisbon2023\/wp-content\/uploads\/2023\/07\/palash.png\" alt=\"\" width=\"223\" height=\"268\" srcset=\"http:\/\/ieomsociety.org\/lisbon2023\/wp-content\/uploads\/2023\/07\/palash.png 432w, http:\/\/ieomsociety.org\/lisbon2023\/wp-content\/uploads\/2023\/07\/palash-249x300.png 249w, http:\/\/ieomsociety.org\/lisbon2023\/wp-content\/uploads\/2023\/07\/palash-162x195.png 162w\" sizes=\"(max-width: 223px) 100vw, 223px\" \/><\/p>\n<hr \/>\n<p><span style=\"color: #0000ff;\"><strong>8:40 am &#8211; 9:00 am (Thursday, July 20)<\/strong><\/span><\/p>\n<h3><span style=\"color: #ff6600;\"><b>Jo\u00e3o Pedro Mendes<br \/>\n<\/b>Head of Procurement for Grids <\/span><br \/>\n<span style=\"color: #ff6600;\">EDP Global Solutions<\/span><br \/>\n<span style=\"color: #ff6600;\">Lisbon, Portugal<\/span><\/h3>\n<hr \/>\n<p><span style=\"color: #0000ff;\"><strong>9:00 am &#8211; 9:20 am (Thursday, July 20)<\/strong><\/span><strong>\u00a0<\/strong><\/p>\n<p><strong>ID 410\u00a0\u00a0\u00a0\u00a0\u00a0 Increased Capacity in Industrial Equipment<\/strong><\/p>\n<p>In\u00eas Pereira Esteves, Masters in mechanical engineering &#8211; Industrial Management, School of Engineering Polytechnic of Porto, Porto, Portugal<\/p>\n<p>Marisa Jo\u00e3o Guerra Pereira De Oliveira, Department of Mathematics of Engineering, School of Engineering Polytechnic of Porto and Associate Laboratory for Energy, Transports and Aerospace (LAETA-INEGI), Porto, Portugal<\/p>\n<p>Maria Teresa Ribeiro Pereira, Department of Mechanical of Engineering, School of Engineering Polytechnic of Porto and Associate Laboratory for Energy, Transports and Aerospace (LAETA-INEGI), Porto, Portugal<\/p>\n<p>Filipe R. Ramos, Department of Statistics and Operational Research, CEAUL-Centro de Estat\u00edstica e Aplica\u00e7\u00f5es, Faculdade de Ci\u00eancias, Universidade de Lisboa, Lisboa, Portugal<\/p>\n<hr \/>\n<p><span style=\"color: #0000ff;\"><strong>9:20 am &#8211; 9:40 am (Thursday, July 20)<\/strong><\/span><strong><br \/>\n<\/strong><\/p>\n<p>TBA<\/p>\n<p><span style=\"color: #0000ff;\"><strong>9:40 am &#8211; 10:00 am (Thursday, July 20)<\/strong><\/span><strong>\u00a0<\/strong><\/p>\n<h3 class=\"Biography\"><a href=\"http:\/\/ieomsociety.org\/ieom\/wp-content\/uploads\/2012\/07\/AhadAli1.jpg\"><img loading=\"lazy\" class=\"alignleft wp-image-4244\" src=\"http:\/\/ieomsociety.org\/ieom\/wp-content\/uploads\/2012\/07\/AhadAli1.jpg\" alt=\"AhadAli\" width=\"227\" height=\"227\" \/><\/a><span style=\"color: #ff6600;\"><strong>Dr. Ahad Ali<br \/>\n<\/strong>Associate Professor<\/span><br \/>\n<span style=\"color: #ff6600;\">Director of Bachelor of Science in Industrial Engineering <\/span><br \/>\n<span style=\"color: #ff6600;\">Director, Master of Science in Industrial Engineering <\/span><br \/>\n<span style=\"color: #ff6600;\">Director of Smart Manufacturing and Lean Systems Research Group<\/span><br \/>\n<span style=\"color: #ff6600;\">Director, Graduate Certificate in Lean Six Sigma<\/span><br \/>\n<span style=\"color: #ff6600;\">Coordinator, Siemens Electro-Matic Industrial Engineering Lab<\/span><br \/>\n<span style=\"color: #ff6600;\">A. Leon Linton Department of Mechanical, Robotics and Industrial Engineering <\/span><br \/>\n<span style=\"color: #ff6600;\">Lawrence Technological University, Southfield, Michigan, USA<br \/>\nExecutive Director, IEOM Society International<\/span><\/h3>\n<p><strong>Ahad Ali<\/strong> is an Associate Professor and Director of Industrial Engineering Programs (BSIE &amp; MSIE), Director of Graduate Certificate in Lean Six Sigma and Director of Smart Manufacturing and Lean Systems Research Group, A. Leon Linton Department of Mechanical, Robotics and Industrial Engineering at the Lawrence Technological University, Southfield, Michigan, USA. He established Siemens Electro-Matic Industrial Engineering Lab at LTU in 2019. Dr. Ali was the primary author of the ABET self-study report of the BSIE Program at LTU in 2022. He earned B.S. in Mechanical Engineering from Khulna University of Engineering and Technology (KUET), Bangladesh, Masters in Systems and Engineering Management from Nanyang Technological University, Singapore and Ph.D. in Industrial Engineering from University of Wisconsin-Milwaukee, USA. Dr. Ali was Assistant Professor in Industrial Engineering at the University of Puerto Rico &#8211; Mayaguez, Visiting Assistant Professor in Mechanical, Industrial and Manufacturing Engineering at the University of Toledo and Lecturer in Mechanical Engineering at the Bangladesh Institute of Technology, Khulna. He received an Outstanding Professor Award of the Industrial Engineering Department, University of Puerto Rico -Mayaguez, (2006-2007). He has published 60 journal and 150 conference papers. Dr Ali has conducted research projects with Chrysler, Ford, DTE Energy, New Center Stamping, Whelan Co., Delphi Automotive System, GE Medical Systems, Harley-Davidson Motor Company, International Truck and Engine Corporation (ITEC), National\/Panasonic Electronics, and Rockwell Automation. His research interests include manufacturing systems modeling, simulation and optimization, intelligent scheduling and planning, artificial intelligence, predictive maintenance, e-manufacturing, and lean manufacturing. He supervised 11 doctoral students. Dr. Ali has involved with many international conference committees. He is the Founder of IEOM Society International and serving as an Executive Director. Dr. Ali serves as a Conference Co-Chair of the International Conference on Industrial Engineering and Operations Management and organized events in Dhaka, Kuala Lumpur, Istanbul, Bali, Dubai, Orlando, Detroit, Rabat, UK, Bogota, Paris, Washington, DC, Pretoria, Bangkok, Pilsen, Toronto, Costa Rica, Sao Paulo, India, Riyadh, Manila and Sydney. He is a member of IEOM, INFORMS, SME and IEEE.<\/p>\n<hr \/>\n<h1 style=\"text-align: center;\"><span style=\"color: #993300;\"><strong>Global Supply Chain and Logistics II<\/strong><\/span><\/h1>\n<h2 style=\"text-align: center;\"><strong>July 20, 2:00 &#8211; 3:45 pm &#8211; Meeting Room 1 (Virtual)<\/strong><\/h2>\n<p style=\"text-align: center;\"><span style=\"color: #ff00ff;\"><strong>Theme &#8211; Strategies to build a more resilient supply chain<\/strong><\/span><\/p>\n<p style=\"text-align: left;\"><strong>Session Chair:<\/strong><\/p>\n<h3><span style=\"color: #ff6600;\"><strong><img loading=\"lazy\" class=\"wp-image-2542 alignleft\" src=\"http:\/\/ieomsociety.org\/lisbon2023\/wp-content\/uploads\/2023\/06\/Rajeev.png\" alt=\"\" width=\"221\" height=\"300\" srcset=\"http:\/\/ieomsociety.org\/lisbon2023\/wp-content\/uploads\/2023\/06\/Rajeev.png 253w, http:\/\/ieomsociety.org\/lisbon2023\/wp-content\/uploads\/2023\/06\/Rajeev-221x300.png 221w, http:\/\/ieomsociety.org\/lisbon2023\/wp-content\/uploads\/2023\/06\/Rajeev-144x195.png 144w\" sizes=\"(max-width: 221px) 100vw, 221px\" \/>Rajeev Agrawal, Ph.D.<\/strong><\/span><br \/>\n<span style=\"color: #ff6600;\">Associate Professor<\/span><br \/>\n<span style=\"color: #ff6600;\">PG Coordinator (Industrial Engineering)<\/span><br \/>\n<span style=\"color: #ff6600;\">Department of Mechanical Engineering<\/span><br \/>\n<span style=\"color: #ff6600;\">Malaviya National Institute of Technology Jaipur<\/span><br \/>\n<span style=\"color: #ff6600;\">Fellow of The Institution of Engineer (IEI), India<\/span><br \/>\n<span style=\"color: #ff6600;\">Founder Secretary, Indo-US Research Institute for Sustainable Development, JSC<\/span><br \/>\n<span style=\"color: #ff6600;\">Innovation Ambassador, MoE Innovation Cell and AICTE<\/span><\/h3>\n<p>Rajeev Agrawal is an Associate Professor in the Department of Mechanical, at the Malaviya National Institute of Technology Jaipur. He has more than 24 years of Professional Experience. Dr. Agrawal was an Assistant Professor in Production Engineering at the Birla Institute of Technology, Mesra Ranchi India, and a Lecturer in Mechanical Engineering at the HCET, Jabalpur (M.P.) India. He earned B.E. in Mechanical Engineering from G.E.C. Jabalpur (M.P), India in 1998, Masters in 2001 from M.N.N.I.T., Allahabad, and Ph. D. in 2012 from Birla Institute of Technology, Mesra (Ranchi).He established CAD Lab at HCET Jabalpur in 2001 and CAM Lab at BIT Mesra in 2017. He was a Production Division Board member, The Institution of Engineers (I).(2015-16), and a Board member, of Birla Institute of Technology, Mesra (Ranchi), 2015-16.Dr Agrawal serves on the editorial board of three international journals and has guest edited special issues in around 10 journals and books, has published 30 journals and 71 conference papers. He has also published book chapters on Industry 4.0, Smart Manufacturing Integration of Process Planning and Scheduling, Smart Actuators, Sustainable Manufacturing and Reconfigurable Assembly Systems etc. with renowned international publishers. He is a recognized reviewer of reputed international SCI Journals and Conferences. Dr. Agrawal has research funding from major funding agencies including ICSSR, MSME, ADA, GOI, under NPMASS, and IE(I). Dr. Agrawal is a Coordinator, Ministry of Micro, Small and Medium Enterprises, Government of India \u201cDesign Expertise for Manufacturing MSME sectors. Dr. Agrawal research interest is on Lean Six Sigma, Sustainable Manufacturing, Supply Chain Design, Solving real-life Operations management related problems, Automation in Manufacturing, and reconfigurable manufacturing systems. His project got accolades from Home Guard and Civil Defense, Madhya Pradesh for \u201cproposing the optimal locations for the emergency operation centers across Madhya Pradesh. His projects included, \u201cFacility Location and Product Flow Optimization, using Spatial and Network Analysis in GIS\u201d at the MP Council of Science and Technology. Bhopal. He implemented \u201cWarehouse Location Optimization for different Telecom Circles across India\u201d in a leading Telecom Company. He led a project in \u201cSupply chain network optimization\u201d at a beverage company. His projects included \u201cApplication of multi-threading to parallelize an industrial process control program based on the technique of Differential Evolution\u201d in a leading Steel company. His project team proposed a \u201cModel of a Fuzzy Autonomation System\u201d for a Steel Wire Roll Mill. His work includes Process excellence in the IT sector in an emerging economic scenario. His work includes \u201cSupply Chain Optimization using Linear Programming Model and GIS\u201d to Reduce the Overall Freight Cost. He supervised 02 doctoral students. Dr. Agrawal has been involved with many international conference committees. He is the Founder Secretary , Indo-US Research Institute for Sustainable Development, JSC. Dr. Agrawal serves as a Session chair and International Advisory Board Committee Member in many national and international conferences and Delivered keynote talks at various platforms of National and international stature including the 3rd European International Conference on IEOM Pilsen, Czech Republic. July 23-26, 2019, 11th Annual International Conference on Industrial Engineering and Operations Management in Singapore during March 7-11, 2021 Delivered invited lectures in various STC and FDP organized by DST, AICTE Training and Learning (ATAL) Academy- New Delhi, National Institute of Technology, Warangal, Raipur, Uttrakh and, Centre for Electronic Governance, Jaipur, Chhattisgarh Academy of Administration, IIT, Kanpur, Indian Railways Institute of Mechanical &amp; Electrical Engineering, Jamalpur and several other institutes of International and national repute. Orgainsed more than 20 International and National Conferences and seminar, workshops. He is a member of IE(I), IIPE, ISTE, ASI, ORSI and IAE.<\/p>\n<hr \/>\n<p style=\"text-align: left;\"><span style=\"color: #0000ff;\"><strong>2:00 &#8211; 2:20 pm (Thursday, July 20)<\/strong><\/span><\/p>\n<h3><span style=\"color: #ff6600;\"><strong><img loading=\"lazy\" class=\"wp-image-2625 alignleft\" src=\"http:\/\/ieomsociety.org\/lisbon2023\/wp-content\/uploads\/2023\/07\/Gui.png\" alt=\"\" width=\"222\" height=\"211\" srcset=\"http:\/\/ieomsociety.org\/lisbon2023\/wp-content\/uploads\/2023\/07\/Gui.png 356w, http:\/\/ieomsociety.org\/lisbon2023\/wp-content\/uploads\/2023\/07\/Gui-300x285.png 300w, http:\/\/ieomsociety.org\/lisbon2023\/wp-content\/uploads\/2023\/07\/Gui-195x185.png 195w\" sizes=\"(max-width: 222px) 100vw, 222px\" \/>Prof. Guilherme F. Frederico<\/strong> <\/span><br \/>\n<span style=\"color: #ff6600;\">Professor of Operations, Supply Chain and Project Management<\/span><br \/>\n<span style=\"color: #ff6600;\">School of Management<\/span><br \/>\n<span style=\"color: #ff6600;\">Federal University of Paran\u00e1 \u2013 UFPR<\/span><br \/>\n<span style=\"color: #ff6600;\">Curitiba, Brazil<\/span><\/h3>\n<p style=\"text-align: center;\"><em><strong>Title &#8211; Supply Chai 4.0\u00a0<\/strong><\/em><\/p>\n<p><strong>Prof. Guilherme F. Frederico<\/strong> is a Professor of Operations, Supply Chain and Project Management at Federal University of Paran\u00e1 \u2013 UFPR \u2013 School of Management, Curitiba, Brazil. He works by teaching and leading researches in the graduate programs (PhD and MSc in Information Management and Master in Business Administration) and undergraduate programs (Business Management) at UFPR. Also, Prof. Frederico has been working in collaboration with the Centre for Supply Chain Improvement at University of Derby \u2013 UK as a Visiting Professor and affiliated Researcher. His research interests and expertise on Supply Chain Management field are related to Maturity and Performance Measurement, Project Management, Knowledge Management, Strategic Sourcing and Impacts from Industry 4.0 and Industry 5.0. He has published his research outcomes in international journals such as Supply Chain Management an International Journal, Journal of Cleaner Production, Business Process Management Journal, International Journal of Productivity and Performance Management, Operations Management Research Journal, Benchmarking an International Journal, International Journal of Logistics Management and Knowledge and Process Management Journal. Prof. Frederico is an Area Editor of Operations Management Research &#8211; OMR \u2013 Springer Journal and member of the Editorial Board of the Computers &amp; Industrial Engineering Journal \u2013 Elsevier, Sustainable Manufacturing and Service Economics \u2013 Elsevier and International Journal of Industrial Engineering and Operations Management &#8211; Emerald. He has also been leading some special issues on reputed and highly ranked journals as managing guest editor as well as serving as an expert reviewer. Prof. Frederico has also been contributed to some reputable supply chain magazines (e.g., Supply Chain Management Review, Logistics Management, Celerity Logistics, Performance Magazine) publishing articles with relevant practical insights. Also, he has been invited as international guest speaker in universities of different countries such as UK, Sweden, India and UAE.\u00a0 Previously the academic career he worked in strategic positions for more than 10 years on SCM field in Global and Large Companies (e.g., Bunge, Deere &amp; Company) involving different segments of Industry including manufacturing and logistics services operations.<\/p>\n<hr \/>\n<p><span style=\"color: #0000ff;\"><strong>2:20 &#8211; 2:40 pm (Thursday, July 20)<\/strong><\/span><\/p>\n<h3><span style=\"color: #ff6600;\"><strong><img loading=\"lazy\" class=\"wp-image-2653 alignleft\" src=\"http:\/\/ieomsociety.org\/lisbon2023\/wp-content\/uploads\/2023\/07\/cam.jpg\" alt=\"\" width=\"222\" height=\"222\" srcset=\"http:\/\/ieomsociety.org\/lisbon2023\/wp-content\/uploads\/2023\/07\/cam.jpg 450w, http:\/\/ieomsociety.org\/lisbon2023\/wp-content\/uploads\/2023\/07\/cam-300x300.jpg 300w, http:\/\/ieomsociety.org\/lisbon2023\/wp-content\/uploads\/2023\/07\/cam-150x150.jpg 150w, http:\/\/ieomsociety.org\/lisbon2023\/wp-content\/uploads\/2023\/07\/cam-195x195.jpg 195w, http:\/\/ieomsociety.org\/lisbon2023\/wp-content\/uploads\/2023\/07\/cam-130x130.jpg 130w, http:\/\/ieomsociety.org\/lisbon2023\/wp-content\/uploads\/2023\/07\/cam-70x70.jpg 70w, http:\/\/ieomsociety.org\/lisbon2023\/wp-content\/uploads\/2023\/07\/cam-45x45.jpg 45w\" sizes=\"(max-width: 222px) 100vw, 222px\" \/>Cemalettin Ozturk, PhD<\/strong><\/span><br \/>\n<span style=\"color: #ff6600;\">Lecturer- Logistics &amp; Supply Chain<\/span><br \/>\n<span style=\"color: #ff6600;\">Munster Technological University, Cork<\/span><br \/>\n<span style=\"color: #ff6600;\">Ireland<\/span><\/h3>\n<p>Cemalettin Ozturk (Cemal) is a Lecturer in Logistics &amp; Supply Chain Management at Munster Technology University and Science Foundation Ireland (SFI) funded Principal Investigator. He has 20 years of experience in various organizations as a project coordinator, technical contributor, and scientist in the area of smart manufacturing, supply chain management, data and decision analytics applications in different domains.<\/p>\n<p>He is working with commercial and open-source tools for developing, implementing, and teaching mathematical and constraint programming, heuristics, digital twins, and analytic solutions. Before joining MTU he worked in Raytheon Technologies Research Center Ireland, Insight Centre for Data Analytics at University College Cork, and Izmir University of Economics, Department of Industrial Engineering in Turkey.<\/p>\n<hr \/>\n<p><span style=\"color: #0000ff;\"><strong>2:40 &#8211; 3:00 pm (Thursday, July 20)<\/strong><\/span><\/p>\n<hr \/>\n<p><span style=\"color: #0000ff;\"><strong>3:00 &#8211; 3:20 pm (Thursday, July 20)<\/strong><\/span><\/p>\n<hr \/>\n<p><span style=\"color: #0000ff;\"><strong>3:20 &#8211; 3:40 pm (Thursday, July 20)<\/strong><\/span><\/p>\n","protected":false},"excerpt":{"rendered":"<p>20th IEOM Global Supply Chain and Logistics GSCM Speaker Registration Link: https:\/\/www.xcdsystem.com\/IEOM\/attendee\/index.cfm?ID=rUx5M3Y IEOM Society International discussing the current global issues, challenges and opportunities in the area of supply chain and logistics. Topics can be related on: Cross-functional drivers in a supply chain Demand planning and forecasting in supply chain Designing distribution networks Inventory positioning in [&hellip;]<\/p>\n","protected":false},"author":1,"featured_media":0,"parent":0,"menu_order":0,"comment_status":"closed","ping_status":"closed","template":"","meta":[],"_links":{"self":[{"href":"http:\/\/ieomsociety.org\/lisbon2023\/wp-json\/wp\/v2\/pages\/963"}],"collection":[{"href":"http:\/\/ieomsociety.org\/lisbon2023\/wp-json\/wp\/v2\/pages"}],"about":[{"href":"http:\/\/ieomsociety.org\/lisbon2023\/wp-json\/wp\/v2\/types\/page"}],"author":[{"embeddable":true,"href":"http:\/\/ieomsociety.org\/lisbon2023\/wp-json\/wp\/v2\/users\/1"}],"replies":[{"embeddable":true,"href":"http:\/\/ieomsociety.org\/lisbon2023\/wp-json\/wp\/v2\/comments?post=963"}],"version-history":[{"count":65,"href":"http:\/\/ieomsociety.org\/lisbon2023\/wp-json\/wp\/v2\/pages\/963\/revisions"}],"predecessor-version":[{"id":2654,"href":"http:\/\/ieomsociety.org\/lisbon2023\/wp-json\/wp\/v2\/pages\/963\/revisions\/2654"}],"wp:attachment":[{"href":"http:\/\/ieomsociety.org\/lisbon2023\/wp-json\/wp\/v2\/media?parent=963"}],"curies":[{"name":"wp","href":"https:\/\/api.w.org\/{rel}","templated":true}]}}