{"id":26,"date":"2017-01-15T14:12:24","date_gmt":"2017-01-15T14:12:24","guid":{"rendered":"http:\/\/ieomsociety.org\/ieom2018\/?page_id=26"},"modified":"2025-03-26T17:35:54","modified_gmt":"2025-03-26T17:35:54","slug":"committee","status":"publish","type":"page","link":"http:\/\/ieomsociety.org\/morocco2025\/committee\/","title":{"rendered":"Committee"},"content":{"rendered":"<h1 style=\"text-align: center;\"><strong><span style=\"color: #993300;\">Conference Committee<br \/>\n<\/span><\/strong><\/h1>\n<hr \/>\n<h2><span style=\"color: #ff6600;\"><strong>Conference Chairs<\/strong><\/span><\/h2>\n<ul>\n<li>Dr Abdelaziz Berrado, Professor, Department of Industrial Engineering, \u00c9cole Mohammadia d\u2019Ing\u00e9nieurs (EMI), Mohammed V University, Rabat, Morocco, berrado@emi.ac.ma<\/li>\n<li>Dr Omar SOUISSI, Professor, The National Institute of Posts and Telecommunications, Rabat, Morocco and AI Technologies Evangelist &amp; IWSIF Founder, <span class=\"gI\"><span data-hovercard-id=\"souissi@inpt.ac.ma\" data-hovercard-owner-id=\"16\">souissi@inpt.ac.ma<\/span><\/span><\/li>\n<li>Dr Zoubida Chorfi, Industrial Engineering Department, Ecole Mohammadia d&#8217;Ing\u00e9nieurs, Rabat, Morocco, <span class=\"gI\"><span class=\"qu\" tabindex=\"-1\" role=\"gridcell\" translate=\"no\"><span class=\"go\">zd.chorfi@gmail.com<\/span><\/span><\/span><\/li>\n<li>Dr Ahad Ali, Associate Professor and Director of Industrial Engineering Program, Lawrence Technological University, USA<\/li>\n<\/ul>\n<hr \/>\n<h2><span style=\"color: #ff6600;\"><strong>Program Chairs<\/strong><\/span><\/h2>\n<ul>\n<li>Prof Don Reimer, Chief Operating Officer, IEOM Society International<\/li>\n<li>Dr Ilham Kissani, Al Akhawayn University in Ifrane (AUI)<\/li>\n<\/ul>\n<hr \/>\n<h2><span style=\"color: #ff6600;\"><strong>Organizing Committee<\/strong><\/span><\/h2>\n<ul>\n<li>Dr Yassine ERRAOUI, EMI, Mohammed V University, Rabat, Morocco<\/li>\n<li>Dr Fadoua OUDOUAR, EMI, Mohammed V University, Rabat, Morocco<\/li>\n<li>Dr Driss ALLAKI, INPT, Rabat, Morocco<\/li>\n<li>Dr Amine BAINA, INPT, Rabat, Morocco<\/li>\n<li>Dr Hicham BENSAID, INPT, Rabat, Morocco<\/li>\n<li>Dr Ikram EL ASRI, INPT, Rabat, Morocco<\/li>\n<li>Dr Mostafa BELLAFKIH, INPT, Rabat, Morocco<\/li>\n<li>Dr Mostafa BELMEKKI, INPT, Rabat, Morocco<\/li>\n<li>Dr Iyad LAHSEN-CHERIF, INPT, Rabat, Morocco<\/li>\n<li>Dr Laila Elabbadi, ENSA, Ibn Tofail University, Kenitra, Morocco<\/li>\n<li>Dr Anass Cherrafi, EST, Cadi Ayyad University, SAFI, Morocco<\/li>\n<li>Dr Amine Amar, AUI, AlAkhawayn University in Ifrane, Morocco<\/li>\n<li>Dr Sanae Kouismi, AUI, AlAkhawayn University in Ifrane, Morocco<\/li>\n<li>Dr Jabir Arif, EST, Sidi Mohamed Ben Abdellah University, Fez, Morocco<\/li>\n<li>Dr Ahmed Aboutajeddine, FST, Sidi Mohamed Ben Abdellah University, Fez, Morocco<\/li>\n<\/ul>\n<hr \/>\n<h2><span style=\"color: #ff6600;\"><strong>Competition Chairs<\/strong><\/span><\/h2>\n<p>Undergraduate Student Paper Competition Chair<\/p>\n<ul>\n<li>Dr Yassin Erraoui, EMI<\/li>\n<\/ul>\n<p>Graduate Student Paper Competition Chair<\/p>\n<ul>\n<li>Dr Omar Souissi, INPT<\/li>\n<\/ul>\n<p>Doctoral Dissertation Competition Chair<\/p>\n<ul>\n<li>Dr Abdelaziz Berrado, EMI<\/li>\n<\/ul>\n<p>Master Thesis Competition Chair<\/p>\n<ul>\n<li>Dr Mostafa BELLAFKIH, INPT<\/li>\n<\/ul>\n<p>Senior Design Capstone Project \/ FYP Presentation Competition Chair<\/p>\n<ul>\n<li>Dr Amine Amar, Al Akhawayn University in Ifrane (AUI)<\/li>\n<\/ul>\n<p>Undergraduate Research Competition Chair<\/p>\n<ul>\n<li>Dr Ilham Kissani, AUI<\/li>\n<\/ul>\n<p>High School STEM Competition Chair<\/p>\n<ul>\n<li>Prof Don Reimer, LTU<\/li>\n<\/ul>\n<p>Supply Chain and Logistics Competition Chair<\/p>\n<ul>\n<li>Dr Sanae Kouismi, AUI<\/li>\n<\/ul>\n<p>Lean Six Sigma Competition Chair<\/p>\n<ul>\n<li>Dr Omar Souissi, INPT<\/li>\n<\/ul>\n<p>Simulation Competition Chair<\/p>\n<ul>\n<li>Dr Zoubida Chorfi, EMI<\/li>\n<\/ul>\n<p>AI-ML Competition Chair<\/p>\n<ul>\n<li>Dr Fadoua Oudouar, EMI<\/li>\n<\/ul>\n<p>Global Design Competition Chair<\/p>\n<ul>\n<li>Dr. Yassin Erraoui, EMI<\/li>\n<\/ul>\n<p>Human Factors and Ergonomics Competition Chair<\/p>\n<ul>\n<li>Dr Zoubida Chorfi, EMI<\/li>\n<\/ul>\n<hr \/>\n<h2><span style=\"color: #ff6600;\"><strong>IEOM African Country Representatives<\/strong><\/span><\/h2>\n<table width=\"699\">\n<tbody>\n<tr>\n<td width=\"64\"><span style=\"color: #0000ff;\"><strong>SL.<\/strong><\/span><\/td>\n<td width=\"155\"><span style=\"color: #0000ff;\"><strong>Country<\/strong><\/span><\/td>\n<td width=\"216\"><span style=\"color: #0000ff;\"><strong>Name<\/strong><\/span><\/td>\n<td width=\"264\"><span style=\"color: #0000ff;\"><strong>University<\/strong><\/span><\/td>\n<\/tr>\n<tr>\n<td>1<\/td>\n<td width=\"155\">Algeria<\/td>\n<td width=\"216\">Hitham Ali Yami<\/td>\n<td width=\"264\">University of Sfax<\/td>\n<\/tr>\n<tr>\n<td>2<\/td>\n<td>Angola<\/td>\n<td>N. Armando<\/td>\n<td>Universidade Kimpa Vita<\/td>\n<\/tr>\n<tr>\n<td>3<\/td>\n<td>Benin<\/td>\n<td>Osatohanmwen Enehizena<\/td>\n<td>University of Benin<\/td>\n<\/tr>\n<tr>\n<td>4<\/td>\n<td width=\"155\">Botswana<\/td>\n<td width=\"216\">Michael Mutingi<\/td>\n<td width=\"264\">University of Botswana<\/td>\n<\/tr>\n<tr>\n<td>5<\/td>\n<td width=\"155\">Burkina Faso<\/td>\n<td>M.T. Dandjinou<\/td>\n<td>Nazi BONI University\/LAMDI, Bobo-Dioulasso<\/td>\n<\/tr>\n<tr>\n<td>6<\/td>\n<td width=\"155\">Burundi<\/td>\n<td>Mikerego Emmanuel and Jeremie Ndikumagenge<\/td>\n<td>University of Burundi<\/td>\n<\/tr>\n<tr>\n<td>7<\/td>\n<td width=\"155\">Cameroon<\/td>\n<td width=\"216\">Jean-Claude Mbianda<\/td>\n<td width=\"264\">University of Yaound\u00e9 I<\/td>\n<\/tr>\n<tr>\n<td>8<\/td>\n<td width=\"155\">Cape Verde<\/td>\n<td>S\u00f3nia Semedo<\/td>\n<td>University of Cape Verde<\/td>\n<\/tr>\n<tr>\n<td>9<\/td>\n<td width=\"155\">Central African Republic<\/td>\n<td>F.A. Muvundja<\/td>\n<td>Universit\u00e9 Catholique de Bukavu (UCB)<\/td>\n<\/tr>\n<tr>\n<td>10<\/td>\n<td width=\"155\">Chad<\/td>\n<td>J. Mbainaibeye<\/td>\n<td>Universit\u00e9 de DOBA<\/td>\n<\/tr>\n<tr>\n<td>11<\/td>\n<td width=\"155\">Comoros<\/td>\n<td>Said Soudjay<\/td>\n<td>University of Comoros, Moroni<\/td>\n<\/tr>\n<tr>\n<td>12<\/td>\n<td>Congo<\/td>\n<td>Clarimon Georges Kiakondo<\/td>\n<td>Facult\u00e9 des sciences et technologies, Brazzaville<\/td>\n<\/tr>\n<tr>\n<td>13<\/td>\n<td>C\u00f4te d&#8217;Ivoire<\/td>\n<td>M.M. Wielfrid<\/td>\n<td>\u00a0Institut National Polytechnique Felix Houphou\u00ebt-Boigny (INPHB), Yamoussoukro<\/td>\n<\/tr>\n<tr>\n<td>14<\/td>\n<td width=\"155\">Democratic Republic of the Congo<\/td>\n<td>G.-N.T. Longandjo<\/td>\n<td>Universit\u00e9 Nouveaux Horizons, Lubumbashi<\/td>\n<\/tr>\n<tr>\n<td>15<\/td>\n<td width=\"155\">Djibouti<\/td>\n<td>Abdoulkader Ibrahim Idriss<\/td>\n<td>University of Djibouti<\/td>\n<\/tr>\n<tr>\n<td>16<\/td>\n<td>Egypt<\/td>\n<td>Noha Mostafa<\/td>\n<td>The British Univeristy of Egypt<\/td>\n<\/tr>\n<tr>\n<td>17<\/td>\n<td width=\"155\">Equatorial Guinea<\/td>\n<td>G.A. Mboro Nchama<\/td>\n<td>Universidad Nacional de Guinea Ecuatorial (UNGE), Malabo<\/td>\n<\/tr>\n<tr>\n<td>18<\/td>\n<td width=\"155\">Eritrea<\/td>\n<td>R. Kumar<\/td>\n<td>Eritrea Institute of Technology, Asmara<\/td>\n<\/tr>\n<tr>\n<td>19<\/td>\n<td width=\"155\">Eswatini<\/td>\n<td>Sandile Motsa<\/td>\n<td>University of Eswatini, Kwaluseni<\/td>\n<\/tr>\n<tr>\n<td>20<\/td>\n<td width=\"155\">Ethiopia<\/td>\n<td width=\"216\">Befekadu Zeleke<\/td>\n<td width=\"264\">Bahir Dar Textile Share Company<\/td>\n<\/tr>\n<tr>\n<td>21<\/td>\n<td width=\"155\">Gabon<\/td>\n<td>Jean Brice MANDATSY Moungomo<\/td>\n<td>Ecole Normale Sup\u00e9rieure de l\u2019Enseignement Technique (ENSET)<\/td>\n<\/tr>\n<tr>\n<td>22<\/td>\n<td width=\"155\">Gambia<\/td>\n<td>M. Minteh<\/td>\n<td>Ministry of Agriculture, Gambia<\/td>\n<\/tr>\n<tr>\n<td>23<\/td>\n<td width=\"155\">Ghana<\/td>\n<td width=\"216\">Kwame Osei<\/td>\n<td width=\"264\">Kwame Nkrumah University of Science and Technology<\/td>\n<\/tr>\n<tr>\n<td>24<\/td>\n<td width=\"155\">Guinea<\/td>\n<td>Sekou Traore<\/td>\n<td>Gamal Abdel Nasser University of Conakry<\/td>\n<\/tr>\n<tr>\n<td>25<\/td>\n<td width=\"155\">Guinea-Bissau<\/td>\n<td>Amar\u00e1 Jaur\u00e1<\/td>\n<td>CENFI Centro de Forma\u00e7ao Industrial<\/td>\n<\/tr>\n<tr>\n<td>26<\/td>\n<td width=\"155\">Kenya<\/td>\n<td width=\"216\">Joseph Onyango<\/td>\n<td width=\"264\">Kenyatta University<\/td>\n<\/tr>\n<tr>\n<td>27<\/td>\n<td width=\"155\">Lesotho<\/td>\n<td>Khobatha Setetemela<\/td>\n<td>National University of Lesotho, Roma<\/td>\n<\/tr>\n<tr>\n<td>28<\/td>\n<td width=\"155\">Liberia<\/td>\n<td>G. Nallo<\/td>\n<td>University of Liberia Pacific, Monrovia<\/td>\n<\/tr>\n<tr>\n<td>29<\/td>\n<td width=\"155\">Libya<\/td>\n<td width=\"216\">Omar Elmabrouk<\/td>\n<td width=\"264\">Benghazi University<\/td>\n<\/tr>\n<tr>\n<td>30<\/td>\n<td width=\"155\">Madagascar<\/td>\n<td>Marni Lafleur<\/td>\n<td>University of Madagascar<\/td>\n<\/tr>\n<tr>\n<td>31<\/td>\n<td>Malawi<\/td>\n<td>C. Mikeka<\/td>\n<td>University of Malawi (UNIMA), Zomba<\/td>\n<\/tr>\n<tr>\n<td>32<\/td>\n<td width=\"155\">Mali<\/td>\n<td>C.O. Bagayoko<\/td>\n<td>USTTB, Bamako<\/td>\n<\/tr>\n<tr>\n<td>33<\/td>\n<td width=\"155\">Mauritania<\/td>\n<td>A.M. Idriss<\/td>\n<td>Al Aassriya Nouakchott University, Nouakchott<\/td>\n<\/tr>\n<tr>\n<td>34<\/td>\n<td width=\"155\">Mauritius<\/td>\n<td>Devkumar Callychurn<\/td>\n<td>\u00a0University of Mauritius<\/td>\n<\/tr>\n<tr>\n<td>35<\/td>\n<td>Mayotte<\/td>\n<td>Thibaut L\u2019Honor\u00e9<\/td>\n<td>Universit\u00e9 de Mayotte<\/td>\n<\/tr>\n<tr>\n<td>36<\/td>\n<td width=\"155\">Morocco<\/td>\n<td width=\"216\">Abdelaziz Berrado<\/td>\n<td width=\"264\">The Ecole Mohammadia d\u2019Ing\u00e9nieurs, Mohammed V University<\/td>\n<\/tr>\n<tr>\n<td>37<\/td>\n<td width=\"155\">Mozambique<\/td>\n<td width=\"216\">Carlos Manuel<\/td>\n<td width=\"264\">Eduardo Mondlane University<\/td>\n<\/tr>\n<tr>\n<td>38<\/td>\n<td width=\"155\">Namibia<\/td>\n<td>Michael Mutingi<\/td>\n<td width=\"264\">Namibia University of Science and Technology<\/td>\n<\/tr>\n<tr>\n<td>39<\/td>\n<td width=\"155\">Niger<\/td>\n<td>N.D. Lamso<\/td>\n<td>Universit\u00e9 de Abdou Moumouni, Niamey<\/td>\n<\/tr>\n<tr>\n<td>40<\/td>\n<td width=\"155\">Nigeria<\/td>\n<td width=\"216\">Paul Amaechi Ozor<\/td>\n<td width=\"264\">University of Nigeria, Nsukka<\/td>\n<\/tr>\n<tr>\n<td>41<\/td>\n<td width=\"155\">Reunion<\/td>\n<td>Eric Fock<\/td>\n<td>University of Reunion<\/td>\n<\/tr>\n<tr>\n<td>42<\/td>\n<td width=\"155\">Rwanda<\/td>\n<td width=\"216\">Shyaka Gilbert<\/td>\n<td width=\"264\">University of Rwanda<\/td>\n<\/tr>\n<tr>\n<td>43<\/td>\n<td width=\"155\">S\u00e3o Tom\u00e9 and Pr\u00edncipe<\/td>\n<td>\n<p class=\"hP\" tabindex=\"-1\" data-thread-perm-id=\"thread-a:r3747582874496818709\" data-legacy-thread-id=\"1947f500dbcd773a\">Eur\u00eddice Helga Aguiar<\/p>\n<\/td>\n<td>Universidade de S\u00e3o Tom\u00e9 e Pr\u00edncipe<\/td>\n<\/tr>\n<tr>\n<td>44<\/td>\n<td width=\"155\">Senegal<\/td>\n<td width=\"216\">Mamadou Diouf<\/td>\n<td width=\"264\">Universit\u00e9 Cheikh Anta Diop<\/td>\n<\/tr>\n<tr>\n<td>45<\/td>\n<td width=\"155\">Seychelles<\/td>\n<td width=\"216\">Paul Kang&#8217;Ethe<\/td>\n<td width=\"264\">University of Seychelles<\/td>\n<\/tr>\n<tr>\n<td>46<\/td>\n<td width=\"155\">Sierra Leone<\/td>\n<td>H. Wurie<\/td>\n<td>University of Sierra Leone, Freetown<\/td>\n<\/tr>\n<tr>\n<td>47<\/td>\n<td width=\"155\">Somalia<\/td>\n<td>Eng. Abdirahman Ismail Dhaqane<\/td>\n<td>Mogadishu University<\/td>\n<\/tr>\n<tr>\n<td>48<\/td>\n<td width=\"155\">South Africa<\/td>\n<td width=\"216\">Henry Ncube<\/td>\n<td width=\"264\">University of Johannesburg<\/td>\n<\/tr>\n<tr>\n<td>49<\/td>\n<td width=\"155\">South Sudan<\/td>\n<td>F.N. Osman<\/td>\n<td>University of Medical Sciences and Technology, South Sudan<\/td>\n<\/tr>\n<tr>\n<td>50<\/td>\n<td width=\"155\">Sudan<\/td>\n<td width=\"216\">Ahmed Hassan<\/td>\n<td width=\"264\">Sudan University of Science and Technology<\/td>\n<\/tr>\n<tr>\n<td>51<\/td>\n<td width=\"155\">Tanzania<\/td>\n<td width=\"216\">Elisha Kibona<\/td>\n<td width=\"264\">University of Dar es Salaam<\/td>\n<\/tr>\n<tr>\n<td>52<\/td>\n<td width=\"155\">Togo<\/td>\n<td width=\"216\">Komi Mawuli<\/td>\n<td width=\"264\">University of Lom\u00e9<\/td>\n<\/tr>\n<tr>\n<td>53<\/td>\n<td>Tunisia<\/td>\n<td>Salah BENABDALLAH<\/td>\n<td>University of Tunisia<\/td>\n<\/tr>\n<tr>\n<td>54<\/td>\n<td width=\"155\">Uganda<\/td>\n<td width=\"216\">Sam Kabugo<\/td>\n<td width=\"264\">Makerere University<\/td>\n<\/tr>\n<tr>\n<td>55<\/td>\n<td width=\"155\">Zambia<\/td>\n<td>Bupe Getrude Mwanza<\/td>\n<td>University of Zambia<\/td>\n<\/tr>\n<tr>\n<td>56<\/td>\n<td width=\"155\">Zimbabwe<\/td>\n<td width=\"216\">Loice K. Gudukeya<\/td>\n<td width=\"264\">University of Zimbabwe<\/td>\n<\/tr>\n<tr>\n<td><\/td>\n<td width=\"155\"><\/td>\n<td width=\"216\"><\/td>\n<td width=\"264\"><\/td>\n<\/tr>\n<\/tbody>\n<\/table>\n<hr \/>\n<h2><span style=\"color: #ff6600;\"><strong>Program Committee<\/strong><\/span><\/h2>\n<ul>\n<li>Dr Nadia Hamani, Picardie Jules Verne University, Amiens, France<\/li>\n<li>Dr Imane Bouhaddou, ENSAM, Moulay Ismail University, Meknes, Morocco<\/li>\n<li>Dr Zakaria Yahia, Associate Professor, Department of Industrial and Manufacturing Engineering (IME), Egypt-Japan University of Science and Technology (E-JUST), Alexandria, Egypt<\/li>\n<li>Dr Anup Pradhan, Associate Professor at University of Johannesburg, South Africa<\/li>\n<li>Dr Youssef Zaz, Abdelmalek Essaadi University, Morocco<\/li>\n<li>Dr Joshua Ofori-Amanfo, Department of Operations &amp; Management Information Systems, University of Ghana Business School, Accra \u2013 Ghana<\/li>\n<li>Dr Sebonkile Cynthia Thaba, University of Johannesburg, South Africa<\/li>\n<li>Dr Bupe Getrude Mwanza, University of Zambia, Lusaka, Zambia<\/li>\n<li>Dr Tawanda Mushiri, University of Zimbabwe<\/li>\n<li>Dr Noha Mostafa, The British University in Egypt, Cairo, Egypt<\/li>\n<li>Dr Mohamed Grida, \u00a0Zagazig University, Egypt<\/li>\n<li>Dr Said Elfezazi, Caddi Ayyad University, Morocco<\/li>\n<li>Dr Abdelkabir Charkaoui, Hassan 1st University, Morocco<\/li>\n<li>Dr Jabil Arif, Sidi Mohamed Ben Abdellah University, Morocco<\/li>\n<li>Dr Jamal Elbaz, Ibn Zohr University, Morocco<\/li>\n<li>Dr. Ahmed Aboutajeddine, Sidi Mohamed Ben Abdellah University of Fez, Fez, Morocco<\/li>\n<li>Dr Amine Belhadi, Higher School of Technology, Safi, Cadi Ayyad University, Marrakech, Morocco<\/li>\n<li>Dr Bouloiz Hafida, National School of Applied Sciences (ENSA), Ibn Zohr University, Agadir, Morocco<\/li>\n<li>Dr Ilham Kissani, Al Akhawayn University, Ifrane, Morocco<\/li>\n<li>Dr A.O. Adewumi, University of KwaZulu-Natal, South Africa<\/li>\n<li>Dr Abderrahmane Mellak, University of Boumerdes, Algeria<\/li>\n<li>Dr Jaouad Boukachour, Universit\u00e9 Le Havre, France<\/li>\n<li>Dr Jihong Yan, Harbin Institute of Technology, Harbin, China<\/li>\n<li>Dr Michael Mutingi, University of Botswana, Botswana<\/li>\n<li>Dr Miguel Sanz Bobi, Comillas Pontifical University, Spain<\/li>\n<li>Dr Nejib Chouaibi, Polytechnic School of Tunisia, Tunisia<\/li>\n<li>Dr Salah BENABDALLAH, Eng., PhD., HDR, Tunis Business School, University of Tunis, Bir El Kassaa, TUNISIA<\/li>\n<li>Ms. Rocksana Ahmed, Associate Program Director, IEOM Society<\/li>\n<\/ul>\n<hr \/>\n<h2><span style=\"color: #ff6600;\"><strong>Advisory Committee<\/strong><\/span><\/h2>\n<ul>\n<li>Dr Rosemary Seva, De La Salle University \u2013 Manila, Philippines<\/li>\n<li>Dr Robert de Souza, The Logistics Institute &#8211; Asia Pacific, Singapore<\/li>\n<li>Dr Olufemi Adetunji, University of Pretoria, South Africa<\/li>\n<li>Dr Mukondeleli Grace Kanakana, Tshwane University of Technology, Pretoria, South Africa<\/li>\n<li>Dr Linda L. Zhang, IESEG School of Management, Lille-Paris, France<\/li>\n<li>Dr Li Zheng, Tsinghua University, China<\/li>\n<li>Dr Kannan Govindan, University of Southern Denmark, Denmark<\/li>\n<li>Dr Jose Arturo Garza-Reyes, University of Derby, UK<\/li>\n<li>Dr Jay Lee, University of Maryland, College Park<\/li>\n<li>Dr Budi Santosa, Institut Teknologi Sepuluh Nopember, Surabaya, East Java, Indonesia<\/li>\n<li>Dr Ho Hwi Chie, Bina Nusantara University (Binus), Indonesia<\/li>\n<li>Dr Hamid Parsaei, Texas A&amp;M University (College Station)<\/li>\n<li>Dr Hamid Seifoddini, University of Wisconsin-Milwaukee, USA<\/li>\n<li>Dr Devdas Shetty, University of Hartford, Connecticut, USA<\/li>\n<li>Dr Charles Mbohwa, University of South Africa<\/li>\n<li>Dr Abdul Hakim Halim, Industrial Engineering, Institut Teknologi Bandung, Indonesia<\/li>\n<li>Dr Abdul Talib Bon, Universiti Tun Hussein Onn Malaysia<\/li>\n<li>Dr Abdul-Rahman Al-Ali, American University of Sharjah, United Arab Emirates<\/li>\n<li>Dr Abdur Rahim, University of New Brunswick, Canada<\/li>\n<li>Dr Abu Masud, Wichita State University, Kansas, USA<\/li>\n<li>Dr Alfredo Soeiro, University of Porto, Portugal<\/li>\n<li>Dr Ali ElKamel, University of Waterloo, Canada<\/li>\n<li>Dr Arun Kumar, Royal Melbourne Institute of Technology (RMIT) University, Australia<\/li>\n<li>Dr Asela K. Kulatunga, University of Peradeniya, Sri Lanka<\/li>\n<li>Dr Balan Sundarakani, University of Wollongong in Dubai, UAE<\/li>\n<\/ul>\n<hr \/>\n<h2><span style=\"color: #ff6600;\"><strong>Technical Committee<\/strong><\/span><\/h2>\n<ul>\n<li>Dr Khadija Echefaj , Hassan First University of Settat, Morocco<\/li>\n<li>Dr Hala Hmamed, ENSAM, Moulay Ismail University, Meknes, Morocco<\/li>\n<li>Dr A.M. Pendzhiev, Turkmen Polytechnical Institute, Kotovskogo, Turkmenistan<\/li>\n<li>Dr Agus Ulinuha, Universitas Muhammadiyah Surakarta, Jawa Tengah, Indonesia<\/li>\n<li>Dr Ali I. Al-Mosawi, Miskolic University, Faculty of Materials Science and Engineering, Hungary<\/li>\n<li>Dr Chan Chee-Ming, Universiti Tun Hussein Onn Malaysia<\/li>\n<li>Dr Chen-Fu Chien, National Tsing Hua University, Hsinchu, Taiwan<\/li>\n<li>Dr D.M. Mukhammadiev, Urazbayev Institute of Mechanics and Seismic Stability of Structures, Academy of Sciences of the Republic of Uzbekistan, Tashkent, Uzbekistan<\/li>\n<li>Dr Docki Saraswati, Universitas Trisakti, Jakarta, Indonesia<\/li>\n<li>Dr Ferdous Sarwar, IPE, BUET, Dhaka, Bangladesh<\/li>\n<li>Dr Fernando Gonz\u00e1lez Aleu, Universidad de Monterrey, Mexico<\/li>\n<li>Dr Funda Sivrikaya \u015eerifo\u011flu, Bilgi University, Istanbul, Turkey<\/li>\n<li>Dr Hannelie Nel, University of Johannesburg, South Africa<\/li>\n<li>Dr Hassan Shiraz, HOD &#8211; Department of Engineering, Faculty of Engineering, Science and Technology, The Maldives National University (MNU), Male, Maldives<\/li>\n<li>Dr Hayatullah Mushwani, Lecturer at Kabul University (KU), Afghanistan<\/li>\n<li>Dr Henk Zijm, Dutch Institute for Advanced Logistics, University of Twente, Netherlands<\/li>\n<li>Dr Hesham Ahmad Flaih Al Momani, Hashemite University, Zarqa, Jordan<\/li>\n<li>Dr Hiroyuki Goto, Hosei University, Tokyo, Japan<\/li>\n<li>Dr Ho Thanh Phong, International University \u2013 VNUHCM, Vietnam<\/li>\n<li>Dr Hsieh Cheng-Hsien, Singapore University of Social Sciences, Singapore<\/li>\n<li>Dr Hui-Ming Wee, Chung Yuan Christian University, Taiwan<\/li>\n<li>Dr Ihfasuziella Ibrahim, Construction Research Institute of Malaysia (CREAM)<\/li>\n<li>Dr Ilias Mamat, Quest International University Perak, Ipoh, Perak, Malaysia<\/li>\n<li>Dr Indra Gunawan, The University of Adelaide, Australia<\/li>\n<li>Dr Ir. T. Yuri M. Zagloel, Head of Industrial Engineering Department, University of Indonesia<\/li>\n<li>Dr Jafri Mohd Rohani, Universiti Teknologi Malaysia<\/li>\n<li>Dr Jahara bint Ghani, UKM, Malaysia<\/li>\n<li>Dr James C. Chen, National Tsing-Hua University (NTHU), Taiwan<\/li>\n<li>Dr Jinwoo Park, Seoul National University, South Korea<\/li>\n<li>Dr Kondo H. Adjallah, Paul-Verlaine University, France<\/li>\n<li>Dr M. Affan Badar, Indiana State University, Terre Haute, IN, USA<\/li>\n<li>Dr M. Shamsuzzaman, University of Sharjah, Sharjah, UAE<\/li>\n<li>Dr Ma. Janice J. Gumasing, Mapua University, Manila, Philippines<\/li>\n<li>Dr Magdy Helal, American University of the Middle East (AUM), Kuwait<\/li>\n<li>Dr Md. Abdus Samad Kamal, Gunma University, Japan<\/li>\n<li>Dr Mesbahuddin Chowdhury, University of Canterbury, New Zealand<\/li>\n<li>Dr Mohammad D. Al-Tahat, The University of Jordan, Amman, Jordan<\/li>\n<li>Dr Moncer Abdelhamid Hariga, American University of Sharjah, United Arab Emirates<\/li>\n<li>Dr Nani Kurniati, Institute of Technology Sepuluh Nopember (ITS), Surabaya, East Java, Indonesia<\/li>\n<li>Dr Omar Elmabrouk, Benghazi University, Libya<\/li>\n<li>Dr Peter Baonhe Sob, Vaal University of Technology, South Africa<\/li>\n<li>Dr Rumi Tobita, Ashikaga University, Tochigi, Japan<\/li>\n<\/ul>\n<hr \/>\n<h2><span style=\"color: #ff6600;\"><strong>Student Volunteers<\/strong><\/span><\/h2>\n<ul>\n<li>Achchab Ihsane, INPT<\/li>\n<li>Amiri Karima, INPT<\/li>\n<li>Chbani Wissal, INPT<\/li>\n<li>Id Said Oubella Ijja, INPT<\/li>\n<li>Ihrouchen Zineb, INPT<\/li>\n<li>Jabri Maryam, INPT<\/li>\n<li>Malk Malak, INPT<\/li>\n<li>Rami Khalil, INPT<\/li>\n<li>Sait Yassine, INPT<\/li>\n<li>Serji Asmae, INPT<\/li>\n<li>Youssef Jouicha, Cadi Ayyad University, Morocco (PhD Student)<\/li>\n<li>Mariama Maina Abari, Cadi Ayyad University, Morocco (PhD Student)<\/li>\n<\/ul>\n","protected":false},"excerpt":{"rendered":"<p>Conference Committee Conference Chairs Dr Abdelaziz Berrado, Professor, Department of Industrial Engineering, \u00c9cole Mohammadia d\u2019Ing\u00e9nieurs (EMI), Mohammed V University, Rabat, Morocco, berrado@emi.ac.ma Dr Omar SOUISSI, Professor, The National Institute of Posts and Telecommunications, Rabat, Morocco and AI Technologies Evangelist &amp; IWSIF Founder, souissi@inpt.ac.ma Dr Zoubida Chorfi, Industrial Engineering Department, Ecole Mohammadia d&#8217;Ing\u00e9nieurs, Rabat, Morocco, zd.chorfi@gmail.com [&hellip;]<\/p>\n","protected":false},"author":1,"featured_media":0,"parent":0,"menu_order":0,"comment_status":"closed","ping_status":"closed","template":"","meta":[],"_links":{"self":[{"href":"http:\/\/ieomsociety.org\/morocco2025\/wp-json\/wp\/v2\/pages\/26"}],"collection":[{"href":"http:\/\/ieomsociety.org\/morocco2025\/wp-json\/wp\/v2\/pages"}],"about":[{"href":"http:\/\/ieomsociety.org\/morocco2025\/wp-json\/wp\/v2\/types\/page"}],"author":[{"embeddable":true,"href":"http:\/\/ieomsociety.org\/morocco2025\/wp-json\/wp\/v2\/users\/1"}],"replies":[{"embeddable":true,"href":"http:\/\/ieomsociety.org\/morocco2025\/wp-json\/wp\/v2\/comments?post=26"}],"version-history":[{"count":231,"href":"http:\/\/ieomsociety.org\/morocco2025\/wp-json\/wp\/v2\/pages\/26\/revisions"}],"predecessor-version":[{"id":2381,"href":"http:\/\/ieomsociety.org\/morocco2025\/wp-json\/wp\/v2\/pages\/26\/revisions\/2381"}],"wp:attachment":[{"href":"http:\/\/ieomsociety.org\/morocco2025\/wp-json\/wp\/v2\/media?parent=26"}],"curies":[{"name":"wp","href":"https:\/\/api.w.org\/{rel}","templated":true}]}}