{"id":18,"date":"2017-09-21T17:34:33","date_gmt":"2017-09-21T17:34:33","guid":{"rendered":"http:\/\/ieomsociety.org\/paris2018\/?page_id=18"},"modified":"2018-05-02T20:50:50","modified_gmt":"2018-05-02T20:50:50","slug":"committee","status":"publish","type":"page","link":"http:\/\/ieomsociety.org\/paris2018\/committee\/","title":{"rendered":"Committee"},"content":{"rendered":"<h1 style=\"text-align: center;\"><span style=\"color: #993300;\">Conference Committee &#8211; IEOM 2018 Paris<\/span><\/h1>\n<hr \/>\n<p><strong><span style=\"color: #0000ff;\">Conference Chairs<\/span><\/strong><\/p>\n<p style=\"padding-left: 30px;\">Dr. Linda L. Zhang, Professor of Operations Management, IESEG School of Management, Paris La D\u00e9fense, France<br \/>\nDr. Ahad Ali, Associate Professor and Director of Industrial Engineering Programs, Lawrence Tech University, Michigan, USA<\/p>\n<p><span style=\"color: #0000ff;\"><strong>Logistics Chair<\/strong><\/span><\/p>\n<p style=\"padding-left: 30px;\">Dr. Tanja Mlinar, I\u00c9SEG School of Management, Paris, France<\/p>\n<p><span style=\"color: #0000ff;\"><strong>Industry Solutions Chairs<\/strong><\/span><\/p>\n<p style=\"padding-left: 30px;\">Dr. Zied Hajej, Associate Professor, LGIPM-University of Lorraine, Metz Cedex, France<br \/>\nDr. Elise Vareilles, Associate Professor HdR, IMT Mines-Albi, University of Toulouse, Albi, France<\/p>\n<p><strong><span style=\"color: #0000ff;\">Program Chairs<\/span> <\/strong><\/p>\n<p style=\"padding-left: 30px;\">Dr. Tanja Mlinar, I\u00c9SEG School of Management, Paris, France<br \/>\nDr. Alejandra Duenas, ICN Business School, Nancy, France<\/p>\n<p><strong><span style=\"color: #0000ff;\">Technical Chairs<\/span> <\/strong><\/p>\n<p style=\"padding-left: 30px;\">Dr. Thierry Coudert, Associate Professor HdR, INP-ENIT, University of Toulouse, Tarbes, France<br \/>\nDr. Ali Siadat, Professor, Arts et M\u00e9tiers ParisTech de METZ, Metz, France<\/p>\n<p><span style=\"color: #0000ff;\"><strong>Publication Chairs<\/strong><\/span><\/p>\n<p style=\"padding-left: 30px;\">Dr. Balkrishna Narkhede, National Institute of Industrial Engineering, Mumbai, India<br \/>\nDr. Mohammed Rahman, Central Connecticut State University, USA.<\/p>\n<p><span style=\"color: #0000ff;\"><strong>Global Engineering Education Chairs<\/strong><\/span><\/p>\n<p style=\"padding-left: 30px;\">Dr. Abu Masud, Boeing Global Engineering Professor, Industrial and Manufacturing Engineering Department, Wichita State University, Kansas, USA<br \/>\nDr. Hamid Parsaei, Professor of Industrial and Systems Engineering, Texas A&amp;M University (College Station) and Director of Academic Outreach &#8211; Texas A&amp;M University, Qatar<\/p>\n<p><span style=\"color: #0000ff;\"><strong>Sponsors and Exhibitors Chair<\/strong><\/span><\/p>\n<p style=\"padding-left: 30px;\">Professor Don Reimer, Lawrence Technological University, Southfield, Michigan, USA<\/p>\n<hr \/>\n<p><span style=\"color: #0000ff;\"><strong>Doctoral Dissertation Competition Chair<\/strong><\/span><\/p>\n<p style=\"padding-left: 30px;\">Dr. Mehran Doulat,\u00a0 Center for Quality and Sustainability, School of Engineering and Advanced Technology, UTM Kuala Lumpur, Malaysia<\/p>\n<p><span style=\"color: #0000ff;\"><strong>Master Thesis Competition Chair<\/strong><\/span><\/p>\n<p style=\"padding-left: 30px;\">Dr. Seifedine Kadry, Beirut Arab University Lebanon<\/p>\n<p><span style=\"color: #0000ff;\"><strong>Graduate\/Postgraduate Student Paper Competition Chair<\/strong><\/span><\/p>\n<p style=\"padding-left: 30px;\">Dr. Suat Kasap, American University of the Middle East, Kuwait<\/p>\n<p><span style=\"color: #0000ff;\"><strong>Undergraduate Student Paper Competition Chair<\/strong><\/span><\/p>\n<p style=\"padding-left: 30px;\">Dr. Abbas Mahmoudabadi, Mehrastan University, Gilan, Iran<\/p>\n<p><span style=\"color: #0000ff;\"><strong>Senior Design Capstone Project \/ FYP Poster Competition Chair<\/strong><\/span><\/p>\n<p style=\"padding-left: 30px;\">Dr. Md. Shamsuzzaman, University of Sharjah, UAE<\/p>\n<p><span style=\"color: #0000ff;\"><strong>Simulation and PLM Competition Chair<\/strong><\/span><\/p>\n<p style=\"padding-left: 30px;\">Dr. Ahm Shamsuzzoha, Sultan Qaboos University, Oman<\/p>\n<p><span style=\"color: #0000ff;\"><strong>Poster Competition Chair<\/strong><\/span><\/p>\n<p style=\"padding-left: 30px;\">Dr. Md. Mizanur Rahman, University Technology Malaysia (UTM), Johor Bahru, Malaysia<\/p>\n<p><span style=\"color: #0000ff;\"><strong>High School \/ Middle School STEM Competition Chairs<\/strong><\/span><\/p>\n<p style=\"padding-left: 30px;\">Dr. Charles Chen, Morrill Learning Center, San Jose, California, USA<br \/>\nProfessor Don Reimer, Lawrence Technological University, MI, USA<\/p>\n<hr \/>\n<p><strong><span style=\"color: #0000ff;\">Website Coordinators<\/span><br \/>\n<\/strong><\/p>\n<p style=\"padding-left: 30px;\">Christian Forrest,\u00a0 Manager of Web Services, Lawrence Technological University, Michigan, USA<br \/>\nSuvro Sudip, Undergraduate Student at Lawrence Technological University, Michigan, USA<\/p>\n<p><strong><span style=\"color: #0000ff;\">Conference Secretariat<\/span><br \/>\n<\/strong><\/p>\n<p style=\"padding-left: 30px;\">Dr. Taufiqul Islam, Freelance Consultant, Michigan, USA<\/p>\n<hr \/>\n<p><span style=\"color: #0000ff;\"><strong>Global Engineering Education Committee<\/strong><\/span><\/p>\n<p style=\"padding-left: 30px;\">Dr. Abu Masud, Wichita State University, Kansas, USA (Chair)<br \/>\nDr. Hamid Parsaei, Texas A&amp;M University (College Station) and Texas A&amp;M University, Qatar (Co-Chair)<br \/>\nDr. Jafri Mohd Rohani, Universiti Teknologi Malaysia<br \/>\nDr. Grace Kanakana of Tshwane University of Technology, Pretoria, South Africa<\/p>\n<hr \/>\n<p><span style=\"color: #0000ff;\"><strong>Technical Committee (TC)<br \/>\n<\/strong><\/span><\/p>\n<p>AHMADVAND Alimohammad, University of Eyvanekey, Iran<br \/>\nALDANONDO Michel, Ecole des Mine d&#8217;Albi, France<br \/>\nAZAR Ahmad Taher, Benha University, Egypt<br \/>\nBABOLI Armand, INSA Lyon, France<br \/>\nBANDYOPADHYAY Trishit, Xavier School of Management, India<br \/>\nBARCO Andr\u00e9s Felipe, Universidad de San Buenaventura-Cali Colombia, Colombia<br \/>\nBASTAN Mahdi, University of Eyvanekey, Iran<br \/>\nBAUMANN Philipp, University of Bern, Switzerland<br \/>\nBELER Cedrick, Institut National Polytechnique de Toulouse &#8211; Ecole Nationale d&#8217;Ing\u00e9nieurs de Tarbes, France<br \/>\nBONJOUR Eric, ENSGSI \u2013 University of Lorraine, France<br \/>\nBOUTE Robert, KU Leuven, Belgium<br \/>\nBRUSSET Xavier, SKEMA Business School, France<br \/>\nCARDOSO Patricia Alcantara, Universidade Federal do Esp\u00edrito Santo, Brazil<br \/>\nCHAI Kah Hin, National University of Singapore, Singapore<br \/>\nCHARLES Aur\u00e9lie, University of Lyon France, France<br \/>\nCHELBI Anis, University of Tunis, Tunis<br \/>\nDI MARTINELLY Christine, IESEG School of Management, France<br \/>\nGANJAVI Hamed Shakouri, University of Tehran, Iran<br \/>\nGARDAS Bhaskar, Veermata Jijabai Technological Institute, India<br \/>\nGarza-Reyes Jose Arturo, The University of Derby, UK<br \/>\nGENESTE Laurent, Institut National Polytechnique de Toulouse &#8211; Ecole Nationale d&#8217;Ing\u00e9nieurs de Tarbes, France<br \/>\nGHARBI Ali, ETS Montreal, Canada<br \/>\nGRABOT Bernard, Institut National Polytechnique de Toulouse &#8211; Ecole Nationale d&#8217;Ing\u00e9nieurs de Tarbes, France<br \/>\nGRUHIER Elise, University of Bordeaux France, France<br \/>\nGYULA Vastag, Sz\u00e9chenyi Istv\u00e1n University, Hungary<br \/>\nHADJ HAMMOU Khaled, Institut National des Sciences Appliqu\u00e9es de Lyon, France<br \/>\nHAMMAMI Ramzi, ESC Rennes School of Business, France<br \/>\nHASSAN Alaa, University of Lorraine, France<br \/>\nHELO Petri, University of Vaasa, Finland<br \/>\nHOMRI Lazhar, Arts et M\u00e9tiers ParisTech, France<br \/>\nHVAM Lars, Technical University of Denmark, Denmark<br \/>\nHYON Emmanuel, Sorbonne Universit\u00e9 &#8211; LIP6, France<br \/>\nJACOBSEN Peter, Technical University of Denmark, Denmark<br \/>\nKAMISSOKO Daouda, IMT Mines Albi, France<br \/>\nKERBACHE Laoucine, HEC Paris, France<br \/>\nKHAMISABADI Javad, Islamic Azad University, Iran<br \/>\nKHORSHID-DOUST Reza Ramazani, Amirkabir University of Technology, Iran<br \/>\nKLEMENT Nathalie, Arts et M\u00e9tiers ParisTech, France<br \/>\nKUMAR Arun, RMIT University, Australia<br \/>\nKUMAR Vikas, University pf the West England, UK<br \/>\nKUTSCH Elmar, Cranfield University, UK<br \/>\nLAMOURI Samir, ENSAM Arts et M\u00e9tiers ParisTech, France<br \/>\nLEE Carman, Hong Kong Polytechnic University, Hong Kong<br \/>\nLIN Danping, Shanghai Maritime University, China<br \/>\nLV Chrity Yaqiong, Wuhan University of Technology, China<br \/>\nMIFDAL Lahcen, Universiapolis Agadir, Morocco<br \/>\nMOHAMMADI Mehrdad, IMT Atlantique, France<br \/>\nMOUSAVI Seyed Meysam, Shahed University, Iran<br \/>\nNARKHEDE Balkrishna, National Institute of Industrial Engineering, India<br \/>\nOZKESER Banu, KOLUMAN Industry Automotive, Turkey<br \/>\nPILLET Maurice, Universit\u00e9 de Savoie Mont Blanc, France<br \/>\nRAUT Rakesh, National Institute of Industrial Engineering, India<br \/>\nREGZ Nidhal, University of Lorraine, France<br \/>\nSADOK Turki, University of Lorraine, France<br \/>\nSamuel BASSETTO, Ecole Polytechnique, Canada<br \/>\nSCHUTZ J\u00e9r\u00e9mie, University of Lorraine, France<br \/>\nSHAFIEE Sara, Technical University of Denmark, Denmark<br \/>\nSOFIENE Dellagi, University of Lorraine, France<br \/>\nSOLANO CHARRIS Elyn, Universidad de La Sabana, Columbia<br \/>\nTAVAKKOLI-MOGHADDAM Reza, University of Tehran, Iran<br \/>\nTCHANGANI Ayeley, Institut National Polytechnique de Toulouse &#8211; Ecole Nationale d&#8217;Ing\u00e9nieurs de Tarbes, France<br \/>\nTRAUTMANN Norbert, University of Bern, Switzerland<br \/>\nTUPA Jiri, University of West Bohemia, Czech Republic<br \/>\nT\u00dcT\u00dcNC\u00dc Yazg\u0131, Izmir University of Economics, Turkey<br \/>\nVILLENEUVE Eric, Ecole Sup\u00e9rieure des Technologies Industrielles Avanc\u00e9es, France<br \/>\nWANG Junqiang, Northwestern Polytechnic University, China<br \/>\nWANG Yue, Hang Seng Management College, Hong Kong<br \/>\nWU Yong, Griffith University, Australia<br \/>\nWUNCK Christoph, Jade University of Applied Sciences, Germany<br \/>\nYAHIA Esma, Arts et M\u00e9tiers ParisTech, France<br \/>\nYAN Bingwen, Cape Peninsula University of Technology, South Africa<br \/>\nZOLGHADRI Marc, Ecole des Ing\u00e9nieurs en M\u00e9canique de Paris, France<\/p>\n<hr \/>\n<p><span style=\"color: #0000ff;\"><strong>European Academic Committee (EAC)<br \/>\n<\/strong><\/span><\/p>\n<ul>\n<li>Jaouad Boukachour, University of Le Havre, France<\/li>\n<li>Andrea D&#8217;Ariano, Dipartimento di Ingegneria, Universit\u00e0 degli Studi Roma Tre, Roma, Italia<\/li>\n<li>\u00d6mer Faruk Y\u0131lmaz, Istanbul, Turkey<\/li>\n<li>Faraj Bashir, The University of Sheffield International College, Velocity Village, Sheffield, UK<\/li>\n<li>Sofiene Dellagi, LGIPM, METZ, France<\/li>\n<li>Arunjoy Banerjee, Hochschule Rhein-Wall, Kleve, Germany<\/li>\n<li>Yahaya Yusuf, Lancashire Business School, Lancashire, United Kingdom<\/li>\n<li>Abdul Salam Darwish, Phoenix Renewable Energy Centre, Manchester, UK<\/li>\n<li>Hakan Altunay, Department of Industrial Engineering, Suleyman Demirel University, Isparta, Turkey<\/li>\n<li>Stephen Disney, Logistics Systems Dynamics Group, Cardiff Business School, Cardiff University, UK<\/li>\n<li>Sam Aflaki, HEC Paris, JOUY-EN-JOSAS, Il de France, France<\/li>\n<li>Giovanni Romagnoli, Department of Engineering and Architecture, University of Parma, Italy<\/li>\n<li>Nihal ERG\u0130NEL, Industrial Engineering Department, Anadolu University, TURKEY<\/li>\n<li>Zeki Aya\u011f, Kadir Has University, Istanbul, Marmara, Turkey<\/li>\n<li>Ammar Oulamara, Universit\u00e9 de Lorraine, Metz, Lorraine, France<\/li>\n<li>R.M. Chandima Ratnayake, University of Stavanger, NORWAY<\/li>\n<li>Erwin Rauch, Free University of Bolzano, Bolzano, Italy<\/li>\n<li>Leonor Teixeira, University of Aveiro, Portugal<\/li>\n<li>Abdelkader Baaziz, Institut M\u00e9diterran\u00e9en des Sciences de l&#8217;Information et de la Communication, Marseille, France<\/li>\n<li>Nuno Costa, Polytechnic Institute- Setubal School Of Technology, Portugal<\/li>\n<li>Ant\u00f3nio Grilo, UNIDEMI &#8211; Research and Development Unit for Mechanical and Industrial Engineering, Faculdade de Ci\u00eancias e Tecnologia (FCT) da Universidade Nova de Lisboa, Portugal<\/li>\n<li>G\u00fcnd\u00fcz ULUSOY, Faculty of Engineering and Natural Sciences, Sabanci University, Istanbul, Turkey<\/li>\n<li>Wilfried Sihn, TU Wien &#8211; Institut f\u00fcr Managementwissenschaften, Bereich Betriebstechnik und Systemplanung and Fraunhofer Austria Research GmbH, Austria<\/li>\n<li>Uwe G\u00f6tze, Technische Universit\u00e4t Chemnitz, Chemnitz, Saxony, Germany<\/li>\n<li>Andy TC Wong, Dept. of Design Manufacture and Engineering Management (DMEM), \u00a0University of Strathclyde, Glasgow, UK<\/li>\n<li>Kondo H. Adjallah, ENIM, Lorraine-INP, University of Lorraine, France<\/li>\n<li>Ana S. Camanho, Industrial Engineering and Management, School of Engineering, University of Porto, Portugal<\/li>\n<li>George Agyekum-Mensah, Quantity Surveying and Project Management, Faculty of Engineering, Environment and Computing, School of Energy, Construction and Environment, Coventry University Coventry, UK<\/li>\n<li>Mehmet Kursat Oksuz, Department of Industrial Engineering, Istanbul Technical University, Turkey<\/li>\n<li>Virg\u00edlio Cruz Machado, UNIDEMI &#8211; Faculdade de Ci\u00eancias e Tecnologia, Universidade Nova de Lisboa, Portugal<\/li>\n<li>Nacima Labadie, Universit\u00e9 De Technologie De Troyes, Troyes, Cedex, Aube, France<\/li>\n<li>Yasmine Sabri, Dept of Management, Economics &amp; Industrial Engineering, School of Management, Politecnico di Milano, Italy<\/li>\n<li>Patrick Dallasega, Industrial Engineering and Automation, Faculty of Science and Technology, Free University of Bozen-Bolzano, Bozen, Bolzano, Italy<\/li>\n<li>Ana Lu\u00edsa Ramos, University of Aveiro, Portugal<\/li>\n<li>Flora M\u00aa D\u00edaz-P\u00e9rez, University of La Laguna, Tenerife, Spain<\/li>\n<li>Susana Duarte, Department of Mechanical and Industrial Engineering, Faculdade de Ci\u00eancias e Tecnologia, Universidade Nova de Lisboa, Portugal<\/li>\n<li>P. Sanjeevikumar, Dublin Institute of Technology, Ireland<\/li>\n<li>Vladimir Modrak, TUKE, Slovakia<\/li>\n<li>Boudouda Malik, University of Champagne-Ardenne, France<\/li>\n<li>Kannan Govindan, University of Southern Denmark, Denmark<\/li>\n<li>Vassilis Gerogiannis, Department of Project Management, Greece<\/li>\n<li>Miguel Sanz Bobi, Comillas Pontifical University, Spain<\/li>\n<li>Ali I. Al-Mosawi, Miskolic University, Faculty of Materials Science and Engineering, Hungary<\/li>\n<li>Salvatore Miranda, University of Salerno, Italy<\/li>\n<li>Fabio Frugiero, University of Basilicata, Italy<\/li>\n<li>Peter Toth, Trefort Agoston Centre for Engineering Education. Obuda University, Hungary<\/li>\n<li>Henk Zijm, Dutch Institute for Advanced Logistics, University of Twente, Netherlands<\/li>\n<li>Alfredo Soeiro, University of Porto, Portugal<\/li>\n<li>Yassine Ouazene, University of Technology of Troyes, France<\/li>\n<li>Matteo Mario Savino, University of Sannio, Benevento, Italy<\/li>\n<li>Murat Caner Testik, Hacettepe University, Turkey<\/li>\n<li>Patrick P\u00f6tters, Faculty of Operations Management, University of Applied Sciences Koblenz, Germany<\/li>\n<li>Nnamdi Ogbuke, University of Central Lancashire, Preston, Lancashire, United Kingdom<\/li>\n<li>Oualid Jouini, CentraleSup\u00e9lec, Universit\u00e9 Paris-Saclay, Laboratoire G\u00e9nie Industriel, France<\/li>\n<li>M. Khurshid Khan, University of Bradford, Bradford, West Yorkshire, United Kingdom<\/li>\n<li>Mouloud Dena\u00ef, University of Hertfordshire, Hatfield, Hertfordshire, United Kingdom<\/li>\n<li>Steve Martin, Coventry University, Coventry, West Midlands, United Kingdom<\/li>\n<li>Egon Mueller, Institut of Industrial Sciences and Factory Systems, Factory Planning and Factory Management, Technische Universit\u00e4t Chemnitz, Chemnitz, Germany<\/li>\n<li>Andr\u00e9 Mendes de Carvalho, MIT Portugal Program, University of Minho, Portugal<\/li>\n<li>Yiping Fang, Department of Industrial Engineering, CentraleSup\u00e9lec, B\u00e2timent Bouygues &#8211; Laboratoire LGI, Cedex, France<\/li>\n<li>Berna Dengiz, Engineering Faculty of Baskent University, Baglica Campus, Ankara, Turkey<\/li>\n<li>Ana R. Xambre of University of Aveiro, Portugal<\/li>\n<li>Dr. Nadjib Brahimi, Department of Supply Chain Management, Rennes School of Business, Cedex, France<\/li>\n<li>Dr. Mario Fargnoli, The Sapienza University of Rome, France<\/li>\n<li>Dr. Funlade Sunmola , University of Hertfordshire, Hatfield, Hertfordshire, United Kingdom<\/li>\n<li>Dr. Asl\u0131 \u00c7al\u0131\u015f Boyac\u0131, Ondokuz May\u0131s University, Samsun, Turkey<\/li>\n<li>Dr. Ahmet Boyaci, Hitit University, \u00c7orum, Turkey<\/li>\n<\/ul>\n<hr \/>\n<p><span style=\"color: #0000ff;\"><strong>European Industry Committee (EIC)<\/strong><\/span><\/p>\n<ul>\n<li>Rub\u00e9n Elvira-Herranz, Services Program Manager, Military Aircraft, Airbus, Madrid, Spain<\/li>\n<li>Adel Hejaaji, Engineering Services Management (ESM) Limited, Essex, UK<\/li>\n<li>Gerard O&#8217;Connor, Adelaide and Meath Hospital, Dublin, Ireland<\/li>\n<\/ul>\n<hr \/>\n<p><strong><span style=\"color: #0000ff;\">International Committee<\/span><br \/>\n<\/strong><\/p>\n<ul>\n<li>Eldon Caldwell, University of Costa Rica<\/li>\n<li>Mohammad Abdullah Shaikh, Deakin University, Australia<\/li>\n<li>Bhaskar Bhandarkar, Indian Institution of Industrial Engineering (IIIE), Mumbai, India<\/li>\n<li>Mohd Khairol Anuar bin Mohd Ariffin,Co-ordinator Master of Manufacturing System Engineering,Department of Mechanical and Manufacturing Engineering, Faculty of Engineering, University Putra Malaysia (UPM), Selangor, Malaysia<\/li>\n<li>Shekar Babu, AMRITA School of Business, AMRITA University, Bangalore, India<\/li>\n<li>Prof. M. Khurshid Khan, Vice Chancelor, Abdul Wali Khan University Mardan (AWKUM), Mardan, Khyber Pakhtunkhwa, Pakistan<\/li>\n<li>Mahdi Bashiri, Professor of Industrial Engineering, Shahed University, Tehran, Iran<\/li>\n<li>MELLAK Abderrahmane, Boumerdes University &#8211; Algeria<\/li>\n<\/ul>\n<p>Contact: <a href=\"mailto:info@ieomsociety.org\">info@ieomsociety.org<\/a><\/p>\n","protected":false},"excerpt":{"rendered":"<p>Conference Committee &#8211; IEOM 2018 Paris Conference Chairs Dr. Linda L. Zhang, Professor of Operations Management, IESEG School of Management, Paris La D\u00e9fense, France Dr. Ahad Ali, Associate Professor and Director of Industrial Engineering Programs, Lawrence Tech University, Michigan, USA Logistics Chair Dr. Tanja Mlinar, I\u00c9SEG School of Management, Paris, France Industry Solutions Chairs Dr. [&hellip;]<\/p>\n","protected":false},"author":1,"featured_media":0,"parent":0,"menu_order":0,"comment_status":"closed","ping_status":"closed","template":"","meta":{"footnotes":""},"class_list":["post-18","page","type-page","status-publish","hentry"],"_links":{"self":[{"href":"http:\/\/ieomsociety.org\/paris2018\/wp-json\/wp\/v2\/pages\/18"}],"collection":[{"href":"http:\/\/ieomsociety.org\/paris2018\/wp-json\/wp\/v2\/pages"}],"about":[{"href":"http:\/\/ieomsociety.org\/paris2018\/wp-json\/wp\/v2\/types\/page"}],"author":[{"embeddable":true,"href":"http:\/\/ieomsociety.org\/paris2018\/wp-json\/wp\/v2\/users\/1"}],"replies":[{"embeddable":true,"href":"http:\/\/ieomsociety.org\/paris2018\/wp-json\/wp\/v2\/comments?post=18"}],"version-history":[{"count":88,"href":"http:\/\/ieomsociety.org\/paris2018\/wp-json\/wp\/v2\/pages\/18\/revisions"}],"predecessor-version":[{"id":472,"href":"http:\/\/ieomsociety.org\/paris2018\/wp-json\/wp\/v2\/pages\/18\/revisions\/472"}],"wp:attachment":[{"href":"http:\/\/ieomsociety.org\/paris2018\/wp-json\/wp\/v2\/media?parent=18"}],"curies":[{"name":"wp","href":"https:\/\/api.w.org\/{rel}","templated":true}]}}