{"id":48,"date":"2017-09-21T18:57:43","date_gmt":"2017-09-21T18:57:43","guid":{"rendered":"http:\/\/ieomsociety.org\/paris2018\/?page_id=48"},"modified":"2018-05-19T14:15:35","modified_gmt":"2018-05-19T14:15:35","slug":"hotels","status":"publish","type":"page","link":"http:\/\/ieomsociety.org\/paris2018\/hotels\/","title":{"rendered":"Arrivals"},"content":{"rendered":"<h3><strong><span style=\"color: #ff6600;\">Venue Address<\/span><img loading=\"lazy\" decoding=\"async\" class=\" wp-image-503 alignright\" src=\"http:\/\/ieomsociety.org\/paris2018\/wp-content\/uploads\/2017\/09\/ieseg-1.jpg\" alt=\"\" width=\"458\" height=\"269\" srcset=\"http:\/\/ieomsociety.org\/paris2018\/wp-content\/uploads\/2017\/09\/ieseg-1.jpg 899w, http:\/\/ieomsociety.org\/paris2018\/wp-content\/uploads\/2017\/09\/ieseg-1-300x176.jpg 300w, http:\/\/ieomsociety.org\/paris2018\/wp-content\/uploads\/2017\/09\/ieseg-1-768x451.jpg 768w, http:\/\/ieomsociety.org\/paris2018\/wp-content\/uploads\/2017\/09\/ieseg-1-620x364.jpg 620w, http:\/\/ieomsociety.org\/paris2018\/wp-content\/uploads\/2017\/09\/ieseg-1-195x115.jpg 195w, http:\/\/ieomsociety.org\/paris2018\/wp-content\/uploads\/2017\/09\/ieseg-1-530x312.jpg 530w\" sizes=\"(max-width: 458px) 100vw, 458px\" \/><\/strong><\/h3>\n<div id=\"container-global\">\n<div class=\"container-fluid container-1600\" role=\"main\">\n<div class=\"row\">\n<div class=\"col-sm-9 center-col\">\n<p style=\"text-align: left;\" align=\"center\"><strong>IESEG Paris Campus<br \/>\n<\/strong>I\u00c9SEG School of Management<br \/>\nSocle de la Grande-Arche<br \/>\n1 parvis de la D\u00e9fense<br \/>\n92044 Paris-La D\u00e9fense cedex \u2013 France<br \/>\nT\u00e9l.: +33 (0)320 545 892<br \/>\nFax : +33 (0)147 759 375<br \/>\n<a href=\"https:\/\/www.ieseg.fr\/en\/\">https:\/\/www.ieseg.fr\/en\/<\/a><\/p>\n<\/div>\n<\/div>\n<\/div>\n<\/div>\n<h3><span style=\"color: #ff6600;\"><strong>Hotel Booking:<\/strong> <\/span><\/h3>\n<p>You may find the hotels with discount rates <a href=\"https:\/\/www.ieseg.fr\/en\/faculty-and-research\/research\/iesegs-partner-hotels\/\">here<\/a>. As these hotels are the partner hotels of IESEG, when booking, do make such a remark: I WILL ATTEND IESEG &#8211; IEOM 2018 in your booking emails. Only with such a remark, you can enjoy the discount rates from these hotels.<\/p>\n<p style=\"text-align: center;\"><span style=\"color: #ff6600;\"><a href=\"https:\/\/www.ieseg.fr\/en\/faculty-and-research\/research\/iesegs-partner-hotels\/\">https:\/\/www.ieseg.fr\/en\/faculty-and-research\/research\/iesegs-partner-hotels\/<\/a><br \/>\n<\/span><\/p>\n<div id=\"container-global\">\n<div class=\"container-fluid container-1600\" role=\"main\">\n<div class=\"row\">\n<div class=\"col-sm-9 col-md-6 center-col\">\n<h3 id=\"top\"><span style=\"color: #ff6600;\"><strong>HOTELS IN LA D\u00c9FENSE (Near I\u00c9SEG)<\/strong><\/span><\/h3>\n<table border=\"1\">\n<tbody>\n<tr>\n<td><a href=\"http:\/\/www.ieseg.fr\/en\/faculty-and-research\/research\/iesegs-partner-hotels\/#renaissance\" target=\"_blank\" rel=\"noopener\">RENAISSANCE PARIS LA DEFENSE**** <\/a><\/td>\n<td>180\u20ac \u2013 Breakfast and Wi-Fi included<\/p>\n<p>Booking only by e-mail: <strong><a href=\"mailto:pierre.herranz@renaissancehotels.com\">pierre.herranz@renaissancehotels.com<\/a><\/strong><\/td>\n<\/tr>\n<tr>\n<td><a href=\"http:\/\/www.ieseg.fr\/en\/faculty-and-research\/research\/iesegs-partner-hotels\/#citizenm\" target=\"_blank\" rel=\"noopener\">CITIZEN M****<\/a><\/td>\n<td>75,65\u20ac without breakfast \u2013 90,60\u20ac breakfast included \/ free wifi<\/p>\n<p>Booking via this link <strong><a href=\"https:\/\/www.citizenm.com\/ieseg\">https:\/\/www.citizenm.com\/ieseg<\/a><\/strong><\/td>\n<\/tr>\n<tr>\n<td><a href=\"http:\/\/www.ieseg.fr\/en\/faculty-and-research\/research\/iesegs-partner-hotels\/#hilton\" target=\"_blank\" rel=\"noopener\">HILTON PARIS LA DEFENSE HOTEL**** <\/a><\/td>\n<td>25% off on any room on the website<\/p>\n<p>Breakfast not included (+26\u20ac)<\/p>\n<p>Booking only by e-mail: <a href=\"mailto:david.perez3@hilton.com\"><strong>David.Perez3@hilton.com<\/strong><\/a><\/td>\n<\/tr>\n<tr>\n<td><a href=\"http:\/\/www.ieseg.fr\/en\/faculty-and-research\/research\/iesegs-partner-hotels\/#rhome_courbevoie\" target=\"_blank\" rel=\"noopener\">RESIDHOME COURBEVOIE LA DEFENSE**** <\/a><\/td>\n<td>144\u20ac in a studio (2 people)<br \/>\n171\u20ac in a studio Executive (2 people)<br \/>\nBreakfast not included\u00a0(+13,50\u20ac\u00a0)Booking only by e-mail: <a href=\"mailto:ladefense@residhome.com\"><strong>ladefense@residhome.com<\/strong><\/a><\/td>\n<\/tr>\n<tr>\n<td><a href=\"http:\/\/www.ieseg.fr\/en\/faculty-and-research\/research\/iesegs-partner-hotels\/#citadines_def\" target=\"_blank\" rel=\"noopener\">CITADINES LA DEFENSE*** <\/a><\/td>\n<td>130\u20ac \u2013 Breakfast\u00a0 included<\/p>\n<p>Booking only by e-mail: <strong><u><a href=\"mailto:olga.dacosta@the-ascott.com\">olga.dacosta@the-ascott.com<\/a><\/u>,<\/strong> copy to <a href=\"mailto:corporate@citadines.com\"><strong>corporate@citadines.com<\/strong><\/a><\/td>\n<\/tr>\n<tr>\n<td><a href=\"http:\/\/www.ieseg.fr\/en\/faculty-and-research\/research\/iesegs-partner-hotels\/#rhome_nanterre\" target=\"_blank\" rel=\"noopener\">RESIDHOME NANTERRE LA DEFENSE***<\/a><\/td>\n<td>94\u20ac \u2013 Breakfast not included (+10\u20ac)<\/p>\n<p>Booking only by e-mail: <a href=\"mailto:nanterre.ladefense@residhome.com\"><strong>nanterre.ladefense@residhome.com<\/strong><\/a><\/td>\n<\/tr>\n<tr>\n<td><a href=\"http:\/\/www.ieseg.fr\/en\/faculty-and-research\/research\/iesegs-partner-hotels\/#sejours\" target=\"_blank\" rel=\"noopener\">SEJOURS &amp; AFFAIRES GRANDE ARCHE**<\/a><\/td>\n<td>73\u20ac \u2013 \u00a0Breakfast not included (+8\u20ac)<\/p>\n<p>Booking only by e-mail: <a href=\"mailto:ladefense.grandearche@sejours-affaires.com\"><strong>ladefense.grandearche@sejours-affaires.com<\/strong><\/a><\/td>\n<\/tr>\n<\/tbody>\n<\/table>\n<h3><span style=\"color: #ff6600;\"><strong>Getting to Paris City Center<\/strong><\/span><\/h3>\n<\/div>\n<\/div>\n<\/div>\n<\/div>\n<p>Paris is served by two main airports: Charles De Gaulle (CDG) and Orly. From the airports to Paris city center:<\/p>\n<p><span style=\"color: #ff0000;\">a) By<\/span> \u2018<a href=\"http:\/\/en.lebusdirect.com\/\">Le bus direct<\/a>\u2019<span style=\"color: #ff0000;\"> coach.<\/span>\u00a0Take line 2 (from CDG Airport) or line 1 (from Orly) and go to \u2018Place de l\u2019\u00c9toile\u2019. Once there, you can reach your hotel by metro or RER \u2013 the station \u2018Charles de Gaulle Etoile\u2019 is a short walk from the coach drop off spot.<\/p>\n<p><span style=\"color: #ff0000;\">b)\u00a0By RER (suburban train).<\/span><\/p>\n<p>From Charles de Gaulle Airport, you can take suburban train line RER B, direction Paris.<\/p>\n<hr \/>\n<p><span style=\"color: #ff6600;\"><strong>Getting to La Defense\/IESEG School of Management<\/strong><\/span><\/p>\n<p><span style=\"color: #0000ff;\"><em><strong>IESEG School&#8217;s Paris campus is located in La Defense. The conference will take place in its building in La Grande Arche<\/strong><\/em><\/span> (see\u00a0<a href=\"http:\/\/ieomsociety.org\/paris2018\/wp-content\/uploads\/2017\/09\/plan-CAMPUS-DEFACTO_FINAL.pdf\">the map<\/a>).<\/p>\n<p>To access La Defense from Paris, take RER A to \u2018La D\u00e9fense-Grande Arche\u2019 (direction \u2018Saint-Germain-En-Laye\u2019 or \u2018Poissy\u2019 or \u2018Cergy-Le Haut\u2019). You can also take Metro Line 1 to La Defense (direction La Defense). Get out of the station from Exit 1 which takes you directly to the conference venue.<\/p>\n<p>If your hotel is in La Defense, from Charles de Gaulle Airport, take suburban train line RER B, direction Paris,\u00a0 change at \u2018Ch\u00e2telet-Les Halles\u2019, and take RER A direction \u2018Saint-Germain-En-Laye\u2019 or \u2018Poissy\u2019 or \u2018Cergy-Le Haut\u2019. (For more detailed information on the journey, go to the Metro\/RER website\u00a0<a href=\"https:\/\/www.ratp.fr\/en\/itineraires\">in English<\/a>\u00a0or\u00a0<a href=\"https:\/\/www.ratp.fr\/itineraires\">in French<\/a>.)<\/p>\n<hr \/>\n<p><span style=\"color: #ff6600;\"><b>Getting around in Paris<\/b><\/span><\/p>\n<p><span style=\"color: #ff0000;\">By metro and RER<\/span><\/p>\n<p>The centre of Paris is easily accessible from La Defense, and many sights and hotels are directly on the Metro (Line 1) and RER (Line A) lines which serve La Defense. More detailed information on the Metro\/RER is available via the RATP website: click\u00a0<a href=\"https:\/\/www.ratp.fr\/en\/itineraires\">here for English<\/a>\u00a0or\u00a0<a href=\"https:\/\/www.ratp.fr\/itineraires\">here for French<\/a>.<\/p>\n<p><span style=\"color: #ff0000;\">By bike<\/span><\/p>\n<p>Once in Paris intra-muros, you could also use the Velib\u2019, the city\u2019s system of self-service bike rentals \u2013 you can take a bike from any of their numerous \u2018bike stations\u2019 across town, and return it to any of the other bike stations. The system is available 24 x 7. you can buy 1-day or 7-day tickets online or at any of the Velib\u2019 stations. For more information and for the different bike locations, go to:\u00a0<a href=\"http:\/\/en.velib.paris.fr\/\">http:\/\/en.velib.paris.fr\/<\/a>\u00a0(English version) or\u00a0<a href=\"http:\/\/velib.paris.fr\/\">http:\/\/velib.paris.fr\/<\/a>\u00a0(French version).<\/p>\n<hr \/>\n<p><span style=\"color: #ff6600;\"><strong>Tourist Attractions Link:<\/strong><\/span><\/p>\n<p><a href=\"https:\/\/en.parisinfo.com\/what-to-see-in-paris\/monuments\/famous-monuments-or-monuments-to-discover\">https:\/\/en.parisinfo.com\/what-to-see-in-paris\/monuments\/famous-monuments-or-monuments-to-discover<\/a><\/p>\n","protected":false},"excerpt":{"rendered":"<p>Venue Address IESEG Paris Campus I\u00c9SEG School of Management Socle de la Grande-Arche 1 parvis de la D\u00e9fense 92044 Paris-La D\u00e9fense cedex \u2013 France T\u00e9l.: +33 (0)320 545 892 Fax : +33 (0)147 759 375 https:\/\/www.ieseg.fr\/en\/ Hotel Booking: You may find the hotels with discount rates here. As these hotels are the partner hotels of [&hellip;]<\/p>\n","protected":false},"author":1,"featured_media":0,"parent":0,"menu_order":0,"comment_status":"closed","ping_status":"closed","template":"","meta":{"footnotes":""},"class_list":["post-48","page","type-page","status-publish","hentry"],"_links":{"self":[{"href":"http:\/\/ieomsociety.org\/paris2018\/wp-json\/wp\/v2\/pages\/48"}],"collection":[{"href":"http:\/\/ieomsociety.org\/paris2018\/wp-json\/wp\/v2\/pages"}],"about":[{"href":"http:\/\/ieomsociety.org\/paris2018\/wp-json\/wp\/v2\/types\/page"}],"author":[{"embeddable":true,"href":"http:\/\/ieomsociety.org\/paris2018\/wp-json\/wp\/v2\/users\/1"}],"replies":[{"embeddable":true,"href":"http:\/\/ieomsociety.org\/paris2018\/wp-json\/wp\/v2\/comments?post=48"}],"version-history":[{"count":31,"href":"http:\/\/ieomsociety.org\/paris2018\/wp-json\/wp\/v2\/pages\/48\/revisions"}],"predecessor-version":[{"id":505,"href":"http:\/\/ieomsociety.org\/paris2018\/wp-json\/wp\/v2\/pages\/48\/revisions\/505"}],"wp:attachment":[{"href":"http:\/\/ieomsociety.org\/paris2018\/wp-json\/wp\/v2\/media?parent=48"}],"curies":[{"name":"wp","href":"https:\/\/api.w.org\/{rel}","templated":true}]}}