{"id":26,"date":"2017-01-15T14:12:24","date_gmt":"2017-01-15T14:12:24","guid":{"rendered":"http:\/\/ieomsociety.org\/ieom2018\/?page_id=26"},"modified":"2025-06-22T17:21:32","modified_gmt":"2025-06-22T17:21:32","slug":"committee","status":"publish","type":"page","link":"http:\/\/ieomsociety.org\/paris2025\/committee\/","title":{"rendered":"Committee"},"content":{"rendered":"<h1 style=\"text-align: center;\"><strong><span style=\"color: #993300;\">Conference Committee<\/span><\/strong><\/h1>\n<hr \/>\n<h2><span style=\"color: #ff6600;\"><strong>Conference Leadership Committee<\/strong><\/span><\/h2>\n<h3><strong>Conference Chairs:<\/strong><\/h3>\n<ul>\n<li>Dr. Linda Zhang, Professor of Operations Management, IESEG School of Management, Paris la Defense, Email: <strong style=\"color: revert; font-size: revert;\"><a href=\"mailto:l.zhang@ieseg.fr\" target=\"_blank\" rel=\"noopener\">l.zhang@ieseg.fr<\/a><\/strong><\/li>\n<li>Dr. Ahad Ali, Associate Professor and Director of Industrial Engineering Program, Lawrence Technological University, Southfield, Michigan, USA<\/li>\n<\/ul>\n<h3><strong>Program Chair<\/strong><\/h3>\n<ul>\n<li>Professor Don Reimer, Chief Operating Officer, IEOM Society<\/li>\n<\/ul>\n<h3><strong>Organizing Committee<\/strong><\/h3>\n<ul>\n<li>Linda ZHANG, IESEG School of Management, Lille-Paris, France<\/li>\n<li>Farouk YALAOUI, University of Technology of Troyes, Troyes, France<\/li>\n<li>Surajit BAG, Excelia Business School, La Rochelle, France<\/li>\n<\/ul>\n<hr \/>\n<h2><span style=\"color: #ff6600;\"><strong>Competition Committee<\/strong><\/span><\/h2>\n<p><strong>Undergraduate Student Paper Competition Chair<\/strong><\/p>\n<ul>\n<li>Dr. Pervaiz Akhtar, PhD, MSc, MBA, BSc, PCAP &amp; HE UK Senior Fellow, Chair Professor in Business Analytics, Big Data &amp; Supply Chains and Director of MBA Programmes, University of Aberdeen, Aberdeen, UK<\/li>\n<\/ul>\n<p><strong>Graduate Student Paper Competition Chair<\/strong><\/p>\n<ul>\n<li>Dr. Pervaiz Akhtar, PhD, MSc, MBA, BSc, PCAP &amp; HE UK Senior Fellow, Chair Professor in Business Analytics, Big Data &amp; Supply Chains and Director of MBA Programmes, University of Aberdeen, Aberdeen, UK<\/li>\n<\/ul>\n<p><strong>Doctoral Dissertation Competition Chair<\/strong><\/p>\n<ul>\n<li>Dr. Surajit Bag, Full Professor at Excelia Business School, France<\/li>\n<\/ul>\n<p><strong>Master\u2019s Thesis Competition Chair<\/strong><\/p>\n<ul>\n<li>Dr. Surajit Bag, Full Professor at Excelia Business School, France<\/li>\n<\/ul>\n<p><strong>Senior Design Project Competition Chair<\/strong><\/p>\n<ul>\n<li>Dr. Surajit Bag, Full Professor at Excelia Business School, France<\/li>\n<\/ul>\n<p><strong>Undergraduate Research Competition Chair<\/strong><\/p>\n<ul>\n<li>Dr. Adel Elomri, Associate Professor, College of Science and Engineering, Hamad Bin Khalifa University, Qatar<\/li>\n<\/ul>\n<p><strong>AI-ML Competition Chair <\/strong><\/p>\n<ul>\n<li>Dr. Hajej Zied, Associate Professor, University of Lorraine, Metz, France<\/li>\n<\/ul>\n<p><strong>Human Factors and Ergonomics Competition Chair<\/strong><\/p>\n<ul>\n<li>Dr. Hajej Zied, Associate Professor, University of Lorraine, Metz, France<\/li>\n<\/ul>\n<p><strong>Simulation Competition Chair<\/strong><\/p>\n<ul>\n<li>Dr\u00a0Petri Helo, University Vaasa, Vaasa, Finland<\/li>\n<\/ul>\n<p><strong>High School STEM Competition Chair<\/strong><\/p>\n<ul>\n<li>Prof. Don Reimer, IEOM Society<\/li>\n<\/ul>\n<p><strong>Lean Six Sigma Competition Chair: <\/strong><\/p>\n<ul>\n<li>Dr. Mohammad Shamsuzzaman, Professor of Industrial Engineering and Engineering Management, University of Sharjah, UAE<\/li>\n<\/ul>\n<p><strong>Supply Chain and Logistics Competition Chair <\/strong><\/p>\n<ul>\n<li>Sri Thirumalai, Director, Last Mile Delivery, Walmart, USA<\/li>\n<\/ul>\n<p><strong>Global Design Competition Chair<\/strong><\/p>\n<ul>\n<li>Dr. Adel Elomri, Associate Professor, College of Science and Engineering, Hamad Bin Khalifa University, Qatar<\/li>\n<\/ul>\n<p><strong>Poster Competition Chair\u00a0<\/strong><\/p>\n<ul>\n<li>Dr\u00a0Petri Helo, University Vaasa, Vaasa, Finland<\/li>\n<\/ul>\n<hr \/>\n<h2><strong><span style=\"color: #ff6600;\">Program Committee<\/span><\/strong><\/h2>\n<ul>\n<li>Alexandra Tenera, FCT NOVA, Portugal<\/li>\n<li>Alfredo Soeiro, University of Porto, Portugal<\/li>\n<li>Ali I. Al-Mosawi, Miskolic University, Hungary<\/li>\n<li>Ammar Oulamara, Universit\u00e9 de Lorraine, Metz, Lorraine, France<\/li>\n<li>Ana Barbosa-P\u00f3voa, University of Lisboa, Portugal<\/li>\n<li>Ana Lu\u00edsa Ramos, University of Aveiro, Portugal<\/li>\n<li>Ana R. Xambre of University of Aveiro, Portugal<\/li>\n<li>Ana S. Camanho, University of Porto, Portugal<\/li>\n<li>Ana Sofia Matos, FCT NOVA, Portugal<\/li>\n<li>Andr\u00e9 Carvalho, FCT NOVA, Portugal<\/li>\n<li>Andr\u00e9 Mendes de Carvalho, University of Minho, Portugal<\/li>\n<li>Andrea D\u2019Ariano, Universit\u00e0 degli Studi Roma Tre, Roma, Italy<\/li>\n<li>Andrea Falegnami, Sapienza-University of Rome, Italy<\/li>\n<li>Andreas Sterzing, Fraunhofer Institute for Machine Tools and Forming Technology, Fraunhofer Institute, Chemnitz, Germany<\/li>\n<li>Andy TC Wong, University of Strathclyde, Glasgow, UK<\/li>\n<li>Aneesh Zutshi, FCT NOVA, Portugal<\/li>\n<li>Anouar Hallioui, Sidi Mohamed Ben Abdellah University, Fez, Morocco<\/li>\n<li>Ant\u00f3nio Grilo, FCT da Universidade Nova de Lisboa, Portugal<\/li>\n<li>Arunjoy Banerjee, Hochschule Rhein-Wall, Kleve, Germany<\/li>\n<li>Asl\u0131 \u00c7al\u0131\u015f Boyac\u0131, Ondokuz May\u0131s University, Samsun, Turkey<\/li>\n<li>Berna Dengiz, Baskent University, Baglica Campus, Ankara, Turkey<\/li>\n<li>Boudouda Malik, University of Champagne-Ardenne, France<\/li>\n<li>Cecilia Decesari, Alma Mater Studiorum University of Bologna, Bologna, Italy<\/li>\n<li>Christoph Szedlak, University of Applied Sciences Koblenz, Koblenz, Germany<\/li>\n<li>Egon Mueller, Technische Universit\u00e4t Chemnitz, Chemnitz, Germany<\/li>\n<li>Erwin Rauch, Free University of Bolzano, Bolzano, Italy<\/li>\n<li>Fabio Frugiero, University of Basilicata, Italy<\/li>\n<li>Faraj Bashir, The University of Sheffield International College, Sheffield, UK<\/li>\n<li>Flora M\u00aa D\u00edaz-P\u00e9rez, University of La Laguna, Tenerife, Spain<\/li>\n<li>Francesco Costantino, Sapienza University of Rome, Italy<\/li>\n<li>Francesco Simone, Sapienza University of Rome, Via Eudossiana, Rome, Italy<\/li>\n<li>Francisco Reis, Polytechnic of Porto, Porto, Portugal<\/li>\n<li>Frederik Desplentere, KU Leuven Bruges Campus, Bruges, Belgium<\/li>\n<li>Funlade Sunmola, University of Hertfordshire, Hatfield, Hertfordshire, United Kingdom<\/li>\n<li>George Agyekum-Mensah, Coventry University Coventry, UK<\/li>\n<li>Gian Maria Santi, Alma Mater Studiorum University of Bologna, Bologna, Italy<\/li>\n<li>Giovanni Romagnoli, University of Parma, Italy<\/li>\n<li>Giulio Di Gravio, Sapienza University of Rome, Italy<\/li>\n<li>G\u00fcnd\u00fcz Ulusoy, Sabanci University, Istanbul, Turkey<\/li>\n<li>Hafida Bouloiz, ENSA, Agadir, Morocco<\/li>\n<li>Hakan Altunay, Suleyman Demirel University, Isparta, Turkey<\/li>\n<li>Helena Carvalho, FCT NOVA, Portugal<\/li>\n<li>Henk Zijm, Dutch Institute for Advanced Logistics, University of Twente, Netherlands<\/li>\n<li>Ihssen Abdelmomen, Universit\u00e9 de Lorraine, Nancy, France<\/li>\n<li>Imane Benkhati. Facult\u00e9 des Sciences Semlalia Marrakech, Casablanca, Morocco<\/li>\n<li>Iryna Shvets, Donetsk National Technical University, Pokrovsk, Ukraine<\/li>\n<li>Jaouad Boukachour, University of Le Havre, France<\/li>\n<li>Jiri Tupa, University of West Bohemia, Czech Republic<\/li>\n<li>Jo\u00e3o Basto, INESC TEC \u2013 Technology and Science, Porto, Portugal<\/li>\n<li>Jo\u00e3o Matias, University of Aveiro, Portugal<\/li>\n<li>Jos\u00e9 Fernando Oliveira, University of Porto, Portugal<\/li>\n<li>Kannan Govindan, University of Southern Denmark, Denmark<\/li>\n<li>Kondo H. Adjallah, ENIM, Lorraine-INP, University of Lorraine, France<\/li>\n<li>Leonardo Frizziero, Alma Mater Studiorum University of Bologna, Italy<\/li>\n<li>Leonor Teixeira, University of Aveiro, Portugal<\/li>\n<li>Luis Ferreira, University of Coimbra, Portugal<\/li>\n<li>M Khurshid Khan, University of Bradford, Bradford, West Yorkshire, United Kingdom<\/li>\n<li>Mara Lombardi, Sapienza-University of Rome, Rome, Italy<\/li>\n<li>Mario Fargnoli, Universitas Mercatorum, Rome, Italy<\/li>\n<li>Marlene Br\u00e1s, University of Aveiro, Aveiro, Portugal<\/li>\n<li>Massimo Guarascio, Sapienza-University of Rome, Italy<\/li>\n<li>Matteo Mario Savino, University of Sannio, Benevento, Italy<\/li>\n<li>Mehmet Kursat Oksuz, Istanbul Technical University, Turkey<\/li>\n<li>Miguel Sanz Bobi, Comillas Pontifical University, Spain<\/li>\n<li>Mouloud Dena\u00ef, University of Hertfordshire, Hatfield, Hertfordshire, United Kingdom<\/li>\n<li>Murat Caner Testik, Hacettepe University, Turkey<\/li>\n<li>Nacima Labadie, Universit\u00e9 De Technologie De Troyes, Troyes, Cedex, Aube, France<\/li>\n<li>Nadjib Brahimi, Rennes School of Business, Cedex, France<\/li>\n<li>Naila Fares, Universitat Polit\u00e8cnica de Val\u00e8ncia, Spain<\/li>\n<li>Nihal Erginel, Anadolu University, TURKEY<\/li>\n<li>Nnamdi Ogbuke, University of Central Lancashire, Preston, Lancashire, United Kingdom<\/li>\n<li>Nuno Costa, Polytechnic Institute- Setubal School of Technology, Portugal<\/li>\n<li>Onur Dogan, \u0130zmir Bak\u0131r\u00e7ay University, Turkey<\/li>\n<li>Oualid Jouini, CentraleSup\u00e9lec, Universit\u00e9 Paris-Saclay, Laboratoire G\u00e9nie Industriel, France<\/li>\n<li>P Sanjeevikumar, Dublin Institute of Technology, Ireland<\/li>\n<li>Patrick Dallasega, Free University of Bozen-Bolzano, Bozen, Bolzano, Italy<\/li>\n<li>Patrick P\u00f6tters, University of Applied Sciences Koblenz, Germany<\/li>\n<li>Peter Toth, Obuda University, Hungary<\/li>\n<li>R.M. Chandima Ratnayake, University of Stavanger, NORWAY<\/li>\n<li>Rafiu Dimeji Seidu, London South Bank University, UK<\/li>\n<li>Ricardo Machado, University of Minho, Portugal<\/li>\n<li>Riccardo Patriarca, Sapienza University of Rome, Italy<\/li>\n<li>Robert Valencia-Chapi, Universidad Polit\u00e9cnica de Madrid, Madrid, Spain<\/li>\n<li>Roberto Panizzolo, University of Padova, Vicenza, Italy<\/li>\n<li>Rog\u00e9rio Puga Leal, FCT NOVA, Portugal<\/li>\n<li>Salvatore Miranda, University of Salerno, Italy<\/li>\n<li>Sam Aflaki, HEC Paris, JOUY-EN-JOSAS, Il de France, France<\/li>\n<li>Sara SHAFIEE, Technical University of Denmark, Lyngby, Denmark<\/li>\n<li>Silvia Colabianchi, Sapienza-University of Rome, Italy<\/li>\n<li>Sofiene Dellagi, LGIPM, METZ, France<\/li>\n<li>Stefano Scialla, Universit\u00e0 Campus Bio-medico di Roma, Italy<\/li>\n<li>Stephen Disney, Cardiff Business School, Cardiff University, UK<\/li>\n<li>Steve Martin, Coventry University, Coventry, West Midlands, United Kingdom<\/li>\n<li>Susana Duarte, Universidade Nova de Lisboa, Portugal<\/li>\n<li>Susana Duarte, Universidade NOVA de Lisboa, Portugal<\/li>\n<li>Ufuk Cebeci, Istanbul Technical University, Macka, Turkey<\/li>\n<li>Uwe G\u00f6tze, Technische Universit\u00e4t Chemnitz, Chemnitz, Saxony, Germany<\/li>\n<li>Vassilis Gerogiannis, Department of Project Management, Greece<\/li>\n<li>Virgilio Cruz Machado, FCT NOVA, Portugal<\/li>\n<li>Vladimir Modrak, TUKE, Slovakia<\/li>\n<li>Wilfried Sihn, TU Wien \u2013 Institut f\u00fcr Managementwissenschaften, Bereich Betriebstechnik und Systemplanung and Fraunhofer Austria Research GmbH, Austria<\/li>\n<li>Yahaya Yusuf, Lancashire Business School, Lancashire, United Kingdom<\/li>\n<li>Yasmine Sabri, Politecnico di Milano, Italy<\/li>\n<li>Yassine Ouazene, University of Technology of Troyes, France<\/li>\n<li>Yevgen Zbykovskyy, Donetsk National Technical University, Pokrovsk, Ukraine<\/li>\n<li>Yiping Fang, CentraleSup\u00e9lec, B\u00e2timent Bouygues \u2013 Laboratoire LGI, Cedex, France<\/li>\n<\/ul>\n<hr \/>\n<h2><span style=\"color: #ff6600;\"><strong>Technical Committee<\/strong><\/span><\/h2>\n<ul>\n<li>\u00a0Surajit Bag, Full Professor at Excelia Business School, France<\/li>\n<li>Aalok KUMAR, Institute of Management Visakhapatnam, Visakhapatnam,\u00a0India<\/li>\n<li>Dr Abraham Zhang, Senior Lecturer in Supply Chain Management and Technology, Adam Smith Business School, University of Glasgow, UK<\/li>\n<li>Ashwin ITTOO, HEC Liege, Liege, Belgium<\/li>\n<li>Petri Helo, University Vaasa, Vaasa, Finland<\/li>\n<li>Lionel Amodeo, University of Technology of Troyes, Troyes, France.<\/li>\n<li>Zied Hajej, University of Lorraine, Metz, France.<\/li>\n<li>Abraham Zhang, University of Glasgow, Glasgow, UK.<\/li>\n<li>Bingwen Yan, Cape Peninsula University of Technology, Cape Town, South Africa.<\/li>\n<li>Laoucine Kerbache, Hamad Bin Khalifa University, Doha, Qatar.<\/li>\n<li>Yue Wang, Education University of Hong Kong, Hong Kong, China.<\/li>\n<li>Zhe Yuan, De Vinci Higher Education, De Vinci Research Center, Paris, France<\/li>\n<li>ALDANONDO Michel, Ecole des Mine d\u2019Albi, France<\/li>\n<li>BABOLI Armand, INSA Lyon, France<\/li>\n<li>BAUMANN Philipp, University of Bern, Switzerland<\/li>\n<li>BELER Cedrick, Institut National Polytechnique de Toulouse \u2013 Ecole Nationale d\u2019Ing\u00e9nieurs de Tarbes, France<\/li>\n<li>BONJOUR Eric, ENSGSI \u2013 University of Lorraine, France<\/li>\n<li>BOUTE Robert, KU Leuven, Belgium<\/li>\n<li>BRUSSET Xavier, SKEMA Business School, France<\/li>\n<li>CHAI Kah Hin, National University of Singapore, Singapore<\/li>\n<li>CHARLES Aur\u00e9lie, University of Lyon France, France<\/li>\n<li>DI MARTINELLY Christine, IESEG School of Management, France<\/li>\n<li>Dr Garza-Reyes Jose Arturo, The University of Derby, UK<\/li>\n<li>GENESTE Laurent, Institut National Polytechnique de Toulouse \u2013 Ecole Nationale d\u2019Ing\u00e9nieurs de Tarbes, France<\/li>\n<li>GHARBI Ali, ETS Montreal, Canada<\/li>\n<li>GRABOT Bernard, Institut National Polytechnique de Toulouse \u2013 Ecole Nationale d\u2019Ing\u00e9nieurs de Tarbes, France<\/li>\n<li>GRUHIER Elise, University of Bordeaux France, France<\/li>\n<li>GYULA Vastag, Sz\u00e9chenyi Istv\u00e1n University, Hungary<\/li>\n<li>HADJ HAMMOU Khaled, Institut National des Sciences Appliqu\u00e9es de Lyon, France<\/li>\n<li>HAMMAMI Ramzi, ESC Rennes School of Business, France<\/li>\n<li>HASSAN Alaa, University of Lorraine, France<\/li>\n<li>HELO Petri, University of Vaasa, Finland<\/li>\n<li>HOMRI Lazhar, Arts et M\u00e9tiers ParisTech, France<\/li>\n<li>HVAM Lars, Technical University of Denmark, Denmark<\/li>\n<li>HYON Emmanuel, Sorbonne Universit\u00e9 \u2013 LIP6, France<\/li>\n<li>JACOBSEN Peter, Technical University of Denmark, Denmark<\/li>\n<li>KAMISSOKO Daouda, IMT Mines Albi, France<\/li>\n<li>KERBACHE Laoucine, HEC Paris, France<\/li>\n<li>KLEMENT Nathalie, Arts et M\u00e9tiers ParisTech, France<\/li>\n<li>KUMAR Arun, RMIT University, Australia<\/li>\n<li>KUMAR Vikas, University pf the West England, UK<\/li>\n<li>KUTSCH Elmar, Cranfield University, UK<\/li>\n<li>LAMOURI Samir, ENSAM Arts et M\u00e9tiers ParisTech, France<\/li>\n<li>LEE Carman, Hong Kong Polytechnic University, Hong Kong<\/li>\n<li>LIN Danping, Shanghai Maritime University, China<\/li>\n<li>LV Chrity Yaqiong, Wuhan University of Technology, China<\/li>\n<li>MIFDAL Lahcen, Universiapolis Agadir, Morocco<\/li>\n<li>MOHAMMADI Mehrdad, IMT Atlantique, France<\/li>\n<li>OZKESER Banu, KOLUMAN Industry Automotive, Turkey<\/li>\n<li>PILLET Maurice, Universit\u00e9 de Savoie Mont Blanc, France<\/li>\n<li>REGZ Nidhal, University of Lorraine, France<\/li>\n<li>SADOK Turki, University of Lorraine, France<\/li>\n<li>Samuel BASSETTO, Ecole Polytechnique, Canada<\/li>\n<li>SCHUTZ J\u00e9r\u00e9mie, University of Lorraine, France<\/li>\n<li>SHAFIEE Sara, Technical University of Denmark, Denmark<\/li>\n<li>SOFIENE Dellagi, University of Lorraine, France<\/li>\n<li>SOLANO CHARRIS Elyn, Universidad de La Sabana, Columbia<\/li>\n<li>TCHANGANI Ayeley, Institut National Polytechnique de Toulouse \u2013 Ecole Nationale d\u2019Ing\u00e9nieurs de Tarbes, France<\/li>\n<li>TRAUTMANN Norbert, University of Bern, Switzerland<\/li>\n<li>TUPA Jiri, University of West Bohemia, Czech Republic<\/li>\n<li>T\u00dcT\u00dcNC\u00dc Yazg\u0131, Izmir University of Economics, Turkey<\/li>\n<li>VILLENEUVE Eric, Ecole Sup\u00e9rieure des Technologies Industrielles Avanc\u00e9es, France<\/li>\n<li>WANG Junqiang, Northwestern Polytechnic University, China<\/li>\n<li>WANG Yue, Hang Seng Management College, Hong Kong<\/li>\n<li>WU Yong, Griffith University, Australia<\/li>\n<li>YAHIA Esma, Arts et M\u00e9tiers ParisTech, France<\/li>\n<li>YAN Bingwen, Cape Peninsula University of Technology, South Africa<\/li>\n<li>ZOLGHADRI Marc, Ecole des Ing\u00e9nieurs en M\u00e9canique de Paris, France<\/li>\n<\/ul>\n","protected":false},"excerpt":{"rendered":"<p>Conference Committee Conference Leadership Committee Conference Chairs: Dr. Linda Zhang, Professor of Operations Management, IESEG School of Management, Paris la Defense, Email: l.zhang@ieseg.fr Dr. Ahad Ali, Associate Professor and Director of Industrial Engineering Program, Lawrence Technological University, Southfield, Michigan, USA Program Chair Professor Don Reimer, Chief Operating Officer, IEOM Society Organizing Committee Linda ZHANG, IESEG [&hellip;]<\/p>\n","protected":false},"author":1,"featured_media":0,"parent":0,"menu_order":0,"comment_status":"closed","ping_status":"closed","template":"","meta":{"footnotes":""},"_links":{"self":[{"href":"http:\/\/ieomsociety.org\/paris2025\/wp-json\/wp\/v2\/pages\/26"}],"collection":[{"href":"http:\/\/ieomsociety.org\/paris2025\/wp-json\/wp\/v2\/pages"}],"about":[{"href":"http:\/\/ieomsociety.org\/paris2025\/wp-json\/wp\/v2\/types\/page"}],"author":[{"embeddable":true,"href":"http:\/\/ieomsociety.org\/paris2025\/wp-json\/wp\/v2\/users\/1"}],"replies":[{"embeddable":true,"href":"http:\/\/ieomsociety.org\/paris2025\/wp-json\/wp\/v2\/comments?post=26"}],"version-history":[{"count":127,"href":"http:\/\/ieomsociety.org\/paris2025\/wp-json\/wp\/v2\/pages\/26\/revisions"}],"predecessor-version":[{"id":2193,"href":"http:\/\/ieomsociety.org\/paris2025\/wp-json\/wp\/v2\/pages\/26\/revisions\/2193"}],"wp:attachment":[{"href":"http:\/\/ieomsociety.org\/paris2025\/wp-json\/wp\/v2\/media?parent=26"}],"curies":[{"name":"wp","href":"https:\/\/api.w.org\/{rel}","templated":true}]}}