{"id":1888,"date":"2022-05-31T17:52:21","date_gmt":"2022-05-31T17:52:21","guid":{"rendered":"http:\/\/ieomsociety.org\/rome2022\/?page_id=1888"},"modified":"2022-07-12T11:34:41","modified_gmt":"2022-07-12T11:34:41","slug":"gbme","status":"publish","type":"page","link":"http:\/\/ieomsociety.org\/rome2022\/gbme\/","title":{"rendered":"Global Business Management"},"content":{"rendered":"<h1 style=\"text-align: center;\"><span style=\"color: #993300;\"><strong>2nd Global Business Management<\/strong><\/span><\/h1>\n<p>2nd IEOM Global Business Management\u00a0 focus on quality education and curriculum improvement, assessment, learning and career development. It addresses readiness for business management graduate for industry ready around the globe. IEOM Global Business Management Education focuses in the following areas but not limited to:<\/p>\n<ul>\n<li>operations management<\/li>\n<li>supply chain management<\/li>\n<li>logistics management<\/li>\n<li>MIS<\/li>\n<li>IT<\/li>\n<li>cybersecurity<\/li>\n<li>finance<\/li>\n<li>project management<\/li>\n<li>business intelligence and analytics<\/li>\n<li>risk management<\/li>\n<li>ERP\/CRM<\/li>\n<li>quality management<\/li>\n<li>inventory management<\/li>\n<li>lean management<\/li>\n<li>management science<\/li>\n<li>productivity management<\/li>\n<li>or similar topics<\/li>\n<\/ul>\n<p>Each speaker needs to submit a title of the talk, photo and a short bio as well as power point presentation. If you are interested to be distinguished feature speaker, please contact\u00a0<a href=\"mailto:info@ieomsociety.org\">info@ieomsociety.org<\/a>\u00a0for details.<\/p>\n<p style=\"text-align: center;\"><strong>All speakers need to register for the conference: <a href=\"https:\/\/www.xcdsystem.com\/IEOM\/attendee\/index.cfm?ID=jzpjeHF\">https:\/\/www.xcdsystem.com\/IEOM\/attendee\/index.cfm?ID=jzpjeHF<\/a><\/strong><\/p>\n<hr \/>\n<h2 style=\"text-align: center;\"><span style=\"color: #993300;\"><strong>Global Business Management<\/strong><\/span><span style=\"color: #993300;\"><strong>\u00a0I<\/strong><\/span><\/h2>\n<h3 style=\"text-align: center;\"><span style=\"color: #000000;\"><strong>July 26, 2022 &#8211; 4:00 &#8211; 5:45 pm<br \/>\nRoom B (Onsite)<\/strong><\/span><\/h3>\n<p>Session Chair: Athanasios Sidiropoulos, Aristotle University of Thessaloniki, Greece<\/p>\n<p>4:00 \u2013 4:30 pm, TUESDAY<\/p>\n<p><strong>ID 231\u00a0\u00a0\u00a0\u00a0\u00a0 An Analysis Soft Skills Required in the Academic Faculty Positions<\/strong><\/p>\n<p>Zeynep Didem Unutmaz Durmu\u015fo\u011flu, Associate Professor, Department of Industrial Engineering, Gaziantep University, Gaziantep, Turkey<\/p>\n<p>Alptekin Durmu\u015fo\u011flu, Associate Professor, Department of Industrial Engineering, Gaziantep University, Gaziantep, Turkey<\/p>\n<p>4:30 \u2013 5:00 pm, TUESDAY<\/p>\n<p><strong>ID 263\u00a0\u00a0\u00a0\u00a0\u00a0 Importance of Same Day Delivery of Fast-Moving Consumer Goods for E-Commerce Companies<\/strong><\/p>\n<p>Onur Delikurt and Adnan Corum, Department of Industrial Engineering, Bahcesehir University, Istanbul, Turkey<\/p>\n<p>5:00 \u2013 5:30 pm, TUESDAY<strong>\u00a0<\/strong><\/p>\n<p><strong>ID 393\u00a0\u00a0\u00a0\u00a0\u00a0 Business Process Optimization using a Real-Time Locating System<\/strong><\/p>\n<p>Athanasios Sidiropoulos, PhD Student, Department of Mechanical Engineering, School of Engineering, Division of Industrial Management, Aristotle University of Thessaloniki, Thessaloniki, Greece<\/p>\n<p>Dimitrios Bechtsis, Assistant Professor, Department of Industrial Engineering and Management, International Hellenic University, Thessaloniki, Greece<\/p>\n<p>Dimitrios Vlachos, Professor, Department of Mechanical Engineering, School of Engineering, Division of Industrial Management, Aristotle University of Thessaloniki, Thessaloniki, Greece<strong>\u00a0<\/strong><\/p>\n<hr \/>\n<h2 style=\"text-align: center;\"><span style=\"color: #993300;\"><strong>Global Business Management Education<\/strong><\/span><span style=\"color: #993300;\"><strong> II<\/strong><\/span><\/h2>\n<h3 style=\"text-align: center;\"><span style=\"color: #000000;\"><strong>July 27, 2022 &#8211; 4:00 &#8211; 5:45 pm<br \/>\nRoom B (Onsite)<\/strong><\/span><\/h3>\n<p><strong>Session Chair: Ruoyu Jin, School of the Built Environment and Architecture, London South Bank University, London, UK<\/strong><strong>\u00a0<\/strong><\/p>\n<p><strong>4:00 \u2013 4:30 pm, WEDNESDAY<\/strong><strong>\u00a0<\/strong><\/p>\n<p><strong>ID 146\u00a0\u00a0\u00a0\u00a0\u00a0 Artificial Intelligence in Procurement: An Overview and Case Study of Qatar Foundation<\/strong><\/p>\n<p>Bedoor Bahameish, Robert Franzoi and Brenno Menezes, Division of Engineering Management and Decision Sciences, College of Science and Engineering, Hamad Bin Khalifa University, Doha, Qatar Foundation, Qatar<\/p>\n<p><strong>\u00a0<\/strong><strong>4:30 \u2013 5:00 pm, WEDNESDAY<\/strong><strong>\u00a0<\/strong><\/p>\n<p><strong>ID 574\u00a0\u00a0\u00a0\u00a0\u00a0 Analysis of E-Commerce Adoption for MSMES in the Food and Beverage Sector in Garut Regency<\/strong><\/p>\n<p>Muhammad Awaluddin, Luthfie Hadie Nugraha, and Siska Noviaristanti, Faculty of Management and Business, Telkom University, Indonesia<\/p>\n<p><strong>\u00a0<\/strong><strong>5:00 \u2013 5:30 pm, WEDNESDAY<\/strong><\/p>\n<p><strong>\u00a0<\/strong><strong>ID 27\u00a0\u00a0\u00a0\u00a0\u00a0\u00a0 Determining the Level of Prefabricated Modules Requirement in Offsite Construction<\/strong><\/p>\n<p>Rafiu Dimeji Seidu, Ruoyu Jin, Bert Ediale Young and John Ebohon, School of the Built Environment and Architecture, London South Bank University, London, UK<\/p>\n<p>Yizhe Lu, The Bartlett School of Construction and Project Management, University College London, Faculty of the Built Environment, 1-19 Torrington Place London, UK<\/p>\n<hr \/>\n<h2 style=\"text-align: center;\"><span style=\"color: #993300;\"><strong>Global Business Management III<\/strong><\/span><\/h2>\n<h3 style=\"text-align: center;\"><span style=\"color: #000000;\"><strong>July 28, 2022 &#8211; 4:00 &#8211; 5:45 pm<br \/>\nRoom B (Onsite)<\/strong><\/span><\/h3>\n<p><strong>Session Chair: Edison Atencio, Politecnico di Milano, Milan, Italy<\/strong><\/p>\n<p>4:00 pm \u2013 4:30 pm (Thursday, July 28)<strong>\u00a0<\/strong><\/p>\n<p><strong>ID 303\u00a0\u00a0\u00a0\u00a0\u00a0 Methodology for eliminating waste combining Lean Logistics and 4.0 Technologies With a case study of a warehouse of a food company<\/strong><\/p>\n<p>Yousra El kihel, Teacher researcher, IUT of Bordeaux, Department MLT,<\/p>\n<p>Ali El kihel, Doctor of Industrial Engineering, FST Settat University Hassan I Morroco<\/p>\n<p>Soufian Embraki, Engineer of smart factory, Laboratory of Industrial Engineering and Seismic Engineering, National School of Applied Sciences ENSA, University Mohamed Premier, Oujda, Morocco<\/p>\n<p>4:30 pm \u2013 5:00 pm (Thursday, July 28)<strong>\u00a0\u00a0\u00a0\u00a0\u00a0\u00a0\u00a0\u00a0\u00a0\u00a0\u00a0\u00a0\u00a0\u00a0 <\/strong><\/p>\n<p><strong>ID 405\u00a0\u00a0\u00a0\u00a0\u00a0 Utilisation of Life Cycle Assessment in Environmental Management: Review<\/strong><\/p>\n<p>Petronella Nyakudya, Nkosinathi Madushele and Daniel M. Madyira, University of Johannesburg, Auckland Park, Johannesburg, South Africa<\/p>\n<p>5:00 pm \u2013 5:30 pm (Thursday, July 28)<\/p>\n<p><strong>\u00a0<\/strong><strong>ID 397\u00a0\u00a0\u00a0\u00a0\u00a0 An ontology for Project-Based Organization design: The Star Model Case<\/strong><\/p>\n<p>Edison Atencio and Mauro Mancini, Department of Management, Economics and Industrial Engineering, Politecnico di Milano, Milan, Italy<\/p>\n<p>Department of Industrial Engineering, Pontificia Universidad Cat\u00f3lica de Valpara\u00edso, Av. Brasil 2241, Valpara\u00edso, Chile<\/p>\n<p>Mauro Mancini, Department of Management, Economics and Industrial Engineering, Politecnico di Milano, Bovisa, Milan, Italy<\/p>\n<p>Guillermo Bustos, Department of Industrial Engineering, Pontificia Universidad Cat\u00f3lica de Valpara\u00edso, Av. Brasil 2241, Valpara\u00edso, Chile<\/p>\n<p><strong>\u00a0<\/strong><\/p>\n","protected":false},"excerpt":{"rendered":"<p>2nd Global Business Management 2nd IEOM Global Business Management\u00a0 focus on quality education and curriculum improvement, assessment, learning and career development. It addresses readiness for business management graduate for industry ready around the globe. IEOM Global Business Management Education focuses in the following areas but not limited to: operations management supply chain management logistics management [&hellip;]<\/p>\n","protected":false},"author":1,"featured_media":0,"parent":0,"menu_order":0,"comment_status":"closed","ping_status":"closed","template":"","meta":[],"_links":{"self":[{"href":"http:\/\/ieomsociety.org\/rome2022\/wp-json\/wp\/v2\/pages\/1888"}],"collection":[{"href":"http:\/\/ieomsociety.org\/rome2022\/wp-json\/wp\/v2\/pages"}],"about":[{"href":"http:\/\/ieomsociety.org\/rome2022\/wp-json\/wp\/v2\/types\/page"}],"author":[{"embeddable":true,"href":"http:\/\/ieomsociety.org\/rome2022\/wp-json\/wp\/v2\/users\/1"}],"replies":[{"embeddable":true,"href":"http:\/\/ieomsociety.org\/rome2022\/wp-json\/wp\/v2\/comments?post=1888"}],"version-history":[{"count":8,"href":"http:\/\/ieomsociety.org\/rome2022\/wp-json\/wp\/v2\/pages\/1888\/revisions"}],"predecessor-version":[{"id":2015,"href":"http:\/\/ieomsociety.org\/rome2022\/wp-json\/wp\/v2\/pages\/1888\/revisions\/2015"}],"wp:attachment":[{"href":"http:\/\/ieomsociety.org\/rome2022\/wp-json\/wp\/v2\/media?parent=1888"}],"curies":[{"name":"wp","href":"https:\/\/api.w.org\/{rel}","templated":true}]}}