{"id":71,"date":"2017-01-16T01:49:42","date_gmt":"2017-01-16T01:49:42","guid":{"rendered":"http:\/\/ieomsociety.org\/ieom2018\/?page_id=71"},"modified":"2022-07-26T10:55:16","modified_gmt":"2022-07-26T10:55:16","slug":"program","status":"publish","type":"page","link":"http:\/\/ieomsociety.org\/rome2022\/program\/","title":{"rendered":"Program"},"content":{"rendered":"<h2 align=\"center\"><span style=\"color: #993300;\"><strong>Overall Conference Program<\/strong><\/span><\/h2>\n<hr \/>\n<h3><span style=\"color: #ff6600;\"><strong>Day 1 &#8211; July 25 (Online)<\/strong><\/span><\/h3>\n<ul>\n<li><strong>Student Competitions and Technical Presentations<\/strong><\/li>\n<\/ul>\n<h3><span style=\"color: #ff6600;\"><strong>Day 2 \u2013 July 26 (Tuesday)<\/strong><\/span><\/h3>\n<ul>\n<li>8:00 -9:30 am &#8211; <span style=\"color: #000000;\">Global Engineering Education and <\/span>Parallel Sessions<\/li>\n<li>9:30 &#8211; 10:00 am &#8211; Break<\/li>\n<li>10:00 &#8211; 10:20 am &#8211; <span style=\"color: #0000ff;\"><strong>Welcome Address:<\/strong><\/span> <strong>Dr. Giulio di Gravio, <\/strong>Full Professor at the Department of Mechanical and Aerospace Engineering, Coordinator of the PhD course in Industrial and Management Engineering, Sapienza \u2013 University of Rome, Rome, Italy<\/li>\n<li>10:20 -11:00 am &#8211; <strong><span style=\"color: #0000ff;\">Keynote Speaker I:\u00a0<\/span>Alexandre Dolgui,<\/strong> Editor-in-Chief, International Journal of Production Research, Distinguished Professor, Head of Department Automation, Production and Computer Sciences, IMT Atlantique, Nantes, France<\/li>\n<li>11:00 &#8211; 11:40 am &#8211; <strong><strong><span style=\"color: #0000ff;\">Keynote Speaker II: <\/span><\/strong><\/strong><strong style=\"font-size: inherit;\">Andrea Benfenati, <\/strong><span style=\"font-size: inherit;\">Founder and Senior Management Consultant, Newconsulting Srls, Parma, Emilia-Romagna, Italy<\/span><\/li>\n<li>11:40 am -12:20 pm &#8211;<strong><span style=\"color: #0000ff;\">Keynote Speaker III: Prof. <\/span>Dr. Tirta Nugraha Mursitama,<\/strong> Vice Rector of Research and Technology Transfer, Bina Nusantara University \u2013 BINUS University, Jakarta, Indonesia<\/li>\n<li>12:20 &#8211; 12:40 pm &#8211; <strong><span style=\"color: #0000ff;\">Keynote Speaker IV:\u00a0<\/span>Franco Megali<\/strong>, VP and CEO Italy, Israel and Greece, Siemens Industry Software S.r.l., Global Sales &amp; Customer Success, Via Werner von Siemens, 1, 20128 Milano, Italy<\/li>\n<li>1:00 &#8211; 2:00 pm &#8211; <span style=\"color: #000000;\">Lunch<\/span><\/li>\n<li><span style=\"color: #000000;\">2:00 &#8211; 3:45 pm &#8211; Global Engineering Education, WIIA Panel and Technical Parallel Session<\/span><\/li>\n<li><span style=\"color: #000000;\">4:00 &#8211; 5:45 pm &#8211; Global Engineering Education Panel and\u00a0 Technical Parallel Session<\/span><\/li>\n<\/ul>\n<hr \/>\n<h3><span style=\"color: #ff6600;\"><strong>Day 3 \u2013 July 27 (Wednesday)<\/strong><\/span><\/h3>\n<ul>\n<li>8:00 -9:30 am &#8211; <span style=\"color: #000000;\">Industry Solutions and <\/span>Parallel Sessions<\/li>\n<li>9:30 &#8211; 10:00 am &#8211; Break<\/li>\n<li>10:00 &#8211; 10:30 am &#8211; <span style=\"color: #0000ff;\"><strong>Keynote Speaker V<\/strong><\/span>:\u00a0<strong>Dr. Federica Caffaro<\/strong>, Faculty in Work and Organisational Psychology, Department of Education, Roma Tre University, Rome, Italy<\/li>\n<li>10:30 -11:00 am &#8211; <strong><span style=\"color: #0000ff;\">Keynote Speaker VI: <\/span>Virg\u00edlio Cruz Machado<\/strong>, Director \/ Dean, Nova School of Science and Technology | FCT NOVA, Universidade NOVA de Lisboa, Caparica, Portugal<\/li>\n<li>11:00 &#8211; 11:40 am &#8211; <strong><span style=\"color: #0000ff;\">Keynote Speaker VII: <\/span>Tomohiko Sakao<\/strong>, Professor of Sustainable Product\/Service Systems, Link\u00f6oping University, Sweden<\/li>\n<li>11:40 am &#8211; 12:20 pm &#8211;<strong><span style=\"color: #0000ff;\">Keynote Speaker VIII: <\/span>Maria Antonella Ferri<\/strong>, Dean, Economics and Business Management, Full Professor of Management, Universitas Mercatorum, Roma, Italy<\/li>\n<li>12:20 &#8211; 1:00 pm &#8211; <strong><span style=\"color: #0000ff;\">Keynote Speaker IX: <\/span>Matteo Balboni<\/strong>, Sr. Engineering Manager | Quality Design | RCS, Medtronic, Mirandola, Italy<\/li>\n<li>1:00 &#8211; 2:00 pm &#8211; Lunch<\/li>\n<li><span style=\"color: #000000;\">2:00 &#8211; 3:45 pm &#8211; Industry Solutions and Technical Parallel Sessions<\/span><\/li>\n<li><span style=\"color: #000000;\">4:00 &#8211; 5:45 pm &#8211; Industry Solutions Panel and Technical Parallel Sessions<\/span><\/li>\n<li>6:00 &#8211; 8:30 pm &#8211; <span style=\"color: #000000;\">Diversity and Inclusion Panel sponsored by Ford Motor Company<\/span><\/li>\n<\/ul>\n<hr \/>\n<h3><span style=\"color: #ff6600;\"><strong>Day 4 \u2013 July 28 (Thursday)<\/strong><\/span><\/h3>\n<ul>\n<li>8:00 -9:30 am &#8211; GSCM and Parallel Sessions<\/li>\n<li>9:30 &#8211; 10:00 am &#8211; Break<\/li>\n<li>10:00 &#8211; 10:20 am &#8211; Conference Chairs Remarks<\/li>\n<li>10:20 -11:00 am &#8211; <strong><span style=\"color: #0000ff;\">Keynote Speaker X: <\/span>Raphael Grzebieta, PhD,<\/strong> Emeritus Professor (Road Safety), Transport and Road Safety (TARS) Research Centre, School of Aviation, University of New South Wales, Sydney, Australia<\/li>\n<li>11:00 &#8211; 11:40 am &#8211; <strong><span style=\"color: #0000ff;\">Keynote Speaker XI:<\/span><\/strong><\/li>\n<li>11:40 am &#8211; 12:20 pm &#8211;<strong><span style=\"color: #0000ff;\">Keynote Speaker XII: <\/span>Luz Mar\u00eda Valdez de la Rosa<\/strong>, Ph.D., Profesora del Departamento de Ingenier\u00eda Civil y Gesti\u00f3n, Escuela de Ingenier\u00eda y Tecnolog\u00edas, Universidad de Monterrey, Mexico<\/li>\n<li>12:20 &#8211; 1:00 pm &#8211; <strong><span style=\"color: #0000ff;\">Keynote Speaker XIII: <\/span>Salvatore GIUA<\/strong>, Head of MEP &amp; Safety for Design &amp; Built Activities, SYSTRA SWS, Rome, Italy and Chairman of the Italian Technical Committee 4.4 \u201cTunnels\u201d of the World Road Association<\/li>\n<li>1:00 &#8211; 2:00 pm &#8211; Lunch<\/li>\n<li><span style=\"color: #000000;\">2:00 &#8211; 3:45 pm &#8211; GSCM and Technical Parallel Sessions<\/span><\/li>\n<li><span style=\"color: #000000;\">4:00 &#8211; 5:45 pm &#8211; GSCM Panel,\u00a0 and Technical Parallel Session<\/span><\/li>\n<li>7:00 &#8211; 10:00 pm &#8211; Conference Awards Ceremony<\/li>\n<\/ul>\n<hr \/>\n<h2><span style=\"color: #993300;\"><strong>Past Conference Programs<\/strong><\/span><\/h2>\n<ul>\n<li><a href=\"http:\/\/www.ieomsociety.org\/program-dubai2020.pdf\">Program &#8211; Dubai 2020 &#8211; 10th Annual<\/a><\/li>\n<li><a href=\"http:\/\/www.ieomsociety.org\/program-riyadh2019.pdf\">Program &#8211; Riyadh 2019 &#8211; 1st GCC<\/a><\/li>\n<li><a href=\"http:\/\/www.ieomsociety.org\/program-toronto2019.pdf\">Program &#8211; Toronto 2019 &#8211; 4th North American<\/a><\/li>\n<li><a href=\"http:\/\/www.ieomsociety.org\/program-pilsen2019.pdf\">Program &#8211; Pilsen 2019- 3rd European<\/a><\/li>\n<li><a href=\"http:\/\/www.ieomsociety.org\/program-ieom2019.pdf\">Program &#8211; Bangkok 2019 &#8211; 9th Annual<\/a><\/li>\n<li><a href=\"http:\/\/www.ieomsociety.org\/program-southafrica2018.pdf\">Program &#8211; Pretoria 2018 &#8211; 1st African<\/a><\/li>\n<li><a href=\"http:\/\/www.ieomsociety.org\/program-dc2018.pdf\">Program &#8211; Washington DC 2018 &#8211; 3rd North American<\/a><\/li>\n<li><a href=\"http:\/\/www.ieomsociety.org\/program-paris2018.pdf\">Program &#8211; Paris 2018 &#8211; 2nd European<\/a><\/li>\n<li><a href=\"http:\/\/www.ieomsociety.org\/program-ieom2018.pdf\">Program &#8211; Bandung 2018 &#8211; 8th Annual<\/a><\/li>\n<li><a href=\"http:\/\/www.ieomsociety.org\/program-bogota2017.pdf\">Program &#8211; Bogota 2017 &#8211; 1st South American<\/a><\/li>\n<li><a href=\"http:\/\/www.ieomsociety.org\/program_uk2017.pdf\">Program &#8211; UK (Bristol) 2017 &#8211; 1st European<\/a><\/li>\n<li><a href=\"http:\/\/www.ieomsociety.org\/program_ieom_2017.pdf\">Program &#8211; Rabat 2017 &#8211; 7th Annual<\/a><\/li>\n<li><a href=\"http:\/\/www.ieomsociety.org\/Final_Program_IEOM_2016_Detroit_Conference.pdf\">Program &#8211; Detroit 2016- 2nd North American<\/a><\/li>\n<li style=\"text-align: left;\"><a href=\"http:\/\/ieomsociety.org\/program_ieom_2016.pdf\">Program &#8211; Kuala Lumpur 2016 &#8211; 6th Annual<\/a><\/li>\n<li><a href=\"http:\/\/ieomsociety.org\/ieom_orlando_2015_program.pdf\">Program &#8211; Orlando 2015 &#8211; 1st North American<\/a><\/li>\n<li style=\"text-align: left;\"><a href=\"http:\/\/ieomsociety.org\/ieom2015program.pdf\">Program &#8211; Dubai 2015 &#8211; 5th Annual<\/a><\/li>\n<li style=\"text-align: left;\"><a href=\"http:\/\/ieomsociety.org\/ieom2014program.pdf\">Program &#8211; Bali 2014 &#8211; 4th Annual<\/a><\/li>\n<li style=\"text-align: left;\"><a href=\"http:\/\/ieomsociety.org\/ieom2012program.pdf\">Program &#8211; Istanbul 2012 &#8211; 3rd Annual<\/a><\/li>\n<li style=\"text-align: left;\"><a href=\"http:\/\/ieomsociety.org\/ieom2011program.pdf\">Program &#8211; Kuala Lumpur 2011 &#8211; 2nd Annual<\/a><\/li>\n<li style=\"text-align: left;\"><a href=\"http:\/\/ieomsociety.org\/ieom2010program.pdf\">Program &#8211; Dhaka 2010 &#8211; 1st Annual<\/a><\/li>\n<\/ul>\n<hr \/>\n","protected":false},"excerpt":{"rendered":"<p>Overall Conference Program Day 1 &#8211; July 25 (Online) Student Competitions and Technical Presentations Day 2 \u2013 July 26 (Tuesday) 8:00 -9:30 am &#8211; Global Engineering Education and Parallel Sessions 9:30 &#8211; 10:00 am &#8211; Break 10:00 &#8211; 10:20 am &#8211; Welcome Address: Dr. Giulio di Gravio, Full Professor at the Department of Mechanical and [&hellip;]<\/p>\n","protected":false},"author":1,"featured_media":0,"parent":0,"menu_order":0,"comment_status":"closed","ping_status":"closed","template":"","meta":[],"_links":{"self":[{"href":"http:\/\/ieomsociety.org\/rome2022\/wp-json\/wp\/v2\/pages\/71"}],"collection":[{"href":"http:\/\/ieomsociety.org\/rome2022\/wp-json\/wp\/v2\/pages"}],"about":[{"href":"http:\/\/ieomsociety.org\/rome2022\/wp-json\/wp\/v2\/types\/page"}],"author":[{"embeddable":true,"href":"http:\/\/ieomsociety.org\/rome2022\/wp-json\/wp\/v2\/users\/1"}],"replies":[{"embeddable":true,"href":"http:\/\/ieomsociety.org\/rome2022\/wp-json\/wp\/v2\/comments?post=71"}],"version-history":[{"count":46,"href":"http:\/\/ieomsociety.org\/rome2022\/wp-json\/wp\/v2\/pages\/71\/revisions"}],"predecessor-version":[{"id":2064,"href":"http:\/\/ieomsociety.org\/rome2022\/wp-json\/wp\/v2\/pages\/71\/revisions\/2064"}],"wp:attachment":[{"href":"http:\/\/ieomsociety.org\/rome2022\/wp-json\/wp\/v2\/media?parent=71"}],"curies":[{"name":"wp","href":"https:\/\/api.w.org\/{rel}","templated":true}]}}