{"id":963,"date":"2020-05-14T06:39:43","date_gmt":"2020-05-14T06:39:43","guid":{"rendered":"http:\/\/ieomsociety.org\/detroit2020\/?page_id=963"},"modified":"2022-07-13T17:13:27","modified_gmt":"2022-07-13T17:13:27","slug":"scm","status":"publish","type":"page","link":"http:\/\/ieomsociety.org\/rome2022\/scm\/","title":{"rendered":"Global Supply Chain and Logistics"},"content":{"rendered":"<h1 style=\"text-align: center;\" align=\"center\"><span style=\"color: #993300;\"><strong>11th IEOM Global Supply Chain and Logistics<br \/>\n<\/strong><\/span><\/h1>\n<h2 style=\"text-align: center;\"><span style=\"color: #ff6600;\">Rome, Italy, July<span style=\"color: #0000ff;\"> 26-28<\/span><\/span><span style=\"color: #0000ff;\">, 2022<\/span><\/h2>\n<hr \/>\n<p>IEOM Society International addresses the issues of Global Supply Chain and Logistics .There are various levels of readiness of engineering graduates from various parts of the world. One of the main themes is how to reduce the readiness gap of business management graduates around the world. The special focus is given to operations management, management science, supply chain management, business analytics, and logistics management. Are the graduates ready to take on the challenges of the current global economy? IEOM Rome Conference will have a dedicated session for the Global Business Management Education where distinguished speakers will discuss the readiness of business management graduates for workforce around the world. Featured speakers will be from various part of the world to address business management education challenges and opportunities.<\/p>\n<p>Global Supply chain and Logistics Topics can be related on:<\/p>\n<ul>\n<li>Accreditation<\/li>\n<li>Learning Assessment<\/li>\n<li>Problem based learning<\/li>\n<li>Project based learning<\/li>\n<li>Active collaborative learning<\/li>\n<li>Student learning assessment<\/li>\n<li>Teaching and learning<\/li>\n<li>Pedagogy<\/li>\n<li>Curriculum improvement<\/li>\n<li>Innovation and entrepreneurship<\/li>\n<li>Global education challenges<\/li>\n<\/ul>\n<p>Each speaker needs to submit a title of the talk, photo and a short bio. All will be included in the IEOM 2022 Rome Conference proceedings. There will be mostly virtual presentation using zoom. If you are interested to be distinguished feature speaker, please contact <a href=\"mailto:info@ieomsociety.org\">info@ieomsociety.org<\/a>\u00a0for details.<\/p>\n<p style=\"text-align: center;\">All speakers need to register for the 5th European\u00a0 IEOM Rome Conference. Please pay your registration fee <span style=\"color: #ff6600;\"><strong>ONLINE:\u00a0 <\/strong><\/span><a href=\"https:\/\/www.xcdsystem.com\/IEOM\/attendee\/index.cfm?ID=jzpjeHF\"><span style=\"color: #3366ff;\"><strong>https:\/\/www.xcdsystem.com\/IEOM\/attendee\/index.cfm?ID=jzpjeHF<\/strong><\/span><\/a><\/p>\n<hr \/>\n<h1 style=\"text-align: center;\" align=\"center\"><span style=\"color: #0000ff;\"><strong>DISTINGUISHED SPEAKERS<\/strong><\/span><\/h1>\n<hr \/>\n<h2 style=\"text-align: center;\"><strong><span style=\"color: #ff6600;\">Global Supply Chain and Logistics I<\/span><br \/>\n<\/strong><strong>July 28, 8:00 &#8211; 9:45 am &#8211; Meeting Room B (Onsite)<\/strong><\/h2>\n<p><strong>Session Chair: <\/strong>Yagmur Selenay Selcuk, Department of Industrial Engineering, Ozyegin University, Istanbul, Turkey<\/p>\n<p><strong>8:00 am \u2013 8:30 am (Thursday, July 28)<\/strong><strong>\u00a0<\/strong><\/p>\n<p><strong>ID 395\u00a0\u00a0\u00a0\u00a0\u00a0 Integration between Star Model components for Project-Based Organizations design: A network analysis<\/strong><\/p>\n<p>Edison Atencio, Department of Management, Economics and Industrial Engineering, Politecnico di Milano, Via Lambruschini 4b, Bovisa, Milan, Italy<\/p>\n<p>Department of Industrial Engineering, Pontificia Universidad Cat\u00f3lica de Valpara\u00edso, Av. Brasil 2241, 2340000, Valpara\u00edso, Chile<\/p>\n<p>Mauro Mancini, Department of Management, Economics and Industrial Engineering, Politecnico di Milano, Via Lambruschini 4b, Bovisa, Milan, Italy<\/p>\n<p>Guillermo Bustos, Department of Industrial Engineering, Pontificia Universidad Cat\u00f3lica de Valpara\u00edso, Av. Brasil 2241, Valpara\u00edso, Chile<\/p>\n<p><strong>8:30 am \u2013 9:00 am (Thursday, July 28)<\/strong><\/p>\n<p><strong>\u00a0<\/strong><strong>ID 573\u00a0\u00a0\u00a0\u00a0\u00a0 Sequencing Problems in Flow Shop Production Systems<\/strong><\/p>\n<p>Mario Hoffelner, Researcher and Project Assistant, Chair of Industrial Logistics, Montanuniversitaet Leoben, Leoben, Austria<\/p>\n<p>Manuel Woschank, Deputy Head and Senior Researcher, Chair of Industrial Logistics, Montanuniversitaet Leoben, Leoben, Austria<\/p>\n<p><strong>\u00a0<\/strong><strong>9:00 am \u2013 9:30 am (Thursday, July 28)<\/strong><strong>\u00a0<\/strong><\/p>\n<p><strong>ID 384\u00a0\u00a0\u00a0\u00a0\u00a0 Simulated Annealing Heuristic for Disposable Medical Face Mask Production Scheduling Problem <\/strong><\/p>\n<p>Yagmur Selenay Selcuk, Elvin Coban and Burcu Balcik, Department of Industrial Engineering, Ozyegin University, Istanbul, Turkey<\/p>\n<hr \/>\n<h2 style=\"text-align: center;\"><strong><span style=\"color: #ff6600;\">Global Supply Chain and Logistics II<\/span><br \/>\n<\/strong><strong>July 28, 2:00 &#8211; 3:45 pm &#8211; Meeting Room B (onsite)<\/strong><\/h2>\n<p><strong>Session Chair: Behzad Maleki Vishkaei, Department of Business and Management, LUISS University, Rome, Italy<\/strong><strong>\u00a0<\/strong><\/p>\n<p><strong>2:00 pm \u2013 2:20 pm (Thursday, July 28)<\/strong><strong>\u00a0<\/strong><\/p>\n<p><strong>ID 251\u00a0\u00a0\u00a0\u00a0\u00a0 The influence of SCM practices on port supply chain performance: Moroccan case study <\/strong><\/p>\n<p>Doha Talkhokhet, Professor of Economics, Research Laboratory in Theoretical and Applied Economics, Faculty of Economics and Management of Settat, Morocco<\/p>\n<p>Mohamed-Iliasse Mahraz, PhD in supply chain, AMIPS Team, Mohammadia School of Engineering, Mohammed V University in Rabat, Morocco<\/p>\n<p>Rachida El Yamani and Mohamed Moutmihi, Professor of Economics, Research Laboratory in Economics and Logistics Performance, Faculty of Law, Economics and Social sciences of Mohammedia, Hassan II University of Casablanca, Morocco<\/p>\n<p><strong>2:30 pm \u2013 3:00 pm (Thursday, July 28)<\/strong><strong>\u00a0<\/strong><\/p>\n<p><strong>ID 115\u00a0\u00a0\u00a0\u00a0\u00a0 Blockchain-based Smart Contracts for Sustainable Food Waste Management and Collaborations<\/strong><\/p>\n<p>Behzad Maleki Vishkaei and Pietro De Giovanni, Department of Business and Management, LUISS University, Rome, Italy<strong>\u00a0<\/strong><\/p>\n<p><strong>3:00 pm \u2013 3:30 pm (Thursday, July 28)<\/strong><strong>\u00a0<\/strong><\/p>\n<p><strong>ID 153\u00a0\u00a0\u00a0\u00a0\u00a0 E-commerce challenges in Logistics Management<\/strong><\/p>\n<p>Judith Nkuna, Department of Quality and Operations Management, University of Johannesburg, South Africa<\/p>\n<p>Andre Vermeulen, Faculty of Engineering and the Built Environment, Department of Engineering Management, University of Johannesburg,\u00a0South Africa<\/p>\n<p>Jan-Harm Pretorius, Engineering and the Built Environment, Department of Engineering Management, University of Johannesburg, South Africa<\/p>\n<hr \/>\n<h2 style=\"text-align: center;\"><strong><span style=\"color: #ff6600;\">Global Supply Chain and Logistics III<br \/>\n<\/span><\/strong><strong>July 28, 4:00 &#8211; 5:45 pm &#8211; Meeting Room A (Onsite)<\/strong><\/h2>\n<p><strong>Session Chair: Judith Nkuna, Department of Quality and Operations Management, University of Johannesburg, South Africa<\/strong><\/p>\n<p>4:00 pm \u2013 4:30 pm (Thursday, July 28)<\/p>\n<p><strong>ID 184\u00a0\u00a0\u00a0\u00a0\u00a0 Promoting the Development of Additive Symbiotic Networks with the Adoption of Blockchain Technology<\/strong><\/p>\n<p>In\u00eas A. Ferreira, PhD Student, Industrial Engineering, NOVA School of Science and Technology, NOVA University of Lisbon, Caparica, Portugal<\/p>\n<p>Helena Carvalho, Associate Professor, Industrial and Management Engineering, UNIDEMI \u2013 Department of Mechanical and Industrial Engineering, NOVA School of Science and Technology, Caparica, Portugal<\/p>\n<p>4:30 pm \u2013 5:00 pm (Thursday, July 28)<\/p>\n<p><strong>ID 426\u00a0\u00a0\u00a0\u00a0\u00a0 The Role of Electrification of Transport In The Energy Transition<\/strong><\/p>\n<p>Moses Jeremiah Barasa Kabeyi, Industrial Engineering Department, Durban University of Technology, Durban South Africa<\/p>\n<p>Oludolapo Akanni Olanrewaju, Industrial Engineering Department, Durban University of Technology, Durban South Africa<\/p>\n<p>5:00 pm \u2013 5:20 pm (Thursday, July 28)<strong>\u00a0<\/strong><\/p>\n<p><strong>ID 152\u00a0\u00a0\u00a0\u00a0\u00a0 The Improvement of Product and Process Design of Sanitary Pads<\/strong><\/p>\n<p>Judith Nkuna, Department of Quality and Operations Management, University of Johannesburg, South Africa<\/p>\n<p>Andre Vermeulen, Faculty of Engineering and the Built Environment, Dept. of Engineering Management, University of Johannesburg, South Africa<\/p>\n<p>Jan-Harm Pretorius, Engineering and the Built Environment, Department of Engineering Management, University of Johannesburg, South Africa<\/p>\n","protected":false},"excerpt":{"rendered":"<p>11th IEOM Global Supply Chain and Logistics Rome, Italy, July 26-28, 2022 IEOM Society International addresses the issues of Global Supply Chain and Logistics .There are various levels of readiness of engineering graduates from various parts of the world. One of the main themes is how to reduce the readiness gap of business management graduates [&hellip;]<\/p>\n","protected":false},"author":1,"featured_media":0,"parent":0,"menu_order":0,"comment_status":"closed","ping_status":"closed","template":"","meta":[],"_links":{"self":[{"href":"http:\/\/ieomsociety.org\/rome2022\/wp-json\/wp\/v2\/pages\/963"}],"collection":[{"href":"http:\/\/ieomsociety.org\/rome2022\/wp-json\/wp\/v2\/pages"}],"about":[{"href":"http:\/\/ieomsociety.org\/rome2022\/wp-json\/wp\/v2\/types\/page"}],"author":[{"embeddable":true,"href":"http:\/\/ieomsociety.org\/rome2022\/wp-json\/wp\/v2\/users\/1"}],"replies":[{"embeddable":true,"href":"http:\/\/ieomsociety.org\/rome2022\/wp-json\/wp\/v2\/comments?post=963"}],"version-history":[{"count":40,"href":"http:\/\/ieomsociety.org\/rome2022\/wp-json\/wp\/v2\/pages\/963\/revisions"}],"predecessor-version":[{"id":2025,"href":"http:\/\/ieomsociety.org\/rome2022\/wp-json\/wp\/v2\/pages\/963\/revisions\/2025"}],"wp:attachment":[{"href":"http:\/\/ieomsociety.org\/rome2022\/wp-json\/wp\/v2\/media?parent=963"}],"curies":[{"name":"wp","href":"https:\/\/api.w.org\/{rel}","templated":true}]}}