{"id":26,"date":"2017-01-15T14:12:24","date_gmt":"2017-01-15T14:12:24","guid":{"rendered":"http:\/\/ieomsociety.org\/ieom2018\/?page_id=26"},"modified":"2023-03-05T19:59:34","modified_gmt":"2023-03-05T19:59:34","slug":"committee","status":"publish","type":"page","link":"http:\/\/ieomsociety.org\/zambia2023\/committee\/","title":{"rendered":"Committee"},"content":{"rendered":"<h1 style=\"text-align: center;\"><strong><span style=\"color: #993300;\">Conference Committee<\/span><\/strong><\/h1>\n<hr \/>\n<h3><span style=\"color: #ff6600;\"><strong>Honorary Chair<\/strong><\/span><\/h3>\n<p>VC of Univeristy of Zambia<\/p>\n<h3><span style=\"color: #ff6600;\"><strong>Conference Chairs<\/strong><\/span><\/h3>\n<p><b>Dr. Bupe Getrude Mwanza<br \/><\/b>Associate Director and Senior Lecturer<br \/>Graduate School of Business<br \/>University of Zambia<br \/>Lusaka, Zambia<b><br \/><\/b>bupe.mwanza@gmail.com<\/p>\n<p>Prof. Charles Mbohwa<br \/>Faculty of Engineering and the Build Environment<br \/>University of Johannesburg<br \/>South Africa<\/p>\n<p><strong>Dr. Ahad Ali<br \/><\/strong>Associate Professor<br \/>Director of Industrial Engineering Program<br \/>Lawrence Technological University<br \/>Southfield, Michigan, USA<\/p>\n<hr \/>\n<h3><span style=\"color: #ff6600;\"><strong>Program Chair<\/strong><\/span><\/h3>\n<ul>\n<li>Professor Don Reimer, Director of Membership and Chapter Development, IEOM Society<\/li>\n<\/ul>\n<hr \/>\n<p><strong><span style=\"color: #ff6600;\">Global Engineering Education Chair<\/span><\/strong><\/p>\n<ul>\n<li><span class=\"il\">Dr. Paul<\/span>\u00a0A. Ozor,\u00a0Head,\u00a0Department of Mechanical Engineering, University of Nigeria Nsukka<\/li>\n<\/ul>\n<p><span style=\"color: #ff6600;\"><strong>Global Business Management Education Chair<\/strong><\/span><\/p>\n<ul>\n<li>Dr. Lemma Lessa, Assistant Professor of Information Systems, School of Information Science, Addis Ababa University (AAU), Ethiopia<\/li>\n<\/ul>\n<p><span style=\"color: #ff6600;\"><strong>Global Supply Chain and Logistics Chair<\/strong><\/span><\/p>\n<ul>\n<li>\n<p>Ms. Sebonkile Thaba,\u00a0Lecturer in Transport and Supply Chain Management,\u00a0University of Johannesburg,\u00a0Johannesburg, Gauteng, South Africa<\/p>\n<\/li>\n<\/ul>\n<p><strong><span style=\"color: #ff6600;\">Industry Solutions Chair<\/span><\/strong><\/p>\n<p><strong><span style=\"color: #ff6600;\">Women in Industry and Academia (WIIA) Chair<\/span><\/strong><\/p>\n<ul>\n<li>Dr. Eng. Loice K Gudukeya,\u00a0Senior Lecturer and Head,\u00a0Mechanical Engineering Department,\u00a0University of Zimbabwe<\/li>\n<\/ul>\n<hr \/>\n<h3><span style=\"color: #ff6600;\"><strong>Organizing Committee<\/strong><\/span><\/h3>\n<ul>\n<li>Miriyam Ali, JKUAT, Kenya<\/li>\n<li>Wilson Nyemba, UZ<\/li>\n<li>Michael Mutingi, NUST, Namibia<\/li>\n<li>Oludolapoo, DUT<\/li>\n<li>Lawrence, UJ<\/li>\n<\/ul>\n<p><span style=\"color: #ff6600;\"><strong>Conference Secretariat<\/strong><\/span><\/p>\n<ul>\n<li>Dr. Taufiqul Islam, Operations Manager, IEOM Society International<\/li>\n<li>Mr. Mahir Faysal, Associate Operations Manager, IEOM Society International<\/li>\n<\/ul>\n<hr \/>\n<h3><span style=\"color: #ff6600;\"><strong>African Academic Committee (AAC)<\/strong><\/span><\/h3>\n<ul>\n<li>\u00a0<\/li>\n<\/ul>\n<hr \/>\n<h3><span style=\"color: #ff6600;\"><strong>African Industry Committee (AIC)<\/strong><\/span><\/h3>\n<ul>\n<li>\u00a0<\/li>\n<\/ul>\n<hr \/>\n<h2><span style=\"color: #ff6600;\"><strong>Track Chairs<\/strong><\/span><\/h2>\n<p>Agricultural Engineering Systems<\/p>\n<ol>\n<li>Udomkun, International Institute of Tropical Agriculture (IITA), Bujumbura, Burundi<\/li>\n<li>Nsabimana, Department of Geography, University of Burundi, Bujumbura, Burundi<\/li>\n<li>Minteh, Department of Agriculture (DoA), Ministry of Agriculture, Gambia<\/li>\n<\/ol>\n<p>Artificial Intelligence<\/p>\n<ul>\n<li>Dr. L. Razanakolona, LIMAD, Uneversity Fianarantsoa, Madagascar<\/li>\n<\/ul>\n<p>Automation and Control<\/p>\n<ul>\n<li>Dr. Rajab Abdullah Hokoma, University of Tripoli, Libya<\/li>\n<li>Dr. G.M. Bouba, LTI Laboratory, ESP\/UCAD, Dakar, Senegal<\/li>\n<\/ul>\n<p>Business Management<\/p>\n<ul>\n<li>Dr. M Sandada,\u00a0 Senior Lecturer, Graduate School of Management, University of Zimbabwe<\/li>\n<\/ul>\n<p>Case Studies<\/p>\n<ul>\n<li>Dr. G.A. Mboro Nchama, Departamento de Ciencias T\u00e9cnicas, Universidad Nacional de Guinea Ecuatorial (UNGE), Malabo, Equatorial Guinea<\/li>\n<\/ul>\n<p>Climate<\/p>\n<ul>\n<li>G.-N.T. Longandjo, Faculty of Environmental Science and Engineering, Universit\u00e9 Nouveaux Horizons, Lubumbashi, Democratic Republic Congo<\/li>\n<\/ul>\n<p>Cyber Security<\/p>\n<ul>\n<li>Dr. Sam Takavarasha Jr. Women\u2019s University in Africa<\/li>\n<li>Dr. Lemma Lessa, Assistant Professor of Information Systems at School of Information Science, Addis Ababa University (AAU), Ethiopia<\/li>\n<li>Dr. Alfred Musarurwa, CIO Nedbank, Zimbabwe<\/li>\n<\/ul>\n<p>Computers and Computing<\/p>\n<ul>\n<li>Joseph Shitote, Strathmore University, Kenya<\/li>\n<\/ul>\n<p>Construction Management<\/p>\n<ul>\n<li>Hossam Hassaan, University of Alexandria, Alexandria, Egypt<\/li>\n<\/ul>\n<p>Data Analytics<\/p>\n<ul>\n<li>Rym Nassih, \u00c9cole Mohammadia d\u2019ing\u00e9nieurs (EMI) Rabat, Morocco<\/li>\n<\/ul>\n<p>Decision Sciences<\/p>\n<ul>\n<li>Dr. Bupe Mwanza, University of Zambia<\/li>\n<\/ul>\n<p>Design and STEM Workshop<\/p>\n<ul>\n<li>Dr. Marni Lafleur, University of Madagascar<\/li>\n<\/ul>\n<p>E-Business and E-Commerce<\/p>\n<ul>\n<li>Dr. N. Armando, Universidade Kimpa Vita, Kondo Benze U\u00edge, Angola<\/li>\n<\/ul>\n<p>Energy<\/p>\n<ul>\n<li>Rannditsheni Pfunzo, University of Johannesburg, South Africa<\/li>\n<li>K\u00e1tia C.P. Gabriel, Talatona-Munic\u00edpio de Belas, Luanda, Angola<\/li>\n<\/ul>\n<p>Engineering Economy<\/p>\n<ul>\n<li>Dr. Clarimon Georges Kiakondo, Facult\u00e9 des sciences et technologies, Brazzaville, Congo, Republic of the (Congo-Brazzaville)<\/li>\n<\/ul>\n<p>Engineering Education<\/p>\n<ul>\n<li>Dr. J. Kamaghe, Nelson Mandela African Institution of Science and Technology, Tanzania<\/li>\n<li>Dr. Tagwa Musa, Sudan University of Science and Technology, Khartoum, Sudan<\/li>\n<\/ul>\n<p>Engineering Management<\/p>\n<ul>\n<li>Dr. Ignatio Madanhire, University of Zimbabwe<\/li>\n<\/ul>\n<p>Entrepreneurship and Innovation<\/p>\n<ul>\n<li>Dr. Khedidja Allia, Department of Process Engineering, FGMP \u2013 USTHB \u2013 Algiers, Algeria<\/li>\n<\/ul>\n<p>Environmental Engineering Systems<\/p>\n<ul>\n<li>Dr. Widad FETHALLAH, Industrial Engineering and Sustainability, National School of Applied Sciences at Tangier, Morocco<\/li>\n<li>Ronald Ragoasha, Council of Geoscience, Pretoria, South Africa<\/li>\n<li>Rui Sitoe, Universidade Eduardo Mondlane, Mozambique<\/li>\n<\/ul>\n<p>Facilities Planning<\/p>\n<ul>\n<li>Dr. Abderrezzak Hocine, University Badji Mokhtar, Sidi Amar, Algeria<\/li>\n<\/ul>\n<p>Financial Engineering<\/p>\n<ul>\n<li>Dr. Amevi\u00a0 Acakpovi, Accra Technical University, Accra, Ghana<\/li>\n<\/ul>\n<p>Healthcare Systems<\/p>\n<ul>\n<li>Tshibasu, Cliniques Universitaires de Kinshasa, Democratic Republic Congo<\/li>\n<li>C.O. Bagayoko, DigiSant\u00e9-Mali, USTTB, Bamako, Mali<\/li>\n<\/ul>\n<p>Human Factors and Ergonomics<\/p>\n<ul>\n<li>Dr. Osatohanmwen Enehizena, University of Benin<\/li>\n<\/ul>\n<p>iCloud<\/p>\n<ul>\n<li>M.T. Dandjinou, Nazi BONI University\/LAMDI, Bobo-Dioulasso, Burkina Faso<\/li>\n<\/ul>\n<p>Industry 4.0 in African Context<\/p>\n<ul>\n<li>Emmanuel Lule, University of Rwanda, Kigali, Rwanda<\/li>\n<li>Mikeka, Chancellor College, University of Malawi (UNIMA), Zomba, Malawi<\/li>\n<\/ul>\n<p>Information Technology and Management Information Systems<\/p>\n<ul>\n<li>Dr. Euchi Jalel, OLID Laboratory, ISGIS, Sfax University, LR19ES21, 3021, Sfax, Tunisia and College of Business and Economics, Qassim University, Buraydah, Saudi Arabia<\/li>\n<\/ul>\n<p>Inventory Control and Management<\/p>\n<ul>\n<li>Abebayehu Abdela, School of Mechanical and Industrial Engineering, Manufacturing Engineering Chair, EiTM \u2013 Ethiopian Institute of Technology Mekelle, Mek\u2019ele, Ethiopia<\/li>\n<\/ul>\n<p>IoT \u2013 Internet of Things<\/p>\n<ul>\n<li>M.M. Wielfrid, Institut National Polytechnique Felix Houphou\u00ebt-Boigny (INPHB), Yamoussoukro, Cote d\u2019Ivoire<\/li>\n<\/ul>\n<p>Lean and Six Sigma<\/p>\n<ul>\n<li>Dr. Adekunle Kolawole, Senior Lecturer, Department of Industrial and Production Engineering, University of Ibadan, Nigeria<\/li>\n<\/ul>\n<p>Logistics<\/p>\n<ul>\n<li>Noredine Sadki, Industrial Engineering Science, Faculty of Sciences and Technology Tangier, Morocco and Abdelmalek Essaadi University, Morocco<\/li>\n<\/ul>\n<p>Manufacturing<\/p>\n<ul>\n<li>Dr. AMM Nazmul Ahsan, Western Carolina University, Cullowhee, North Carolina, USA<\/li>\n<li>Dr. Nicholas Tayisepi, National University of Science and Technology, Zimbabwe<\/li>\n<li>Dr. Khobatha Setetemela, National University of Lesotho, Roma, Lesotho<\/li>\n<\/ul>\n<p>Material Flow Cost Accounting (MFCA)<\/p>\n<p>Modeling and Simulation<\/p>\n<p>Occupational Safety and Health (OSH)<\/p>\n<ul>\n<li>Dr. A.M. Idriss, Al Aassriya Nouakchott University, Nouakchott, Mauritania<\/li>\n<li>Dr. F.N. Osman, University of Medical Sciences and Technology, South Sudan<\/li>\n<\/ul>\n<p>Operations Management<\/p>\n<ul>\n<li>Lawrance Seseni, University of Johannesburg, South Africa<\/li>\n<\/ul>\n<p>Operations Research<\/p>\n<ul>\n<li>Dr. Michael Mutingi, National University of Science and Technology, Windhoek, Namibia<\/li>\n<\/ul>\n<p>Optimization<\/p>\n<ul>\n<li>Prof. Lagouge Tartibu, University of Johannesburg, South Africa<\/li>\n<li>Prof. Sandile Motsa, University of Eswatini, Kwaluseni, Swaziland<\/li>\n<\/ul>\n<p>Product Development<\/p>\n<ul>\n<li>\u202aDr. R. Kumar, Eritrea Institute of Technology, Asmara, Eritrea<\/li>\n<\/ul>\n<p>Product Lifecycle Management<\/p>\n<p>Production Planning and Management<\/p>\n<ul>\n<li>Jerekias Gandure, Lecturer at University of Botswana<\/li>\n<\/ul>\n<p>Project Management<\/p>\n<ul>\n<li>Edison Lubua, Institute of Accountancy Arusha, Arusha, Tanzania<\/li>\n<\/ul>\n<p>Quality Control and Management<\/p>\n<ul>\n<li>Dr. Devkumar Callychurn, University of Mauritius<\/li>\n<\/ul>\n<p>Robotics and Mechatronics Engineering<\/p>\n<ul>\n<li>Dr. Tawanda Mushiri, Department of Mechanical Engineering, University of Zimbabwe<\/li>\n<\/ul>\n<p>Reliability and Maintenance<\/p>\n<ul>\n<li>Thierry Ngoundou Boulamatari, Gabon<\/li>\n<\/ul>\n<p>Sensors and Sensing Systems<\/p>\n<ul>\n<li>Kizito Mubiru, Kyambogo University, Kampala, Uganda<\/li>\n<\/ul>\n<p>Service Systems and Service Management<\/p>\n<ul>\n<li>Dr. N.D. Lamso, Universit\u00e9 de Abdou Moumouni, Niamey, Niger<\/li>\n<\/ul>\n<p>Statistics<\/p>\n<ul>\n<li>Dr. H. Wurie, University of Sierra Leone, Freetown, Sierra Leone<\/li>\n<li>Dr. G. Nallo, University of Liberia Pacific, Monrovia, Liberia<\/li>\n<\/ul>\n<p>Supply Chain Management<\/p>\n<ul>\n<li>Ms. Sebonkile Thaba, Lecturer,\u00a0 \u200b University of Johannesburg, South Africa<\/li>\n<\/ul>\n<p>Sustainability and Green Systems<\/p>\n<ul>\n<li>Dr. Loice K Gudukeya, Department of Mechanical Engineering, University of Zimbabwe<\/li>\n<li>F.A. Muvundja, Universit\u00e9 Catholique de Bukavu (UCB), Central African Republic<\/li>\n<\/ul>\n<p>Sustainable Manufacturing<\/p>\n<ul>\n<li>Dr. Jean Brice MANDATSY Moungomo, Ecole Normale Sup\u00e9rieure de l\u2019Enseignement Technique (ENSET), Boulevard L\u00e9on Mba, Libreville, BP 3989, Gabon<\/li>\n<li>Dr. I. Pachoukova, Ecole Nationale Sup\u00e9rieure d\u2019Ing\u00e9nieurs, University of Lome, Togo<\/li>\n<\/ul>\n<p>Systems Engineering<\/p>\n<ul>\n<li>Dr. Kamga Tchwaket Ignace, Chef du d\u00e9partement d\u2019Economie \u00e0 l\u2019ISSEA, Cameroon<\/li>\n<\/ul>\n<p>Technology Management<\/p>\n<ul>\n<li>Dr. J. Mbainaibeye, Universit\u00e9 de DOBA, Doba, Chad<\/li>\n<\/ul>\n<p>Total Quality Management (TQM)<\/p>\n<ul>\n<li>Dr. Salah Haridy, University of Sharjah, Sharjah, UAE<\/li>\n<li>Dr. M. Shamsuzzaman, University of Sharjah, Sharjah, UAE<\/li>\n<\/ul>\n<p>Transportation and Traffic<\/p>\n<ul>\n<li>Dr.\u00a0<\/li>\n<\/ul>\n<p>Work Design, Measurement, Standardization and ISO<\/p>\n<ul>\n<li>Dr.\u00a0<\/li>\n<\/ul>\n<hr \/>\n<h3><span style=\"color: #ff6600;\"><strong>Competition Committee<\/strong><\/span><\/h3>\n<hr \/>\n<p><span style=\"color: #ff6600;\"><strong>Technical Committee (TC) \/ Review Editorial Board<\/strong><\/span><\/p>\n<ul>\n<li>Dr. Adnan Hassan, Universiti Teknologi Malaysia<\/li>\n<li>Dr. Cherrafi Anass, ENSAM- Meknes, Moulay Ismail University, Morocco<\/li>\n<li>Taher Azar Ahmad, Benha University, Egypt<\/li>\n<li>Alimohammad AHMADVAND, University of Eyvanekey, Iran<\/li>\n<li>Michel ALDANONDO, Ecole des Mine d\u2019Albi, France<\/li>\n<li>Bandar A. Alkhayyal, Prince Sultan University, Saudi Arabia<\/li>\n<li>Ahmad Taher AZAR, Benha University, Egypt<\/li>\n<li>Armand BABOLI, INSA Lyon, France<\/li>\n<li>Trishit BANDYOPADHYAY, Xavier School of Management, India<\/li>\n<li>Andr\u00e9s Felipe BARCO, Universidad de San Buenaventura-Cali, Colombia<\/li>\n<li>Samuel BASSETTO, Ecole Polytechnique, Canada<\/li>\n<li>Mahdi BASTAN, University of Eyvanekey, Iran<\/li>\n<li>Philipp BAUMANN, University of Bern, Switzerland<\/li>\n<li>Cedrick BELER, Institut National Polytechnique de Toulouse \u2013 Ecole Nationale d\u2019Ing\u00e9nieurs de Tarbes, France<\/li>\n<li>Eric BONJOUR, ENSGSI \u2013 University of Lorraine, France<\/li>\n<li>Robert BOUTE, KU Leuven, Belgium<\/li>\n<li>Xavier BRUSSET, SKEMA Business School, France<\/li>\n<li>Patricia Alcantara CARDOSO, Universidade Federal do Esp\u00edrito Santo, Brazil<\/li>\n<li>Kah Hin CHAI, National University of Singapore, Singapore<\/li>\n<li>Aur\u00e9lie CHARLES, University of Lyon France, France<\/li>\n<li>Elyn Solano CHARRIS, Universidad de La Sabana, Columbia<\/li>\n<li>Anis CHELBI, University of Tunis, Tunisia<\/li>\n<li>Aidin Delgoshaei, Industrial Engineering Department, Kharazmi University, Tehran, Iran<\/li>\n<li>Christine DI MARTINELLY, IESEG School of Management, France<\/li>\n<li>Jose Arturo Garza-Reyes, The University of Derby, UK<\/li>\n<li>Hamed Shakouri GANJAVI , University of Tehran, Iran<\/li>\n<li>Laurent ENESTE , Institut National Polytechnique de Toulouse \u2013 Ecole Nationale d\u2019Ing\u00e9nieurs de Tarbes, France<\/li>\n<li>Ali GHARBI, ETS Montreal, Canada<\/li>\n<li>Bernard GRABOT , Institut National Polytechnique de Toulouse \u2013 Ecole Nationale d\u2019Ing\u00e9nieurs de Tarbes, France<\/li>\n<li>Elise GRUHIER , University of Bordeaux France, France<\/li>\n<li>Bhaskar GARDAS, Veermata Jijabai Technological Institute, India<\/li>\n<li>Vastag GYULA, Sz\u00e9chenyi Istv\u00e1n University, Hungary<\/li>\n<li>Marc Haddad, Lebanese American University, Lebanon<\/li>\n<li>Khaled HADJ HAMMOU, Institut National des Sciences Appliqu\u00e9es de Lyon, France<\/li>\n<li>Ramzi HAMMAMI, ESC Rennes School of Business, France<\/li>\n<li>Alaa HASSAN, University of Lorraine, France<\/li>\n<li>Petri HELO, University of Vaasa, Finland<\/li>\n<li>Lazhar HOMRI, Arts et M\u00e9tiers ParisTech, France<\/li>\n<li>Lars HVAM, Technical University of Denmark, Denmark<\/li>\n<li>Emmanuel HYON, Sorbonne Universit\u00e9 \u2013 LIP6, France<\/li>\n<li>Peter JACOBSEN, Technical University of Denmark, Denmark<\/li>\n<li>Daouda KAMISSOKO, IMT Mines Albi, France<\/li>\n<li>\u00d6zge Karanfil, Ko\u00e7 \u00dcniversitesi, Turkey<\/li>\n<li>Laoucine KERBACHE, HEC Paris, France<\/li>\n<li>Javad KHAMISABADI, Islamic Azad University, Iran<\/li>\n<li>Reza Ramazani KHORSHID-DOUST, Amirkabir University of Technology, Iran<\/li>\n<li>Nathalie KLEMENT, Arts et M\u00e9tiers ParisTech, France<\/li>\n<li>Anil Kumar, University of Derby, UK<\/li>\n<li>Arun KUMAR, RMIT University, Australia<\/li>\n<li>Vikas KUMAR, University pf the West England, UK<\/li>\n<li>Elmar KUTSCH, Cranfield University, UK<\/li>\n<li>Samir LAMOURI, ENSAM Arts et M\u00e9tiers ParisTech, France<\/li>\n<li>Carman LEE, Hong Kong Polytechnic University, Hong Kong<\/li>\n<li>Danping LIN, Shanghai Maritime University, China<\/li>\n<li>Chrity Yaqiong LV, Wuhan University of Technology, China<\/li>\n<li>Lahcen MIFDAL, Universiapolis Agadir, Morocco<\/li>\n<li>Mehrdad MOHAMMADI, IMT Atlantique, France<\/li>\n<li>Seyed Meysam MOUSAVI, Shahed University, Iran<\/li>\n<li>Simon Peter Nadeem, University of Derby, UK<\/li>\n<li>Balkrishna NARKHEDE, National Institute of Industrial Engineering, India<\/li>\n<li>Banu OZKESER, KOLUMAN Industry Automotive, Turkey<\/li>\n<li>Maurice PILLET, Universit\u00e9 de Savoie Mont Blanc, France<\/li>\n<li>Rakesh RAUT, National Institute of Industrial Engineering, India<\/li>\n<li>Nidhal REGZ, University of Lorraine, France<\/li>\n<li>Luis Rocha-Lona, Instituto Politecnico Nacional, Mexico<\/li>\n<li>Turki SADOK, University of Lorraine, France<\/li>\n<li>J\u00e9r\u00e9mie SCHUTZ, University of Lorraine, France<\/li>\n<li>Sara SHAFIEE, Technical University of Denmark, Denmark<\/li>\n<li>Shakouri G. Hamed, University of Tehran, Iran<\/li>\n<li>Dellagi SOFIENE, University of Lorraine, France<\/li>\n<li>Reza TAVAKKOLI-MOGHADDAM, University of Tehran, Iran<\/li>\n<li>Ayeley TCHANGANI, Institut National Polytechnique de Toulouse \u2013 Ecole Nationale d\u2019Ing\u00e9nieurs de Tarbes, France<\/li>\n<li>Norbert TRAUTMANN, University of Bern, Switzerland<\/li>\n<li>Jiri TUPA, University of West Bohemia, Czech Republic<\/li>\n<li>Yazg\u0131 T\u00dcT\u00dcNC\u00dc, Izmir University of Economics, Turkey<\/li>\n<li>Eric VILLENEUVE, Ecole Sup\u00e9rieure des Technologies Industrielles Avanc\u00e9es, France<\/li>\n<li>Junqiang WANG, Northwestern Polytechnic University, China<\/li>\n<li>Yue WANG, Hang Seng Management College, Hong Kong<\/li>\n<li>Yong WU, Griffith University, Australia<\/li>\n<li>Christoph WUNCK, Jade University of Applied Sciences, Germany<\/li>\n<li>Esma YAHIA, Arts et M\u00e9tiers ParisTech, France<\/li>\n<li>Bingwen YAN, Cape Peninsula University of Technology, South Africa<\/li>\n<li>Marc ZOLGHADRI, Ecole des Ing\u00e9nieurs en M\u00e9canique de Paris, France<\/li>\n<li>Funlade Sunmola , University of Hertfordshire, Hatfield, UK<\/li>\n<li>Ali MOSTAFAEIPOUR, Industrial Engineering Department, Yazd University, Iran<strong style=\"font-size: inherit;\">\u00a0<\/strong><\/li>\n<\/ul>\n<hr \/>\n<p><span style=\"color: #ff6600;\"><strong>International Committee<\/strong><\/span><\/p>\n<ul>\n<li>Eldon Caldwell, University of Costa Rica<\/li>\n<li>Mohammad Abdullah Shaikh, Deakin University, Australia<\/li>\n<li>Bhaskar Bhandarkar, Indian Institution of Industrial Engineering (IIIE), Mumbai, India<\/li>\n<li>Mohd Khairol Anuar bin Mohd Ariffin,Co-ordinator Master of Manufacturing System Engineering,Department of Mechanical and Manufacturing Engineering, Faculty of Engineering, University Putra Malaysia (UPM), Selangor, Malaysia<\/li>\n<li>Shekar Babu, AMRITA School of Business, AMRITA University, Bangalore, India<\/li>\n<li>Khurshid Khan, Vice Chancelor, Abdul Wali Khan University Mardan (AWKUM), Mardan, Khyber Pakhtunkhwa, Pakistan<\/li>\n<li>Mahdi Bashiri, Professor of Industrial Engineering, Shahed University, Tehran, Iran<\/li>\n<li>MELLAK Abderrahmane, Boumerdes University \u2013 Algeria<\/li>\n<li>Sumit Kumar Gupta, Dean of Science, Parishkar college of global Excellence Jaipur, India<\/li>\n<li>Sharif, Indian Institute of Technology (IIT) Kanpur (India)<\/li>\n<\/ul>\n","protected":false},"excerpt":{"rendered":"<p>Conference Committee Honorary Chair VC of Univeristy of Zambia Conference Chairs Dr. Bupe Getrude MwanzaAssociate Director and Senior LecturerGraduate School of BusinessUniversity of ZambiaLusaka, Zambiabupe.mwanza@gmail.com Prof. Charles MbohwaFaculty of Engineering and the Build EnvironmentUniversity of JohannesburgSouth Africa Dr. Ahad AliAssociate ProfessorDirector of Industrial Engineering ProgramLawrence Technological UniversitySouthfield, Michigan, USA Program Chair Professor Don Reimer, Director [&hellip;]<\/p>\n","protected":false},"author":1,"featured_media":0,"parent":0,"menu_order":0,"comment_status":"closed","ping_status":"closed","template":"","meta":[],"_links":{"self":[{"href":"http:\/\/ieomsociety.org\/zambia2023\/wp-json\/wp\/v2\/pages\/26"}],"collection":[{"href":"http:\/\/ieomsociety.org\/zambia2023\/wp-json\/wp\/v2\/pages"}],"about":[{"href":"http:\/\/ieomsociety.org\/zambia2023\/wp-json\/wp\/v2\/types\/page"}],"author":[{"embeddable":true,"href":"http:\/\/ieomsociety.org\/zambia2023\/wp-json\/wp\/v2\/users\/1"}],"replies":[{"embeddable":true,"href":"http:\/\/ieomsociety.org\/zambia2023\/wp-json\/wp\/v2\/comments?post=26"}],"version-history":[{"count":140,"href":"http:\/\/ieomsociety.org\/zambia2023\/wp-json\/wp\/v2\/pages\/26\/revisions"}],"predecessor-version":[{"id":2351,"href":"http:\/\/ieomsociety.org\/zambia2023\/wp-json\/wp\/v2\/pages\/26\/revisions\/2351"}],"wp:attachment":[{"href":"http:\/\/ieomsociety.org\/zambia2023\/wp-json\/wp\/v2\/media?parent=26"}],"curies":[{"name":"wp","href":"https:\/\/api.w.org\/{rel}","templated":true}]}}