{"id":1736,"date":"2025-11-21T03:47:39","date_gmt":"2025-11-21T03:47:39","guid":{"rendered":"https:\/\/ieomsociety.org\/ankara2026\/?page_id=1736"},"modified":"2025-11-21T03:51:29","modified_gmt":"2025-11-21T03:51:29","slug":"hotels","status":"publish","type":"page","link":"https:\/\/ieomsociety.org\/ankara2026\/hotels\/","title":{"rendered":"Hotels"},"content":{"rendered":"<h1 style=\"text-align: center;\"><strong>Recommended Hotels<\/strong><\/h1>\n<hr \/>\n<table>\n<tbody>\n<tr>\n<td width=\"175\">Hotel Name<\/td>\n<td width=\"415\"><strong>Hotel \u0130\u00e7kale<\/strong><\/td>\n<\/tr>\n<tr>\n<td width=\"175\">Website<\/td>\n<td width=\"415\">https:\/\/<a href=\"http:\/\/www.hotelickale.com\/tr\">www.hotelickale.com\/tr<\/a><\/td>\n<\/tr>\n<tr>\n<td width=\"175\">Telephone<\/td>\n<td width=\"415\">+90 312 231 7710<\/td>\n<\/tr>\n<tr>\n<td width=\"175\">Address<\/td>\n<td width=\"415\">GMK Bulvar\u0131 No:89 Ankara<\/td>\n<\/tr>\n<tr>\n<td width=\"175\">Distance to conference site<\/td>\n<td width=\"415\">500 m<\/td>\n<\/tr>\n<tr>\n<td width=\"175\">Driving<\/td>\n<td width=\"415\">8 minutes<\/td>\n<\/tr>\n<tr>\n<td width=\"175\">Walking<\/td>\n<td width=\"415\">7 minutes<\/td>\n<\/tr>\n<tr>\n<td width=\"175\">Discount<\/td>\n<td width=\"415\">Yes<\/td>\n<\/tr>\n<tr>\n<td width=\"175\">The person to contact<\/td>\n<td width=\"415\">Ceren ARIT\u00dcRK,Sales and Marketing Representative<\/td>\n<\/tr>\n<\/tbody>\n<\/table>\n<hr \/>\n<table>\n<tbody>\n<tr>\n<td width=\"175\">Hotel Name<\/td>\n<td width=\"415\"><strong>Alt\u0131nel Hotel<\/strong><\/td>\n<\/tr>\n<tr>\n<td width=\"175\">Website<\/td>\n<td width=\"415\"><a href=\"https:\/\/altinelhotels.com\/\">https:\/\/altinelhotels.com\/<\/a><\/td>\n<\/tr>\n<tr>\n<td width=\"175\">Telephone<\/td>\n<td width=\"415\">+90 (312) 231 7777<\/td>\n<\/tr>\n<tr>\n<td width=\"175\">Address<\/td>\n<td width=\"415\">GMK Bulvar\u0131 No:151 06570 Anadolu Meydan\u0131 \/ Ankara<\/td>\n<\/tr>\n<tr>\n<td width=\"175\">Distance to conference site<\/td>\n<td width=\"415\">900 m<\/td>\n<\/tr>\n<tr>\n<td width=\"175\">Driving<\/td>\n<td width=\"415\">6 minutes<\/td>\n<\/tr>\n<tr>\n<td width=\"175\">Walking<\/td>\n<td width=\"415\">13 minutes<\/td>\n<\/tr>\n<tr>\n<td width=\"175\">Discount<\/td>\n<td width=\"415\">Yes<\/td>\n<\/tr>\n<tr>\n<td width=\"175\">The person to contact<\/td>\n<td width=\"415\">ECEM DEM\u0130RKAYASales Representative<\/td>\n<\/tr>\n<\/tbody>\n<\/table>\n<hr \/>\n<table>\n<tbody>\n<tr>\n<td width=\"175\">Hotel Name<\/td>\n<td width=\"415\"><strong>Latanya Hotel<\/strong><\/td>\n<\/tr>\n<tr>\n<td width=\"175\">Website<\/td>\n<td width=\"415\"><a href=\"http:\/\/www.latanyaankara.com\/\">http:\/\/www.latanyaankara.com\/<\/a><\/td>\n<\/tr>\n<tr>\n<td width=\"175\">Telephone<\/td>\n<td width=\"415\">+90 3124168800<\/td>\n<\/tr>\n<tr>\n<td width=\"175\">Address<\/td>\n<td width=\"415\">Kavakl\u0131dere, B\u00fckl\u00fcm Sk No:1 \u00c7ankaya\/Ankara 06660 Ankara<\/td>\n<\/tr>\n<tr>\n<td width=\"175\">Distance to conference site<\/td>\n<td width=\"415\">3,4 km<\/td>\n<\/tr>\n<tr>\n<td width=\"175\">Driving<\/td>\n<td width=\"415\">8 minutes<\/td>\n<\/tr>\n<tr>\n<td width=\"175\">Walking<\/td>\n<td width=\"415\">41 minutes<\/td>\n<\/tr>\n<tr>\n<td width=\"175\">Discount<\/td>\n<td width=\"415\">Yes<\/td>\n<\/tr>\n<tr>\n<td width=\"175\">The person to contact<\/td>\n<td width=\"415\">Elif \u00d6zkan,Sales Representative<\/td>\n<\/tr>\n<\/tbody>\n<\/table>\n<hr \/>\n<table>\n<tbody>\n<tr>\n<td width=\"175\">Hotel Name<\/td>\n<td width=\"415\"><strong>New Park Hotel<\/strong><\/td>\n<\/tr>\n<tr>\n<td width=\"175\">Website<\/td>\n<td width=\"415\">https:\/\/<a href=\"http:\/\/www.npankara.com\/tr\/ankara\">www.npankara.com\/tr\/ankara<\/a><\/td>\n<\/tr>\n<tr>\n<td width=\"175\">Telephone<\/td>\n<td width=\"415\">+90 312 458 00 00<\/td>\n<\/tr>\n<tr>\n<td width=\"175\">Address<\/td>\n<td width=\"415\">\u00d6n Cebeci Mh., Ziya G\u00f6kalp Bulvar\u0131 No:58, 06600 \u00c7ankaya\/Ankara<\/td>\n<\/tr>\n<tr>\n<td width=\"175\">Distance to conference site<\/td>\n<td width=\"415\">2,4 km<\/td>\n<\/tr>\n<tr>\n<td width=\"175\">Driving<\/td>\n<td width=\"415\">6 minutes<\/td>\n<\/tr>\n<tr>\n<td width=\"175\">Walking<\/td>\n<td width=\"415\">27 minutes<\/td>\n<\/tr>\n<tr>\n<td width=\"175\">Discount<\/td>\n<td width=\"415\">Yes<\/td>\n<\/tr>\n<tr>\n<td width=\"175\">The person to contact<\/td>\n<td width=\"415\">Hilal SAAT\u00c7\u0130,Sales Representative<\/td>\n<\/tr>\n<\/tbody>\n<\/table>\n<hr \/>\n<table>\n<tbody>\n<tr>\n<td width=\"175\">Hotel Name<\/td>\n<td width=\"415\"><strong>VE Hotels An\u0131ttepe<\/strong><\/td>\n<\/tr>\n<tr>\n<td width=\"175\">Website<\/td>\n<td width=\"415\"><a href=\"https:\/\/vehotelsanittepe.com.tr\/\">https:\/\/vehotelsanittepe.com.tr\/<\/a><\/td>\n<\/tr>\n<tr>\n<td width=\"175\">Telephone<\/td>\n<td width=\"415\">+90 (312) 229 84 84<\/td>\n<\/tr>\n<tr>\n<td width=\"175\">Address<\/td>\n<td width=\"415\">Gen\u00e7lik Cad. No: 18 An\u0131ttepe \/Ankara<\/td>\n<\/tr>\n<tr>\n<td width=\"175\">Distance to conference site<\/td>\n<td width=\"415\">1300 m<\/td>\n<\/tr>\n<tr>\n<td width=\"175\">Driving<\/td>\n<td width=\"415\">7 minutes<\/td>\n<\/tr>\n<tr>\n<td width=\"175\">Walking<\/td>\n<td width=\"415\">19 minutes<\/td>\n<\/tr>\n<tr>\n<td width=\"175\">Discount<\/td>\n<td width=\"415\">Yes<\/td>\n<\/tr>\n<tr>\n<td width=\"175\">The person to contact<\/td>\n<td width=\"415\">BARI\u015e \u00d6K\u00c7\u00dcN,Sales Representative<\/td>\n<\/tr>\n<\/tbody>\n<\/table>\n<hr \/>\n<table>\n<tbody>\n<tr>\n<td width=\"175\">Hotel Name<\/td>\n<td width=\"415\"><strong>VE Hotels Y\u00fccetepe<\/strong><\/td>\n<\/tr>\n<tr>\n<td width=\"175\">Website<\/td>\n<td width=\"415\"><a href=\"https:\/\/vehotelsyucetepe.com.tr\/\">https:\/\/vehotelsyucetepe.com.tr\/<\/a><\/td>\n<\/tr>\n<tr>\n<td width=\"175\">Telephone<\/td>\n<td width=\"415\">+90 (312) 230 06 72-73<\/td>\n<\/tr>\n<tr>\n<td width=\"175\">Address<\/td>\n<td width=\"415\">Maltepe Mah.Gen\u00e7lik Cad. No:73 ANKARA<\/td>\n<\/tr>\n<tr>\n<td width=\"175\">Distance to conference site<\/td>\n<td width=\"415\">1000 m<\/td>\n<\/tr>\n<tr>\n<td width=\"175\">Driving<\/td>\n<td width=\"415\">6 minutes<\/td>\n<\/tr>\n<tr>\n<td width=\"175\">Walking<\/td>\n<td width=\"415\">15 minutes<\/td>\n<\/tr>\n<tr>\n<td width=\"175\">Discount<\/td>\n<td width=\"415\">Yes<\/td>\n<\/tr>\n<tr>\n<td width=\"175\">The person to contact<\/td>\n<td width=\"415\">BARI\u015e \u00d6K\u00c7\u00dcN,Hotel Manager<\/td>\n<\/tr>\n<\/tbody>\n<\/table>\n<hr \/>\n<table>\n<tbody>\n<tr>\n<td width=\"175\">Hotel Name<\/td>\n<td width=\"415\"><strong>VE Hotels Adakale<\/strong><\/td>\n<\/tr>\n<tr>\n<td width=\"175\">Website<\/td>\n<td width=\"415\"><a href=\"https:\/\/vehotelsadakale.com.tr\/\">https:\/\/vehotelsadakale.com.tr\/<\/a><\/td>\n<\/tr>\n<tr>\n<td width=\"175\">Telephone<\/td>\n<td width=\"415\">+90 (312) 430 14 06<\/td>\n<\/tr>\n<tr>\n<td width=\"175\">Address<\/td>\n<td width=\"415\">Fidanl\u0131k Mahallesi Adakale Sokak No:15 \u00c7ankaya\/ANKARA<\/td>\n<\/tr>\n<tr>\n<td width=\"175\">Distance to conference site<\/td>\n<td width=\"415\">1500 m<\/td>\n<\/tr>\n<tr>\n<td width=\"175\">Driving<\/td>\n<td width=\"415\">5 minutes<\/td>\n<\/tr>\n<tr>\n<td width=\"175\">Walking<\/td>\n<td width=\"415\">23 minutes<\/td>\n<\/tr>\n<tr>\n<td width=\"175\">Discount<\/td>\n<td width=\"415\">Yes<\/td>\n<\/tr>\n<tr>\n<td width=\"175\">The person to contact<\/td>\n<td width=\"415\">BARI\u015e \u00d6K\u00c7\u00dcN,Hotel Manager<\/td>\n<\/tr>\n<\/tbody>\n<\/table>\n<hr \/>\n<table>\n<tbody>\n<tr>\n<td width=\"175\">Hotel Name<\/td>\n<td width=\"415\"><strong>VE Hotels Akay<\/strong><\/td>\n<\/tr>\n<tr>\n<td width=\"175\">Website<\/td>\n<td width=\"415\"><a href=\"https:\/\/vehotelsakay.com.tr\/\">https:\/\/vehotelsakay.com.tr\/<\/a><\/td>\n<\/tr>\n<tr>\n<td width=\"175\">Telephone<\/td>\n<td width=\"415\">+90 (312) 372 06 06<\/td>\n<\/tr>\n<tr>\n<td width=\"175\">Address<\/td>\n<td width=\"415\">Kavakl\u0131dere, G\u00fcfte Cd. No:15, 06680 \u00c7ankaya\/Ankara, T\u00fcrkiye<\/td>\n<\/tr>\n<tr>\n<td width=\"175\">Distance to conference site<\/td>\n<td width=\"415\">2600 m<\/td>\n<\/tr>\n<tr>\n<td width=\"175\">Driving<\/td>\n<td width=\"415\">10 minutes<\/td>\n<\/tr>\n<tr>\n<td width=\"175\">Walking<\/td>\n<td width=\"415\">39 minutes<\/td>\n<\/tr>\n<tr>\n<td width=\"175\">Discount<\/td>\n<td width=\"415\">Yes<\/td>\n<\/tr>\n<tr>\n<td width=\"175\">The person to contact<\/td>\n<td width=\"415\">BARI\u015e \u00d6K\u00c7\u00dcN,Hotel Manager<\/td>\n<\/tr>\n<\/tbody>\n<\/table>\n<hr \/>\n<table>\n<tbody>\n<tr>\n<td width=\"175\">Hotel Name<\/td>\n<td width=\"415\"><strong>The Ankara Hotel<\/strong><\/td>\n<\/tr>\n<tr>\n<td width=\"175\">Website<\/td>\n<td width=\"415\">https:\/\/<a href=\"http:\/\/www.theankarahotel.com\/\">www.theankarahotel.com\/<\/a><\/td>\n<\/tr>\n<tr>\n<td width=\"175\">Telephone<\/td>\n<td width=\"415\">+90 (312) 508 10 10<\/td>\n<\/tr>\n<tr>\n<td width=\"175\">Address<\/td>\n<td width=\"415\">Eti Mah. Celal Bayar Bulvar\u0131. No:78\/A 06930 Maltepe \/ ANKARA<\/td>\n<\/tr>\n<tr>\n<td width=\"175\">Distance to conference site<\/td>\n<td width=\"415\">300 m<\/td>\n<\/tr>\n<tr>\n<td width=\"175\">Driving<\/td>\n<td width=\"415\">&#8211;<\/td>\n<\/tr>\n<tr>\n<td width=\"175\">Walking<\/td>\n<td width=\"415\">4 minutes<\/td>\n<\/tr>\n<tr>\n<td width=\"175\">Discount<\/td>\n<td width=\"415\">Yes<\/td>\n<\/tr>\n<tr>\n<td width=\"175\">The person to contact<\/td>\n<td width=\"415\">Petek \u0130nce A\u00c7IK\u00d6Z,Sales &amp; Marketing Officer<\/td>\n<\/tr>\n<\/tbody>\n<\/table>\n<hr \/>\n<table>\n<tbody>\n<tr>\n<td width=\"175\">Hotel Name<\/td>\n<td width=\"415\"><strong>The Wings Hotels Neva Palas<\/strong><\/td>\n<\/tr>\n<tr>\n<td width=\"175\">Website<\/td>\n<td width=\"415\">https:\/\/<a href=\"http:\/\/www.nevapalas.com.tr\/\">www.nevapalas.com.tr\/<\/a><\/td>\n<\/tr>\n<tr>\n<td width=\"175\">Telephone<\/td>\n<td width=\"415\">+90 (312) 419 58 88<\/td>\n<\/tr>\n<tr>\n<td width=\"175\">Address<\/td>\n<td width=\"415\">Esat cad. No: 32 K\u00fc\u00e7\u00fckesat 06660 \u00c7ankaya \/ ANKARA, T\u00fcrkiye<\/td>\n<\/tr>\n<tr>\n<td width=\"175\">Distance to conference site<\/td>\n<td width=\"415\">3.8 km<\/td>\n<\/tr>\n<tr>\n<td width=\"175\">Driving<\/td>\n<td width=\"415\">9 minutes<\/td>\n<\/tr>\n<tr>\n<td width=\"175\">Walking<\/td>\n<td width=\"415\">42 minutes<\/td>\n<\/tr>\n<tr>\n<td width=\"175\">Discount<\/td>\n<td width=\"415\">Yes<\/td>\n<\/tr>\n<\/tbody>\n<\/table>\n<hr \/>\n<p>&nbsp;<\/p>\n","protected":false},"excerpt":{"rendered":"<p>Recommended Hotels Hotel Name Hotel \u0130\u00e7kale Website https:\/\/www.hotelickale.com\/tr Telephone +90 312 231 7710 Address GMK Bulvar\u0131 No:89 Ankara Distance to conference site 500 m Driving 8 minutes Walking 7 minutes Discount Yes The person to contact Ceren ARIT\u00dcRK,Sales and Marketing Representative Hotel Name Alt\u0131nel Hotel Website https:\/\/altinelhotels.com\/ Telephone +90 (312) 231 7777 Address GMK Bulvar\u0131 [&hellip;]<\/p>\n","protected":false},"author":1,"featured_media":0,"parent":0,"menu_order":0,"comment_status":"closed","ping_status":"closed","template":"","meta":{"footnotes":""},"class_list":["post-1736","page","type-page","status-publish","hentry"],"_links":{"self":[{"href":"https:\/\/ieomsociety.org\/ankara2026\/wp-json\/wp\/v2\/pages\/1736","targetHints":{"allow":["GET"]}}],"collection":[{"href":"https:\/\/ieomsociety.org\/ankara2026\/wp-json\/wp\/v2\/pages"}],"about":[{"href":"https:\/\/ieomsociety.org\/ankara2026\/wp-json\/wp\/v2\/types\/page"}],"author":[{"embeddable":true,"href":"https:\/\/ieomsociety.org\/ankara2026\/wp-json\/wp\/v2\/users\/1"}],"replies":[{"embeddable":true,"href":"https:\/\/ieomsociety.org\/ankara2026\/wp-json\/wp\/v2\/comments?post=1736"}],"version-history":[{"count":4,"href":"https:\/\/ieomsociety.org\/ankara2026\/wp-json\/wp\/v2\/pages\/1736\/revisions"}],"predecessor-version":[{"id":1740,"href":"https:\/\/ieomsociety.org\/ankara2026\/wp-json\/wp\/v2\/pages\/1736\/revisions\/1740"}],"wp:attachment":[{"href":"https:\/\/ieomsociety.org\/ankara2026\/wp-json\/wp\/v2\/media?parent=1736"}],"curies":[{"name":"wp","href":"https:\/\/api.w.org\/{rel}","templated":true}]}}