{"id":26,"date":"2017-01-15T14:12:24","date_gmt":"2017-01-15T14:12:24","guid":{"rendered":"http:\/\/ieomsociety.org\/ieom2018\/?page_id=26"},"modified":"2026-04-01T20:49:02","modified_gmt":"2026-04-01T20:49:02","slug":"committee","status":"publish","type":"page","link":"https:\/\/ieomsociety.org\/ankara2026\/committee\/","title":{"rendered":"Committee"},"content":{"rendered":"<h4>Registration: <a href=\"https:\/\/www.xcdsystem.com\/IEOM\/attendee\/index.cfm?ID=1jNY5mM\">https:\/\/www.xcdsystem.com\/IEOM\/attendee\/index.cfm?ID=1jNY5mM\u00a0<\/a><\/h4>\n<h1 style=\"text-align: center;\"><strong><span style=\"color: #993300;\">Conference Committee<\/span><\/strong><\/h1>\n<hr \/>\n<p><strong>Conference Chairs:<\/strong><\/p>\n<ul>\n<li>Dr. Bilal Toklu, Chair, Department of Industrial Engineering, Gazi University, Ankara, T\u00fcrkiye<\/li>\n<li>Dr. Metin Turkay, Professor, Industrial Engineering Department, Koc University, Istanbul, T\u00fcrkiye<\/li>\n<li>Dr. Hulya Yavuz Ersan, Professor at Hacettepe University, T\u00fcrkiye<\/li>\n<li>Dr. Ahad Ali, Associate Professor, Director of Doctor of Engineering in Advanced Manufacturing, Director of Industrial Engineering, Lawrence Technological University, Michigan, USA, and CEO, IEOM Society International<\/li>\n<\/ul>\n<p><strong>Program Chairs:<\/strong><\/p>\n<ul>\n<li>Dr. Ali Allahverdi, Professor, Department of Industrial Engineering, Gazi University, Turkey,\u00a0<a href=\"mailto:aliallahverdi@gazi.edu.tr\">aliallahverdi@gazi.edu.tr<\/a><\/li>\n<li>Dr. \u00d6zge Y\u00fcksel Orhan,\u00a0Associate Professor, Chemical Engineering Department, Hacettepe University, Beytepe, Ankara, Turkey<\/li>\n<li>Dr. Ali Elkamel, Professor, Department of Chemical Engineering, University of Waterloo and Khalifa University, Abu Dhabi, UAE<\/li>\n<li>Professor Don Reimer, Chief Operating Officer, IEOM Society International, Michigan, USA<strong>\u00a0<\/strong><\/li>\n<\/ul>\n<p><strong>Organizing Committee<\/strong><\/p>\n<ol>\n<li>Dr. Mehmet KABAK, Department of Industrial Engineering, Gazi University, Ankara<\/li>\n<li>Dr. Sel\u00e7uk K\u00fcr\u015fat \u0130\u015eLEYEN, Department of Industrial Engineering, Gazi University, Ankara<\/li>\n<li>Dr. G\u00fcl Didem BATUR S\u0130R, Department of Industrial Engineering, Gazi University, Ankara<\/li>\n<li>Dr. Hakan \u00c7ER\u00c7\u0130O\u011eLU, Department of Industrial Engineering, Gazi University, Ankara<\/li>\n<li>Dr. Ayy\u00fcce AYDEM\u0130R KARADA\u011e, Department of Industrial Engineering, Gazi University, Ankara<\/li>\n<li>Dr. Aylin ADEM, Department of Industrial Engineering, Gazi University, Ankara<\/li>\n<li>Dr.Emre \u00c7ALI\u015eKAN, Department of Industrial Engineering, Gazi University, Ankara<\/li>\n<li>Dr. Sena AYDO\u011eAN, Department of Industrial Engineering, Gazi University, Ankara<\/li>\n<li>Dr Ece Arzu YILDIZ, Department of Industrial Engineering, Gazi University, Ankara<\/li>\n<\/ol>\n<hr \/>\n<h2><strong>Track Chairs<\/strong><\/h2>\n<table>\n<tbody>\n<tr>\n<td width=\"36\"><strong>ID<\/strong><\/td>\n<td width=\"320\"><strong>Track Name<\/strong><\/td>\n<td width=\"178\"><strong>Track Chair<\/strong><\/td>\n<\/tr>\n<tr>\n<td width=\"36\">1<\/td>\n<td width=\"320\">Artificial Intelligence and Data Science<\/td>\n<td width=\"178\"><\/td>\n<\/tr>\n<tr>\n<td width=\"36\">2<\/td>\n<td width=\"320\">Automation, Robotics and Autonomous Systems<\/td>\n<td width=\"178\"><\/td>\n<\/tr>\n<tr>\n<td width=\"36\">3<\/td>\n<td width=\"320\">Business Management and Operations Management<\/td>\n<td width=\"178\"><\/td>\n<\/tr>\n<tr>\n<td width=\"36\">4<\/td>\n<td width=\"320\">Digital Transformation, Industry 4.0 and IoT<\/td>\n<td width=\"178\"><\/td>\n<\/tr>\n<tr>\n<td width=\"36\">5<\/td>\n<td width=\"320\">Engineering Education and Curriculum Improvement<\/td>\n<td width=\"178\"><\/td>\n<\/tr>\n<tr>\n<td width=\"36\">6<\/td>\n<td width=\"320\">Engineering Management and Project Management<\/td>\n<td width=\"178\"><\/td>\n<\/tr>\n<tr>\n<td width=\"36\">7<\/td>\n<td width=\"320\">Entrepreneurship and Innovation<\/td>\n<td width=\"178\"><\/td>\n<\/tr>\n<tr>\n<td width=\"36\">8<\/td>\n<td width=\"320\">Facility Planning and Layout<\/td>\n<td width=\"178\"><\/td>\n<\/tr>\n<tr>\n<td width=\"36\">9<\/td>\n<td width=\"320\">Human Factors, Ergonomics and Healthcare Systems<\/td>\n<td width=\"178\"><\/td>\n<\/tr>\n<tr>\n<td width=\"36\">10<\/td>\n<td width=\"320\">Lean Six Sigma and Operations Excellence<\/td>\n<td width=\"178\"><\/td>\n<\/tr>\n<tr>\n<td width=\"36\">11<\/td>\n<td width=\"320\">Manufacturing, Assembly and Design<\/td>\n<td width=\"178\"><\/td>\n<\/tr>\n<tr>\n<td width=\"36\">12<\/td>\n<td width=\"320\">Quality, Reliability and Maintenance<\/td>\n<td width=\"178\"><\/td>\n<\/tr>\n<tr>\n<td width=\"36\">13<\/td>\n<td width=\"320\">Simulation, Optimization and Productivity Improvement<\/td>\n<td width=\"178\">Dr. Marwen Elkamel, Post-Doctoral Fellow, Department of Industrial Engineering &amp; Management Systems, University of Central Florida, Orlando, Florida<\/td>\n<\/tr>\n<tr>\n<td width=\"36\">14<\/td>\n<td width=\"320\">Supply Chain and Logistics<\/td>\n<td width=\"178\"><\/td>\n<\/tr>\n<tr>\n<td width=\"36\">15<\/td>\n<td width=\"320\">Sustainability, Green Systems and Energy<\/td>\n<td width=\"178\">Dr. Marwen Elkamel, Post-Doctoral Fellow, Department of Industrial Engineering &amp; Management Systems, University of Central Florida, Orlando, Florida<\/td>\n<\/tr>\n<tr>\n<td width=\"36\">16<\/td>\n<td width=\"320\">Case Studies and Best Practices<\/td>\n<td width=\"178\"><\/td>\n<\/tr>\n<\/tbody>\n<\/table>\n<hr \/>\n<h2><strong>Competition Chairs<\/strong><strong>\u00a0<\/strong><\/h2>\n<table>\n<tbody>\n<tr>\n<td width=\"36\"><strong>ID<\/strong><\/td>\n<td width=\"328\"><strong>Competition Name<\/strong><\/td>\n<td width=\"182\"><strong>Competition Chair<\/strong><\/td>\n<\/tr>\n<tr>\n<td width=\"36\">1<\/td>\n<td width=\"328\">Undergraduate Student Paper Competition Sponsored by SIEMENS<\/td>\n<td width=\"182\"><\/td>\n<\/tr>\n<tr>\n<td width=\"36\">2<\/td>\n<td width=\"328\">Undergraduate Research Competition sponsored by Daikin Applied<\/td>\n<td width=\"182\"><\/td>\n<\/tr>\n<tr>\n<td width=\"36\">3<\/td>\n<td width=\"328\">Graduate Student Paper Competition Sponsored by EATON Corporation<\/td>\n<td width=\"182\"><\/td>\n<\/tr>\n<tr>\n<td width=\"36\">4<\/td>\n<td width=\"328\">Doctoral Dissertation Competition sponsored by Airbus<\/td>\n<td width=\"182\"><\/td>\n<\/tr>\n<tr>\n<td width=\"36\">5<\/td>\n<td width=\"328\">Master\u2019s Thesis Competition<\/td>\n<td width=\"182\"><\/td>\n<\/tr>\n<tr>\n<td width=\"36\">6<\/td>\n<td width=\"328\">Senior Design Project Competition<\/td>\n<td width=\"182\"><\/td>\n<\/tr>\n<tr>\n<td width=\"36\">7<\/td>\n<td width=\"328\">High School STEM Competition<\/td>\n<td width=\"182\"><\/td>\n<\/tr>\n<tr>\n<td width=\"36\">8<\/td>\n<td width=\"328\">AI-ML Competition<\/td>\n<td width=\"182\">Dr. Marwen Elkamel, Post-Doctoral Fellow, Department of Industrial Engineering &amp; Management Systems, University of Central Florida, Orlando, Florida<\/td>\n<\/tr>\n<tr>\n<td width=\"36\">9<\/td>\n<td width=\"328\">Global Design Competition sponsored by Amatrol Inc.<\/td>\n<td width=\"182\"><\/td>\n<\/tr>\n<tr>\n<td width=\"36\">10<\/td>\n<td width=\"328\">Human Factors and Ergonomics Competition<\/td>\n<td width=\"182\"><\/td>\n<\/tr>\n<tr>\n<td width=\"36\">11<\/td>\n<td width=\"328\">Lean Six Sigma Competition sponsored by Tooling Tech Group<\/td>\n<td width=\"182\"><\/td>\n<\/tr>\n<tr>\n<td width=\"36\">12<\/td>\n<td width=\"328\">Simulation Competition<\/td>\n<td width=\"182\"><\/td>\n<\/tr>\n<tr>\n<td width=\"36\">13<\/td>\n<td width=\"328\">Supply Chain and Logistics Competition sponsored by aThingz<\/td>\n<td width=\"182\"><\/td>\n<\/tr>\n<tr>\n<td width=\"36\">14<\/td>\n<td width=\"328\">Poster Competition<\/td>\n<td width=\"182\"><\/td>\n<\/tr>\n<\/tbody>\n<\/table>\n<p>&nbsp;<\/p>\n<hr \/>\n<h2><strong>Advisory Committee<\/strong><\/h2>\n<ul>\n<li>Pr. Moulay Larbi Abidi, \u00c9cole Mohammadia d\u2019ing\u00e9nieurs, Rabat, Morocco<\/li>\n<li>Dr. Hamidi Bashir, Chairperson, University of Sharjah, UAE<\/li>\n<li>Dr. Mohamed Essaaidi, Mohamed V University in Rabat, Morocco<\/li>\n<li>Dr. Devashis Mitra, University of New Brunswick, Fredericton, Canada<\/li>\n<li>Prof. Dr. Mohd Razali Muhamad, Deputy Vice Chancellor (Academic and Internationalization), Universiti Teknikal Malaysia Melaka<\/li>\n<li>Professor Dr. Norazman Mohamad Nor, Deputy Vice Chancellor (Research and Innovation), National Defence University of Malaysia in Kuala Lumpur<\/li>\n<li>Dr. Hamid R. Parsaei, Texas A&amp;M University at College Station and Qatar<\/li>\n<li>Dr. Ismail Tag, SVP &amp; Provost, The Petroleum Institute, Abu Dhabi, UAE<\/li>\n<li>Dr. Noordin Mohd. Yusof, Universiti Teknologi Malaysia<\/li>\n<li>Pr. Moulay Larbi Abidi, \u00c9cole Mohammadia d\u2019ing\u00e9nieurs, Rabat, Morocco<\/li>\n<li>Dr. Muhammad Abid, Ghulam Ishaq Khan Ins. of Eng. Sci. &amp; Tech., Pakistan<\/li>\n<li>Dr. Olufemi Adetunji, University of Pretoria, South Africa<\/li>\n<li>Dr. Umar AL-Turki, KFUPM, Saudi Arabia<\/li>\n<li>Dr. Ronald G. Askin, Arizona State University, USA<\/li>\n<li>Dr. Mohammed Ben-Daya, KFUPM, Saudi Arabia<\/li>\n<li>Dr. Abdul Talib Bon, Universiti Tun Hussein Onn Malaysia<\/li>\n<li>Dr. Raj Das, University of Auckland, New Zealand<\/li>\n<li>Dr. Kudret Demirli, Khalifa University, Abu Dhabi, UAE<\/li>\n<li>Dr. Jose Arturo Garza-Reyes, University of Derby, UK<\/li>\n<li>Dr. Alireza Ghasemi, Dalhousie University, Halifax, NS, Canada<\/li>\n<li>Dr. Moncer Abdelhamid Hariga, American University of Sharjah, UAE<\/li>\n<li>Dr. Mohammad D. Al-Tahat, The University of Jordan, Amman, Jordan<\/li>\n<li>Dr. Arun Kumar, RMIT University, Australia<\/li>\n<li>Dr. Jay Lee, University of Cincinnati, USA<\/li>\n<li>Masaru Tezuka, Hitachi Solutions East Japan, Ltd., Sendai, Japan<\/li>\n<li>Dr. Abu Masud, Wichita State University, Kansas, USA<\/li>\n<li>Dr. Charles Mbohwa, University of Johannesburg, South Africa<\/li>\n<li>Dr. Samar Mukhopadhyay, GSB-Sung Kyun Kwan University, Seoul, Korea<\/li>\n<li>Dr. Nor Hasni Osman, Universiti Utara Malaysia<\/li>\n<li>Dr. Leonard Perry, University of San Diego, USA<\/li>\n<li>Dr. Ho Thanh Phong, International University \u2013 VNUHCM, Vietnam<\/li>\n<li>Dr. Abdur Rahim, University of New Brunswick, Canada<\/li>\n<li>Dr. Mehmet Savsar, Kuwait University, Safat, Kuwait<\/li>\n<li>Dr. Rapinder Sawhney, University of Tennessee \u2013 Knoxville, USA<\/li>\n<li>Dr. Rosemary Seva, De La Salle University \u2013 Manila, Philippines<\/li>\n<li>Dr. Devdas Shetty, University of the District of Columbia, Washington, DC, USA<\/li>\n<li>Dr. Hamid Seifoddini, University of Wisconsin-Milwaukee, USA<\/li>\n<li>Dr. Alfredo Soeiro, University of Porto, Portugal<\/li>\n<li>Dr. Robert de Souza, The Logistics Institute \u2013 Asia Pacific, Singapore<\/li>\n<li>Dr. Masine Md. Tap, Universiti Teknologi Malaysia<\/li>\n<li>Dr. Zulkifli Mohamed Udin, Universiti Utara Malaysia<\/li>\n<li>Dr. Alok Verma, Old Dominion University, Norfolk, Virginia, USA<\/li>\n<li>Dr. Hari Agung Yuniarto, Universitas Gadjah Mada, Indonesia<\/li>\n<li>Dr. Li Zheng, Tsinghua University, China<\/li>\n<li>Dr. Henk Zijm, University of Twente, Netherlands<\/li>\n<li>Dr. Ravi Inder S Jassar, Birla Institute of Technology and Sci., Pilani, India<\/li>\n<\/ul>\n<hr \/>\n<h2><strong>Program Committee<\/strong><\/h2>\n<ul>\n<li>Dr. Rushan Ziatdinov, Department of Industrial &amp; Management Engineering, Keimyung University, Daegu, South Korea<\/li>\n<li>Dr. Lina Aboueljinane, Industrial Engineering Program, \u00c9cole Nationale Sup\u00e9rieure des Mines de Rabat (ENSMR), Morocco<\/li>\n<li>Dr. Bouloiz Hafida, Industrial Engineering Department, National School of Applied Sciences (ENSA), Ibn Zohr University, Agadir, Morocco<\/li>\n<li>Dr. Jaouad Boukachour, Universit\u00e9 Le Havre, France<\/li>\n<\/ul>\n<hr \/>\n<h2><strong>Technical Committee<\/strong><\/h2>\n<ul>\n<li>Dr. Erfan Babaee Tirkolaee, \u0130stinye \u00dcniversitesi, T\u00fcrkiye<\/li>\n<li>Maram Al-Shammari, Department of Statistics and Operations Research, King Saud University, Riyadh, Saudi Arabia<\/li>\n<li>Peter M. Tase, IFEES &#8211; GEDC Secretariat<\/li>\n<li>Dr. A.O. Adewumi, University of KwaZulu-Natal, South Africa<\/li>\n<li>Dr. Kondo H. Adjallah, Paul-Verlaine University, France<\/li>\n<li>Dr. Abdollah Aghaie, K.N. Toosi University of Technology, Iran<\/li>\n<li>Dr. Abdul-Rahman Al-Ali, American University of Sharjah, UAE<\/li>\n<li>Gasim Al-Hawarii, Senior Fleet Management Engineer, Dubai Municipality, UAE<\/li>\n<li>Ali I. Al-Mosawi, Miskolic University, Hungary<\/li>\n<li>Dr. Basel Alsayyed, University of Alberta, Edmonton, Canada<\/li>\n<li>Dr. Kuchkarov Atamurat, Uzbekistan National University, Uzbekistan<\/li>\n<li>Dr. Faieza Abdul Aziz, Universiti Putra Malaysia, Selangor, Malaysia<\/li>\n<li>Dr. Amir Azizi, Universiti Malaysia Pahang, Malaysia<\/li>\n<li>Dr. Bandar A. Alkhayyal, Department of Engineering Management, College of Engineering, Prince Sultan University, Riyadh, Kingdom of Saudi Arabia<\/li>\n<li>Amine Belhadi, Industrial Engineering Research Team, Higher School of Technology, Safi, Cadi Ayyad University, Marrakech, Morocco<\/li>\n<li>Dr. Behnam Bahrami, Eastern Mediterranean University, Famagusta, Cyprus<\/li>\n<li>Dr.\u00a0 D. K. Banwet, IIT-Delhi, India<\/li>\n<li>Dr. Abdelaziz Berrado, The Ecole Mohammadia d\u2019Ing\u00e9nieurs, Rabat, Morocco<\/li>\n<li>Dr. Mahdi Bashiri, Shahed University, Iran<\/li>\n<li>Dr. Vladimir Beresnev, Sobolev Institute of Mathematics, Russia<\/li>\n<li>Dr. Haider Ali Biswas, Khulna University, Bangladesh<\/li>\n<li>Dr. Miguel Sanz Bobi, Comillas Pontifical University, Spain<\/li>\n<li>Dr. Nejib Chouaibi, Polytechnic School of Tunisia, Tunisia<\/li>\n<li>Dr. Mohammad Ishak Desa, Universiti Teknologi Malaysia<\/li>\n<li>Dr. Omar Elmabrouk, Benghazi University, Libya<\/li>\n<li>Dr. Dinusha Gamage, University of Moratuwa, Sri Lanka<\/li>\n<li>Dr. Rodrigo Garrido, Universidad Adolfo Ibaez, Chile<\/li>\n<li>Dr. Vassilis Gerogiannis, Department of Project Management, Greece<\/li>\n<li>Dr. Jahara bint Ghani, UKM, Malaysia<\/li>\n<li>Dr. Ravi Gor, St. Kabir Institute of Professional Studies, Ahmedabad, India<\/li>\n<li>Dr. Kannan Govindan, University of Southern Denmark, Denmark<\/li>\n<li>Dr. Md. Mamun Habib, Universiti Utara Malaysia<\/li>\n<li>Dr. Ramy Harik, University of South Carolina, USA<\/li>\n<li>Dr. Maruf Hasan, University of New South Wales, Australia<\/li>\n<li>Dr. Ahmed Kadhim Hussein, Babylon University, Iraq<\/li>\n<li>Dr. Javad Khamisabadi, Islamic Azad University, Tehran, Iran<\/li>\n<li>Dr. Raja Kothandaraman, Alpha College of Engineering, Chennai, India<\/li>\n<li>Dr. Brigitte Jaumard, Concordia University, Canada<\/li>\n<li>Dr. Rashmi Jha, Gitarattan International Business School (GIBS), Affiliated to Guru Gobind Singh Indraprastha University, New Delhi, India<\/li>\n<li>Dr. Shahrul B. Kamaruddin, Universiti Sains Malaysia<\/li>\n<li>Dr. Francis Leung, City University of Hong Kong, China<\/li>\n<li>Dr. Boudouda Malik, University of Champagne-Ardenne, France<\/li>\n<li>Dr. Ilias Mamat, Quest International University Perak, Ipoh, Malaysia<\/li>\n<li>Dr. Fulufhelo Masithulela, University of South Africa<\/li>\n<li>Dr. Abderrahmane Mellak, University of Boumerdes, Algeria<\/li>\n<li>Dr. Yuan Xue Ming, SIMTech: Singapore Institute of Manufacturing Technology, Singapore<\/li>\n<li>Dr. Ruchi Mishra, Institute of Management, Nirma Univ., Ahmedabad, India<\/li>\n<li>Dr. Vladimir Modrak, TUKE, Slovakia<\/li>\n<li>Dr. Norhamidi Muhamad, UKM, Malaysia<\/li>\n<li>Dr. Michael Mutingi, University of Botswana, Botswana<\/li>\n<li>Dr. Arun N. Nambiar, California State University \u2013 Fresno, USA<\/li>\n<li>Dr. Cecilia Nembou, Divine Word University, Papua New Guinea<\/li>\n<li>Dr. Sawat Pararach, Thammasat University, Thailand<\/li>\n<li>Dr. Eui H. Park, North Carolina A&amp;T State University, USA<\/li>\n<li>Dr. Md. Mizanur Rahman, Universiti Malaysia Sabah (UMS), Kota Kinabalu, Sabah, Malaysia<\/li>\n<li>Dr. T. Ramayah, School of Management, Universiti Sains Malaysia<\/li>\n<li>Dr. Raja Zuraidah Raja Mohd Rasi, Universiti Tun Hussein Onn Malaysia<\/li>\n<li>Dr. Bhuvenesh Rajamony, University Malaysia Perlis (UniMAP), Malaysia<\/li>\n<li>Dr. Mohd Abdur Rashid, University Malaysia Perlis (UniMAP), Malaysia<\/li>\n<li>Dr. Syed Asif Raza, Qatar University, Qatar<\/li>\n<li>Dr. Nubia Milena Velasco Rodriguez, Universidad de Los Andes, Colombia<\/li>\n<li>Dr. P. Sanjeevikumar, Dublin Institute of Technology, Ireland<\/li>\n<li>Dr. Mahmood Shafiee, Cranfield University, Bedfordshire, United Kingdom<\/li>\n<li>Dr. Ahm Shamsuzzoha, University of Vaasa, Finland<\/li>\n<li>Dr. Abdussalam Shibani, Coventry University, UK<\/li>\n<li>Dr. Sarbjit Singh, National Institute of Technology, Jalandhar, Punjab, India<\/li>\n<li>Dr. Shahryar Sorooshian, University of Gothenburg, Sweden<\/li>\n<li>Dr. Jayakanth Srinivasan, MIT Sloan School of Management<\/li>\n<li>Dr. Gopalan Srinivasan, University of New Brunswick, Canada<\/li>\n<li>Dr. Zuraidah Sulaiman, Universiti Teknologi Malaysia<\/li>\n<li>Dr. Balan Sundarakani, University of Wollongong in Dubai, UAE<\/li>\n<li>Laurent Tchommo, Operations Management, Department of CIS &amp; BSAN, College of Business, James Madison University, VA, USA<\/li>\n<li>Dr. Murat Caner Testik, Hacettepe University, Ankara, Turkey<\/li>\n<li>Dr. Theodore B. Trafalis, University of Oklahoma, USA<\/li>\n<li>Dr. Vladimir I. Tsurkov, Russian Academy of Sciences, Moscow, Russia<\/li>\n<li>Dr. Hui-Ming Wee, Chung Yuan Christian University, Taiwan<\/li>\n<li>Dr. Yong Yin, Yamagata University, Japan<\/li>\n<li>Dr. Norzaidahwati Zaidin, Universiti Teknologi Malaysia, Johor, Malaysia<\/li>\n<li>Dr. Suhaiza Hanim Zailani,University Malaya, Malaysia<\/li>\n<li>Dr. Linda L. Zhang, IESEG School of Management, Lille-Paris, France<\/li>\n<li>Dr. Ali Mostafaeipour, Associate Professor, Industrial Engineering Department, Yazd University, Yazd, Iran<\/li>\n<\/ul>\n","protected":false},"excerpt":{"rendered":"<p>Registration: https:\/\/www.xcdsystem.com\/IEOM\/attendee\/index.cfm?ID=1jNY5mM\u00a0 Conference Committee Conference Chairs: Dr. Bilal Toklu, Chair, Department of Industrial Engineering, Gazi University, Ankara, T\u00fcrkiye Dr. Metin Turkay, Professor, Industrial Engineering Department, Koc University, Istanbul, T\u00fcrkiye Dr. Hulya Yavuz Ersan, Professor at Hacettepe University, T\u00fcrkiye Dr. Ahad Ali, Associate Professor, Director of Doctor of Engineering in Advanced Manufacturing, Director of Industrial Engineering, [&hellip;]<\/p>\n","protected":false},"author":1,"featured_media":0,"parent":0,"menu_order":0,"comment_status":"closed","ping_status":"closed","template":"","meta":{"footnotes":""},"class_list":["post-26","page","type-page","status-publish","hentry"],"_links":{"self":[{"href":"https:\/\/ieomsociety.org\/ankara2026\/wp-json\/wp\/v2\/pages\/26","targetHints":{"allow":["GET"]}}],"collection":[{"href":"https:\/\/ieomsociety.org\/ankara2026\/wp-json\/wp\/v2\/pages"}],"about":[{"href":"https:\/\/ieomsociety.org\/ankara2026\/wp-json\/wp\/v2\/types\/page"}],"author":[{"embeddable":true,"href":"https:\/\/ieomsociety.org\/ankara2026\/wp-json\/wp\/v2\/users\/1"}],"replies":[{"embeddable":true,"href":"https:\/\/ieomsociety.org\/ankara2026\/wp-json\/wp\/v2\/comments?post=26"}],"version-history":[{"count":118,"href":"https:\/\/ieomsociety.org\/ankara2026\/wp-json\/wp\/v2\/pages\/26\/revisions"}],"predecessor-version":[{"id":1826,"href":"https:\/\/ieomsociety.org\/ankara2026\/wp-json\/wp\/v2\/pages\/26\/revisions\/1826"}],"wp:attachment":[{"href":"https:\/\/ieomsociety.org\/ankara2026\/wp-json\/wp\/v2\/media?parent=26"}],"curies":[{"name":"wp","href":"https:\/\/api.w.org\/{rel}","templated":true}]}}