{"id":1884,"date":"2022-05-31T17:49:53","date_gmt":"2022-05-31T17:49:53","guid":{"rendered":"http:\/\/ieomsociety.org\/rome2022\/?page_id=1884"},"modified":"2024-05-05T03:18:52","modified_gmt":"2024-05-05T03:18:52","slug":"lean","status":"publish","type":"page","link":"https:\/\/ieomsociety.org\/bogota2024\/lean\/","title":{"rendered":"Lean Six Sigma and Operations Excellence"},"content":{"rendered":"<h1 style=\"text-align: center;\"><span style=\"color: #993300;\"><strong>Global Lean Six Sigma and Operations Excellence<\/strong><\/span><\/h1>\n<p style=\"text-align: center;\"><strong>Speaker Registration:<\/strong> <a href=\"https:\/\/www.xcdsystem.com\/IEOM\/attendee\/index.cfm?ID=jzpjeHF\">https:\/\/www.xcdsystem.com\/IEOM\/attendee\/index.cfm?ID=jzpjeHF<\/a><\/p>\n<hr \/>\n<h2 style=\"text-align: center;\"><span style=\"color: #993300;\"><strong>Distinguished Speakers<\/strong><\/span><\/h2>\n<h3 style=\"text-align: center;\"><span style=\"color: #000000;\"><strong>May 7, 2024 &#8211; 8:00 am &#8211; 9:40 am &#8211; Room 1 (Onsite)<br \/>\n<\/strong><\/span>Session Chair: Ivanhoe Rozo-Rojas<\/h3>\n<p>8:00 &#8211; 8:20 am, Tuesday, May 7, 2024<\/p>\n<h2><span style=\"color: #ff6600;\"><strong><img decoding=\"async\" loading=\"lazy\" class=\"wp-image-2548 alignleft\" src=\"http:\/\/ieomsociety.org\/bogota2024\/wp-content\/uploads\/2024\/05\/alberto.png\" alt=\"\" width=\"224\" height=\"205\" srcset=\"https:\/\/ieomsociety.org\/bogota2024\/wp-content\/uploads\/2024\/05\/alberto.png 440w, https:\/\/ieomsociety.org\/bogota2024\/wp-content\/uploads\/2024\/05\/alberto-300x274.png 300w, https:\/\/ieomsociety.org\/bogota2024\/wp-content\/uploads\/2024\/05\/alberto-195x178.png 195w\" sizes=\"(max-width: 224px) 100vw, 224px\" \/>Alberto Poveda Caputo<br \/>\n<\/strong><strong>Innovation &amp; Operational Excellence Senior Master<br \/>\n<\/strong><strong>General Motors<br \/>\n<\/strong><strong>Bogota, Colombia<\/strong><\/span><\/h2>\n<p><strong style=\"font-size: revert; color: initial;\">Presentation Title:<\/strong> <strong style=\"font-size: revert; color: initial;\">Innovation: The Engine of Change<\/strong><\/p>\n<p><strong>\u00a0<\/strong>Alberto Poveda Caputo holds a Bachelor&#8217;s degree and a Master&#8217;s degree in Industrial Engineering with a focus on Operations Research from Universidad de los Andes (Bogot\u00e1, Colombia). He has over 10 years of experience driving operational excellence and continuous improvement across diverse industries. Currently, as an Innovation &amp; Operational Excellence Senior Master at General Motors South America, Alberto spearheads high-impact projects yielding $22.5M in cost savings\/revenue growth. He also advises on strategy and champions OpEx training, resulting in over 600 certifications. Mr. Poveda Caputo is a Certified Operational Excellence Master from General Motors (GM). Additionally, he possesses a Black Belt Lean Six Sigma certification from Arizona State University (ASU). Furthermore, Mr. Poveda Caputo is a Certified Manager of Quality &amp; Organizational Excellence from the American Society for Quality (ASQ), and a Certified Internal Quality Auditor under ISO 9001:2008, showcasing his deep understanding of quality management systems and best practices.<\/p>\n<hr \/>\n<p>8:20 &#8211; 8:40 am<\/p>\n<h3><span style=\"color: #ff6600;\"><strong>Paola Cruz D\u00edaz<\/strong><\/span><br \/>\n<span style=\"color: #ff6600;\"><strong>Directora Ejecutiva<\/strong><\/span><br \/>\n<span style=\"color: #ff6600;\"><strong>Lean Six Sigma Institute LATAM<\/strong><\/span><br \/>\n<span style=\"color: #ff6600;\"><strong>Bogota, Colombia<\/strong><\/span><\/h3>\n<hr \/>\n<p>8:40 &#8211; 9:00 am<\/p>\n<h3><span style=\"color: #ff6600;\"><strong>Lina Mar\u00eda G\u00f3mez Cort\u00e9s<\/strong><\/span><br \/>\n<span style=\"color: #ff6600;\"><strong>Professor, Universidad de La Sabana<\/strong><\/span><br \/>\n<span style=\"color: #ff6600;\"><strong>Co fundadora y COO, Tech, Social, Agro and Arts<\/strong><\/span><br \/>\n<span style=\"color: #ff6600;\"><strong>Bogot\u00e1, Colombia<\/strong><\/span><\/h3>\n<hr \/>\n<p>9:00 &#8211; 9:20 am<\/p>\n<hr \/>\n<p>9:20 &#8211; 9:40 am<\/p>\n<h2><strong><span style=\"color: #ff6600;\"><img decoding=\"async\" loading=\"lazy\" class=\"wp-image-2471 alignleft\" src=\"http:\/\/ieomsociety.org\/bogota2024\/wp-content\/uploads\/2024\/04\/Ivanjoe.jpg\" alt=\"\" width=\"266\" height=\"311\" srcset=\"https:\/\/ieomsociety.org\/bogota2024\/wp-content\/uploads\/2024\/04\/Ivanjoe.jpg 430w, https:\/\/ieomsociety.org\/bogota2024\/wp-content\/uploads\/2024\/04\/Ivanjoe-257x300.jpg 257w, https:\/\/ieomsociety.org\/bogota2024\/wp-content\/uploads\/2024\/04\/Ivanjoe-167x195.jpg 167w\" sizes=\"(max-width: 266px) 100vw, 266px\" \/>Ivanhoe Rozo-Rojas<br \/>\nProfessor<\/span><\/strong><br \/>\n<strong><span style=\"color: #ff6600;\">Director, Industrial Engineering<\/span><\/strong><br \/>\n<strong><span style=\"color: #ff6600;\">Universidad Cat\u00f3lica de Colombia<\/span><\/strong><br \/>\n<strong><span style=\"color: #ff6600;\">Bogota, Colombia<\/span><\/strong><\/h2>\n<p><strong>Ivanhoe Rozo-Rojas<\/strong> is a professor at the Universidad Catolica de Colombia in the Faculty of Engineering at Bogota (Colombia). He leads the Industrial Engineering program and belongs to the Research Group of Production. Mr. Rozo-Rojas holds a Bachelor of Industrial Engineering from Universidad Santo Tom\u00e1s (Bucaramanga, Colombia), a master\u2019s in quality and management systems from Universidad Santo Tom\u00e1s (Bucaramanga, Colombia), and he currently studies the PhD in Engineering at Universidad Nacional de Colombia (Bogota, Colombia). He got the Black Belt Lean Six Sigma certification by The Council for Six Sigma Certification. His teaching courses are related to Lean Six Sigma, Quality Control, and Management Systems in bachelor, specialization, and master\u2019s degrees. He has developed various projects in healthcare organizations applying operational excellence approaches with collaboration of other academic and business. He served as consultant of organizations for getting certifications and improving its processes. He served as Co-chair of the International Conference on Industrial Engineering and Operations Management Bogota 2024.<\/p>\n","protected":false},"excerpt":{"rendered":"<p>Global Lean Six Sigma and Operations Excellence Speaker Registration: https:\/\/www.xcdsystem.com\/IEOM\/attendee\/index.cfm?ID=jzpjeHF Distinguished Speakers May 7, 2024 &#8211; 8:00 am &#8211; 9:40 am &#8211; Room 1 (Onsite) Session Chair: Ivanhoe Rozo-Rojas 8:00 &#8211; 8:20 am, Tuesday, May 7, 2024 Alberto Poveda Caputo Innovation &amp; Operational Excellence Senior Master General Motors Bogota, Colombia Presentation Title: Innovation: The Engine [&hellip;]<\/p>\n","protected":false},"author":1,"featured_media":0,"parent":0,"menu_order":0,"comment_status":"closed","ping_status":"closed","template":"","meta":[],"_links":{"self":[{"href":"https:\/\/ieomsociety.org\/bogota2024\/wp-json\/wp\/v2\/pages\/1884"}],"collection":[{"href":"https:\/\/ieomsociety.org\/bogota2024\/wp-json\/wp\/v2\/pages"}],"about":[{"href":"https:\/\/ieomsociety.org\/bogota2024\/wp-json\/wp\/v2\/types\/page"}],"author":[{"embeddable":true,"href":"https:\/\/ieomsociety.org\/bogota2024\/wp-json\/wp\/v2\/users\/1"}],"replies":[{"embeddable":true,"href":"https:\/\/ieomsociety.org\/bogota2024\/wp-json\/wp\/v2\/comments?post=1884"}],"version-history":[{"count":18,"href":"https:\/\/ieomsociety.org\/bogota2024\/wp-json\/wp\/v2\/pages\/1884\/revisions"}],"predecessor-version":[{"id":2550,"href":"https:\/\/ieomsociety.org\/bogota2024\/wp-json\/wp\/v2\/pages\/1884\/revisions\/2550"}],"wp:attachment":[{"href":"https:\/\/ieomsociety.org\/bogota2024\/wp-json\/wp\/v2\/media?parent=1884"}],"curies":[{"name":"wp","href":"https:\/\/api.w.org\/{rel}","templated":true}]}}