{"id":26,"date":"2017-01-15T14:12:24","date_gmt":"2017-01-15T14:12:24","guid":{"rendered":"http:\/\/ieomsociety.org\/ieom2018\/?page_id=26"},"modified":"2024-04-30T17:01:18","modified_gmt":"2024-04-30T17:01:18","slug":"committee","status":"publish","type":"page","link":"https:\/\/ieomsociety.org\/bogota2024\/committee\/","title":{"rendered":"Committee"},"content":{"rendered":"<h1 style=\"text-align: center;\"><strong><span style=\"color: #993300;\">Conference Committee<\/span><\/strong><\/h1>\n<p><span style=\"color: #ff00ff;\"><span style=\"color: #000000;\"><strong>Submission Link: <a href=\"https:\/\/www.xcdsystem.com\/IEOM\/abstract\/index.cfm?ID=6p9fihL\">https:\/\/www.xcdsystem.com\/IEOM\/abstract\/index.cfm?ID=6p9fihL<\/a><\/strong><\/span><br \/>\n<\/span><span style=\"color: #ff00ff;\"><span style=\"color: #000000;\"><strong>Registration Link: <a href=\"https:\/\/www.xcdsystem.com\/IEOM\/attendee\/index.cfm?ID=89o1eoS\">https:\/\/www.xcdsystem.com\/IEOM\/attendee\/index.cfm?ID=89o1eoS<\/a><\/strong><\/span><\/span><\/p>\n<hr \/>\n<h3><span style=\"color: #ff6600;\"><strong>Conference Chairs<\/strong><\/span><\/h3>\n<p>Dr. Johanna Trujillo D\u00edaz<br \/>\nInvestigador en Estancia Post Doctoral \u2013 Proyecto Orqu\u00eddeas<br \/>\nFacultad de Ciencias Econ\u00f3micas y Administrativa<br \/>\nUniversidad Cooperativa de Colombia<br \/>\nBogot\u00e1, Colombia<\/p>\n<p><strong>Professor Jaime D\u00edaz Ortiz<\/strong><br \/>\nDean<br \/>\nFaculty of Engineering<br \/>\nUniversidad Cat\u00f3lica de Colombia<br \/>\nBogota, Colombia<\/p>\n<p><strong>Dr. Javier Arturo Moreno Carvajal<br \/>\n<\/strong>Dean<br \/>\nSchool of Engineering<br \/>\nInstituci\u00f3n Universitaria Colegios de Colombia \u2013 UNICOC<br \/>\nBogota, D.C., Capital District, Colombia<\/p>\n<p><strong>Dr. Ahad Ali<br \/>\n<\/strong>Associate Professor<br \/>\nDirector of Industrial Engineering Program<br \/>\nLawrence Technological University<br \/>\nSouthfield, Michigan, USA<\/p>\n<hr \/>\n<h3><span style=\"color: #ff6600;\"><strong>Conference Co-Chairs<\/strong><\/span><\/h3>\n<ul>\n<li>Ivanhoe Rozo Rojas, Head\/Director of Industrial Engineering, Universidad Cat\u00f3lica de Colombia, Bogota<\/li>\n<li>Juan S. S\u00e1nchez-G\u00f3mez, Professor, Industrial Engineering Program, Universidad Cat\u00f3lica de Colombia, Bogota<\/li>\n<\/ul>\n<hr \/>\n<h3><span style=\"color: #ff6600;\"><strong>Technical Chairs\u00a0<\/strong><\/span><\/h3>\n<ul>\n<li>Mario Chauca, Professor of Industrial Engineering, Universidad Ricardo Palma, Lima, Peru<\/li>\n<li>Juli\u00e1n Arellana, Dean, College of Engineering, Associate Professor, Department of Civil and Environmental Engineering, Universidad del Norte, Barranquilla, Colombia<\/li>\n<li>Sandro Paz, Professor and Director, Department of Industrial Engineering Program, Pontificia Universidad Catolica del Peru, San Miguel, Lima, Peru<\/li>\n<li>Ximena C\u00f3rdova Vallejo, Profesora, Colegio de Ciencias e Ingenier\u00edas, Polit\u00e9cnico Universidad San Francisco de Quito, Ecuador<\/li>\n<\/ul>\n<hr \/>\n<h3><span style=\"color: #ff6600;\"><strong>Program Chairs<\/strong><\/span><\/h3>\n<ul>\n<li>Diego Alexis Romero Rinc\u00f3n, Extension Facultad de Ingenier\u00eda, Universidad Cat\u00f3lica de Colombia<\/li>\n<li>Professor Don Reimer, Director of Membership and Chapter Development, IEOM Society<\/li>\n<li>Vitor Mendes Caldana, Federal Institute of Sao Paulo (IFSP) \u2013 Sorocaba Campus, Sao Paulo, Brazil and Operations Director of IEOM South America<\/li>\n<li>Dr. Rodrigo Luiz Gigante, Coordinator of Production Engineering, FACENS University, Sorocaba, Sao Paulo, Brazil<\/li>\n<li>Jorge Kurita, Research Faculty, Department of Industrial Engineering, Asuncion National University, Paraguay<\/li>\n<\/ul>\n<hr \/>\n<h3><span style=\"color: #ff6600;\"><strong>Program Committee<\/strong><\/span><\/h3>\n<ul>\n<li>Prof. Stefano Scialla, Department of Engineering, Universit\u00e0 Campus Bio-medico di Roma, Italy<\/li>\n<li>Omar Mora, Business Development Manager @ Blackberry&amp;Cross | CSSBB, CPIM, CQE, Costa Rica<\/li>\n<li>Camilo Alarc\u00f3n Nieto, UNIR<\/li>\n<li>Diana Patricia Diaz Velandia, UNIR<\/li>\n<li>Dr. M\u00f3nica Su\u00e1rez, Universidad Am\u00e9rica Avenida<\/li>\n<li>Dr. Paloma Martinez, Universidad Militar Nueva Granada<\/li>\n<li>Professor Andr\u00e9s Felipe Santos H., Escuela Colombiana de Ingenier\u00eda Julio Garavito<\/li>\n<li>Johanna Caranton Diaz, UNIR<\/li>\n<li>Jos\u00e9 Luis Sanz Tena, Universidad Santo Tom\u00e1s de Aquino Auditorio<\/li>\n<li>Luis Enrique Tarazona, Universidad de Los Andes<\/li>\n<li>Miryam Liliana Chaves Acero, UNIR<\/li>\n<\/ul>\n<hr \/>\n<h3><span style=\"color: #ff6600;\"><strong>Technical Committee \/ Reviewers<\/strong><\/span><strong>\u00a0<\/strong><\/h3>\n<table width=\"694\">\n<tbody>\n<tr>\n<td width=\"156\">Abbas<\/td>\n<td width=\"132\">Mahmoudabadi<\/td>\n<td width=\"407\">MehrAstan University<\/td>\n<\/tr>\n<tr>\n<td width=\"156\">Antonio Javier<\/td>\n<td width=\"132\">Nakhal Akel<\/td>\n<td width=\"407\">Sapienza University of Rome<\/td>\n<\/tr>\n<tr>\n<td width=\"156\">Arshia<\/td>\n<td width=\"132\">Kaul<\/td>\n<td width=\"407\">University of Melbourne, Melbourne, Victoria, Australia<\/td>\n<\/tr>\n<tr>\n<td width=\"156\">Arya<\/td>\n<td width=\"132\">Karami<\/td>\n<td width=\"407\">The University of New South Wales, Sydney, Australia<\/td>\n<\/tr>\n<tr>\n<td width=\"156\">Asif Mohammad<\/td>\n<td width=\"132\">Mithu<\/td>\n<td width=\"407\">South Dakota School of Mines and Technology<\/td>\n<\/tr>\n<tr>\n<td width=\"156\">Ayodele<\/td>\n<td width=\"132\">Daniyan<\/td>\n<td width=\"407\">obafemi Awolowo University, Ile-Ife<\/td>\n<\/tr>\n<tr>\n<td width=\"156\">Babs<\/td>\n<td width=\"132\">Omidiji<\/td>\n<td width=\"407\">Obafemi Awolowo University<\/td>\n<\/tr>\n<tr>\n<td width=\"156\">C\u00e1tia<\/td>\n<td width=\"132\">Aguiar<\/td>\n<td width=\"407\">Universidade Federal de Santa Catarina<\/td>\n<\/tr>\n<tr>\n<td width=\"156\">Chandan<\/td>\n<td width=\"132\">Jha<\/td>\n<td width=\"407\">Indian Institute Of Management Ranchi<\/td>\n<\/tr>\n<tr>\n<td width=\"156\">Cristian<\/td>\n<td width=\"132\">Rinc\u00f3n Guio<\/td>\n<td width=\"407\">Corporaci\u00f3n Universitaria Minuto de Dios<\/td>\n<\/tr>\n<tr>\n<td width=\"156\">Danieli<\/td>\n<td width=\"132\">Braun Vargas<\/td>\n<td width=\"407\">Karlsruhe Institute of Technology<\/td>\n<\/tr>\n<tr>\n<td width=\"156\">Ebert<\/td>\n<td width=\"132\">Brea<\/td>\n<td width=\"407\">Universidad Cat\u00f3lica Andr\u00e9s Bello<\/td>\n<\/tr>\n<tr>\n<td width=\"156\">Elena<\/td>\n<td width=\"132\">Espinoza<\/td>\n<td width=\"407\">Universidad Continental<\/td>\n<\/tr>\n<tr>\n<td width=\"156\">Elyn Solano<\/td>\n<td width=\"132\">Charris<\/td>\n<td width=\"407\">Universidad de La Sabana<\/td>\n<\/tr>\n<tr>\n<td width=\"156\">Emy Ezura<\/td>\n<td width=\"132\">A Jalil<\/td>\n<td width=\"407\">Universiti Utara Malaysia<\/td>\n<\/tr>\n<tr>\n<td width=\"156\">Eno<\/td>\n<td width=\"132\">Udoh<\/td>\n<td width=\"407\">Auburn University<\/td>\n<\/tr>\n<tr>\n<td width=\"156\">Enyinnaya<\/td>\n<td width=\"132\">Onuma<\/td>\n<td width=\"407\">Auburn University<\/td>\n<\/tr>\n<tr>\n<td width=\"156\">Felix<\/td>\n<td width=\"132\">Badilla-Murillo<\/td>\n<td width=\"407\">Instituto Tecnol\u00f3gico de Costa Rica<\/td>\n<\/tr>\n<tr>\n<td width=\"156\">Francesco<\/td>\n<td width=\"132\">Simone<\/td>\n<td width=\"407\">Sapienza University of Rome<\/td>\n<\/tr>\n<tr>\n<td width=\"156\">Gerisval<\/td>\n<td width=\"132\">Alves Pessoa<\/td>\n<td width=\"407\">VALE S.A.<\/td>\n<\/tr>\n<tr>\n<td width=\"156\">Hernando<\/td>\n<td width=\"132\">Garz\u00f3n Saenz<\/td>\n<td width=\"407\">Fundaci\u00f3n Universitaria Tecnol\u00f3gico Comfenalco Cartagena<\/td>\n<\/tr>\n<tr>\n<td width=\"156\">Ivanhoe<\/td>\n<td width=\"132\">Rozo<\/td>\n<td width=\"407\">Universidad Cat\u00f3lica de Colombia<\/td>\n<\/tr>\n<tr>\n<td width=\"156\">Johanna<\/td>\n<td width=\"132\">Trujillo Diaz<\/td>\n<td width=\"407\">Fundaci\u00f3n Universitaria Internacional de la Rioja<\/td>\n<\/tr>\n<tr>\n<td width=\"156\">Juan Sebasti\u00e1n<\/td>\n<td width=\"132\">S\u00e1nchez-G\u00f3mez<\/td>\n<td width=\"407\">Universidad Catolica de Colombia<\/td>\n<\/tr>\n<tr>\n<td width=\"156\">Kazi Nusrat<\/td>\n<td width=\"132\">Islam<\/td>\n<td width=\"407\">Khulna University<\/td>\n<\/tr>\n<tr>\n<td width=\"156\">Lara Brunelle<\/td>\n<td width=\"132\">Almeida Freitas<\/td>\n<td width=\"407\">Universidade Estadual do Oeste do Paran\u00e1 &#8211; UNIOESTE<\/td>\n<\/tr>\n<tr>\n<td width=\"156\">Laura<\/td>\n<td width=\"132\">Lerman<\/td>\n<td width=\"407\">UFRGS<\/td>\n<\/tr>\n<tr>\n<td width=\"156\">Lorena<\/td>\n<td width=\"132\">Bearzotti<\/td>\n<td width=\"407\">PUCV<\/td>\n<\/tr>\n<tr>\n<td width=\"156\">LUIS EDUARDO<\/td>\n<td width=\"132\">BECERRA ARDILA<\/td>\n<td width=\"407\">UNIVERSIDAD INDUSTRIAL DE SANTANDER<\/td>\n<\/tr>\n<tr>\n<td width=\"156\">Luis Enrique<\/td>\n<td width=\"132\">Tarazona Torres<\/td>\n<td width=\"407\">Universidad de Los Andes<\/td>\n<\/tr>\n<tr>\n<td width=\"156\">MARGOT<\/td>\n<td width=\"132\">CAJIGAS<\/td>\n<td width=\"407\">Universidad Aut\u00f3noma De Occidente &#8211; Santiago De Cali-Col.<\/td>\n<\/tr>\n<tr>\n<td width=\"156\">Mario<\/td>\n<td width=\"132\">Chauca<\/td>\n<td width=\"407\">Universidad Ricardo Palma<\/td>\n<\/tr>\n<tr>\n<td width=\"156\">Md Mizanur<\/td>\n<td width=\"132\">Rahman<\/td>\n<td width=\"407\">IEOM Society<\/td>\n<\/tr>\n<tr>\n<td width=\"156\">Md. Aqib<\/td>\n<td width=\"132\">Islam Chowdhury<\/td>\n<td width=\"407\">IEOM Society<\/td>\n<\/tr>\n<tr>\n<td width=\"156\">Md. Mizanur<\/td>\n<td width=\"132\">Rahman<\/td>\n<td width=\"407\">Aalto University, Finland<\/td>\n<\/tr>\n<tr>\n<td width=\"156\">Melvin<\/td>\n<td width=\"132\">Drent<\/td>\n<td width=\"407\">Eindhoven University of Technology<\/td>\n<\/tr>\n<tr>\n<td width=\"156\">Milton<\/td>\n<td width=\"132\">Angulo<\/td>\n<td width=\"407\">Universidad Militar Nueva Granada<\/td>\n<\/tr>\n<tr>\n<td width=\"156\">Nora Fernanda<\/td>\n<td width=\"132\">Arciniegas S\u00e1nchez<\/td>\n<td width=\"407\">Fundaci\u00f3n universitaria de Popay\u00e1n<\/td>\n<\/tr>\n<tr>\n<td width=\"156\">Paulo Henrique<\/td>\n<td width=\"132\">Amorim Santos<\/td>\n<td width=\"407\">Universidade Federal de S\u00e3o Carlos<\/td>\n<\/tr>\n<tr>\n<td width=\"156\">Raghunandan<\/td>\n<td width=\"132\">Gurumurthy<\/td>\n<td width=\"407\">Crossover Solutions USA Inc<\/td>\n<\/tr>\n<tr>\n<td width=\"156\">S M Rakibul<\/td>\n<td width=\"132\">Islam<\/td>\n<td width=\"407\">Lamar University &#8211; Beaumont, TX<\/td>\n<\/tr>\n<tr>\n<td width=\"156\">S.<\/td>\n<td width=\"132\">Jamuna<\/td>\n<td width=\"407\">National Forensic Science University, Delhi Campus<\/td>\n<\/tr>\n<tr>\n<td width=\"156\">Sangat<\/td>\n<td width=\"132\">Naik<\/td>\n<td width=\"407\">ISRO<\/td>\n<\/tr>\n<tr>\n<td width=\"156\">Tahera<\/td>\n<td width=\"132\">Parvin<\/td>\n<td width=\"407\">Khulna University<\/td>\n<\/tr>\n<tr>\n<td width=\"156\">Vitor<\/td>\n<td width=\"132\">Caldana<\/td>\n<td width=\"407\">Instituto Federal de S\u00e3o Paulo, Brazil<\/td>\n<\/tr>\n<tr>\n<td width=\"156\">Wajahat<\/td>\n<td width=\"132\">Ali<\/td>\n<td width=\"407\">Aligarh Muslim University, India<\/td>\n<\/tr>\n<tr>\n<td width=\"156\">William<\/td>\n<td width=\"132\">Mosquera<\/td>\n<td width=\"407\">Universidad Cooperativa de Colombia<\/td>\n<\/tr>\n<tr>\n<td width=\"156\">Ximena<\/td>\n<td width=\"132\">Cordova-Vallejo<\/td>\n<td width=\"407\">Universidad San Francisco de Quito<\/td>\n<\/tr>\n<tr>\n<td width=\"156\">Yunellis<\/td>\n<td width=\"132\">Burgos Pereira<\/td>\n<td width=\"407\">Fundaci\u00f3n Universitaria Tecnol\u00f3gico Comfenalco Cartagena<\/td>\n<\/tr>\n<\/tbody>\n<\/table>\n<p><span style=\"color: #ff6600;\"><strong>South American Academic Committee (SAAC)<\/strong><strong>\u00a0<\/strong><\/span><\/p>\n<ul>\n<li>Dr Aline Monteiro Guimar\u00e3es Trigo CEFET\/RJ<\/li>\n<li>Dr Francisco Jos\u00e9 Casarim Rapchan, IFES (Instituto Federal de Educa\u00e7\u00e3o Tecnol\u00f3gica do Esp\u00edrito Santo)<\/li>\n<li>Dr. Ana Carla Souza Gomes dos Santos, Tecnologia do Rio de Janeiro (IFRJ) and Instituto Federal de Educa\u00e7\u00e3o, Ci\u00eancia CEFET\/RJ , Brazil<\/li>\n<li>Dr. Arthur Coelho Bezerra IBICT\/UFRJ<\/li>\n<li>Dr. Augusto C\u00e9sar Barreto Rocha, Professor Associado, UFAM \u2013 Universidade Federal do Amazonas, Brazil<\/li>\n<li>Dr. Carine de Oliveira Nunes, Instituto Federal de Educa\u00e7\u00e3o, Ci\u00eancia e Tecnologia do Tocantins \u2013 Reitoria<\/li>\n<li>Dr. Carlos A. Mari\u00f1o Del RosarioPontificia Universidad Cat\u00f3lica del Per\u00fa<\/li>\n<li>Dr. Carlos Ernani Fries, Federal University of Santa Catarina Florianopolis, SC, Brazil<\/li>\n<li>Dr. Carlos Raymundo, Universidad Peruana de Ciencias Aplicadas, Lima, Peru<\/li>\n<li>Dr. Chanan Syan, University of the West Indies, St Augustine Campus, Trinidad and Tobago<\/li>\n<li>Dr. Cl\u00e1udia Affonso Silva Araujo, Universidade Federal do Rio de Janeiro<\/li>\n<li>Dr. Claudia Le\u00f3n Ch\u00e1varri, Universidad Peruana de Ciencias Aplicadas (UPC), Monterrico, Santiago de Surco, Peru<\/li>\n<li>Dr. Cristina Gonz\u00e1lezUniversidad Cat\u00f3lica de Colombia, Bogot\u00e1, Colombia<\/li>\n<li>Dr. Daniel Nascimento, Universidade Federal Fluminense, Brazil<\/li>\n<li>Dr. Dayse Haime Pastore CEFET\/RJ<\/li>\n<li>Dr. Diego Fettermann, Universidade Federal de Santa Catarina, Brazil<\/li>\n<li>Dr. Diogo Aparecido Lopes Silva, Federal University of S\u00e3o Carlos \u2013 Sorocaba, Brazil<\/li>\n<li>Dr. Edson Pinheiro de Lima, Pontifical Catholic University of Parana, Curitiba \u2013 Brazil<\/li>\n<li>Dr. Eduardo Bezerra da Silva CEFET\/RJ<\/li>\n<li>Dr. Eduardo F. Silva, Universidade Federal de Santa Catarina (UFSC), Brazil<\/li>\n<li>Dr. F\u00e1ber D. Giraldo, System and Computer Engineer,\u00a0 University of Quind\u00edo,\u00a0 Quind\u00edo, Colombia<\/li>\n<li>Dr. Fabiana Lucena Oliveira, Universidade do Estado do Amazonas, Brazil<\/li>\n<li>Dr. Felipe Serafini, Universidade Federal do Rio Grande do Sul, Brazil<\/li>\n<li>Dr. Gerard O\u2019Connor, Adelaide and Meath Hospital, Dublin, Ireland<\/li>\n<li>Dr. Gilson Ditzel Santos, Federal University of Technology \u2013 UTFPR\/Campus Pato Pato Branco, Brazil<\/li>\n<li>Dr. Guilherme Tortorella,\u00a0 Federal University of Santa Catarina (UFSC),\u00a0 Trindade, Florian\u00f3polis \u2013 SC, Brazil<\/li>\n<li>Dr. Gustavo Campos Avenda\u00f1o, Universidad Konrad Lorenz, Colombia<\/li>\n<li>Dr. Henrique Vieira, FACENS University, Sorocaba, Sao Paulo, SP, Brazil<\/li>\n<li>Dr. Hernando Garz\u00f3n S\u00e1enz, Fundaci\u00f3n Universitaria Tecnol\u00f3gico Comfenalco,\u00a0 Cartagena, Bol\u00edvar, Colombia<\/li>\n<li>Dr. Humberto Alvarez\u00a0 Universidad Tecnologica de Panama<\/li>\n<li>Dr. Husham A. Ali Elbaloula, State University of Campinas- UNICAMP, SP, Brazil<\/li>\n<li>Dr. Ignacio Laiton P., Escuela Tecnol\u00f3gica Instituto T\u00e9cnico Central (ETITC), Bogot\u00e1, Colombia<\/li>\n<li>Dr. Jaime Fernando Perez Gonzalez, La Universidad Cat\u00f3lica De Colombia<\/li>\n<li>Dr. Jos\u00e9 Aires Trigo\u00a0 UNESA\/RJ (Universidade Est\u00e1cio de S\u00e1)<\/li>\n<li>Dr. Jos\u00e9 Andr\u00e9 Villas Boas Mello CEFET\/RJ Nova Igua\u00e7u<\/li>\n<li>Dr. Jos\u00e9 Antonio Larco, Universidad de Ingenier\u00eda y Tecnolog\u00eda \u2013 UTEC, Peru, Lima<\/li>\n<li>Dr. Jos\u00e9 L\u00e1zaro Ferraz, FACENS University, Sorocaba, Sao Paulo, Brazil<\/li>\n<li>Dr. Juan Carlos Quiroz-Flores, Universidad de Lima, Peru<\/li>\n<li>Dr. Juan Carlos Ruiz-Carrera, Universidad Tecnica de Ambato, Ambato, Ecuador<\/li>\n<li>Dr. Julio Cesar Gonz\u00e1lez-Silva, Universidad Nacional Abierta y a Distancia UNAD \u2013 Colombia<\/li>\n<li>Dr. Kannan Govindan, University of Southern Denmark, Denmark<\/li>\n<li>Dr. Kashif Saleem, King Saud University, Riyadh, Saudi Arabia<\/li>\n<li>Dr. Laura Silvia Bahiense da Silva Leite, Universidade Federal do Rio de Janeiro<\/li>\n<li>Dr. Lauro Enciso, Universidad Nacional de San Antonio Abad del Cusco, Cusco, Per\u00fa<\/li>\n<li>Dr. Luciano Costa, Universidade Federal da Para\u00edba, Brazil<\/li>\n<li>Dr. Lucila Campos, Department of Production Engineering, Federal University of Santa Catarina (UFSC), Florian\u00f3polis, SC, Brazil<\/li>\n<li>Dr. Luiz Pinheiro da Guia, Professor, Centro Federal de Educa\u00e7\u00e3o Tecnol\u00f3gica de Minas Gerais \u2013 CEFET-MG, Brasil<\/li>\n<li>Dr. Marcelo Trentin, Universidade Tecnol\u00f3gica Federal do Paran\u00e1, Brazil<\/li>\n<li>Dr. Marcio Luiz Marietto, Instituto Polit\u00e9cnico de Leiria, Portugal and Researcher Universidade do Contestado, Santa Catarina, Brasil<\/li>\n<li>Dr. Marco Antonio Barbosa Braga CEFET\/RJ, Brazil<\/li>\n<li>Dr. Mario Chauca, Ricardo Palma University, Peru<\/li>\n<li>Dr. Miguel Avalos Ortecho Edilberto, ULima<\/li>\n<li>Dr. Moacyr Machado Cardoso Junior, Instituto Tecnol\u00f3gico de Aeron\u00e1utica, S\u00e3o Jos\u00e9 dos Campos, SP, Brazil<\/li>\n<li>Dr. Olufemi Adetunji, University of Pretoria, South Africa<\/li>\n<li>Dr. Oscar A. V\u00e1squez-Bernal, Universidad Nacional Abierta y a Distancia UNAD \u2013 Colombia<\/li>\n<li>Dr. Patr\u00edcia Andrea do Prado Rios \u2013 University of York, UK<\/li>\n<li>Dr. Ricardo Alexandre Diogo, Professor Adjunto, PUCPR &#8211; Pontif\u00edcia Universidade Cat\u00f3lica do Paran\u00e1, Curitiba, Paran\u00e1, Brazil<\/li>\n<li>Dr. Ricardo Pimenta IBICT\/UFRJ<\/li>\n<li>Dr. Roberto Antonio Martins, Federal University of Sao Carlos (UFSCar),\u00a0 Sao Carlos, SP, Brazil<\/li>\n<li>Dr. Rodrigo Caiado, Universidade Federal Fluminense, Brazil<\/li>\n<li>Dr. Sandro Breval, Universidade Federal do Amazonas<\/li>\n<li>Dr. Symone Gomes Soares Alcal\u00e1, Federal University of Goi\u00e1s, Campus Aparecida de Goi\u00e2nia, Brazil<\/li>\n<li>Dr. Umar AL-Turki, King Fahd University of Petroleum and Minerals, Saudi Arabia<\/li>\n<li>Dr. \u00darsula Maruyama, Centro Federal de Educa\u00e7\u00e3o Tecnol\u00f3gica Celso Suckow da Fonseca, Rio de Janeiro Area, Brazil<\/li>\n<li>Dr. Vicente Ram\u00edrez N\u00fa\u00f1ezUniversidad Austral de Chile<\/li>\n<li>Dr. Victor H. Molina,\u00a0Director of Innovation and Entrepreneurship, Technical University of Ambato, Ambato, Ecuador<\/li>\n<li>Dr. Wladmir Henriques Motta CEFET\/RJ (Pr\u00f3-reitoria de P\u00f3s-gradua\u00e7\u00e3o)<\/li>\n<li>Dr.. Enzo Morosini Frazzon, Federal University of Santa Catarina (UFSC), Florian\u00f3polis, Brazil<\/li>\n<li>Dra. Lorena BearzottiPontificia Universidad Cat\u00f3lica de Valpara\u00edso, Chile<\/li>\n<li>Dra. Patr\u00edcia\u00a0 Silva Ferreira, IFRJ (Federal Institute of Technological Education of Rio de Janeiro)<\/li>\n<li>Ebert Brea, School of Industrial Engineering (SIE), Catholic University Andr\u00e9s Bello (UCAB), Caracas, Venezuela<\/li>\n<li>Eduardo Redondo National University of Asuncion, Faculty of Engineering, Asuncion, Paraguay<\/li>\n<li>Elena Espinoza Rios, Universidad Continental, Peru<\/li>\n<li>Franklin Cordova-Buiza, Research Teacher, Department of Industrial Engineering, Universidad Norte, Peru<\/li>\n<li>Guilherme Tortorella, Universidade Federal de Santa Catarina, Brazil<\/li>\n<li>H\u00e9ctor Bravo\u00a0\u00a0\u00a0 Universidad Nacional de Ingenier\u00eda, Lima, Peru<\/li>\n<li>Hernan Nina Hanco Universidad Nacional de San Antonio Abad del Cusco, Cusco, Peru<\/li>\n<li>Hugo Chac\u00f3n Moscoso, Universidad de San Mart\u00edn de Porres, Peru, Lima<\/li>\n<li>Juan Je\u00fas Arenas\u00a0\u00a0 Pontificia Universidad Cat\u00f3lica del Per\u00fa\u00a0 San Miguel, Lima Peru<\/li>\n<li>Katerine\u00a0 Becerra Universidad Peruana de Ciencias Aplicadas, Lima, Peru<\/li>\n<li>Lauro Enciso Rodas, Universidad Nacional de San Antonio Abad del Cusco, Cusco, Peru<\/li>\n<li>Luis Alberto Zuloaga Rotta, Universidad Nacional de Ingenier\u00eda, Lima, Per\u00fa<\/li>\n<li>Mario C. V\u00e9lez G., Universidad EAFIT, Colombia<\/li>\n<li>Mart\u00edn R. Dorante, Universidad Cat\u00f3lica Andr\u00e9s Bello (UCAB), Caracas 1020, Venezuela<\/li>\n<li>Mga William Eduardo Mosquera Laverde, Universidad\u00a0Cooperativa de Colombia<\/li>\n<li>Milton Mauricio Herrera, Faculty of Economic Sciences, Center of Research in Economic Sciences, Universidad Militar Nueva Granada, Bogota, Colombia<\/li>\n<li>Milton Mauricio Herrera, Universidad Militar Nueva Granada, Bogota, Colombia<\/li>\n<li>Monica Giuliano, Universidad Nacional de Hurlingham, Argentina<\/li>\n<li>Paloma Mar\u00eda Teresa Martinez Sanchez \u2013 Universidad El Bosque, Bogot\u00e1, Colombia<\/li>\n<li>Peter Fernandes Wanke, Universidade Federal do Rio de Janeiro<\/li>\n<li>Rebeca Caceres UMIP, Ancon, Panama<\/li>\n<li>Ricardo Alexandre Diogo, Professor Adjunto, PUCPR \u2013 Pontif\u00edcia Universidade Cat\u00f3lica do Paran\u00e1, Curitiba, Paran\u00e1, Brazil<\/li>\n<li>Rodrigo Ruiz, CTI Renato Archer, Campinas, Brazil<\/li>\n<li>Victor H. Molina, Director of Innovation and Entrepreneurship, Technical University of Ambato, Ambato, Ecuador<\/li>\n<li>William Eduardo Mosquera Laverde, Universidad Cooperativa de Colombia<\/li>\n<\/ul>\n<p><strong>International Committee<\/strong><\/p>\n<ul>\n<li>Dr. \u00a0Soumaya Yacout, \u00c9cole Polytechnique de Montr\u00e9al, Canada<\/li>\n<li>Dr. Abdelaziz Berrado, The Ecole Mohammadia d\u2019Ing\u00e9nieurs (EMI), Rabat, Morocco<\/li>\n<li>Dr. Abdul Talib Bon, Universiti Tun Hussein Onn Malaysia<\/li>\n<li>Dr. Abdur Rahim, University of New Brunswick, Canada<\/li>\n<li>Dr. Ahm Shamsuzzoha, University of Vaasa, Finland<\/li>\n<li>Dr. Alireza Ghasemi, Dalhousie University, Halifax, NS, Canada<\/li>\n<li>Dr. Amjad Gawanmeh, Electrical and Computer Engineering, Khalifa University of Science and Technology, Abu Dhabi, UAE<\/li>\n<li>Dr. Arnesh Telukdarie, University of Johannesburg, South Africa<\/li>\n<li>Dr. Arun Kumar, Royal Melbourne Institute of Technology (RMIT) University, Australia<\/li>\n<li>Dr. Chan Chee-Ming, Universiti Tun Hussein Onn Malaysia<\/li>\n<li>Dr. Charles Mbohwa, University of Johannesburg, South Africa<\/li>\n<li>Dr. Docki Saraswati, Universitas Trisakti, Jakarta, Indonesia<\/li>\n<li>Dr. Gerard O\u2019Connor, Adelaide and Meath Hospital, Dublin, Ireland<\/li>\n<li>Dr. Hamid R. Parsaei, Texas A&amp;M University, College Station, USA<\/li>\n<li>Dr. Hamid Seifoddini, University of Wisconsin-Milwaukee, USA<\/li>\n<li>Dr. Henk Zijm, University of Twente, Netherlands<\/li>\n<li>Dr. Ho Hwi Chie, Bina Nusantara University (Binus), Indonesia<\/li>\n<li>Dr. Humberto Alvarez Universidad Tecnologica de Panama<\/li>\n<li>Dr. Ilham Kissani, Al Akhawayn University, Ifrane, Morocco<\/li>\n<li>Dr. Indra Gunawan, The University of Adelaide, Australia<\/li>\n<li>Dr. Jafri Mohd Rohani, Universiti Teknologi Malaysia<\/li>\n<li>Dr. Jose Arturo Garza-Reyes, University of Derby, UK<\/li>\n<li>Dr. Kannan Govindan, University of Southern Denmark, Denmark<\/li>\n<li>Dr. Kashif Saleem, King Saud University, Riyadh, Saudi Arabia<\/li>\n<li>Dr. Kottala Sriyogi, SVKM\u2019s Narsee Monjee Institute of Management Studies, Hyderabad, India<\/li>\n<li>Dr. Li Zheng, Tsinghua University, China<\/li>\n<li>Dr. Linda L. Zhang, IESEG School of Management, Lille-Paris, France<\/li>\n<li>Dr. Olufemi Adetunji, University of Pretoria, South Africa<\/li>\n<li>Dr. Patr\u00edcia Andrea do Prado Rios \u2013 University of York, UK<\/li>\n<li>Dr. Rosemary Seva, De La Salle University \u2013 Manila, Philippines<\/li>\n<li>Dr. Salah Elaskari, Industrial Engineering Department, University of Tabuk, Saudi Arabia<\/li>\n<li>Dr. Sharan Shetty, Manipal International University, Putra Nilai, Malaysia<\/li>\n<li>Dr. Shekar Babu, Founding Head, AMRITA School of Business, Bangalore, India<\/li>\n<li>Dr. Suat Kasap, Industrial Engineering, American University of the Middle East, Kuwait<\/li>\n<li>Dr. Umar AL-Turki, King Fahd University of Petroleum and Minerals, Saudi Arabia<\/li>\n<li>Dr. Wichai Chattinnawat, Chiang Mai University, Thailand<\/li>\n<\/ul>\n","protected":false},"excerpt":{"rendered":"<p>Conference Committee Submission Link: https:\/\/www.xcdsystem.com\/IEOM\/abstract\/index.cfm?ID=6p9fihL Registration Link: https:\/\/www.xcdsystem.com\/IEOM\/attendee\/index.cfm?ID=89o1eoS Conference Chairs Dr. Johanna Trujillo D\u00edaz Investigador en Estancia Post Doctoral \u2013 Proyecto Orqu\u00eddeas Facultad de Ciencias Econ\u00f3micas y Administrativa Universidad Cooperativa de Colombia Bogot\u00e1, Colombia Professor Jaime D\u00edaz Ortiz Dean Faculty of Engineering Universidad Cat\u00f3lica de Colombia Bogota, Colombia Dr. Javier Arturo Moreno Carvajal Dean School [&hellip;]<\/p>\n","protected":false},"author":1,"featured_media":0,"parent":0,"menu_order":0,"comment_status":"closed","ping_status":"closed","template":"","meta":[],"_links":{"self":[{"href":"https:\/\/ieomsociety.org\/bogota2024\/wp-json\/wp\/v2\/pages\/26"}],"collection":[{"href":"https:\/\/ieomsociety.org\/bogota2024\/wp-json\/wp\/v2\/pages"}],"about":[{"href":"https:\/\/ieomsociety.org\/bogota2024\/wp-json\/wp\/v2\/types\/page"}],"author":[{"embeddable":true,"href":"https:\/\/ieomsociety.org\/bogota2024\/wp-json\/wp\/v2\/users\/1"}],"replies":[{"embeddable":true,"href":"https:\/\/ieomsociety.org\/bogota2024\/wp-json\/wp\/v2\/comments?post=26"}],"version-history":[{"count":157,"href":"https:\/\/ieomsociety.org\/bogota2024\/wp-json\/wp\/v2\/pages\/26\/revisions"}],"predecessor-version":[{"id":2492,"href":"https:\/\/ieomsociety.org\/bogota2024\/wp-json\/wp\/v2\/pages\/26\/revisions\/2492"}],"wp:attachment":[{"href":"https:\/\/ieomsociety.org\/bogota2024\/wp-json\/wp\/v2\/media?parent=26"}],"curies":[{"name":"wp","href":"https:\/\/api.w.org\/{rel}","templated":true}]}}