{"id":963,"date":"2020-05-14T06:39:43","date_gmt":"2020-05-14T06:39:43","guid":{"rendered":"http:\/\/ieomsociety.org\/detroit2020\/?page_id=963"},"modified":"2024-05-06T20:41:59","modified_gmt":"2024-05-06T20:41:59","slug":"scm","status":"publish","type":"page","link":"https:\/\/ieomsociety.org\/bogota2024\/scm\/","title":{"rendered":"Global Supply Chain and Logistics"},"content":{"rendered":"<h1 style=\"text-align: center;\" align=\"center\"><span style=\"color: #993300;\"><strong>Plenary Speakers<br \/>\nGlobal Supply Chain and Logistics<br \/>\n<\/strong><\/span><\/h1>\n<p style=\"text-align: center;\"><span style=\"color: #ff6600;\"><span style=\"color: #ff00ff;\"><span style=\"color: #000000;\"><strong>Submission Link: <a href=\"https:\/\/www.xcdsystem.com\/IEOM\/abstract\/index.cfm?ID=6p9fihL\">https:\/\/www.xcdsystem.com\/IEOM\/abstract\/index.cfm?ID=6p9fihL<\/a><\/strong><\/span><br \/>\n<\/span><span style=\"color: #ff00ff;\"><span style=\"color: #000000;\"><strong>Registration Link: <a href=\"https:\/\/www.xcdsystem.com\/IEOM\/attendee\/index.cfm?ID=89o1eoS\">https:\/\/www.xcdsystem.com\/IEOM\/attendee\/index.cfm?ID=89o1eoS<\/a><\/strong><\/span><\/span><\/span><\/p>\n<hr \/>\n<p>IEOM Society International discussing the current global issues, challenges and opportunities in the area of supply chain and logistics.<\/p>\n<p>Topics can be related on:<\/p>\n<ul>\n<li>Cross-functional drivers in a supply chain<\/li>\n<li>Demand planning and forecasting in supply chain<\/li>\n<li>Designing distribution networks<\/li>\n<li>Inventory positioning in SC<\/li>\n<li>Optimization in supply chain<\/li>\n<li>Strategic, tactical and operational supply chain<\/li>\n<li>Managing uncertainty in a supply chain<\/li>\n<li>Global Supply Chain<\/li>\n<li>Logistics<\/li>\n<li>Risk in supply chain<\/li>\n<li>Resilience in supply chain<\/li>\n<li>Green or Sustainable Supply Chain<\/li>\n<li>Supply chain coordination and collaboration<\/li>\n<li>Supply chain performance<\/li>\n<li>Value distortion of information: Bullwhip effect<\/li>\n<\/ul>\n<p>Each speaker needs to submit a title of the talk, photo and a short bio. All will be included in the IEOM 2024 Bogota Conference proceedings. There will be mostly virtual presentation using zoom. If you are interested to be distinguished feature speaker, please contact <a href=\"mailto:info@ieomsociety.org\">info@ieomsociety.org<\/a>\u00a0for details.<\/p>\n<p style=\"text-align: center;\">All speakers need to register for the 5th South American IEOM Bogota Conference. Please pay your registration fee <span style=\"color: #ff6600;\"><strong>ONLINE:\u00a0 <\/strong><\/span><a href=\"https:\/\/www.xcdsystem.com\/IEOM\/attendee\/index.cfm?ID=jzpjeHF\"><span style=\"color: #3366ff;\"><strong>https:\/\/www.xcdsystem.com\/IEOM\/attendee\/index.cfm?ID=jzpjeHF<\/strong><\/span><\/a><\/p>\n<hr \/>\n<h1 style=\"text-align: center;\" align=\"center\"><span style=\"color: #0000ff;\"><strong>DISTINGUISHED SPEAKERS<\/strong><\/span><\/h1>\n<hr \/>\n<h1 style=\"text-align: center;\"><span style=\"color: #993300;\"><strong>Global Supply Chain and Logistics<\/strong><\/span><\/h1>\n<h2 style=\"text-align: center;\"><strong>May 9, 4:00 &#8211; 5:40 pm &#8211; Meeting Room 1 (Onsite)<br \/>\n<\/strong><strong>Session Chair:\u00a0<\/strong><span style=\"color: #000000;\"><strong>Professor Andr\u00e9s Felipe Santos H.<\/strong><\/span><\/h2>\n<p style=\"text-align: left;\"><span style=\"color: #0000ff;\"><strong>4:00 &#8211; 4:20 pm (Thursday, May 9)<\/strong><\/span><\/p>\n<h2><span style=\"color: #ff6600;\"><strong><img decoding=\"async\" loading=\"lazy\" class=\"wp-image-2455 alignleft\" src=\"http:\/\/ieomsociety.org\/bogota2024\/wp-content\/uploads\/2024\/04\/filepe.jpg\" alt=\"\" width=\"270\" height=\"331\" srcset=\"https:\/\/ieomsociety.org\/bogota2024\/wp-content\/uploads\/2024\/04\/filepe.jpg 967w, https:\/\/ieomsociety.org\/bogota2024\/wp-content\/uploads\/2024\/04\/filepe-244x300.jpg 244w, https:\/\/ieomsociety.org\/bogota2024\/wp-content\/uploads\/2024\/04\/filepe-834x1024.jpg 834w, https:\/\/ieomsociety.org\/bogota2024\/wp-content\/uploads\/2024\/04\/filepe-768x943.jpg 768w, https:\/\/ieomsociety.org\/bogota2024\/wp-content\/uploads\/2024\/04\/filepe-940x1154.jpg 940w, https:\/\/ieomsociety.org\/bogota2024\/wp-content\/uploads\/2024\/04\/filepe-620x761.jpg 620w, https:\/\/ieomsociety.org\/bogota2024\/wp-content\/uploads\/2024\/04\/filepe-159x195.jpg 159w\" sizes=\"(max-width: 270px) 100vw, 270px\" \/>Professor Andr\u00e9s Felipe Santos H.<br \/>\n<\/strong><strong>Profesor asociado de planta de la decanatura de Ingenier\u00eda Industrial<br \/>\n<\/strong><strong>Centro de Estudios en gesti\u00f3n y optimizaci\u00f3n de operaciones<br \/>\n<\/strong><strong style=\"font-size: revert;\">Investigador del grupo CIMSER<br \/>\n<\/strong><strong>Escuela Colombiana de Ingenier\u00eda<br \/>\n<\/strong><strong>Bogot\u00e1, Colombia<\/strong><\/span><\/h2>\n<p>Industrial engineer from Escuela Colombiana de Ingenier\u00eda Julio Garavito, with experience in production systems, planning, and logistics management in the steel sector. Master&#8217;s in Business Management from Colegio Mayor de Nuestra Se\u00f1ora del Rosario. Director of the logistics management diploma for the Colombian armed forces, coordinator of the technological mission from Brazil with the Tolima governorship. Associate professor at Escuela Colombiana de Ingenier\u00eda teaching courses such as Work Study, Production Planning, Plant Design, Supply Chain Management, and Factory Physics. Guest lecturer at HAN University Netherlands. Invited speaker at the Industrial and Systems Engineering Research Conference with the paper &#8220;On Modeling of Logistic Overnight in Airlines&#8221; Canada, 2014; at the Hamburg International Conference of Logistics 2017 with the paper &#8220;Production Flow valuation through VSM modeling: An industry case study&#8221; Germany, 2017; at the Hamburg International Conference of Logistics 2018 with the paper &#8220;Design of an added plan with social responsibility&#8221; Germany, 2018; at the Hamburg International Conference of Logistics 2019 with the paper &#8220;Design of a self-regulating planning model&#8221; Germany, 2019; and at the Hamburg International Conference of Logistics 2022 with the presentation &#8220;Digital transformation of planning in the pharmaceutical sector.&#8221; Author of the chapter &#8220;Emerging Inventory Planning&#8221; in the text &#8220;Operations Management &#8211; Recent Advances and New Perspectives&#8221; 2024.<\/p>\n<hr \/>\n<p><span style=\"color: #0000ff;\"><strong>4:20 &#8211; 4:40 pm (Thursday, May 9)<\/strong><\/span><\/p>\n<h2><span style=\"color: #ff6600;\"><strong><img decoding=\"async\" loading=\"lazy\" class=\"wp-image-2558 alignleft\" src=\"http:\/\/ieomsociety.org\/bogota2024\/wp-content\/uploads\/2024\/05\/Luis.png\" alt=\"\" width=\"222\" height=\"223\" srcset=\"https:\/\/ieomsociety.org\/bogota2024\/wp-content\/uploads\/2024\/05\/Luis.png 612w, https:\/\/ieomsociety.org\/bogota2024\/wp-content\/uploads\/2024\/05\/Luis-300x300.png 300w, https:\/\/ieomsociety.org\/bogota2024\/wp-content\/uploads\/2024\/05\/Luis-150x150.png 150w, https:\/\/ieomsociety.org\/bogota2024\/wp-content\/uploads\/2024\/05\/Luis-195x195.png 195w, https:\/\/ieomsociety.org\/bogota2024\/wp-content\/uploads\/2024\/05\/Luis-130x130.png 130w, https:\/\/ieomsociety.org\/bogota2024\/wp-content\/uploads\/2024\/05\/Luis-70x70.png 70w, https:\/\/ieomsociety.org\/bogota2024\/wp-content\/uploads\/2024\/05\/Luis-45x45.png 45w\" sizes=\"(max-width: 222px) 100vw, 222px\" \/>Luis Tarazona Torres<br \/>\nAsistente Doctoral de Docencia de Ingenier\u00eda Industrial<\/strong><\/span><br \/>\n<span style=\"color: #ff6600;\"><strong>Investigador del Grupo de Investigaci\u00f3n de Producci\u00f3n y Log\u00edstica<\/strong><\/span><br \/>\n<span style=\"color: #ff6600;\"><strong>Universidad de los Andes<\/strong><\/span><br \/>\n<span style=\"color: #ff6600;\"><strong>Bogota, Colombia<\/strong><\/span><\/h2>\n<p><strong>Luis Tarazona-Torres <\/strong>is a Ph.D. Engineering student and master\u2019s in industrial engineering at Los Andes University (Colombia), Chemical Engineer at the National University of San Antonio Abad del Cusco (Peru). Teaching Assistant in the Department of Industrial Engineering at Los Andes University (Colombia). His research area is Production and Logistics, especially in industrial production planning and scheduling, the application of mathematical and metaheuristic models for scheduling optimization. He has extensive knowledge and interest in the scheduling of activities in the industry and its connection with the implementation of Industry 4.0 technology.<\/p>\n<hr \/>\n<p><span style=\"color: #0000ff;\"><strong>4:40 &#8211; 5:00 pm (Thursday, May 9)<\/strong><\/span><\/p>\n<h2><strong><span style=\"color: #ff6600;\">Johanna Caranton Diaz<\/span><\/strong><br \/>\n<strong><span style=\"color: #ff6600;\">Professor of Industrial Engineering<\/span><\/strong><br \/>\n<strong><span style=\"color: #ff6600;\">Fundaci\u00f3n Universitaria Internacional de La Rioja (UNIR)<\/span><\/strong><br \/>\n<strong><span style=\"color: #ff6600;\">Bogota, Colombia<\/span><\/strong><\/h2>\n<hr \/>\n<p><span style=\"color: #0000ff;\"><strong>5:00 &#8211; 5:20 pm (Thursday, May 9)<\/strong><\/span><\/p>\n<h2><span style=\"color: #ff6600;\"><strong>Juli\u00e1n Ignacio L\u00f3pez Arcos<\/strong><\/span><br \/>\n<span style=\"color: #ff6600;\"><strong>Mestre em Engenharia de Produ\u00e7\u00e3o<\/strong><\/span><br \/>\n<span style=\"color: #ff6600;\"><strong>Universidade Federal de Itajub\u00e1\u00a0Institui\u00e7\u00e3o<\/strong><\/span><br \/>\n<span style=\"color: #ff6600;\"><strong>Universidad Cooperativa de Colombia Endere\u00e7o<\/strong><\/span><br \/>\n<span style=\"color: #ff6600;\"><strong>Cali, Colombia<\/strong><\/span><\/h2>\n<hr \/>\n<p><span style=\"color: #0000ff;\"><strong>5:20 &#8211; 5:40 pm (Thursday, May 9)<\/strong><\/span><b><\/b><\/p>\n","protected":false},"excerpt":{"rendered":"<p>Plenary Speakers Global Supply Chain and Logistics Submission Link: https:\/\/www.xcdsystem.com\/IEOM\/abstract\/index.cfm?ID=6p9fihL Registration Link: https:\/\/www.xcdsystem.com\/IEOM\/attendee\/index.cfm?ID=89o1eoS IEOM Society International discussing the current global issues, challenges and opportunities in the area of supply chain and logistics. Topics can be related on: Cross-functional drivers in a supply chain Demand planning and forecasting in supply chain Designing distribution networks Inventory positioning [&hellip;]<\/p>\n","protected":false},"author":1,"featured_media":0,"parent":0,"menu_order":0,"comment_status":"closed","ping_status":"closed","template":"","meta":[],"_links":{"self":[{"href":"https:\/\/ieomsociety.org\/bogota2024\/wp-json\/wp\/v2\/pages\/963"}],"collection":[{"href":"https:\/\/ieomsociety.org\/bogota2024\/wp-json\/wp\/v2\/pages"}],"about":[{"href":"https:\/\/ieomsociety.org\/bogota2024\/wp-json\/wp\/v2\/types\/page"}],"author":[{"embeddable":true,"href":"https:\/\/ieomsociety.org\/bogota2024\/wp-json\/wp\/v2\/users\/1"}],"replies":[{"embeddable":true,"href":"https:\/\/ieomsociety.org\/bogota2024\/wp-json\/wp\/v2\/comments?post=963"}],"version-history":[{"count":53,"href":"https:\/\/ieomsociety.org\/bogota2024\/wp-json\/wp\/v2\/pages\/963\/revisions"}],"predecessor-version":[{"id":2559,"href":"https:\/\/ieomsociety.org\/bogota2024\/wp-json\/wp\/v2\/pages\/963\/revisions\/2559"}],"wp:attachment":[{"href":"https:\/\/ieomsociety.org\/bogota2024\/wp-json\/wp\/v2\/media?parent=963"}],"curies":[{"name":"wp","href":"https:\/\/api.w.org\/{rel}","templated":true}]}}