{"id":26,"date":"2017-01-15T14:12:24","date_gmt":"2017-01-15T14:12:24","guid":{"rendered":"http:\/\/ieomsociety.org\/ieom2018\/?page_id=26"},"modified":"2025-05-14T19:53:16","modified_gmt":"2025-05-14T19:53:16","slug":"committee","status":"publish","type":"page","link":"https:\/\/ieomsociety.org\/brazil2025\/committee\/","title":{"rendered":"Committee"},"content":{"rendered":"<h1 style=\"text-align: center;\"><strong><span style=\"color: #993300;\">Conference Committee<br \/>\n<\/span><\/strong><\/h1>\n<p style=\"text-align: center;\"><span style=\"color: #008000;\"><strong><span style=\"color: #ff6600;\"><span style=\"color: #000000;\">Register to join:<\/span> <a href=\"https:\/\/www.xcdsystem.com\/IEOM\/attendee\/index.cfm?ID=3EHp7Zd\">https:\/\/www.xcdsystem.com\/IEOM\/attendee\/index.cfm?ID=3EHp7Zd<\/a><\/span><\/strong><\/span><\/p>\n<hr \/>\n<h2><span style=\"color: #ff6600;\"><strong>Conference Chairs<\/strong><\/span><\/h2>\n<ul>\n<li>Prof. Rodrigo Luiz Gigante, Coordinator of Production Engineering, FACENS University, Sorocaba, Sao Paulo, Brazil, <a href=\"mailto:rodrigo.gigante@facens.br\">rodrigo.gigante@facens.br<\/a><\/li>\n<li>Dr. Ahad Ali, Associate Professor and Director of Industrial Engineering Program, Lawrence Technological University, USA and CEO of IEOM Society<\/li>\n<\/ul>\n<h2><span style=\"color: #ff6600;\"><strong>Program Chairs<\/strong><\/span><\/h2>\n<ul>\n<li>Vitor Mendes Caldana, Federal Institute of Sao Paulo (IFSP) \u2013 Sorocaba Campus, Sao Paulo, Brazil and Director of IEOM South America Operations,\u00a0<a href=\"mailto:vitor.caldana@ifsp.edu.br\">vitor.caldana@ifsp.edu.br<\/a><\/li>\n<li>Mario Chauca, Professor, Engineering Department, National Technological University from South Lima, Lima, Per\u00fa<\/li>\n<li>Professor Don Reimer, Chief Operating Officer, IEOM Society<\/li>\n<\/ul>\n<hr \/>\n<h2><span style=\"color: #ff6600;\"><strong>South American Organizing Committee\u00a0<\/strong><\/span><span style=\"color: #0000ff;\"><strong><br \/>\n<\/strong><\/span><\/h2>\n<p>Argentina<\/p>\n<ul>\n<li>DEA Ing. Calixto Maldonado<\/li>\n<li>Dr. Eng. Federico Walas Mateo (Integrated manufacturing systems Professor at Universidad Nacional Arturo Jauretche, Argentina and CEO and Founder of Chaska Analytics<\/li>\n<\/ul>\n<p>Bolivia<\/p>\n<ul>\n<li>M.Sc. Ginamaria Garcia Garces, Directora de la carrera de Ingenier\u00eda Industrial, Departamento de Ciencias Exactas e Ingenier\u00eda, Universidad Cat\u00f3lica Boliviana, Sede Acad\u00e9mica de Cochabamba, Bolivia<\/li>\n<\/ul>\n<p>Chile<\/p>\n<ul>\n<li>Dr. Cristian Barria, Professor, Director,\u00a0<span class=\"Y2IQFc\" lang=\"en\">Master of Engineering and Information Security, Director of the Cybersecurity Research Center, <\/span>Universidad Mayor, Santiago, Chile<\/li>\n<\/ul>\n<p>Colombia<\/p>\n<ul>\n<li>Dr. Johanna Trujillo D\u00edaz, Investigador en Estancia Post Doctoral \u2013 Proyecto Orqu\u00eddeas, Facultad de Ciencias Econ\u00f3micas y Administrativa, Universidad Cooperativa de Colombia, Bogot\u00e1, Colombia<\/li>\n<\/ul>\n<p>Ecuador<\/p>\n<ul>\n<li>Ximena C\u00f3rdova Vallejo, Profesora, Colegio de Ciencias e Ingenier\u00edas, Polit\u00e9cnico Universidad San Francisco de Quito, Ecuador<\/li>\n<\/ul>\n<p>Paraguay<\/p>\n<ul>\n<li>Dr. Jorge Kurita, Research Faculty, Department of Industrial Engineering, Asuncion National University, Paraguay<\/li>\n<\/ul>\n<p>Peru<\/p>\n<ul>\n<li>Dr Mario Chauca, Professor, Engineering Department, National Technological University from South Lima, Lima, Per\u00fa<\/li>\n<\/ul>\n<p>Uruguay<\/p>\n<ul>\n<li>Dr Martin Tanco, Universidad de Montevideo, Uruguay<\/li>\n<li>Julio C. Sosa,\u00a0Professor,\u00a0Catholic University of Uruguay,\u00a0Montevideo, Uruguay<\/li>\n<\/ul>\n<p>Venezuela<\/p>\n<ul>\n<li>Dr. Ebert Brea, Full Professor at Escuela de Ingenier\u00eda Industrial, &amp; Research Associate at Centro de Investigaci\u00f3n y Desarrollo de Ingenier\u00eda, Universidad Cat\u00f3lica Andr\u00e9s Bello, Caracas, Venezuela<\/li>\n<li>Dr. Mart\u00edn Enrique Dur\u00e1n Garc\u00eda,\u00a0Profesor Asociado \/ Director,\u00a0Departamento de Tecnolog\u00eda Industrial,\u00a0Universidad Sim\u00f3n Bol\u00edvar,\u00a0Sartenejas, Miranda, Venezuela<\/li>\n<\/ul>\n<hr \/>\n<h2><span style=\"color: #ff6600;\"><strong>Student Chapter Faculty Advisors<\/strong><\/span><\/h2>\n<ol>\n<li>Federal University of Sao Carlos (UFSCar) &#8211; Dr. Roberto Antonio Martins<\/li>\n<li>Federal University of Santa Catarina (UFSC) &#8211; Dr. Guilherme Tortorella<\/li>\n<li>University of Sao Paulo (USP) \u2013 Sao Carlos<\/li>\n<li>Federal Institute of Sao Paulo (IFSP) \u2013 Sorocaba &#8211; Prof. Vitor Mendes Caldana<\/li>\n<li>Centro Universit\u00e1rio Facens \/ Facens University &#8211; Prof. Dr. Henrique Ewbank<\/li>\n<\/ol>\n<hr \/>\n<div dir=\"ltr\">\n<h2><span style=\"color: #ff6600;\"><strong>Program Committee<\/strong><strong>\u00a0<\/strong><\/span><\/h2>\n<ul>\n<li>Ana Carla Souza Gomes dos Santos, Tecnologia do Rio de Janeiro (IFRJ) and Instituto Federal de Educa\u00e7\u00e3o, Ci\u00eancia CEFET\/RJ , Brazil<\/li>\n<li>Augusto C\u00e9sar Barreto Rocha, Professor Associado, UFAM \u2013 Universidade Federal do Amazonas, Brazil<\/li>\n<li>Carlos A. Mari\u00f1o Del RosarioPontificia Universidad Cat\u00f3lica del Per\u00fa<\/li>\n<li>Carlos Ernani Fries, Federal University of Santa Catarina Florianopolis, SC, Brazil<\/li>\n<li>Carlos Raymundo, Universidad Peruana de Ciencias Aplicadas, Lima, Peru<\/li>\n<li>Chanan Syan, University of the West Indies, St Augustine Campus, Trinidad and Tobago<\/li>\n<li>Claudia Le\u00f3n Ch\u00e1varri, Universidad Peruana de Ciencias Aplicadas (UPC), Monterrico, Santiago de Surco, Peru<\/li>\n<li>Cristina Gonz\u00e1lezUniversidad Cat\u00f3lica de Colombia, Bogot\u00e1, Colombia<\/li>\n<li>Daniel Nascimento, Universidade Federal Fluminense, Brazil<\/li>\n<li>Diego Fettermann, Universidade Federal de Santa Catarina, Brazil<\/li>\n<li>Diogo Aparecido Lopes Silva, Federal University of S\u00e3o Carlos \u2013 Sorocaba, Brazil<\/li>\n<li>Dra. Lorena BearzottiPontificia Universidad Cat\u00f3lica de Valpara\u00edso, Chile<\/li>\n<li>Dra. Patr\u00edcia Silva Ferreira, IFRJ (Federal Institute of Technological Education of Rio de Janeiro), Brazil<\/li>\n<li>Ebert Brea, School of Industrial Engineering (SIE), Catholic University Andr\u00e9s Bello (UCAB), Caracas, Venezuela<\/li>\n<li>Edson Pinheiro de Lima, Pontifical Catholic University of Parana, Curitiba \u2013 Brazil<\/li>\n<li>Eduardo F. Silva, Universidade Federal de Santa Catarina (UFSC), Brazil<\/li>\n<li>Eduardo Redondo National University of Asuncion, Asuncion, Paraguay<\/li>\n<li>Elena Espinoza Rios, Universidad Continental, Peru<\/li>\n<li>Enzo Morosini Frazzon, Federal University of Santa Catarina (UFSC), Florian\u00f3polis, Brazil<\/li>\n<li>F\u00e1ber D. Giraldo, System and Computer Engineer, University of Quind\u00edo,\u00a0 Quind\u00edo, Colombia<\/li>\n<li>Fabiana Lucena Oliveira, Universidade do Estado do Amazonas, Brazil<\/li>\n<li>Felipe Serafini, Universidade Federal do Rio Grande do Sul, Brazil<\/li>\n<li>Felix Badilla-Murillo, Instituto Tecnol\u00f3gico de Costa Rica<\/li>\n<li>Franklin Cordova-Buiza, Research Teacher, Department of Industrial Engineering, Universidad Norte, Peru<\/li>\n<li>Gilson Ditzel Santos, Federal University of Technology \u2013 UTFPR\/Campus Pato Pato Branco, Brazil<\/li>\n<li>Guilherme Tortorella, Federal University of Santa Catarina (UFSC),\u00a0 Trindade, Florian\u00f3polis \u2013 SC, Brazil<\/li>\n<li>Guilherme Tortorella, Universidade Federal de Santa Catarina, Brazil<\/li>\n<li>Gustavo Campos Avenda\u00f1o, Universidad Konrad Lorenz, Colombia<\/li>\n<li>Henrique Vieira, FACENS University, Sorocaba, Sao Paulo, SP, Brazil<\/li>\n<li>Hernan Nina Hanco Universidad Nacional de San Antonio Abad del Cusco, Cusco, Peru<\/li>\n<li>Hernando Garz\u00f3n S\u00e1enz, Fundaci\u00f3n Universitaria Tecnol\u00f3gico Comfenalco,\u00a0 Cartagena, Bol\u00edvar, Colombia<\/li>\n<li>Hugo Chac\u00f3n Moscoso, Universidad de San Mart\u00edn de Porres, Peru, Lima<\/li>\n<li>Humberto Alvarez\u00a0 Universidad Tecnologica de Panama<\/li>\n<li>Husham A. Ali Elbaloula, State University of Campinas- UNICAMP, SP, Brazil<\/li>\n<li>Ignacio Laiton P., Escuela Tecnol\u00f3gica Instituto T\u00e9cnico Central (ETITC), Bogot\u00e1, Colombia<\/li>\n<li>Jaime Fernando Perez Gonzalez, La Universidad Cat\u00f3lica De Colombia<\/li>\n<li>Johanna Trujillo D\u00edaz, Universidad Cooperativa de Colombia, Bogot\u00e1<\/li>\n<li>Jos\u00e9 Antonio Larco, Universidad de Ingenier\u00eda y Tecnolog\u00eda \u2013 UTEC, Peru, Lima<\/li>\n<li>Jos\u00e9 L\u00e1zaro Ferraz, FACENS University, Sorocaba, Sao Paulo, Brazil<\/li>\n<li>Juan Carlos Quiroz-Flores, Universidad de Lima, Peru<\/li>\n<li>Juan Carlos Ruiz-Carrera, Universidad Tecnica de Ambato, Ambato, Ecuador<\/li>\n<li>Juan Je\u00fas Arenas Pontificia Universidad Cat\u00f3lica del Per\u00fa San Miguel, Lima<\/li>\n<li>Juan S. S\u00e1nchez-G\u00f3mez, Professor, Industrial Engineering Program, Universidad Cat\u00f3lica de Colombia, Bogota<\/li>\n<li>Juli\u00e1n ArellanaUniversidad del Norte, Barranquilla, Colombia<\/li>\n<li>Julio Cesar Gonz\u00e1lez-Silva, Universidad Nacional Abierta y a Distancia UNAD \u2013 Colombia<\/li>\n<li>Katerine Becerra Universidad Peruana de Ciencias Aplicadas, Lima, Peru<\/li>\n<li>Lauro Enciso Rodas, Universidad Nacional de San Antonio Abad del Cusco, Cusco, Peru<\/li>\n<li>Lauro Enciso, Universidad Nacional de San Antonio Abad del Cusco, Per\u00fa<\/li>\n<li>Luciano Costa, Universidade Federal da Para\u00edba, Brazil<\/li>\n<li>Lucila Campos, Department of Production Engineering, Federal University of Santa Catarina (UFSC), Florian\u00f3polis, SC, Brazil<\/li>\n<li>Luis Alberto Zuloaga Rotta, Universidad Nacional de Ingenier\u00eda, Lima, Per\u00fa<\/li>\n<li>Luiz Pinheiro da Guia, Professor, Centro Federal de Educa\u00e7\u00e3o Tecnol\u00f3gica de Minas Gerais \u2013 CEFET-MG, Brasil<\/li>\n<li>Marcelo Trentin, Universidade Tecnol\u00f3gica Federal do Paran\u00e1, Brazil<\/li>\n<li>Marcio Luiz Marietto, Instituto Polit\u00e9cnico de Leiria, Portugal and Researcher Universidade do Contestado, Santa Catarina, Brasil<\/li>\n<li>Marco Antonio Barbosa Braga CEFET\/RJ, Brazil<\/li>\n<li>Mario C. V\u00e9lez G., Universidad EAFIT, Colombia<\/li>\n<li>Mart\u00edn R. Dorante, Universidad Cat\u00f3lica Andr\u00e9s Bello, Caracas, Venezuela<\/li>\n<li>Mga William Eduardo Mosquera Laverde, Universidad Cooperativa de Colombia<\/li>\n<li>Miguel Avalos Ortecho Edilberto, University of Lima, Peru<\/li>\n<li>Milton Mauricio Herrera, Universidad Militar Nueva Granada, Bogota, Colombia<\/li>\n<li>Moacyr Machado Cardoso Junior, Instituto Tecnol\u00f3gico de Aeron\u00e1utica, S\u00e3o Jos\u00e9 dos Campos, SP, Brazil<\/li>\n<li>Monica Giuliano, Universidad Nacional de Hurlingham, Argentina<\/li>\n<li>of Industrial Engineering, Universidad Cat\u00f3lica de Colombia, Bogota<\/li>\n<li>Omar Mora, Business Development Manager, Blackberry&amp;Cross, Costa Rica<\/li>\n<li>Paloma Mar\u00eda Teresa Martinez Sanchez \u2013 Universidad El Bosque, Bogot\u00e1, Colombia<\/li>\n<li>Peter Fernandes Wanke, Universidade Federal do Rio de Janeiro<\/li>\n<li>Rebeca Caceres UMIP, Ancon, Panama<\/li>\n<li>Ricardo Alexandre Diogo, Professor Adjunto, PUCPR \u2013 Pontif\u00edcia Universidade Cat\u00f3lica do Paran\u00e1, Curitiba, Paran\u00e1, Brazil<\/li>\n<li>Ricardo Pimenta IBICT\/UFRJ, Brazil<\/li>\n<li>Roberto Antonio Martins, Federal University of Sao Carlos (UFSCar), Sao Carlos, SP, Brazil<\/li>\n<li>Rodrigo Caiado, Universidade Federal Fluminense, Brazil<\/li>\n<li>Rodrigo Ruiz, CTI Renato Archer, Campinas, Brazil<\/li>\n<li>Sandro Breval, Universidade Federal do Amazonas, Brazil<\/li>\n<li>Sandro Paz, Pontificia Universidad Catolica del Peru, San Miguel, Lima, Peru<\/li>\n<li>Symone Gomes Soares Alcal\u00e1, Federal University of Goi\u00e1s, Campus Aparecida de Goi\u00e2nia, Brazil<\/li>\n<li>\u00darsula Maruyama, Centro Federal de Educa\u00e7\u00e3o Tecnol\u00f3gica Celso Suckow da Fonseca, Rio de Janeiro Area, Brazil<\/li>\n<li>Vicente Ram\u00edrez N\u00fa\u00f1ezUniversidad Austral de Chile<\/li>\n<li>Victor H. Molina, Director of Innovation and Entrepreneurship, Technical University of Ambato, Ambato, Ecuador<\/li>\n<li>Victor H. Molina, Technical University of Ambato, Ambato, Ecuador<\/li>\n<li>William Eduardo Mosquera Laverde, Universidad Cooperativa de Colombia<\/li>\n<\/ul>\n<hr \/>\n<h2><span style=\"color: #ff6600;\"><strong>Advisory Committee <\/strong><\/span><\/h2>\n<ul>\n<li>Charles Mbohwa, University of South Africa<\/li>\n<li>Devashis Mitra, University of New Brunswick, Fredericton, Canada<\/li>\n<li>Hamid R. Parsaei, Texas A&amp;M University, USA<\/li>\n<li>Hamidi Bashir, University of Sharjah, UAE<\/li>\n<li>Hesham Kamal Al-Fares, King Fahd Univ. of Petro &amp; Minerals, Saudi Arabia<\/li>\n<li>Li Zheng, Tsinghua University, China<\/li>\n<li>Mohamed Essaaidi, ENSIAS, Mohamed V University in Rabat, Morocco<\/li>\n<li>Mohd Razali Muhamad, Universiti Teknikal Malaysia Melaka<\/li>\n<li>Muhammad Abid, Ghulam Ishaq Khan Institute of Eng Sci &amp; Tech, Pakistan<\/li>\n<li>Noordin Mohd. Yusof, Universiti Teknologi Malaysia<\/li>\n<li>Olufemi Adetunji, University of Pretoria, South Africa<\/li>\n<li>Shekar Babu, Founding Head, AMRITA School of Business, Bangalore, India<\/li>\n<\/ul>\n<hr \/>\n<h2><span style=\"color: #ff6600;\"><strong>Technical Committee<\/strong><\/span><\/h2>\n<ul>\n<li><strong>\u00a0<\/strong>Aid\u00e9 Araceli Maldonado Mac\u00edas, Sociedad de Ergonomistas de M\u00e9xico A.C., Chihuahua, Mexico<\/li>\n<li>Airton Tomaz Pereira, Consultor Empresarial. Escritor e Educador Financeiro, Serrana, S\u00e3o Paulo, Brazil<\/li>\n<li>Alberto Kikushima Taira, Industrial Engineer from Peru<\/li>\n<li>Ana Carolina Armijos-Orellana, Facultad de Ciencias de la Administraci\u00f3n, Universidad del Azuay, Ecuador<\/li>\n<li>Andrea Ch\u00e1vez, USFQ, Ecuador<\/li>\n<li>Andrea Insfran, Research Professor, Facultad de Ingenier\u00eda, Universidad Nacional de Asunci\u00f3n, Paraguay<\/li>\n<li>Andr\u00e9s Hern\u00e1ndez Guti\u00e9rrez, Department of Mechanical and Electronic Engineering, UDEM, Mexico<\/li>\n<li>Antonio Carlos Gomes Junio, Facens, Sorocaba, SP, Brazil<\/li>\n<li>Ari Melo Mariano, Universidade Estadual de Santa Cruz, Itabuna, Bahia<\/li>\n<li>Boris Christian Herbas Torrico, Research Professor, Department of Industrial Engineering, School of Engineering and Sciences, Tecnol\u00f3gico de Monterrey, Mexico<\/li>\n<li>Camila Canturin, Universidad de Lima, Peru<\/li>\n<li>Camila Correa de Melo, USP, Brazil<\/li>\n<li>Carlos Mari\u00f1o, Ph.D., Professor &amp; Researcher, PUCP, Lima, Peru<\/li>\n<li>Carlos Sauer, UNA, Paraguay<\/li>\n<li>Cesar Adriano Lobato Tello, University of Lima, Peru<\/li>\n<li>Chavez Ugaz Rafael, University of Lima, Peru<\/li>\n<li>Claudia Rol\u00f3n, Polytechnic Faculty, National University of Asunci\u00f3n, Paraguay<\/li>\n<li>Cristian Alexander Rincon Guio, UNIMINUTO Colombia<\/li>\n<li>Dalton Oswaldo Buccelli, Professor EBTT \u2013 \u00c1rea de Gest\u00e3o, Instituto Federal de Educa\u00e7\u00e3o, Ci\u00eancia e Tecnologia de S\u00e3o Paulo, Sorocaba, Brazil<\/li>\n<li>Daniel Ulises Moreno S\u00e1nchez, TEC, Mexico<\/li>\n<li>Darwin Auccapuri Q, Grupo de Telecomunicaciones Rurales, Pontificia Universidad Cat\u00f3lica del Per\u00fa<\/li>\n<li>Dulce Chac\u00f3n, Universidad del Valle de Guatemala<\/li>\n<li>Edilberto Avalos Ortecho, U Lima, Peru<\/li>\n<li>Edson Bispo Ferreira, IFSP, Brazil<\/li>\n<li>Eduardo J. Castillo F., Profesor, Escuela de Ingenier\u00eda Industrial, UNPHU, Santo Domingo, Rep. Dom.<\/li>\n<li>Elena Espinoza Rios, Coordinadora de Carrera A Distancia, EAP Ing. de Sistemas e Inform\u00e1tica y EAP Ing. Empresarial, Continental University, Peru<\/li>\n<li>Eliane R. Rodrigues Message, Doutoranda em Engenharia de Produ\u00e7\u00e3o, Universidade Federal de S\u00e3o Carlos, Brazil<\/li>\n<li>Felipe N\u00e9stor Gutarra Meza, Dean, Faculty of Engineering, Universidad Continental, Huancayo, Peru<\/li>\n<li>Fernando Salazar Arrieta, Titular Professor, Research &amp; Consultancy, Colombia<\/li>\n<li>Fl\u00e1vio D\u2019Angelo Silva, Instituto Mau\u00e1 de Tecnologia, SP, Brazil<\/li>\n<li>Gabriela Raquel Dom\u00ednguez Riveros, UNA, Paraguay<\/li>\n<li>Gianfranco Muncinelli, Pontificia Universidade Catolica do Parana, Brazil<\/li>\n<li>Ginamar\u00eda Garc\u00eda Garc\u00e9s, Directora de carrera de Ingenier\u00eda Industrial UCB, Bolivia<\/li>\n<li>Hernando Garzon Saenz, Fundaci\u00f3n Universitaria Tecnol\u00f3gico Comfenalco Cartagena, Colombia<\/li>\n<li>Hugo Eladio Chumpitaz Caycho, Docente de investigaci\u00f3n, Escuela de Posgrado<\/li>\n<li>Ing. Nelson R. Becerra E., Ingeniero Industrial, Santiago de Cali, Colombia<\/li>\n<li>Juan Rosales Garc\u00eda, UGTO, Mexico<\/li>\n<li>Jarin Canaza Fernandez, Logistics and Operations Specialist, Bolivia<\/li>\n<li>Javier Dario Fernandez Ledesma, Director de Proyecto, Puerta de Oro Empresa de Desarrollo Caribe, Barranquilla, Atl\u00e1ntico, Colombia<\/li>\n<li>Jorge Kurita, Research Faculty Industrial Engineering Dept. Faculty of Engineering Asuncion National University San Lorenzo, Paraguay<\/li>\n<li>Jorge Luis Garc\u00eda Alcaraz, Professor, Department of Industrial Engineering and Manufacturing, Institute of Engineering and Technology, Autonomous University of Ciudad Juarez (Mexico)<\/li>\n<li>Jorge Rendulich Talavera, Universidad Nacional de San Agust\u00edn, Arequipa, Per\u00fa<\/li>\n<li>Jos\u00e9 Vel\u00e1squez Costa, Research Professor, Industrial Engineering Program. Peruvian University of Applied Sciences, Peru<\/li>\n<li>Juan Carlos Herrera Vega, Universidad de San Pedro Sula USAP, Peru<\/li>\n<li>J\u00fanior Aparecido Assandre, UFSCAR, Brazil<\/li>\n<li>Liane M\u00e4hlmann Kipper, Universidade de Santa Cruz do Sul \u2013 UNISC, Brazil<\/li>\n<li>Lilian Adriana Borges, UNIDAVI, Brazil<\/li>\n<li>Liz Fabiola Esquivel Maldonado, UNA, Paraguay<\/li>\n<li>Luis Fernando Pedraza Ruiz, Fundacion Universitaria de Popayan, Colombia<\/li>\n<li>Luis Francisco Lillo Otarola, PUCV, Chile<\/li>\n<li>Luiz Carlos Roque Jr., FAE, Brazil<\/li>\n<li>Luz Mar\u00eda Valdez De La Rosa, UDEM, Mexico<\/li>\n<li>Ma\u00edra Rocha, Professora, Universidade de Bras\u00edlia, Federal District, Brazil<\/li>\n<li>Maria Teresa Noriega, Faculty of Engineering, University of Lima, Peru<\/li>\n<li>Mariannys Rodr\u00edguez, Industrial Engineering, Brasil<\/li>\n<li>Mariel Perez Reyes, University of Lima, Peru<\/li>\n<li>Maximiliano Arroyo Ulloa, Decano (e) Facultad de Ingenier\u00eda, USAT, Chiclayo \u2013 Per\u00fa<\/li>\n<li>Michele Kremer Sott, PROGESP \u2013 Pr\u00f3-Reitoria de Gest\u00e3o com Pessoas \u2013 UFCSPA, Porto Alegre, Rio Grande do Sul, Brazil<\/li>\n<li>Omar C G, Omar C G, Universidad Autonoma of Ciudad Juarez, Mexico<\/li>\n<li>Oscar Eduardo Rivas, Professor-Researcher, Instituto Tecnol\u00f3gico Superior de \u00c1lamo Temapache, Mexico<\/li>\n<li>Paula De Camargo Fiorini, Ph.D., Department of Administration, Federal University of Sao Carlos \u2013 UFSCar, Sorocaba, Sao Paulo \u2013 Brazil<\/li>\n<li>Pedro Lopes, Centro Paula Souza, Brazil<\/li>\n<li>Piero Arditto Xavier, University of Lima, Peru<\/li>\n<li>Profa. MSc. Eliana de Jesus Lopes, Mestra em Engenharia de Produ\u00e7\u00e3o, Doutoranda em Engenharia de Produ\u00e7\u00e3o (UFSC), Professora do Centro de Ci\u00eancias Humanas e Exatas e do N\u00facleo de Educa\u00e7\u00e3o a Dist\u00e2ncia, CENTRO UNIVERSIT\u00c1RIO INTA \u2013 UNINTA, Brazil<\/li>\n<li>Professor Titular Luiz Pinheiro da Guia, Dr., Centro Federal de Educa\u00e7\u00e3o Tecnol\u00f3gica de Minas Gerais, Brazil<\/li>\n<li>Rodrigo Campos Bortoletto, Federal Institute of Education, Science and Technology of S\u00e3o Paulo, Brazil<\/li>\n<li>Rodrigo Linfati, UBIOBIO, Chile<\/li>\n<li>Rolando Rodriguez, Global Network Operations Centre Director, M-Cube S.p.A., Trieste, Italy<\/li>\n<li>Sebasti\u00e1n Fern\u00e1ndez, University of Lima, Peru<\/li>\n<li>Valeria Contreras Fern\u00e1ndez, UDEM, Mexico<\/li>\n<li>Victor Martin Maldonado Benitez, IPN, Mexico<\/li>\n<li>Willinghon G. G\u00e1mez Ara\u00fajo, Universidad Antonio Nari\u00f1o, Colombia<\/li>\n<li>Wilson Carlos da Silva Junior, IFSP, Brazil<\/li>\n<\/ul>\n<\/div>\n","protected":false},"excerpt":{"rendered":"<p>Conference Committee Register to join: https:\/\/www.xcdsystem.com\/IEOM\/attendee\/index.cfm?ID=3EHp7Zd Conference Chairs Prof. Rodrigo Luiz Gigante, Coordinator of Production Engineering, FACENS University, Sorocaba, Sao Paulo, Brazil, rodrigo.gigante@facens.br Dr. Ahad Ali, Associate Professor and Director of Industrial Engineering Program, Lawrence Technological University, USA and CEO of IEOM Society Program Chairs Vitor Mendes Caldana, Federal Institute of Sao Paulo (IFSP) \u2013 [&hellip;]<\/p>\n","protected":false},"author":1,"featured_media":0,"parent":0,"menu_order":0,"comment_status":"closed","ping_status":"closed","template":"","meta":[],"_links":{"self":[{"href":"https:\/\/ieomsociety.org\/brazil2025\/wp-json\/wp\/v2\/pages\/26"}],"collection":[{"href":"https:\/\/ieomsociety.org\/brazil2025\/wp-json\/wp\/v2\/pages"}],"about":[{"href":"https:\/\/ieomsociety.org\/brazil2025\/wp-json\/wp\/v2\/types\/page"}],"author":[{"embeddable":true,"href":"https:\/\/ieomsociety.org\/brazil2025\/wp-json\/wp\/v2\/users\/1"}],"replies":[{"embeddable":true,"href":"https:\/\/ieomsociety.org\/brazil2025\/wp-json\/wp\/v2\/comments?post=26"}],"version-history":[{"count":283,"href":"https:\/\/ieomsociety.org\/brazil2025\/wp-json\/wp\/v2\/pages\/26\/revisions"}],"predecessor-version":[{"id":2395,"href":"https:\/\/ieomsociety.org\/brazil2025\/wp-json\/wp\/v2\/pages\/26\/revisions\/2395"}],"wp:attachment":[{"href":"https:\/\/ieomsociety.org\/brazil2025\/wp-json\/wp\/v2\/media?parent=26"}],"curies":[{"name":"wp","href":"https:\/\/api.w.org\/{rel}","templated":true}]}}