{"id":54,"date":"2017-01-15T16:45:30","date_gmt":"2017-01-15T16:45:30","guid":{"rendered":"http:\/\/ieomsociety.org\/ieom2018\/?page_id=54"},"modified":"2025-05-02T19:20:17","modified_gmt":"2025-05-02T19:20:17","slug":"keynotes","status":"publish","type":"page","link":"https:\/\/ieomsociety.org\/brazil2025\/keynotes\/","title":{"rendered":"Keynotes"},"content":{"rendered":"<h1 style=\"text-align: center;\"><strong><span style=\"color: #993300;\">Keynote Speakers<\/span><\/strong><\/h1>\n<hr \/>\n<h1 style=\"text-align: center;\"><strong>May 13, 2025 (Tuesday)<\/strong><\/h1>\n<p>9:20 &#8211; 10:00, May 13, 2025 (Tuesday) &#8211; Welcome and Conference Opening<\/p>\n<hr \/>\n<p>10:00 &#8211; 10:40, May 13, 2025 (Tuesday) &#8211; Welcome Address and Opening Keynote<\/p>\n<h2><span style=\"color: #ff6600;\"><strong><img loading=\"lazy\" class=\"wp-image-2230 alignleft\" src=\"http:\/\/ieomsociety.org\/brazil2025\/wp-content\/uploads\/2025\/04\/pro-rector.jpg\" alt=\"\" width=\"269\" height=\"266\" srcset=\"https:\/\/ieomsociety.org\/brazil2025\/wp-content\/uploads\/2025\/04\/pro-rector.jpg 755w, https:\/\/ieomsociety.org\/brazil2025\/wp-content\/uploads\/2025\/04\/pro-rector-300x297.jpg 300w, https:\/\/ieomsociety.org\/brazil2025\/wp-content\/uploads\/2025\/04\/pro-rector-620x613.jpg 620w, https:\/\/ieomsociety.org\/brazil2025\/wp-content\/uploads\/2025\/04\/pro-rector-195x193.jpg 195w, https:\/\/ieomsociety.org\/brazil2025\/wp-content\/uploads\/2025\/04\/pro-rector-130x130.jpg 130w, https:\/\/ieomsociety.org\/brazil2025\/wp-content\/uploads\/2025\/04\/pro-rector-70x70.jpg 70w, https:\/\/ieomsociety.org\/brazil2025\/wp-content\/uploads\/2025\/04\/pro-rector-45x45.jpg 45w\" sizes=\"(max-width: 269px) 100vw, 269px\" \/>Professor Luciano Freire<br \/>\n<\/strong><strong>Pr\u00f3-Reitor and Diretor Acad\u00eamico de Gradua\u00e7\u00e3o, P\u00f3s-gradua\u00e7\u00e3o e Educa\u00e7\u00e3o da Dist\u00e2ncia|<br \/>\n<\/strong><strong style=\"font-size: revert;\">Centro Universit\u00e1rio Facens<br \/>\n<\/strong><strong>Sorocaba, SP, Brazil<\/strong><strong>\u00a0<\/strong><\/span><\/h2>\n<p>Graduated in Computer Science and Master in Computer Science at UFSCar (Federal University of S\u00e3o Carlos). Specialist in Cyber Security at Federal University of the State of Rio de Janeiro (Unirio). Academic Manager with over 20 years&#8217; experience in the education sector, working big companies. During his career, he has held key leadership positions, including Director of Academic Planning and Support, Director of Postgraduate and Continuing Education, Academic Director, and Course Coordinator. Prof. Luciano currently acts as the Dean of Facens University Center and teaches undergraduate courses in Computer Engineering and Technology in Systems Analysis and Development at the same institution.<\/p>\n<hr \/>\n<p>10:40 &#8211; 11:20, May 13, 2025 (Tuesday) &#8211; Keynote<\/p>\n<p><img loading=\"lazy\" class=\"wp-image-1942 alignleft\" src=\"http:\/\/ieomsociety.org\/brazil2025\/wp-content\/uploads\/2025\/01\/br3-s.png\" alt=\"\" width=\"266\" height=\"268\" srcset=\"https:\/\/ieomsociety.org\/brazil2025\/wp-content\/uploads\/2025\/01\/br3-s.png 1327w, https:\/\/ieomsociety.org\/brazil2025\/wp-content\/uploads\/2025\/01\/br3-s-298x300.png 298w, https:\/\/ieomsociety.org\/brazil2025\/wp-content\/uploads\/2025\/01\/br3-s-1018x1024.png 1018w, https:\/\/ieomsociety.org\/brazil2025\/wp-content\/uploads\/2025\/01\/br3-s-150x150.png 150w, https:\/\/ieomsociety.org\/brazil2025\/wp-content\/uploads\/2025\/01\/br3-s-768x773.png 768w, https:\/\/ieomsociety.org\/brazil2025\/wp-content\/uploads\/2025\/01\/br3-s-940x946.png 940w, https:\/\/ieomsociety.org\/brazil2025\/wp-content\/uploads\/2025\/01\/br3-s-620x624.png 620w, https:\/\/ieomsociety.org\/brazil2025\/wp-content\/uploads\/2025\/01\/br3-s-195x195.png 195w, https:\/\/ieomsociety.org\/brazil2025\/wp-content\/uploads\/2025\/01\/br3-s-130x130.png 130w, https:\/\/ieomsociety.org\/brazil2025\/wp-content\/uploads\/2025\/01\/br3-s-70x70.png 70w, https:\/\/ieomsociety.org\/brazil2025\/wp-content\/uploads\/2025\/01\/br3-s-45x45.png 45w\" sizes=\"(max-width: 266px) 100vw, 266px\" \/><\/p>\n<h2><span style=\"color: #ff6600;\"><strong>Claudio Castro<\/strong><\/span><br \/>\n<span style=\"color: #ff6600;\"><strong>Director of Research and Development<\/strong><\/span><br \/>\n<span style=\"color: #ff6600;\"><strong>Schaeffler Latin America<\/strong><\/span><br \/>\n<span style=\"color: #ff6600;\"><strong>Sorocaba, S\u00e3o Paulo, Brazil<\/strong><\/span><\/h2>\n<p>Graduated in Electrical Engineering with a specialization in Electronics at Centro Universit\u00e1rio FACENS and an extension in Industrial Quality at UNICAMP. He has worked as a machine design engineer, product design engineer, systems development and testing engineer, experimental engineering manager, product development manager, and project manager for both national and international projects. He participated in the structural transformation of companies and has extensive international experience with a keen interest in innovation, people management, and technologies for the future. He collaborates as a council member in various institutions related to innovation and social service. Currently, he serves as the Director of Research and Development for Latin America at Schaeffler and as the President of the Executive Board of the Mobility Engineering Association, SAE BRASIL.<\/p>\n<hr \/>\n<p>11:20 &#8211; 12:00, May 13, 2025 (Tuesday) &#8211; Keynote<\/p>\n<h2><strong><span style=\"color: #ff6600;\">Edson Isawa<\/span><\/strong><br \/>\n<strong><span style=\"color: #ff6600;\">Portfolio &amp; Account Development Director<\/span><\/strong><br \/>\n<strong><span style=\"color: #ff6600;\">Siemens Digital Industries Software<\/span><\/strong><br \/>\n<strong><span style=\"color: #ff6600;\">Florian\u00f3polis, Santa Catarina, Brazil<\/span><\/strong><\/h2>\n<p><img loading=\"lazy\" class=\"alignnone  wp-image-2123\" src=\"http:\/\/ieomsociety.org\/brazil2025\/wp-content\/uploads\/2025\/03\/edson.png\" alt=\"\" width=\"267\" height=\"283\" srcset=\"https:\/\/ieomsociety.org\/brazil2025\/wp-content\/uploads\/2025\/03\/edson.png 1337w, https:\/\/ieomsociety.org\/brazil2025\/wp-content\/uploads\/2025\/03\/edson-283x300.png 283w, https:\/\/ieomsociety.org\/brazil2025\/wp-content\/uploads\/2025\/03\/edson-968x1024.png 968w, https:\/\/ieomsociety.org\/brazil2025\/wp-content\/uploads\/2025\/03\/edson-768x813.png 768w, https:\/\/ieomsociety.org\/brazil2025\/wp-content\/uploads\/2025\/03\/edson-940x995.png 940w, https:\/\/ieomsociety.org\/brazil2025\/wp-content\/uploads\/2025\/03\/edson-620x656.png 620w, https:\/\/ieomsociety.org\/brazil2025\/wp-content\/uploads\/2025\/03\/edson-184x195.png 184w\" sizes=\"(max-width: 267px) 100vw, 267px\" \/><\/p>\n<p>Edson Isawa is currently the Director of Portfolio and Innovation at Siemens Digital Industries Software. A Mechanical Engineer graduated from Poli USP, Edson has 25 years of experience in the technology and digitalization sector, with expertise in pre-sales consulting, digital transformation, and leading technical teams. He has a strong track record in Digital Transformation projects, guiding companies through needs mapping, digital maturity assessment, and the development of digitalization roadmaps. As a specialist in the application of digital twins in the industry, Edson believes in the power of purpose-driven technologies\u2014not only to enhance business performance but also to generate a positive impact on society.<\/p>\n<hr \/>\n<p>12:00 &#8211; 12:40, May 13, 2025 (Tuesday) &#8211; Keynote<\/p>\n<hr \/>\n<p style=\"text-align: left;\">1:00 &#8211; 2:00 Lunch Break<\/p>\n<p>2:00 &#8211; 4:00 Technical Sessions<\/p>\n<p>4:00 &#8211; 6:00 Technical Sessions<\/p>\n<hr \/>\n<h1 style=\"text-align: center;\"><strong>May 14, 2025 (Wednesday)<\/strong><\/h1>\n<p>9:20 &#8211; 10:00, May 14, 2025 (Wednesday) &#8211; Keynote<\/p>\n<h2><span style=\"color: #ff6600;\"><strong><img loading=\"lazy\" class=\"wp-image-1938 alignleft\" src=\"http:\/\/ieomsociety.org\/brazil2025\/wp-content\/uploads\/2025\/01\/facens.png\" alt=\"\" width=\"264\" height=\"292\" srcset=\"https:\/\/ieomsociety.org\/brazil2025\/wp-content\/uploads\/2025\/01\/facens.png 590w, https:\/\/ieomsociety.org\/brazil2025\/wp-content\/uploads\/2025\/01\/facens-271x300.png 271w, https:\/\/ieomsociety.org\/brazil2025\/wp-content\/uploads\/2025\/01\/facens-176x195.png 176w\" sizes=\"(max-width: 264px) 100vw, 264px\" \/>Dr. Antonio Carlos Gomes Junior<\/strong><\/span><br \/>\n<span style=\"color: #ff6600;\"><strong>Diretor Ind\u00fastria &amp; Servi\u00e7os<\/strong><\/span><br \/>\n<span style=\"color: #ff6600;\"><strong>Head Ind\u00fastria &amp; Tecnologias 4.0<\/strong><\/span><br \/>\n<span style=\"color: #ff6600;\"><strong>Facens University<\/strong><\/span><br \/>\n<span style=\"color: #ff6600;\"><strong>Sorocaba, S\u00e3o Paulo, Brazil<\/strong><\/span><\/h2>\n<p>Experience\/responsibilities in the areas of manufacturing engineering, factory management, safety, continuous improvement, staff recruitment and development, purchasing, technical support, project development, industry 4.0 (Acatech\/Maturity Center), development of innovation centers , digital maturity level assessment, production, cost optimization, offers, sales of services and equipment, operations management, planning, start of production lines, national and international projects by &#8220;Turn Key&#8221;, quality, six sigma, resources human resources, training, technology in companies like ZF, Schaeffler, Scania and Caterpillar; sustainability, circular economy, professor of engineering, was mechanical engineering coordinator, international relationship, Research Institute, FabLab, Industrial Business. Academic responsibility &amp;partnership for industrial processes, 4.0 activities and metals additive manufacturing (3D) at FACENS\/IP FACENS. Member of the Municipal Science, Technology and Innovation Committee of Sorocaba, center of technological excellence in the metropolitan region of Sorocaba CET 4.0 and SAE SP manufacturing area. Highlight for: intercultural and interpersonal relationships, leadership and team development, production, engineering, maintenance, manufacturing processes and optimization, business plan, 5S, Six Sigma, ISO 9001, 14001, Lean Manufacturing and advanced manufacturing 4.0 implementation.<\/p>\n<hr \/>\n<p>10:00 &#8211; 10:40, May 14, 2025 (Wednesday) &#8211; Keynote<\/p>\n<h2><span style=\"color: #ff6600;\"><strong>Dr. Takaaki Ohishi<\/strong><\/span><br \/>\n<span style=\"color: #ff6600;\"><strong>Professor <\/strong><\/span><br \/>\n<span style=\"color: #ff6600;\"><strong>Faculdade de Engenharia El\u00e9trica e de Computa\u00e7\u00e3o<\/strong><\/span><br \/>\n<span style=\"color: #ff6600;\"><strong>State University of Campinas (UNICAMP)<\/strong><\/span><br \/>\n<span style=\"color: #ff6600;\"><strong>Campinas, Brazil<\/strong><\/span><\/h2>\n<p><img loading=\"lazy\" class=\"alignnone  wp-image-2125\" src=\"http:\/\/ieomsociety.org\/brazil2025\/wp-content\/uploads\/2025\/03\/takaaki.png\" alt=\"\" width=\"267\" height=\"334\" srcset=\"https:\/\/ieomsociety.org\/brazil2025\/wp-content\/uploads\/2025\/03\/takaaki.png 560w, https:\/\/ieomsociety.org\/brazil2025\/wp-content\/uploads\/2025\/03\/takaaki-240x300.png 240w, https:\/\/ieomsociety.org\/brazil2025\/wp-content\/uploads\/2025\/03\/takaaki-156x195.png 156w\" sizes=\"(max-width: 267px) 100vw, 267px\" \/><\/p>\n<p><span class=\"text-base-md-lh\">Takaaki Ohishi was born in 1955, in the city of Mirandopolis in Brazil. He received his B.Sc. degree in Electrical Engineering from USP, Brazil, in 1978, and his M.Sc. and Ph.D. degrees in Electrical Engineering from UNICAMP, Brazil, in 1981 and 1990, respectively. He is presently teaching at UNICAMP. His fields of interest include hydrothermal operational planning, load forecasting and energy markets.<\/span><\/p>\n<hr \/>\n<p>10:40 &#8211; 11:20, May 14, 2025 (Wednesday) &#8211; Keynote<\/p>\n<p><img loading=\"lazy\" class=\"wp-image-1940 alignleft\" src=\"http:\/\/ieomsociety.org\/brazil2025\/wp-content\/uploads\/2025\/01\/br2.png\" alt=\"\" width=\"268\" height=\"364\" srcset=\"https:\/\/ieomsociety.org\/brazil2025\/wp-content\/uploads\/2025\/01\/br2.png 597w, https:\/\/ieomsociety.org\/brazil2025\/wp-content\/uploads\/2025\/01\/br2-221x300.png 221w, https:\/\/ieomsociety.org\/brazil2025\/wp-content\/uploads\/2025\/01\/br2-144x195.png 144w\" sizes=\"(max-width: 268px) 100vw, 268px\" \/><\/p>\n<h2><span style=\"color: #ff6600;\"><strong>Dr. Anibal Azevedo<\/strong><\/span><br \/>\n<span style=\"color: #ff6600;\"><strong>Professor<\/strong><\/span><br \/>\n<span style=\"color: #ff6600;\"><strong>School of Applied Sciences<\/strong><\/span><br \/>\n<span style=\"color: #ff6600;\"><strong><span style=\"font-size: revert;\">University of Campinas<br \/>\n<\/span><span style=\"font-size: revert;\">Campinas, S\u00e3o Paulo, Brazil<\/span><\/strong><\/span><\/h2>\n<p>Specialist with experience in automation and Industry 4.0 projects, focusing on the application of artificial intelligence in logistics operations. Experience in the development of mathematical and simulation models for Production Engineering and Planning and Programming of Electrical System Operations. Participation in the project &#8220;Integration of Advanced Optimization, Simulation and Artificial Intelligence Techniques to Improve Healthcare Systems&#8221;, aiming to optimize hospital resources, simulate patient flow, predict diagnoses and personalize treatments. Experience in R&amp;D&amp;I (Research, Development and Innovation) projects in collaboration with companies in the Brazilian Energy System. Participation in events such as the Third International Symposium on Supply Chain 4.0, with a presentation on the &#8220;Market of Rules&#8221; and the combination of human expertise and automation in Industry 4.0. Co-author of an article on the assessment of the degree of maturity of Industry 4.0 in the Brazilian auto parts sector with the help of PROMETHEE diagnostics. He works as an advisor in dissertations and theses involving the application of artificial intelligence, modeling and simulation in logistics and distribution centers. He has about 127 full articles and abstracts in national and international conferences and 33 in national and international journals, as well as 5 book chapters, 5 books, and 8 e-books published. He has supervised a total of 95 students including TCC, IC, PEDs, monitors, master&#8217;s and doctoral students. He has participated in research projects with the following companies and funding agencies: AMBEV, CPFL, Duke Energy, EMBRAER, VALE, Ag\u00eancia Nacional de Energia El\u00e9trica (ANEEL), Operador Nacional do Sistema El\u00e9trica (ONS), CNPq (Universal), FAPESP (thematic and PIPE), FINEP. He has over 100 review papers for journals and conferences, is one of the Top Reviewers according to Publons\\Web of Science, and has won three awards for outstanding work in international article review by Elsevier. He has created more than 1,100 video lessons covering topics such as operations research and simulation for UNIVESP and his own YouTube channel. His areas of expertise include Operations Research, Systems Simulation, Artificial Intelligence and Optimization.<\/p>\n<hr \/>\n<p>12:00 &#8211; 12:40, May 14, 2025 (Wednesday) &#8211; Keynote<\/p>\n<hr \/>\n<p>1:00 &#8211; 2:00 Lunch Break<\/p>\n<p>2:00 &#8211; 4:00 Technical Sessions<\/p>\n<p>4:00 &#8211; 6:00 Technical Sessions<\/p>\n<hr \/>\n<h1 style=\"text-align: center;\"><strong>May 15, 2025 (Thursday)<\/strong><\/h1>\n<p>10:00 &#8211; 10:40, May 15, 2025 (Thursday) &#8211; Keynote<\/p>\n<p><img loading=\"lazy\" class=\"wp-image-2129 alignleft\" src=\"http:\/\/ieomsociety.org\/brazil2025\/wp-content\/uploads\/2025\/03\/adil.png\" alt=\"\" width=\"263\" height=\"287\" srcset=\"https:\/\/ieomsociety.org\/brazil2025\/wp-content\/uploads\/2025\/03\/adil.png 1212w, https:\/\/ieomsociety.org\/brazil2025\/wp-content\/uploads\/2025\/03\/adil-274x300.png 274w, https:\/\/ieomsociety.org\/brazil2025\/wp-content\/uploads\/2025\/03\/adil-937x1024.png 937w, https:\/\/ieomsociety.org\/brazil2025\/wp-content\/uploads\/2025\/03\/adil-768x840.png 768w, https:\/\/ieomsociety.org\/brazil2025\/wp-content\/uploads\/2025\/03\/adil-940x1028.png 940w, https:\/\/ieomsociety.org\/brazil2025\/wp-content\/uploads\/2025\/03\/adil-620x678.png 620w, https:\/\/ieomsociety.org\/brazil2025\/wp-content\/uploads\/2025\/03\/adil-178x195.png 178w\" sizes=\"(max-width: 263px) 100vw, 263px\" \/><\/p>\n<h2><span style=\"color: #ff6600;\"><strong>Adilson Spolidoro<br \/>\nDirector of Bauducco<\/strong><\/span><br \/>\n<span style=\"color: #ff6600;\"><strong>SP, Brazil<\/strong><\/span><\/h2>\n<p><strong>Delivery Quality Using AI<\/strong><\/p>\n<p>\u201cThe constant search for productivity in business imposes on us the need to operate without delays and equipment and facility failures, making the quality of what we receive a fundamental attribute for competing in a market where imported products are increasingly in demand. The use of methodologies and tools that contribute to managing the entire set of tasks for a successful operation is essential to minimize risks and speed up productivity gains. In this, AI can make a great contribution.\u201d<\/p>\n<p><strong>Bio<\/strong><\/p>\n<p>Production Engineer from UFSCAR, Master of Science in Production Engineering and PhD student at Unicamp. Has worked in the food sector for 35 years, leading the areas of industrial operations, new product development, new industrial plant projects, and continuous productivity improvement.<\/p>\n<p>Currently developing research work for his PhD in supply chain optimization.<\/p>\n<hr \/>\n<p>10:40 &#8211; 11:20, May 15, 2025 (Thursday) &#8211; Keynote<\/p>\n<h2><span style=\"color: #ff6600;\"><img loading=\"lazy\" class=\"wp-image-2174 alignleft\" src=\"http:\/\/ieomsociety.org\/brazil2025\/wp-content\/uploads\/2025\/03\/rio2.png\" alt=\"\" width=\"271\" height=\"304\" srcset=\"https:\/\/ieomsociety.org\/brazil2025\/wp-content\/uploads\/2025\/03\/rio2.png 650w, https:\/\/ieomsociety.org\/brazil2025\/wp-content\/uploads\/2025\/03\/rio2-267x300.png 267w, https:\/\/ieomsociety.org\/brazil2025\/wp-content\/uploads\/2025\/03\/rio2-620x696.png 620w, https:\/\/ieomsociety.org\/brazil2025\/wp-content\/uploads\/2025\/03\/rio2-174x195.png 174w\" sizes=\"(max-width: 271px) 100vw, 271px\" \/>Prof. Dr. Nilo Antonio de Souza Sampaio\u00a0<\/span><br \/>\n<span style=\"color: #ff6600;\"> Universidade do Estado do Rio de Janeiro<\/span><br \/>\n<span style=\"color: #ff6600;\">Rio de Janeiro State University<\/span><br \/>\n<span style=\"color: #ff6600;\">Rio, Brazil<\/span><\/h2>\n<p style=\"text-align: center;\"><em><strong>Palestra: Utiliza\u00e7\u00e3o da Estat\u00edstica e da Intelig\u00eancia Artificial na \u00e1rea de Pesquisa Ambiental<\/strong><\/em><br \/>\n<em><strong>Presentation Title: Use of Statistics and Artificial Intelligence in Environmental Research<\/strong><\/em><\/p>\n<p>Dr. Nilo Sampaio is an Associate Professor at the State University of Rio de Janeiro where he teaches Probability and Statistics in the Undergraduate Engineering courses and also acts as a Permanent Professor in the Master&#8217;s and Doctorate in Environmental Engineering. He works with Design of Experiments, Multivariate Statistics, Advanced Statistics and Artificial Intelligence. He graduated BS in Chemical Engineering from the Escola de Engenharia de Lorena EEL-USP (1994), master&#8217;s in Mechanical Engineering from the University of Taubat\u00e9 UNITAU (2005), and Ph.D. in Mechanical Engineering from the Universidade Estadual Paulista J\u00falio de Mesquita Filho UNESP (2011).<\/p>\n<hr \/>\n<p>11:20 &#8211; 12:00, May 15, 2025 (Thursday) &#8211; Keynote<\/p>\n<h2><span style=\"color: #ff6600;\"><strong><img loading=\"lazy\" class=\"wp-image-1950 alignleft\" src=\"http:\/\/ieomsociety.org\/brazil2025\/wp-content\/uploads\/2025\/01\/br5.png\" alt=\"\" width=\"267\" height=\"258\" srcset=\"https:\/\/ieomsociety.org\/brazil2025\/wp-content\/uploads\/2025\/01\/br5.png 1675w, https:\/\/ieomsociety.org\/brazil2025\/wp-content\/uploads\/2025\/01\/br5-300x290.png 300w, https:\/\/ieomsociety.org\/brazil2025\/wp-content\/uploads\/2025\/01\/br5-1024x990.png 1024w, https:\/\/ieomsociety.org\/brazil2025\/wp-content\/uploads\/2025\/01\/br5-768x743.png 768w, https:\/\/ieomsociety.org\/brazil2025\/wp-content\/uploads\/2025\/01\/br5-1536x1486.png 1536w, https:\/\/ieomsociety.org\/brazil2025\/wp-content\/uploads\/2025\/01\/br5-940x909.png 940w, https:\/\/ieomsociety.org\/brazil2025\/wp-content\/uploads\/2025\/01\/br5-620x600.png 620w, https:\/\/ieomsociety.org\/brazil2025\/wp-content\/uploads\/2025\/01\/br5-195x189.png 195w\" sizes=\"(max-width: 267px) 100vw, 267px\" \/>Dr. Felipe Ramos<\/strong><\/span><br \/>\n<span style=\"color: #ff6600;\"><strong>Professor<\/strong><\/span><br \/>\n<span style=\"color: #ff6600;\"><strong>Coordinator of the Renewable Energy Technology Course<br \/>\nProfessor in the postgraduate course of Industry 4.0.<\/strong><\/span><br \/>\n<span style=\"color: #ff6600;\"><strong>Federal Institute of S\u00e3o Paulo, Sorocaba Campus<\/strong><\/span><br \/>\n<span style=\"color: #ff6600;\"><strong>Sao Paulo, Brazil<\/strong><\/span><\/h2>\n<p>Felipe Ramos has an undergraduate degree in Control and Automation Engineering (2012) and a M.Sc. in Energy Engineering (2015) from UNIFEI (Federal University of Itajub\u00e1). In 2016 acquired his Beer Sommelier at ICB (Brazil Beer Institute) followed by, in 2017, Brewing Tecnology at ICB (Brazil Beer Institute) and Technische Universit\u00e4t M\u00fcnchen \u2013 TUM. In 2017 joined the Federal Institute of S\u00e3o Paulo, Sorocaba Campus, as an associate professor. He is the current Institutional representative at LPA of Microbreweries and the Coordinator of the Renewable Energy Technology Course as well as a Professor in the postgraduate course of Industry 4.0.<\/p>\n<p>ABSTRACT: Discussion about the context of the microbrewery sector in the region of Sorocaba, its productive particularities, the Local Productive Arrangement, market positioning, challenges and opportunities.<\/p>\n<p>Keywords: microbrewery; lpa; Sorocaba; beer production.<\/p>\n<hr \/>\n<p>12:00 &#8211; 12:40, May 15, 2025 (Thursday) &#8211; Keynote<\/p>\n<hr \/>\n<p>1:00 &#8211; 2:00 Lunch Break<\/p>\n<p>2:00 &#8211; 4:00 Technical Sessions<\/p>\n<p>4:00 &#8211; 6:00 Technical Sessions<\/p>\n","protected":false},"excerpt":{"rendered":"<p>Keynote Speakers May 13, 2025 (Tuesday) 9:20 &#8211; 10:00, May 13, 2025 (Tuesday) &#8211; Welcome and Conference Opening 10:00 &#8211; 10:40, May 13, 2025 (Tuesday) &#8211; Welcome Address and Opening Keynote Professor Luciano Freire Pr\u00f3-Reitor and Diretor Acad\u00eamico de Gradua\u00e7\u00e3o, P\u00f3s-gradua\u00e7\u00e3o e Educa\u00e7\u00e3o da Dist\u00e2ncia| Centro Universit\u00e1rio Facens Sorocaba, SP, Brazil\u00a0 Graduated in Computer Science [&hellip;]<\/p>\n","protected":false},"author":1,"featured_media":0,"parent":0,"menu_order":0,"comment_status":"closed","ping_status":"closed","template":"","meta":[],"_links":{"self":[{"href":"https:\/\/ieomsociety.org\/brazil2025\/wp-json\/wp\/v2\/pages\/54"}],"collection":[{"href":"https:\/\/ieomsociety.org\/brazil2025\/wp-json\/wp\/v2\/pages"}],"about":[{"href":"https:\/\/ieomsociety.org\/brazil2025\/wp-json\/wp\/v2\/types\/page"}],"author":[{"embeddable":true,"href":"https:\/\/ieomsociety.org\/brazil2025\/wp-json\/wp\/v2\/users\/1"}],"replies":[{"embeddable":true,"href":"https:\/\/ieomsociety.org\/brazil2025\/wp-json\/wp\/v2\/comments?post=54"}],"version-history":[{"count":125,"href":"https:\/\/ieomsociety.org\/brazil2025\/wp-json\/wp\/v2\/pages\/54\/revisions"}],"predecessor-version":[{"id":2322,"href":"https:\/\/ieomsociety.org\/brazil2025\/wp-json\/wp\/v2\/pages\/54\/revisions\/2322"}],"wp:attachment":[{"href":"https:\/\/ieomsociety.org\/brazil2025\/wp-json\/wp\/v2\/media?parent=54"}],"curies":[{"name":"wp","href":"https:\/\/api.w.org\/{rel}","templated":true}]}}