{"id":54,"date":"2017-01-15T16:45:30","date_gmt":"2017-01-15T16:45:30","guid":{"rendered":"http:\/\/ieomsociety.org\/ieom2018\/?page_id=54"},"modified":"2026-05-01T20:48:40","modified_gmt":"2026-05-01T20:48:40","slug":"keynotes","status":"publish","type":"page","link":"https:\/\/ieomsociety.org\/milwaukee2026\/keynotes\/","title":{"rendered":"Keynotes"},"content":{"rendered":"<h1 style=\"text-align: center;\"><span style=\"color: #993300;\"><strong>Keynote Speakers<\/strong><\/span><\/h1>\n<hr \/>\n<h2 style=\"text-align: center;\"><span style=\"color: #ff6600;\"><strong>June 9, 2026 (Tuesday)<\/strong><\/span><\/h2>\n<p>9:00 \u2013 9:10 AM: IEOM-Milwaukee Conference Co-Chairs and IEOM President&#8217;s remarks<\/p>\n<hr \/>\n<p>9:10 \u2013 9:20 AM:<\/p>\n<h2><strong>Prof. Canan Bilen-Green <\/strong><br \/>\n<strong>UWM Vice Provost for Faculty Affairs<\/strong><\/h2>\n<hr \/>\n<p>9:20 \u2013 10:00 AM: Opening Keynote:<\/p>\n<h2><strong>John Miller<\/strong><br \/>\n<strong>Director, Wisconsin Economic Development Corporation<\/strong><\/h2>\n<p>10:00 \u2013 10:20 AM Coffee Break<\/p>\n<hr \/>\n<p>10:20 \u2013 11:00 PM<\/p>\n<h2><strong>University of Wisconsin E-Business Consortium<\/strong><\/h2>\n<hr \/>\n<p>11:00 \u2013 11:40 PM &#8211; Keynote<\/p>\n<h2><strong>Andrew Ellis<\/strong><br \/>\n<strong>VP Global Portfolio Engineering<\/strong><br \/>\n<strong>Rockwell Automation<\/strong><\/h2>\n<hr \/>\n<p>11:40 \u2013 12:20 PM<\/p>\n<h2><strong>VP \u2013 Generac Advanced Manufacturing<\/strong><\/h2>\n<hr \/>\n<p>12:20 \u2013 1:00 PM Keynote<\/p>\n<h2><img loading=\"lazy\" decoding=\"async\" class=\"wp-image-1694 alignleft\" src=\"http:\/\/ieomsociety.org\/milwaukee2026\/wp-content\/uploads\/2025\/12\/jag.png\" alt=\"\" width=\"260\" height=\"325\" srcset=\"https:\/\/ieomsociety.org\/milwaukee2026\/wp-content\/uploads\/2025\/12\/jag.png 545w, https:\/\/ieomsociety.org\/milwaukee2026\/wp-content\/uploads\/2025\/12\/jag-240x300.png 240w, https:\/\/ieomsociety.org\/milwaukee2026\/wp-content\/uploads\/2025\/12\/jag-156x195.png 156w\" sizes=\"auto, (max-width: 260px) 100vw, 260px\" \/><strong>Dr. Jag Sarangapani<\/strong><br \/>\n<strong>William A. Rutledge \u2013 Emerson Electric Company Distinguished Professor<\/strong><br \/>\n<strong>Electrical and Computer Engineering Department<\/strong><br \/>\n<strong>Missouri University of Science and Technology<\/strong><br \/>\n<strong>Rolla, MO, USA<\/strong><\/h2>\n<p>Dr. Sarangapani is a Curators\u2019 Distinguished Professor and Rutledge-Emerson Chair at the Missouri University of Science and Technology, Rolla, MO, USA. He was the Site Director for the graduated NSF Industry\/University Cooperative Research Center on Intelligent Maintenance Systems for 13 years and an Interim Director for Intelligent Systems Center. He also has a courtesy appointment with the Department of Computer Science. He has co-authored 209 peer-reviewed journal articles as two-author papers, 308 refereed IEEE conference articles, several book chapters, and co-authored five books and two edited books. He holds 21 patents, one defense publication, with several pending. He has supervised the completion of over 36 doctoral students and 32 M.S. thesis students. His research funding is more than $47 million dollars (his shared credit over $13.8 million) from NSF, NASA, AFOSR, ARO, ONR, AFRL, Boeing, Honeywell, Sandia and from other companies. His current research interests include learning, adaptation, neural network decision making and control, networked control systems\/cyber physical systems, prognostics\/bigdata, and autonomous systems\/robotics with healthcare applications.\u00a0\u00a0 He served\/serving on various editorial boards including as a Senior Editor, IEEE Transactions on Neural Networks and Learning Systems, organizing committees in various international conferences, and as a co-editor for the IET Book series on Control.<\/p>\n<hr \/>\n<h2 style=\"text-align: center;\"><span style=\"color: #ff6600;\"><strong>June<\/strong> <strong>10, 2026 (Wednesday)<\/strong><\/span><\/h2>\n<p>9:00 \u2013 9:10 AM: Opening remarks: UWM College of Engineering and Applied Science, Associate Dean of Research<\/p>\n<hr \/>\n<p>9:30 \u2013 10:00 AM:<\/p>\n<h2><strong>Joe Hamman<\/strong><br \/>\n<strong> Executive Director <\/strong><br \/>\n<strong>UWM Connected Systems Institute<\/strong><\/h2>\n<hr \/>\n<p>10:20 \u2013 10:40 AM Coffee Break<\/p>\n<hr \/>\n<p>10:40 \u2013 11:20 AM &#8211; Keynote<\/p>\n<h2><strong>Michael Cook<\/strong><br \/>\n<strong>Director of Industry-Academia Engagement<\/strong><br \/>\n<strong>Rockwell Automation<\/strong><\/h2>\n<hr \/>\n<p>11:20 \u2013 12:00 PM &#8211; Keynote<\/p>\n<h2><strong>John Dyck\u00a0<\/strong><br \/>\n<strong>Chief Executive Officer, CESMII<\/strong><br \/>\n<strong>The Smart Manufacturing Institute<\/strong><\/h2>\n<hr \/>\n<p>12:00 \u2013 12:10 PM Short Break<\/p>\n<hr \/>\n<p>12:10 \u2013 1:00 PM &#8211; Keynote<\/p>\n<h2><strong>Dr. Anthony Rollett<\/strong><br \/>\n<strong>U.S. Steel Professor of Metallurgical Engineering and Materials Science and University Professor, Materials Science and Engineering<\/strong><br \/>\n<strong>Co-Director of the NASA STRI IMQCAM and the NextManufacturing Center<\/strong><br \/>\n<strong>Carnegie Mellon University<\/strong><br \/>\n<strong>Pittsburgh, Pennsylvania<\/strong><\/h2>\n<p>Anthony Rollett has been a member of the faculty at Carnegie Mellon University since 1995, including five years as materials science and engineering department head. He became the US Steel Professor of Metallurgical Engineering and Materials Science in 2017 and a University Professor in 2024. He is the PI and co-director of the Institute for Model-Based Qualification &amp; Certification of Additive Manufacturing (IMQCAM), which is a NASA-supported Science Technology &amp; Research Institute. He is also the co-director of the Next Manufacturing Center on additive manufacturing.<\/p>\n<p>Previously, he worked at the Los Alamos National Laboratory. There, he was group leader of metallurgy from 1991-1994 and deputy division director of materials science and technology for a year after that.<\/p>\n<p>His research group is supported by industry, several federal research agencies, and the Commonwealth of Pennsylvania. He is a member of the Basic Energy Science Advisory Committee and the Defense Programs Advisory Committee under the Department of Energy. His lecture notes on texture and anisotropy are widely known and used, and he started a new course on additive manufacturing and materials in 2016. He started a new master\u2019s program in additive manufacturing in the fall of 2018.<\/p>\n<p>Rollett\u2019s research focuses on microstructural evolution and microstructure-property relationships in 3D, using both experiments and simulations. Interests include 3D printing of metals, materials for energy conversion systems, strength of materials, constitutive relations, microstructure, texture, anisotropy, grain growth, recrystallization, formability, and stereology. Relevant techniques include high-performance spectral methods in micro-mechanics, dynamic x-ray radiography (DXR) and high-energy diffraction microscopy (HEDM). Important recent results include definition of process windows in 3D printing through characterization of porosity, 3D comparisons of experiment and simulation for plastic deformation in metals, the appearance of new grains during grain growth, and grain size stabilization. He has 320 peer-reviewed journal publications with an h-index of more than 80.<\/p>\n<p>His awards and honors include:<\/p>\n<ul>\n<li>ASM Fellow<\/li>\n<li>Fellow of the Institute of Physics (UK)<\/li>\n<li>TMS Fellow<\/li>\n<li>Cyril Stanley Smith Award (TMS)<\/li>\n<li>Member of Honor from the French Metallurgical Society<\/li>\n<li>Cyril Stanley Smith Award from the International Conference on Recrystallization and Grain Growth<\/li>\n<li>International Francqui Professor (2020-2021) from the Francqui Foundation<\/li>\n<li>International Freeform and Additive Manufacturing Excellence (FAME) Award<\/li>\n<\/ul>\n<hr \/>\n<h1 style=\"text-align: center;\"><span style=\"color: #ff6600;\"><strong>June 11, 2026 (Thursday)<\/strong><\/span><\/h1>\n<p>9:00 \u2013 9:40 AM:<\/p>\n<h2><strong>Northwestern Mutual <\/strong><br \/>\n<strong>VP, Data Science and Analytics (Tentative)<\/strong><\/h2>\n<hr \/>\n<p>9:40 \u2013 10:20 AM:<\/p>\n<h2><strong> Dr. Keuter Tucker<\/strong><br \/>\n<strong>Data Science Manager<\/strong><br \/>\n<strong>Charter Steel<\/strong><\/h2>\n<hr \/>\n<p>10:20 \u2013 10:40 AM Coffee Break<\/p>\n<hr \/>\n<p>10:40 \u2013 11:20 AM:<\/p>\n<h2><strong>Panel:\u00a0<\/strong><strong>Workforce Development in Automation: Area Community Colleges (Moderator: W. Otieno)<\/strong><\/h2>\n<hr \/>\n<p>11:20 \u2013 11:30 am &#8211; Short Break<\/p>\n<hr \/>\n<p>11:30 &#8211; 12:00 PM &#8211; Research Keynote:<\/p>\n<h2><strong><img loading=\"lazy\" decoding=\"async\" class=\"wp-image-1744 alignleft\" src=\"http:\/\/ieomsociety.org\/milwaukee2026\/wp-content\/uploads\/2026\/01\/duran.png\" alt=\"\" width=\"255\" height=\"251\" srcset=\"https:\/\/ieomsociety.org\/milwaukee2026\/wp-content\/uploads\/2026\/01\/duran.png 1427w, https:\/\/ieomsociety.org\/milwaukee2026\/wp-content\/uploads\/2026\/01\/duran-300x296.png 300w, https:\/\/ieomsociety.org\/milwaukee2026\/wp-content\/uploads\/2026\/01\/duran-1024x1010.png 1024w, https:\/\/ieomsociety.org\/milwaukee2026\/wp-content\/uploads\/2026\/01\/duran-768x757.png 768w, https:\/\/ieomsociety.org\/milwaukee2026\/wp-content\/uploads\/2026\/01\/duran-940x927.png 940w, https:\/\/ieomsociety.org\/milwaukee2026\/wp-content\/uploads\/2026\/01\/duran-620x611.png 620w, https:\/\/ieomsociety.org\/milwaukee2026\/wp-content\/uploads\/2026\/01\/duran-195x192.png 195w, https:\/\/ieomsociety.org\/milwaukee2026\/wp-content\/uploads\/2026\/01\/duran-70x70.png 70w, https:\/\/ieomsociety.org\/milwaukee2026\/wp-content\/uploads\/2026\/01\/duran-45x45.png 45w\" sizes=\"auto, (max-width: 255px) 100vw, 255px\" \/>Dr. Alejandro Hern\u00e1ndez Gonz\u00e1lez<\/strong><br \/>\n<strong>Professor of Electrochemistry, Manufacturing Processes, and Dynamics<\/strong><br \/>\n<strong>Faculty of Chemical Sciences<\/strong><br \/>\n<strong>Universidad Ju\u00e1rez del Estado de Durango (UJED)<\/strong><br \/>\n<strong>Durango, Mexico<\/strong><\/h2>\n<p>Dr. Alejandro Hern\u00e1ndez Gonz\u00e1lez is a Research Professor at the Universidad Ju\u00e1rez del Estado de Durango (UJED) and serves as the President of the IEOM Durango Chapter. His expertise is built on a global academic foundation, having conducted research and specialized studies at institutions in Germany, Singapore, and the USA, including the Technical University of Munich, the German Institute of Science and Technology (Asia), MIT, and the University of Colorado Boulder.<\/p>\n<p>As the Innovation and Project Leader at Star Hunters Rocketry, Dr. Hern\u00e1ndez specializes in experimental rocketry and liquid propulsion systems. He is deeply committed to democratizing space knowledge, actively mentoring students through the NASA International Space Apps Challenge and fostering local aerospace development.<\/p>\n<hr \/>\n<p>12:00 \u2013 12:30 PM &#8211; Research Keynote:<\/p>\n<h2><strong>Monica L. Davis<\/strong><br \/>\n<strong>Sr. HR Leader and Certified Professional in Human Resources (PHR)<\/strong><br \/>\n<strong>Delek US Holdings, Inc.<\/strong><br \/>\n<strong>Texas, USA<\/strong><\/h2>\n<p>Bio &#8211; TBA<\/p>\n<hr \/>\n<p>12:30 \u2013 1:00 PM- Research Keynote:<\/p>\n<h2><strong><img loading=\"lazy\" decoding=\"async\" class=\"wp-image-1913 alignleft\" src=\"http:\/\/ieomsociety.org\/milwaukee2026\/wp-content\/uploads\/2026\/04\/maria5.jpg\" alt=\"\" width=\"256\" height=\"301\" srcset=\"https:\/\/ieomsociety.org\/milwaukee2026\/wp-content\/uploads\/2026\/04\/maria5.jpg 775w, https:\/\/ieomsociety.org\/milwaukee2026\/wp-content\/uploads\/2026\/04\/maria5-255x300.jpg 255w, https:\/\/ieomsociety.org\/milwaukee2026\/wp-content\/uploads\/2026\/04\/maria5-768x904.jpg 768w, https:\/\/ieomsociety.org\/milwaukee2026\/wp-content\/uploads\/2026\/04\/maria5-620x730.jpg 620w, https:\/\/ieomsociety.org\/milwaukee2026\/wp-content\/uploads\/2026\/04\/maria5-166x195.jpg 166w\" sizes=\"auto, (max-width: 256px) 100vw, 256px\" \/>Dr. Maria Auxiliadora Cannarozzo Tinoco<\/strong><br \/>\n<strong>Chair of the Department of Industrial Engineering and Transportation<\/strong><br \/>\n<strong>Associate Professor in the Department of Industrial Engineering<\/strong><br \/>\n<strong>Universidade Fedral do Rio Grande do Sul (UFRGS), Brazil<\/strong><\/h2>\n<p style=\"text-align: center;\"><em><strong>Presentation Title: Best Practices for Modernizing Industrial Engineering Curricula: Insights from Benchmarking Initiatives in Developing Countries<\/strong><\/em><\/p>\n<p>Maria Auxiliadora Cannarozzo Tinoco is an Associate Professor in the Department of Industrial Engineering at the Universidade Fedral do Rio Grande do Sul (UFRGS), Brazil. She teaches at the undergraduate and graduate program in Industrial Engineering. She currently serves as Chair of the Department of Industrial Engineering and Transportation (since 2025).<\/p>\n<p>She holds a Ph.D. (2011) and M.Sc. (2006) in Industrial Engineering from UFRGS, and a Bachelor\u2019s degree in Chemical Engineering from the University of Carabobo, Venezuela (1998). She also completed postdoctoral research at UFRGS, focusing on quality management, sustainability, and project portfolio management.<\/p>\n<p>Her academic and professional experience includes leadership and coordination roles such as Coordinator (2018\u20132020) and Vice-Coordinator (2016\u20132018) of the Undergraduate Program in Industrial Engineering at UFRGS, and Manager of the Technological Incubators Network (REINTEC\/UFRGS) at the Zenit Science and Technology Park (2021\u20132022). She was also a Visiting Professor at the University of Central Florida (USA) in 2021.<\/p>\n<p>Professor Maria Cannarozzo Tinoco is an active researcher affiliated with the Organizational Engineering Research Group (NEO\/UFRGS) and the Innovation and Sustainability Center (NIS\/UFRGS). She currently coordinates institutional initiatives for the modernization of engineering education program (PMG), supported by CAPES and the Fulbright Commission since 2019 in Brazil.<\/p>\n<p>Her main research interests include Service Management, Quality Management, Sustainable Product-Service Systems (PSS), Innovation and Sustainability, and Engineering Education with a focus on competency-based learning. More recently, her work also explores the integration of Artificial Intelligence in service operations and engineering education.<\/p>\n<p>She has extensive experience in research, teaching, and industry collaboration, with numerous publications in international journals and conference proceedings. Her work contributes to advancing both theoretical and applied knowledge in service operations, sustainability, and educational innovation.<\/p>\n","protected":false},"excerpt":{"rendered":"<p>Keynote Speakers June 9, 2026 (Tuesday) 9:00 \u2013 9:10 AM: IEOM-Milwaukee Conference Co-Chairs and IEOM President&#8217;s remarks 9:10 \u2013 9:20 AM: Prof. Canan Bilen-Green UWM Vice Provost for Faculty Affairs 9:20 \u2013 10:00 AM: Opening Keynote: John Miller Director, Wisconsin Economic Development Corporation 10:00 \u2013 10:20 AM Coffee Break 10:20 \u2013 11:00 PM University of [&hellip;]<\/p>\n","protected":false},"author":1,"featured_media":0,"parent":0,"menu_order":0,"comment_status":"closed","ping_status":"closed","template":"","meta":{"footnotes":""},"class_list":["post-54","page","type-page","status-publish","hentry"],"_links":{"self":[{"href":"https:\/\/ieomsociety.org\/milwaukee2026\/wp-json\/wp\/v2\/pages\/54","targetHints":{"allow":["GET"]}}],"collection":[{"href":"https:\/\/ieomsociety.org\/milwaukee2026\/wp-json\/wp\/v2\/pages"}],"about":[{"href":"https:\/\/ieomsociety.org\/milwaukee2026\/wp-json\/wp\/v2\/types\/page"}],"author":[{"embeddable":true,"href":"https:\/\/ieomsociety.org\/milwaukee2026\/wp-json\/wp\/v2\/users\/1"}],"replies":[{"embeddable":true,"href":"https:\/\/ieomsociety.org\/milwaukee2026\/wp-json\/wp\/v2\/comments?post=54"}],"version-history":[{"count":89,"href":"https:\/\/ieomsociety.org\/milwaukee2026\/wp-json\/wp\/v2\/pages\/54\/revisions"}],"predecessor-version":[{"id":2023,"href":"https:\/\/ieomsociety.org\/milwaukee2026\/wp-json\/wp\/v2\/pages\/54\/revisions\/2023"}],"wp:attachment":[{"href":"https:\/\/ieomsociety.org\/milwaukee2026\/wp-json\/wp\/v2\/media?parent=54"}],"curies":[{"name":"wp","href":"https:\/\/api.w.org\/{rel}","templated":true}]}}