{"id":26,"date":"2017-01-15T14:12:24","date_gmt":"2017-01-15T14:12:24","guid":{"rendered":"http:\/\/ieomsociety.org\/ieom2018\/?page_id=26"},"modified":"2023-10-01T19:03:40","modified_gmt":"2023-10-01T19:03:40","slug":"committee","status":"publish","type":"page","link":"https:\/\/ieomsociety.org\/mobility2023\/committee\/","title":{"rendered":"Committee"},"content":{"rendered":"<h1 style=\"text-align: center;\"><strong><span style=\"color: #993300;\">Conference Committee<\/span><\/strong><\/h1>\n<hr \/>\n<h3><span style=\"color: #ff6600;\"><strong>Conference Chairs<\/strong><\/span><\/h3>\n<ul>\n<li>Dr. Ahad Ali, Associate Professor and Director of Industrial Engineering Program, Lawrence Technological University, Southfield, Michigan, USA and Executive Director of IEOM Society International<\/li>\n<li>\n<div>Dr. Chan-Jin (CJ) Chung, Professor of Computer Science and Founder of Robofest &amp; Director of CAR (CS and AI Robotics) Lab, Math + Computer Science Department, Lawrence Technological University, Southfield, Michigan, USA<\/div>\n<\/li>\n<li>Dr. Leslie Monplaisir, Associate Dean for Academic and Student Affairs and Professor, Department of Industrial and Manufacturing Engineering, Wayne State University, Detroit, Michigan, USA<\/li>\n<li>\n<div>Steve Sibrel, Senior Supplier Quality Management, Harman International<\/div>\n<\/li>\n<li>\n<div>Dr. Saso Krstovski, MBB, Past University Program Manager, Ford Motor Company, Michigan, USA<\/div>\n<\/li>\n<\/ul>\n<hr \/>\n<p><span style=\"color: #ff6600;\"><strong>Program Chairs<\/strong><\/span><\/p>\n<ul>\n<li>Professor Don Reimer, COO of IEOM and Adjunct Professor of LTU<\/li>\n<li>Kush Shah, Chief Executive Officer, Global Organizational Excellence Solutions LLC (GOES) and GM Fellow, ASQ Fellow, SSMBB, DFSS MBB, Shainin Red X Master, Design Thinking Coach, ASQ-CMQ\/OE, CSSBB, CQE, CQA, CBA, Michigan, USA<\/li>\n<li>Dr. Muhammad Sohail Ahmed, Professor of Engineering Management, School of Engineering, Eastern Michigan University, Ypsilanti, Michigan, USA<\/li>\n<\/ul>\n<hr \/>\n<p><span style=\"color: #ff6600;\"><strong>Program Committee<\/strong><\/span><\/p>\n<ul>\n<li>Dr. Neil Murray, Adjunct Professor at LTU and Manager at ZF<\/li>\n<li>Dr. Joseph Ogundu, Emerald Global Consulting Inc., Southfield<\/li>\n<\/ul>\n<p><span style=\"color: #ff6600;\"><strong>Conference Secretariat<\/strong><\/span><\/p>\n<ul>\n<li>Dr. Taufiqul Islam, Operations Manager, IEOM Society International<\/li>\n<\/ul>\n<hr \/>\n<p><span style=\"color: #ff6600;\"><strong>Student Support Committee<\/strong><\/span><\/p>\n<ul>\n<li>Omar Ali, MSIE Student, LTU<\/li>\n<li>Sai Abhijith Medavarapu, MSIE Student, LTU<\/li>\n<li>Sushil Dev Kumar, MSIE Student, LTU<\/li>\n<\/ul>\n<hr \/>\n<p><span style=\"color: #ff6600;\"><strong>Technical Committee<\/strong><\/span><\/p>\n<ul>\n<li>Aaron Rubel, University Research &amp; Technology Partnerships Manager, Airbus Americas, Inc., Mobile, Alabama, USA<\/li>\n<li>Abdelaziz Berrado, The Ecole Mohammadia d\u2019Ing\u00e9nieurs, Rabat<\/li>\n<li>Abderrahmane Mellak, University of Boumerdes, Algeria<\/li>\n<li>Abdul Talib Bon, Universiti Tun Hussein Onn Malaysia<\/li>\n<li>Abdul-Rahman Al-Ali, American University of Sharjah, UAE<\/li>\n<li>Abdur Rahim, University of New Brunswick, Canada<\/li>\n<li>Abu Masud, Professor Emeritus, Wichita State University, Kansas<\/li>\n<li>Ahm Shamsuzzoha, University of Vaasa, Finland<\/li>\n<li>Ahmad Elshennawy, University of Central Florida, Orlando<\/li>\n<li>Ahsanul Karim, Ford Motor Company, Michigan<\/li>\n<li>Ali ElKamel, University of Waterloo, Canada<\/li>\n<li>Alireza Ghasemi, Dalhousie University, Halifax, NS, Canada<\/li>\n<li>Andy Pandian, Saginaw Valley State University (SVSU), Michigan<\/li>\n<li>Anwar Hossain, Daikin Applied, Minneapolis, Minnesota<\/li>\n<li>Arun Kumar, RMIT University, Australia<\/li>\n<li>Ayeley Tchangani, Ecole Nationale d\u2019Ing\u00e9nieurs de Tarbes, France<\/li>\n<li>Bernaro Villarreal Celstino, University of Monterrey, M\u00e9xico<\/li>\n<li>Bhaskar Bhandarkar, IIIE Mumbai, India<\/li>\n<li>Cecilia Nembou, Divine Word University, Papua New Guinea<\/li>\n<li>Cesar Acosta, University of Southern California, Los Angeles<\/li>\n<li>Charles Mbohwa, University of Johannesburg, South Africa<\/li>\n<li>D.K. Banwet, IIT-Delhi, India<\/li>\n<li>David Ogbuaku, Quality\/Reliability Engineer, Ford Motor Company<\/li>\n<li>Daw Alwerfalli, Lawrence Technological University, Southfield<\/li>\n<li>Devdas Shetty, University of the District of Columbia, Washington, DC<\/li>\n<li>Doga Demirel, Florida Polytechnic University, Lakeland, USA<\/li>\n<li>Eldon Caldwell, University of Costa Rica<\/li>\n<li>Farouq Alhourani, University of Tampa, Florida<\/li>\n<li>Fernando Gonz\u00e1lez Aleu, Engineering Department, UDEM, Mexico<\/li>\n<li>Foad Hosseinkhanli, Amor Health Services, Inc., Brownsville, Texas<\/li>\n<li>George Pappas, Assistant Professor, Electrical and Computer Engineering, Lawrence Technological University<\/li>\n<li>Hamid Parsaei, Texas A&amp;M University (College Station)<\/li>\n<li>Hayder Zghair, Southern Arkansas University, USA<\/li>\n<li>Ilham Kissani, Al Akhawayn University, Ifrane, Morocco<\/li>\n<li>Irshad (Ali) Saberi, Partner at TRANSFORMability, Rochester, Mi<\/li>\n<li>Jafri Bin Mohd Rohani FKM, UTM, Malaysia<\/li>\n<li>Jenny D\u00edaz, Engineering Dept., University of Monterrey, M\u00e9xico<\/li>\n<li>Jihong Yan, Harbin Institute of Technology, Harbin, China<\/li>\n<li>Johanna Trujillo D\u00edaz, Vice President for Research, Fundaci\u00f3n Universitaria Internacional De La Rioja (UNIR), Bogot\u00e1, Colombia<\/li>\n<li>Joonyup Eun, Korea University, South Korea<\/li>\n<li>Leonardo Frizziero, Department of Industrial Engineering ALMA MATER STUDIORUM University of Bologna Bologna \u2013 Italy<\/li>\n<li>Loubna Benabbou, UQAR- L\u00e9vis Campus, L\u00e9vis, QC, Canada<\/li>\n<li>Luis Rocha-Lona, Instituto Polit\u00e9cnico Nacional, Mexico City, M\u00e9xico<\/li>\n<li>Luz Mar\u00eda Valdez de la Rosa, Universidad de Monterrey, Mexico<\/li>\n<li>M Affan Badar, Indiana State University, Terre Haute, Indiana<\/li>\n<li>Mahdi Bashiri, Shahed University, Tehran, Iran<\/li>\n<li>Mario Chauca, Universidad Ricardo Palma, Lima, Peru<\/li>\n<li>Matteo Mario Savino, University of Sannio, Italy<\/li>\n<li>Mellak Abderrahmane, Boumerdes University \u2013 Algeria<\/li>\n<li>Mohamed A Awwad, California Polytechnic State University, San Luis Obispo, California<\/li>\n<li>Mohammad Khasawneh, Binghamton University, New York, USA<\/li>\n<li>Mohammed Anwar Rahman, Central Connecticut State University<\/li>\n<li>Mohd Khairol Anuar bin Mohd Ariffin, University Putra Malaysia<\/li>\n<li>Mohd Khairolden Ghani, R&amp;D Manager of Construction Research Institute of Malaysia (CREAM), Malaysia<\/li>\n<li>Muhammad Abid, Ghulam Ishaq Khan Ins. Eng.Sci.&amp;Tech., Pakistan<\/li>\n<li>Mukdam Kena, Ford Motor Company, Michigan<\/li>\n<li>Mukondeleli Grace Kanakana, Tshwane University of Technology<\/li>\n<li>Mukti Rana, Delaware State University, Dover, Delaware<\/li>\n<li>Niamat Hossain, Arkansas State University<\/li>\n<li>Nidhal REGZ, University of Lorraine, France<\/li>\n<li>Noor Ruhul Alam, The Woodbridge Group, Troy, Michigan<\/li>\n<li>Nubia Milena Velasco Rodriguez, Universidad de Los Andes<\/li>\n<li>Olufemi Adetunji, University of Pretoria, South Africa<\/li>\n<li>Omar Ashour, Penn State Behrend, Erie, PA<\/li>\n<li>Patrick Dallasega, Free University of Bozen-Bolzano, Italy<\/li>\n<li>Qipeng Phil Zheng, University of Central Florida<\/li>\n<li>Qutubuddin S.M., PDA College of Engineering, Gulbarga, India<\/li>\n<li>Rakesh Ramnath, University of the West Indies, St Augustine<\/li>\n<li>Rakesh Raut, National Institute of Industrial Engineering, India<\/li>\n<li>Ramy Harik, University of South Carolina, Columbia, South Carolina<\/li>\n<li>Reinaldo Sanchez-Arias, Florida Polytechnic University, Florida<\/li>\n<li>Robert de Souza, The Logistics Institute \u2013 Asia Pacific, Singapore<\/li>\n<li>Rodrigo Luiz Gigante, FACENS University, Sorocaba, SP, Brazil<\/li>\n<li>Rosemary Seva, De La Salle University \u2013 Manila, Philippines<\/li>\n<li>Salvatore Miranda, University of Salerno, Italy<\/li>\n<li>Sandro Paz, Pontificia Universidad Catolica del Peru, Lima, Peru<\/li>\n<li>Shahram Taj, Chair and Professor, Department of Data Science &amp; Business Analytics, Florida Polytechnic University, USA<\/li>\n<li>Shekar Babu, AMRITA University, Bangalore, India<\/li>\n<li>Subrata Talapatra, Khulna University of Engineering &amp; Technology (KUET), Bangladesh<\/li>\n<li>Tarun Mohan Lal, Atrium Health Navicent, Georgia<\/li>\n<li>Teresa Verduzco, Engineering Department, UDEM<\/li>\n<li>Theodore B. Trafalis, University of Oklahoma, USA<\/li>\n<li>Turki Sadok, University of Lorraine, France<\/li>\n<li>Umar AL-Turki, KFUPM, Saudi Arabia<\/li>\n<li>Vahab Vahdat, Northeastern University, USA<\/li>\n<li>Vassilis Gerogiannis, University of Thessaly, Greece<\/li>\n<li>Vikas Kumar, University pf the West England, UK<\/li>\n<li>Vitor M. Caldana, Professor, Depto. de Eletroeletr\u00f4nica, IFSP \u2013 Instituto Federal de S\u00e3o Paulo \u2013 Campus Sorocaba, SP, Brazil<\/li>\n<li>Walid Abdul-Kader. University of Windsor, Canada<\/li>\n<li>Wilkistar Otieno, Department of Industrial and Manufacturing Engineering, University of Wisconsin \u2013 Milwaukee, USA<\/li>\n<li>Yong WU, Griffith University, Australia<\/li>\n<\/ul>\n","protected":false},"excerpt":{"rendered":"<p>Conference Committee Conference Chairs Dr. Ahad Ali, Associate Professor and Director of Industrial Engineering Program, Lawrence Technological University, Southfield, Michigan, USA and Executive Director of IEOM Society International Dr. Chan-Jin (CJ) Chung, Professor of Computer Science and Founder of Robofest &amp; Director of CAR (CS and AI Robotics) Lab, Math + Computer Science Department, Lawrence [&hellip;]<\/p>\n","protected":false},"author":1,"featured_media":0,"parent":0,"menu_order":0,"comment_status":"closed","ping_status":"closed","template":"","meta":[],"_links":{"self":[{"href":"https:\/\/ieomsociety.org\/mobility2023\/wp-json\/wp\/v2\/pages\/26"}],"collection":[{"href":"https:\/\/ieomsociety.org\/mobility2023\/wp-json\/wp\/v2\/pages"}],"about":[{"href":"https:\/\/ieomsociety.org\/mobility2023\/wp-json\/wp\/v2\/types\/page"}],"author":[{"embeddable":true,"href":"https:\/\/ieomsociety.org\/mobility2023\/wp-json\/wp\/v2\/users\/1"}],"replies":[{"embeddable":true,"href":"https:\/\/ieomsociety.org\/mobility2023\/wp-json\/wp\/v2\/comments?post=26"}],"version-history":[{"count":150,"href":"https:\/\/ieomsociety.org\/mobility2023\/wp-json\/wp\/v2\/pages\/26\/revisions"}],"predecessor-version":[{"id":2460,"href":"https:\/\/ieomsociety.org\/mobility2023\/wp-json\/wp\/v2\/pages\/26\/revisions\/2460"}],"wp:attachment":[{"href":"https:\/\/ieomsociety.org\/mobility2023\/wp-json\/wp\/v2\/media?parent=26"}],"curies":[{"name":"wp","href":"https:\/\/api.w.org\/{rel}","templated":true}]}}