{"id":2231,"date":"2023-02-19T00:16:03","date_gmt":"2023-02-19T00:16:03","guid":{"rendered":"http:\/\/ieomsociety.org\/peru2023\/?page_id=2231"},"modified":"2023-05-06T21:36:07","modified_gmt":"2023-05-06T21:36:07","slug":"analytics","status":"publish","type":"page","link":"https:\/\/ieomsociety.org\/peru2023\/analytics\/","title":{"rendered":"Global Data Analytics"},"content":{"rendered":"<h1 style=\"text-align: center;\"><span style=\"color: #993300;\"><strong>Plenary Speakers<br \/>\n2nd IEOM Global Data Analytics \/ Data\u00a0<\/strong><\/span><span style=\"color: #993300;\">Science<\/span><\/h1>\n<p style=\"text-align: center;\"><strong>Speaker Registration:\u00a0<a href=\"https:\/\/www.xcdsystem.com\/IEOM\/attendee\/index.cfm?ID=Ql0Fn1s\">https:\/\/www.xcdsystem.com\/IEOM\/attendee\/index.cfm?ID=Ql0Fn1s<\/a><\/strong><\/p>\n<hr \/>\n<p>IEOM Data Analytics focuses on theoretical and applied research and best practices. It includes the following areas but not limited to:<\/p>\n<ul>\n<li>AI (Artificial Intelligence)<\/li>\n<li>Artificial Intelligence<\/li>\n<li>Association Rule Learning<\/li>\n<li>Clustering<\/li>\n<li>Data Fusion<\/li>\n<li>Data Mining<\/li>\n<li>Degradation<\/li>\n<li>Distributed Semantic Analytics.<\/li>\n<li>Failure Prediction<\/li>\n<li>Genetic Algorithm<\/li>\n<li>Heuristic<\/li>\n<li>ML (Machine Learning)<\/li>\n<li>Neural Network<\/li>\n<li>PCA<\/li>\n<li>Remaining Useful Life<\/li>\n<li>Search Techniques<\/li>\n<li>Structured Machine Learning<\/li>\n<li>or similar topics<\/li>\n<\/ul>\n<p>Each speaker needs to submit a title of the talk, photo and a short bio as well as power point presentation. If you are interested to be distinguished feature speaker, please contact\u00a0<a href=\"mailto:info@ieomsociety.org\">info@ieomsociety.org<\/a>\u00a0for details.<\/p>\n<p style=\"text-align: center;\"><b>All speakers need to register and pay the registration fee.<\/b><\/p>\n<hr \/>\n<h1 style=\"text-align: center;\"><span style=\"color: #993300;\"><strong>Data Analytics \/ Data Science<\/strong><\/span><span style=\"color: #993300;\"><strong>\u00a0I<\/strong><\/span><\/h1>\n<h3 style=\"text-align: center;\"><span style=\"color: #000000;\"><strong>Wednesday, May 10, 2023 &#8211; 8:00 &#8211; 9:45 am &#8211; Room 4 (Onsite)<br \/>\n<\/strong>Session Chair:\u00a0<\/span><span style=\"color: #000000;\">Manuela Linares Barbero<\/span><\/h3>\n<p style=\"text-align: left;\"><span style=\"color: #000000;\"> 8:00 &#8211; 8:20 am, Wednesday, <\/span><span style=\"color: #000000;\">May 10, 2023<\/span><\/p>\n<h3><span style=\"color: #ff6600;\"><strong>Omar Rubio Quezada<br \/>\n<\/strong>Coordinador senior de evaluaci\u00f3n e impacto<\/span><br \/>\n<span style=\"color: #ff6600;\">Jefe de pr\u00e1ctica del curso Gesti\u00f3n de Organizaciones<\/span><br \/>\n<span style=\"color: #ff6600;\">Pontificia Universidad Cat\u00f3lica del Per\u00fa<\/span><br \/>\n<span style=\"color: #ff6600;\">Lima, Peru<\/span><\/h3>\n<hr \/>\n<p style=\"text-align: left;\"><span style=\"color: #000000;\">8:20 &#8211; 8:40 am, Wednesday,<\/span><span style=\"color: #000000;\">\u00a0May 10, 2023<\/span><\/p>\n<h3><span style=\"color: #ff6600;\"><strong>Claudia Barrera Acosta<\/strong><\/span><br \/>\n<span style=\"color: #ff6600;\">Analista de Mejora de Procesos<\/span><br \/>\n<span style=\"color: #ff6600;\">BBVA<\/span><br \/>\n<span style=\"color: #ff6600;\">Lima, Peru<\/span><\/h3>\n<hr \/>\n<p style=\"text-align: left;\"><span style=\"color: #000000;\">8:40 &#8211; 9:00 am, Wednesday, <\/span><span style=\"color: #000000;\">May 10, 2023<\/span><\/p>\n<h3><span style=\"color: #ff6600;\"><strong><img decoding=\"async\" loading=\"lazy\" class=\"wp-image-2785 alignleft\" src=\"http:\/\/ieomsociety.org\/peru2023\/wp-content\/uploads\/2023\/05\/al.png\" alt=\"\" width=\"221\" height=\"230\" srcset=\"https:\/\/ieomsociety.org\/peru2023\/wp-content\/uploads\/2023\/05\/al.png 330w, https:\/\/ieomsociety.org\/peru2023\/wp-content\/uploads\/2023\/05\/al-289x300.png 289w, https:\/\/ieomsociety.org\/peru2023\/wp-content\/uploads\/2023\/05\/al-188x195.png 188w\" sizes=\"(max-width: 221px) 100vw, 221px\" \/>Alejandro Latorre Rojas, BSc.<br \/>\n<\/strong>Data Analytics and Engineering Advisor<\/span><br \/>\n<span style=\"color: #ff6600;\">Senior Analytics Engineer \u2013 Favo<\/span><br \/>\n<span style=\"color: #ff6600;\">Data Analytics Teaching Assistant \u2013 Pontifical Catholic University of Peru<\/span><br \/>\n<span style=\"color: #ff6600;\">Business Strategy Executive Program alumni \u2013 Pearson College London\u00a0<\/span><\/h3>\n<p>Analytics Engineer with a Bachelor of Science in Industrial Engineer at Pontifical Catholic University of Peru with background in Statistics, Programming and Business Analytics. He was part of the Science &amp; Engineering Faculty Council (2019-2020) where he helped to accelerate the update of the engineering carrers\u2019 curriculum. He also has a specialization in Business Intelligence and participated in a hackathon organized by IBS Americas with a team whose obtained 5th place and the opportunity to take an executive program in Business Strategy in Pearson College London (2023, England). During his carrer, he was a teaching assistant of +3 courses related to Statistics and Data Analytics, and a Data Science Tutor in Coderhouse (one of the largest edtech companies in LATAM). He worked in two of the largest banking companies in Peru (BCP and Interbank) in roles associated to Pricing Analytics and Software Development, but mainly he was part of some retail startup companies such as PedidosYa (food delivery app), Farmauna\/Auna (healthtech) and Favo (supermarket e-commerce) playing the roles of Business Intelligence and Data Analyst, Data Scientist and Analytics Engineer.<\/p>\n<hr \/>\n<p style=\"text-align: left;\"><span style=\"color: #000000;\">9:00 &#8211; 9:20 am, Wednesday,<\/span><span style=\"color: #000000;\"> May 10, 2023<\/span><\/p>\n<h3><span style=\"color: #ff6600;\"><strong>Nicol\u00e1s N\u00fa\u00f1ez Morales<br \/>\n<\/strong>Professor and Subdirector ProLab<\/span><br \/>\n<span style=\"color: #ff6600;\">CENTRUM PUCP Business School<\/span><br \/>\n<span style=\"color: #ff6600;\">Pontificia Universidad Cat\u00f3lica del Per\u00fa<\/span><br \/>\n<span style=\"color: #ff6600;\">Lima, Peru<\/span><\/h3>\n<p><img decoding=\"async\" loading=\"lazy\" class=\"alignnone  wp-image-2682\" src=\"http:\/\/ieomsociety.org\/peru2023\/wp-content\/uploads\/2023\/04\/nico.png\" alt=\"\" width=\"221\" height=\"210\" srcset=\"https:\/\/ieomsociety.org\/peru2023\/wp-content\/uploads\/2023\/04\/nico.png 547w, https:\/\/ieomsociety.org\/peru2023\/wp-content\/uploads\/2023\/04\/nico-300x285.png 300w, https:\/\/ieomsociety.org\/peru2023\/wp-content\/uploads\/2023\/04\/nico-195x185.png 195w\" sizes=\"(max-width: 221px) 100vw, 221px\" \/><\/p>\n<hr \/>\n<h2 style=\"text-align: center;\"><span style=\"color: #993300;\"><strong>Data Analytics \/ Data Science <\/strong><\/span><span style=\"color: #993300;\"><strong>II<\/strong><\/span><\/h2>\n<h3 style=\"text-align: center;\"><span style=\"color: #000000;\"><strong> Wednesday, May 10, 2023 &#8211; 2:00 &#8211; 3:45 pm &#8211; Room 4 (Onsite)<\/strong><\/span><\/h3>\n<p style=\"text-align: center;\">Session Chair:\u00a0<span style=\"color: #000000;\">Aracelli Centeno<\/span><\/p>\n<p style=\"text-align: left;\"><span style=\"color: #000000;\">2:00 &#8211; 2:20 pm, Wednesday, <\/span><span style=\"color: #000000;\">May 10, 2023<\/span><\/p>\n<h3><span style=\"color: #ff6600;\"><strong><img decoding=\"async\" loading=\"lazy\" class=\"wp-image-2802 alignleft\" src=\"http:\/\/ieomsociety.org\/peru2023\/wp-content\/uploads\/2023\/05\/pp.png\" alt=\"\" width=\"221\" height=\"277\" srcset=\"https:\/\/ieomsociety.org\/peru2023\/wp-content\/uploads\/2023\/05\/pp.png 417w, https:\/\/ieomsociety.org\/peru2023\/wp-content\/uploads\/2023\/05\/pp-240x300.png 240w, https:\/\/ieomsociety.org\/peru2023\/wp-content\/uploads\/2023\/05\/pp-156x195.png 156w\" sizes=\"(max-width: 221px) 100vw, 221px\" \/>Carlos Amhed Pino Moren<\/strong><\/span><br \/>\n<span style=\"color: #ff6600;\">Data Processing Specialist<\/span><br \/>\n<span style=\"color: #ff6600;\">Ministry of Education<\/span><br \/>\n<span style=\"color: #ff6600;\">Lima, Peru<\/span><\/h3>\n<div class=\"msg-s-event-listitem__message-bubble msg-s-event-listitem__message-bubble--msg-fwd-enabled\" tabindex=\"0\" data-artdeco-is-focused=\"true\">\n<div class=\"msg-s-event-with-indicator display-flex \">\n<div class=\"msg-s-event__content\" dir=\"ltr\">\n<p class=\"msg-s-event-listitem__body t-14 t-black--light t-normal\n                \">Carlos Amhed Pino Moreno, Licenciado en Estad\u00edstica de la Universidad Nacional Federico Villarreal, con m\u00e1s de 12 a\u00f1os de experiencia en an\u00e1lisis y procesamiento de datos, as\u00ed como registros administrativos en RENIEC, procesamiento de encuestas sociodemogr\u00e1ficas en el INEI, dise\u00f1o de encuestas, dise\u00f1o muestral, participaci\u00f3n en publicaciones estad\u00edsticas y elaboraci\u00f3n de modelos predictivos. Trabajo en el Ministerio de Educaci\u00f3n, realizando labores de procesamiento de datos, encuestas relacionadas a temas de educaci\u00f3n, an\u00e1lisis psicom\u00e9trico, validaci\u00f3n de pruebas de evaluaci\u00f3n para los colegios de Alto Rendimiento COAR y participaci\u00f3n en trabajos de investigaci\u00f3n. Participo en la Metodolog\u00eda del censo 2007 en sus etapas de planificaci\u00f3n, operaci\u00f3n de campo, procesamiento, an\u00e1lisis de resultados y publicaciones. As\u00ed mismo se particip\u00f3 en la elaboraci\u00f3n de indicadores y consistencia de datos de la encuesta del ENAPRES 2011, y participaci\u00f3n en diversas publicaciones estad\u00edsticas del INEI. Participo en Proyectos de investigaci\u00f3n en temas de salud, investigaciones sociales, econ\u00f3micas y encuestas de Investigaci\u00f3n de Mercado, asesoramiento de Tesis y docente en cursos sobre estad\u00edstica aplicada a la investigaci\u00f3n.<\/p>\n<\/div>\n<\/div>\n<\/div>\n<hr \/>\n<p style=\"text-align: left;\"><span style=\"color: #000000;\">2:20 &#8211; 2:40 pm, Wednesday,<\/span><span style=\"color: #000000;\">\u00a0May 10, 2023<\/span><\/p>\n<h3><span style=\"color: #ff6600;\"><strong><img decoding=\"async\" loading=\"lazy\" class=\"wp-image-2569 alignleft\" src=\"http:\/\/ieomsociety.org\/peru2023\/wp-content\/uploads\/2023\/04\/al.jpg\" alt=\"\" width=\"226\" height=\"317\" srcset=\"https:\/\/ieomsociety.org\/peru2023\/wp-content\/uploads\/2023\/04\/al.jpg 242w, https:\/\/ieomsociety.org\/peru2023\/wp-content\/uploads\/2023\/04\/al-214x300.jpg 214w, https:\/\/ieomsociety.org\/peru2023\/wp-content\/uploads\/2023\/04\/al-139x195.jpg 139w\" sizes=\"(max-width: 226px) 100vw, 226px\" \/>Milagros Huachillo Alvarado<br \/>\n<\/strong>Consultor De Procesos<\/span><br \/>\n<span style=\"color: #ff6600;\">Estudio Ugaz Zegarra &amp; Abogados Asociados<\/span><br \/>\n<span style=\"color: #ff6600;\">Peru<\/span><\/h3>\n<p>Bio in ESPA\u00d1OL<\/p>\n<p>Ingeniera de Sistemas de la Universidad Nacional Federico Villareal, con diplomado en Gerencia de la Calidad, Gesti\u00f3n de Proyectos, Gesti\u00f3n de Riesgos con experiencia en implementaci\u00f3n y evaluaci\u00f3n de sistemas de gesti\u00f3n de calidad y seguridad de la informaci\u00f3n, an\u00e1lisis de datos, medici\u00f3n de la percepci\u00f3n del cliente, medici\u00f3n y an\u00e1lisis de la calidad del servicio.<\/p>\n<p>Con 15 a\u00f1os de experiencia en gesti\u00f3n de calidad, proyectos, mejora de procesos, an\u00e1lisis de datos, sistemas de gesti\u00f3n, identificaci\u00f3n y an\u00e1lisis de expectativas de los grupos de inter\u00e9s.<\/p>\n<p>He tenido la oportunidad de laborar en el gobierno, industrias de transporte, farmac\u00e9utica y en sector jur\u00eddico.<\/p>\n<p>Bio in ENGLISH<\/p>\n<p>System Engineer at National University of Federico Villareal, with diploma in Quality Management, Project Management., Risk Management. With experience in assessment and implementation of quality management systems, security information management system, data analysis, and customer perception measurement, analysis, and measurement of service quality.<\/p>\n<p>With 15 years of experience in quality management, projects, process improvement, data analysis, management systems, identification, and analysis of stakeholder\u2019s expectations.<\/p>\n<p>She could work in a government, and industries such as: transportation, pharmaceutical and legal sector.<\/p>\n<hr \/>\n<p style=\"text-align: left;\"><span style=\"color: #000000;\">2:40 &#8211; 3:00 pm, Wednesday,<\/span><span style=\"color: #000000;\">\u00a0May 10, 2023<\/span><\/p>\n<h3><span style=\"color: #ff6600;\"><strong><img decoding=\"async\" loading=\"lazy\" class=\"wp-image-2570 alignleft\" src=\"http:\/\/ieomsociety.org\/peru2023\/wp-content\/uploads\/2023\/04\/ar.jpg\" alt=\"\" width=\"223\" height=\"292\" srcset=\"https:\/\/ieomsociety.org\/peru2023\/wp-content\/uploads\/2023\/04\/ar.jpg 223w, https:\/\/ieomsociety.org\/peru2023\/wp-content\/uploads\/2023\/04\/ar-149x195.jpg 149w\" sizes=\"(max-width: 223px) 100vw, 223px\" \/>Aracelli Centeno Sanchez<br \/>\n<\/strong>Business Process Manager<\/span><br \/>\n<span style=\"color: #ff6600;\">Cleaning and Beauty Products<\/span><br \/>\n<span style=\"color: #ff6600;\">Peru<\/span><\/h3>\n<p>Bio in ESPA\u00d1OL<\/p>\n<p>Ingeniera Inform\u00e1tica de la Universidad Ricardo Palma, con especializaci\u00f3n en Gesti\u00f3n por Procesos de Negocios, Gesti\u00f3n de Riesgos, Gesti\u00f3n de Proyectos y An\u00e1lisis de Datos, con una maestr\u00eda en Administraci\u00f3n de Negocios en la Universidad de Illinois \u2013 Urbana Champaign.<\/p>\n<p>Con 15 a\u00f1os de experiencia en an\u00e1lisis de informaci\u00f3n, procesos de negocios y proyectos de mejora de procesos. Consultor\u00eda en buenas pr\u00e1cticas en negocios, an\u00e1lisis de datos e identificaci\u00f3n y an\u00e1lisis de insights.<\/p>\n<p>He trabajado en industrias como tecnolog\u00eda, banca, gobierno, transporte y farmac\u00e9utica.<\/p>\n<p>He participado en equipos de mejora de procesos, negocios, evaluaci\u00f3n de proyectos de mejora, conociendo as\u00ed el giro de la empresa y brindando recomendaciones para su implementaci\u00f3n a corto y mediano plazo.<\/p>\n<p>Bio in ENGLISH<\/p>\n<p>Informatics Engineering of University of Ricardo Palma, with specializations in Business Process Management, Risk Management, Project Management and Data Analytics, with master\u2019s in business administration at University of Illinois Urbana Champaign.<\/p>\n<p>In 15 years of experience in information analytics, business process, process improvement project. Business Practice Consulting, data analysis, and insight identification and analysis. I have worked in industries such as technology, bank, government, transportation and pharmaceutical.<\/p>\n<p>I have been participated in process improvement teams, business, improvement project assessment, I know the business core and I have given recommendations to implement in the short and medium time.<\/p>\n<hr \/>\n<p style=\"text-align: left;\"><span style=\"color: #000000;\">3:00 &#8211; 3:20 pm, Wednesday,<\/span><span style=\"color: #000000;\"> May 10, 2023<\/span><\/p>\n<h3><span style=\"color: #ff6600;\"><strong><img decoding=\"async\" loading=\"lazy\" class=\"wp-image-2571 alignleft\" src=\"http:\/\/ieomsociety.org\/peru2023\/wp-content\/uploads\/2023\/04\/rob.jpg\" alt=\"\" width=\"223\" height=\"267\" srcset=\"https:\/\/ieomsociety.org\/peru2023\/wp-content\/uploads\/2023\/04\/rob.jpg 510w, https:\/\/ieomsociety.org\/peru2023\/wp-content\/uploads\/2023\/04\/rob-251x300.jpg 251w, https:\/\/ieomsociety.org\/peru2023\/wp-content\/uploads\/2023\/04\/rob-163x195.jpg 163w\" sizes=\"(max-width: 223px) 100vw, 223px\" \/>Roberto Inchaustegui Gil<br \/>\n<\/strong>Corporate People &amp; Operations Manager<\/span><br \/>\n<span style=\"color: #ff6600;\">Intercorp<\/span><br \/>\n<span style=\"color: #ff6600;\">Peru<\/span><\/h3>\n<p>Bio in ESPA\u00d1OL<\/p>\n<p>Estudi\u00e9 Ingenier\u00eda de Sistemas en la Universidad de Lima, tengo un m\u00e1ster en Gesti\u00f3n de Tecnolog\u00eda de la Universidad de Illinois y cuento con especializaciones en Proyect Management, Change Management, Design Strategy, Agile Development, Product Management, Data Engineering, Big Data &amp; ML.<\/p>\n<p>En +16 a\u00f1os de experiencia, he trabajado en consultor\u00eda de tecnolog\u00eda, data y anal\u00edtica, enfoc\u00e1ndome en posiciones de gesti\u00f3n por los \u00faltimos 10 a\u00f1os. He tenido la oportunidad de conocer diferentes industrias como energ\u00eda, comercio minorista, seguros y banca. Adem\u00e1s, durante mi carrera viv\u00ed, trabaje y estudie en Per\u00fa, Brasil, Chile y Estados Unidos.<\/p>\n<p>Empec\u00e9 mi carrera en Analytics en Walmart U.S., donde aprend\u00ed la importancia de identificar y accionar insights, as\u00ed como potenciar una cultura basada en datos. Actualmente me desempe\u00f1o como Corporate People &amp; Operations Manager en Intercorp Per\u00fa, siendo mi objetivo principal ayudar a las empresas a acelerar su transformaci\u00f3n digital, dise\u00f1ando e implementando modelos operativos \u00f3ptimos para \u00e1reas de data y anal\u00edtica.<\/p>\n<p>Bio in ENGLISH<\/p>\n<p>I studied Systems Engineering at the University of Lima, I have a master\u2019s degree in technology management from the University of Illinois and I have specializations in Project Management, Change Management, Design Strategy, Agile Development, Product Management, Data Engineering, Big Data &amp; ML.<\/p>\n<p>In +16 years of experience, I have worked in technology, data and analytics consulting, focusing on management positions for the last 10 years. I have had the opportunity to learn about several industries such as energy, retail, insurance, and banking. In addition, during my career I lived, worked, and studied in Peru, Brazil, Chile and the United States.<\/p>\n<p>I started my career in Analytics at Walmart U.S., where I learned the importance of identifying and activating insights, as well as empowering a data-driven culture. I currently work as Corporate People &amp; Operations Manager at Intercorp Peru, my main objective being to help companies accelerate their digital transformation, designing and implementing optimal operating models for data and analytics areas.<\/p>\n<p><span style=\"color: #000000;\">3:20 &#8211; 3:40 pm, Wednesday,<\/span><span style=\"color: #000000;\"> May 10, 2023<\/span><\/p>\n<h3><span style=\"color: #ff6600;\"><strong><img decoding=\"async\" loading=\"lazy\" class=\"wp-image-2692 alignleft\" src=\"http:\/\/ieomsociety.org\/peru2023\/wp-content\/uploads\/2023\/04\/david.png\" alt=\"\" width=\"222\" height=\"261\" srcset=\"https:\/\/ieomsociety.org\/peru2023\/wp-content\/uploads\/2023\/04\/david.png 551w, https:\/\/ieomsociety.org\/peru2023\/wp-content\/uploads\/2023\/04\/david-255x300.png 255w, https:\/\/ieomsociety.org\/peru2023\/wp-content\/uploads\/2023\/04\/david-166x195.png 166w\" sizes=\"(max-width: 222px) 100vw, 222px\" \/>David Allende Quintana<br \/>\n<\/strong>Leader Data Scientist, Tottus<\/span><br \/>\n<span style=\"color: #ff6600;\">Analytical Trainer, DMC Per\u00fa<\/span><br \/>\n<span style=\"color: #ff6600;\">Analytical Trainer, UTEC &#8211; Universidad de Ingenier\u00eda y Tecnolog\u00eda<\/span><br \/>\n<span style=\"color: #ff6600;\">Lima, Peru<\/span><\/h3>\n<p>Bio in Spanish<\/p>\n<p>Lidera el equipo Corporativo de Data Science de Tottus a nivel regional, resolviendo casos de uso con proyectos de ciencia, gobierno y monetizaci\u00f3n de datos; impactando positivamente en los resultados del negocio. Adem\u00e1s, ha participado y liderado equipos de Data Scientist en el sector financiero y participado como cient\u00edfico de Datos en el sector de telecomunicaciones. Docente en programas Data science en prestigiosas universidades e instituciones. Speaker y consultor\u00a0 internacional en proyectos de ciencia, gobierno y monetizaci\u00f3n del dato.<\/p>\n<p>Bio in English<\/p>\n<p>He leads the Tottus Corporate Data Science team at the regional level, solving use cases with data science, government and monetization projects; positively impacting business results. In addition, he has participated and led Data Scientist teams in the financial sector and participated as a Data Scientist in the telecommunications sector. Lecturer in Data science programs at prestigious universities and institutions. Speaker and international consultant in science, government and data monetization projects.<\/p>\n<hr \/>\n<h2 style=\"text-align: center;\"><span style=\"color: #993300;\"><strong>Data Analytics \/ Data Science <\/strong><\/span><span style=\"color: #993300;\"><strong>III<\/strong><\/span><\/h2>\n<h3 style=\"text-align: center;\"><span style=\"color: #000000;\"><strong> Wednesday, May 10, 2023 &#8211; 4:00 &#8211; 5:45 pm &#8211; Room 4 (Onsite)<br \/>\n<\/strong><\/span>Session Chair:\u00a0<span style=\"color: #000000;\">Alberto J Donayre-Torres<\/span><\/h3>\n<p style=\"text-align: left;\"><span style=\"color: #000000;\">4:00 &#8211; 4:20 pm, Wednesday,<\/span><span style=\"color: #000000;\">\u00a0May 10, 2023<\/span><\/p>\n<h3><span style=\"color: #ff6600;\"><strong>Alberto J Donayre-Torres<br \/>\n<\/strong>Full Time Professor<\/span><br \/>\n<span style=\"color: #ff6600;\"><span style=\"font-size: revert;\">UTEC &#8211; Universidad de Ingenier\u00eda y Tecnolog\u00eda<br \/>\n<\/span>Lima, Peru<\/span><\/h3>\n<hr \/>\n<p style=\"text-align: left;\"><span style=\"color: #000000;\">4:20 &#8211; 4:40 pm, Wednesday,<\/span><span style=\"color: #000000;\">\u00a0May 10, 2023<\/span><\/p>\n<h3><span style=\"color: #ff6600;\"><strong>A. Guillermo Joo Aguayo<\/strong><\/span><br \/>\n<span style=\"color: #ff6600;\">Supervisor de Proyectos de Inversion<\/span><br \/>\n<span style=\"color: #ff6600;\">Project Manager<\/span><br \/>\n<span style=\"color: #ff6600;\">Petroper\u00fa S.A.<\/span><br \/>\n<span style=\"color: #ff6600;\">San Isidro, Lima, Per\u00fa<\/span><\/h3>\n<p><img decoding=\"async\" loading=\"lazy\" class=\"alignnone  wp-image-2686\" src=\"http:\/\/ieomsociety.org\/peru2023\/wp-content\/uploads\/2023\/04\/gui.png\" alt=\"\" width=\"222\" height=\"272\" srcset=\"https:\/\/ieomsociety.org\/peru2023\/wp-content\/uploads\/2023\/04\/gui.png 505w, https:\/\/ieomsociety.org\/peru2023\/wp-content\/uploads\/2023\/04\/gui-245x300.png 245w, https:\/\/ieomsociety.org\/peru2023\/wp-content\/uploads\/2023\/04\/gui-159x195.png 159w\" sizes=\"(max-width: 222px) 100vw, 222px\" \/><\/p>\n<hr \/>\n<p style=\"text-align: left;\"><span style=\"color: #000000;\">4:40 &#8211; 5:00 pm, Wednesday,<\/span><span style=\"color: #000000;\">\u00a0May 10, 2023<\/span><\/p>\n<h3><span style=\"color: #ff6600;\"><strong><img decoding=\"async\" loading=\"lazy\" class=\"wp-image-2736 alignleft\" src=\"http:\/\/ieomsociety.org\/peru2023\/wp-content\/uploads\/2023\/04\/carlos.png\" alt=\"\" width=\"223\" height=\"247\" srcset=\"https:\/\/ieomsociety.org\/peru2023\/wp-content\/uploads\/2023\/04\/carlos.png 594w, https:\/\/ieomsociety.org\/peru2023\/wp-content\/uploads\/2023\/04\/carlos-272x300.png 272w, https:\/\/ieomsociety.org\/peru2023\/wp-content\/uploads\/2023\/04\/carlos-177x195.png 177w\" sizes=\"(max-width: 223px) 100vw, 223px\" \/>Carlos Mari\u00f1o, Ph.D.<br \/>\n<\/strong>Director de Investigaci\u00f3n<\/span><br \/>\n<span style=\"color: #ff6600;\">Profesor<\/span><br \/>\n<span style=\"color: #ff6600;\">Departamento Acad\u00e9mico de Posgrado en Negocios<\/span><br \/>\n<span style=\"color: #ff6600;\">Pontificia Universidad Cat\u00f3lica del Per\u00fa<\/span><br \/>\n<span style=\"color: #ff6600;\">Lima, Peru<\/span><\/h3>\n<p>El profesor Mari\u00f1o es Ph.D. in Industrial &amp; Systems Engineering de la Mississippi State University, EE.UU. Master of Transportation &amp; Logistics Management de la American Military University, EE.UU. Master of Science Engineering Management, California State University, EE.UU. Mag\u00edster en Administraci\u00f3n con menci\u00f3n en Finanzas de la Universidad del Pac\u00edfico, Per\u00fa, Ingeniero Industrial de la Universidad de Lima, Per\u00fa. Data Science and Big Data Analytics Certification del Massachusetts Institute of Technology; Data Science Certification de Harvard Extension School, Harvard University; Stanford Certified Project Manager de Stanford University, EE.UU; y Graduate Certificate Theoretical Statistics, California State University, EE.UU.<\/p>\n<hr \/>\n<p style=\"text-align: left;\"><span style=\"color: #000000;\">5:00 &#8211; 5:20 pm, Wednesday,<\/span><span style=\"color: #000000;\"> May 10, 2023<\/span><\/p>\n<hr \/>\n<p class=\"Biography\"><span style=\"color: #000000;\">5:20 &#8211; 5:40 pm, Wednesday,<\/span><span style=\"color: #000000;\"> May 10, 2023<\/span><\/p>\n<p class=\"Biography\">\n","protected":false},"excerpt":{"rendered":"<p>Plenary Speakers 2nd IEOM Global Data Analytics \/ Data\u00a0Science Speaker Registration:\u00a0https:\/\/www.xcdsystem.com\/IEOM\/attendee\/index.cfm?ID=Ql0Fn1s IEOM Data Analytics focuses on theoretical and applied research and best practices. It includes the following areas but not limited to: AI (Artificial Intelligence) Artificial Intelligence Association Rule Learning Clustering Data Fusion Data Mining Degradation Distributed Semantic Analytics. Failure Prediction Genetic Algorithm Heuristic ML [&hellip;]<\/p>\n","protected":false},"author":1,"featured_media":0,"parent":0,"menu_order":0,"comment_status":"closed","ping_status":"closed","template":"","meta":[],"_links":{"self":[{"href":"https:\/\/ieomsociety.org\/peru2023\/wp-json\/wp\/v2\/pages\/2231"}],"collection":[{"href":"https:\/\/ieomsociety.org\/peru2023\/wp-json\/wp\/v2\/pages"}],"about":[{"href":"https:\/\/ieomsociety.org\/peru2023\/wp-json\/wp\/v2\/types\/page"}],"author":[{"embeddable":true,"href":"https:\/\/ieomsociety.org\/peru2023\/wp-json\/wp\/v2\/users\/1"}],"replies":[{"embeddable":true,"href":"https:\/\/ieomsociety.org\/peru2023\/wp-json\/wp\/v2\/comments?post=2231"}],"version-history":[{"count":39,"href":"https:\/\/ieomsociety.org\/peru2023\/wp-json\/wp\/v2\/pages\/2231\/revisions"}],"predecessor-version":[{"id":2803,"href":"https:\/\/ieomsociety.org\/peru2023\/wp-json\/wp\/v2\/pages\/2231\/revisions\/2803"}],"wp:attachment":[{"href":"https:\/\/ieomsociety.org\/peru2023\/wp-json\/wp\/v2\/media?parent=2231"}],"curies":[{"name":"wp","href":"https:\/\/api.w.org\/{rel}","templated":true}]}}