{"id":26,"date":"2017-01-15T14:12:24","date_gmt":"2017-01-15T14:12:24","guid":{"rendered":"http:\/\/ieomsociety.org\/ieom2018\/?page_id=26"},"modified":"2023-05-03T09:48:41","modified_gmt":"2023-05-03T09:48:41","slug":"committee","status":"publish","type":"page","link":"https:\/\/ieomsociety.org\/peru2023\/committee\/","title":{"rendered":"Committee"},"content":{"rendered":"<h1 style=\"text-align: center;\"><strong><span style=\"color: #993300;\">Conference Committee<\/span><\/strong><\/h1>\n<hr \/>\n<h3><span style=\"color: #ff6600;\"><strong>Conference Chairs<\/strong><\/span><\/h3>\n<ul>\n<li>Dr. Ahad Ali, Associate Professor at Lawrence Tech University and Executive Director of IEOM Society<\/li>\n<li>Mag. Ing. Luis Alberto Zuloaga Rotta,\u00a0Decano,\u00a0Facultad De Ingenier\u00eda Industrial Y De Sistemas,\u00a0Universidad Nacional de Ingenier\u00eda,\u00a0Lima, Per\u00fa<\/li>\n<li>Dr. Mario Chauca, Professor of Industrial Engineering, Universidad Ricardo Palma<\/li>\n<li>Dr. Sandro Paz, Professor and Director, Department of Industrial Engineering Program, Pontificia Universidad Catolica del Peru, San Miguel, Lima, Peru<\/li>\n<\/ul>\n<hr \/>\n<h3><span style=\"color: #ff6600;\"><strong>Technical Chairs<\/strong><\/span><\/h3>\n<ul>\n<li><span class=\"gI\"><span class=\"qu\" tabindex=\"-1\" role=\"gridcell\" translate=\"no\"><span class=\"gD\" data-hovercard-id=\"Eavalos@ulima.edu.pe\" data-hovercard-owner-id=\"113\">Dr. Miguel Avalos Ortecho Edilberto, ULima<\/span><\/span><\/span><\/li>\n<\/ul>\n<h3><span style=\"color: #ff6600;\"><strong>Program Chairs<\/strong><\/span><\/h3>\n<ul>\n<li>Professor Don Reimer, Director of Membership and Chapter Development, IEOM Society<\/li>\n<li>Prof. Vitor Mendes Caldana,Federal Institute of\u00a0Sao Paulo (IFSP) \u2013 Sorocaba Campus, Sao Paulo, Brazil\u00a0 and Operations Director of IEOM South America<\/li>\n<\/ul>\n<hr \/>\n<h3><span style=\"color: #ff6600;\"><strong>Organizing Committee<\/strong><\/span><\/h3>\n<p><strong>Dr. Lauro Enciso<\/strong><strong><br \/>\n<\/strong>Professor<strong><br \/>\n<\/strong>Director de Centro de Capacitaci\u00f3n Inform\u00e1tica \u2013 CCI<br \/>\nUniversidad Nacional de San Antonio Abad del Cusco<br \/>\nCusco, Per\u00fa<\/p>\n<p><strong>Juan Carlos Quiroz-Flores, Ph.D.<\/strong><br \/>\nResearch Professor \u2013 ULima<br \/>\nFacultad de Ingenier\u00eda y Arquitectura<br \/>\nCarrera de Ingenier\u00eda Industrial<br \/>\nUniversidad de Lima<br \/>\nPeru<\/p>\n<p><strong>Dr. Carlos Raymundo<\/strong><br \/>\nResearch Professor \/ Administrative coordinator at the Research Office<br \/>\nUniversidad Peruana de Ciencias Aplicadas<br \/>\nLima, Peru<\/p>\n<p><strong>Claudia Le\u00f3n Ch\u00e1varri<\/strong><br \/>\nFull Time Professor<br \/>\nCarrera de Ingenier\u00eda Industrial<br \/>\nUniversidad Peruana de Ciencias Aplicadas (UPC)<br \/>\nMonterrico, Santiago de Surco<br \/>\nPeru<\/p>\n<p><strong>Dr. Mario Chauca<\/strong><br \/>\nProfessor<br \/>\nDepartment of Industrial Engineering<br \/>\nUniversidad Ricardo Palma<br \/>\nSantiago de Surco<br \/>\nLima, Peru<\/p>\n<p><strong>Sandro Paz, Ph.D.<\/strong><br \/>\nDirector of the Industrial Engineering Program \u2013 PUCP<br \/>\nFormer Director of University Accreditation<br \/>\nPontificia Universidad Catolica del Peru<br \/>\nSan Miguel, Peru<\/p>\n<p><strong>Franklin Cordova-Buiza<\/strong><br \/>\nResearch Teacher<br \/>\nDepartment of Industrial Engineering<br \/>\nUniversidad Privada del Norte (UPN)<br \/>\nLima, Peru<\/p>\n<p><strong>Elena Espinoza Rios<\/strong><br \/>\nFacultad de Ingenier\u00eda<br \/>\nCoordinador Modalidad a Distancia<br \/>\nIngenier\u00eda Empresarial y Sistemas e Inform\u00e1tica<br \/>\nUniversidad Continental<br \/>\nPeru<\/p>\n<p><strong>Dr. Jos\u00e9 Antonio Larco<\/strong><br \/>\nDirector \u2013 Ingenier\u00eda Industrial<br \/>\nUniversidad de Ingenier\u00eda y Tecnolog\u00eda \u2013 UTEC<br \/>\nJr. Medrano Silva 165, Barranco<br \/>\nPeru, Lima<\/p>\n<p><strong>Mag. Luis Alberto Zuloaga Rotta<\/strong><br \/>\nDecano<br \/>\nFacultad De Ingenier\u00eda Industrial Y De Sistemas<br \/>\nUniversidad Nacional de Ingenier\u00eda<br \/>\n<span style=\"font-size: inherit;\">Av. T\u00fapac Amaru 210, R\u00edmac 15333<br \/>\n<\/span>Lima, Per\u00fa<\/p>\n<p><strong>Ing. Hugo Chac\u00f3n Moscoso<\/strong><br \/>\nDirector de la Escuela Profesional de Ingenier\u00eda Industrial<br \/>\nFacultad de Ingenier\u00eda y Arquitectura<br \/>\nUniversidad de San Mart\u00edn de Porres<br \/>\nPrograma Acreditado por ABET, ASIIN, ICACIT y SINEACE<br \/>\nAv. La Fontana 1250 Urb. Santa Patricia, La Molina<br \/>\nPeru, Lima<\/p>\n<hr \/>\n<p><span style=\"color: #ff6600;\"><strong>Conference Secretariat<\/strong><\/span><\/p>\n<ul>\n<li>Dr. Taufiqul Islam, Operations Manager, IEOM Society International<\/li>\n<\/ul>\n<hr \/>\n<p><span style=\"color: #ff6600;\"><strong>Technical Committee (TC) \/ Review Editorial Board<\/strong><\/span><\/p>\n<ul>\n<li>Prof. Manohar S. Madan, Professor, ITSCM Department, University of Wisconsin-Whitewater, Whitewater, WI \u2013 53190, USA<\/li>\n<li>Dr. Adnan Hassan, Universiti Teknologi Malaysia<\/li>\n<li>Dr. Cherrafi Anass, ENSAM- Meknes, Moulay Ismail University, Morocco<\/li>\n<li>Taher Azar Ahmad, Benha University, Egypt<\/li>\n<li>Alimohammad AHMADVAND, University of Eyvanekey, Iran<\/li>\n<li>Michel ALDANONDO, Ecole des Mine d\u2019Albi, France<\/li>\n<li>Bandar A. Alkhayyal, Prince Sultan University, Saudi Arabia<\/li>\n<li>Ahmad Taher AZAR, Benha University, Egypt<\/li>\n<li>Armand BABOLI, INSA Lyon, France<\/li>\n<li>Trishit BANDYOPADHYAY, Xavier School of Management, India<\/li>\n<li>Andr\u00e9s Felipe BARCO, Universidad de San Buenaventura-Cali, Colombia<\/li>\n<li>Samuel BASSETTO, Ecole Polytechnique, Canada<\/li>\n<li>Mahdi BASTAN, University of Eyvanekey, Iran<\/li>\n<li>Philipp BAUMANN, University of Bern, Switzerland<\/li>\n<li>Cedrick BELER, Institut National Polytechnique de Toulouse \u2013 Ecole Nationale d\u2019Ing\u00e9nieurs de Tarbes, France<\/li>\n<li>Eric BONJOUR, ENSGSI \u2013 University of Lorraine, France<\/li>\n<li>Robert BOUTE, KU Leuven, Belgium<\/li>\n<li>Xavier BRUSSET, SKEMA Business School, France<\/li>\n<li>Patricia Alcantara CARDOSO, Universidade Federal do Esp\u00edrito Santo, Brazil<\/li>\n<li>Kah Hin CHAI, National University of Singapore, Singapore<\/li>\n<li>Aur\u00e9lie CHARLES, University of Lyon France, France<\/li>\n<li>Elyn Solano CHARRIS, Universidad de La Sabana, Columbia<\/li>\n<li>Anis CHELBI, University of Tunis, Tunisia<\/li>\n<li>Aidin Delgoshaei, Industrial Engineering Department, Kharazmi University, Tehran, Iran<\/li>\n<li>Christine DI MARTINELLY, IESEG School of Management, France<\/li>\n<li>Jose Arturo Garza-Reyes, The University of Derby, UK<\/li>\n<li>Hamed Shakouri GANJAVI , University of Tehran, Iran<\/li>\n<li>Laurent ENESTE , Institut National Polytechnique de Toulouse \u2013 Ecole Nationale d\u2019Ing\u00e9nieurs de Tarbes, France<\/li>\n<li>Ali GHARBI, ETS Montreal, Canada<\/li>\n<li>Bernard GRABOT , Institut National Polytechnique de Toulouse \u2013 Ecole Nationale d\u2019Ing\u00e9nieurs de Tarbes, France<\/li>\n<li>Elise GRUHIER , University of Bordeaux France, France<\/li>\n<li>Bhaskar GARDAS, Veermata Jijabai Technological Institute, India<\/li>\n<li>Vastag GYULA, Sz\u00e9chenyi Istv\u00e1n University, Hungary<\/li>\n<li>Marc Haddad, Lebanese American University, Lebanon<\/li>\n<li>Khaled HADJ HAMMOU, Institut National des Sciences Appliqu\u00e9es de Lyon, France<\/li>\n<li>Ramzi HAMMAMI, ESC Rennes School of Business, France<\/li>\n<li>Alaa HASSAN, University of Lorraine, France<\/li>\n<li>Petri HELO, University of Vaasa, Finland<\/li>\n<li>Lazhar HOMRI, Arts et M\u00e9tiers ParisTech, France<\/li>\n<li>Lars HVAM, Technical University of Denmark, Denmark<\/li>\n<li>Emmanuel HYON, Sorbonne Universit\u00e9 \u2013 LIP6, France<\/li>\n<li>Peter JACOBSEN, Technical University of Denmark, Denmark<\/li>\n<li>Daouda KAMISSOKO, IMT Mines Albi, France<\/li>\n<li>\u00d6zge Karanfil, Ko\u00e7 \u00dcniversitesi, Turkey<\/li>\n<li>Laoucine KERBACHE, HEC Paris, France<\/li>\n<li>Javad KHAMISABADI, Islamic Azad University, Iran<\/li>\n<li>Reza Ramazani KHORSHID-DOUST, Amirkabir University of Technology, Iran<\/li>\n<li>Nathalie KLEMENT, Arts et M\u00e9tiers ParisTech, France<\/li>\n<li>Anil Kumar, University of Derby, UK<\/li>\n<li>Arun KUMAR, RMIT University, Australia<\/li>\n<li>Vikas KUMAR, University pf the West England, UK<\/li>\n<li>Elmar KUTSCH, Cranfield University, UK<\/li>\n<li>Samir LAMOURI, ENSAM Arts et M\u00e9tiers ParisTech, France<\/li>\n<li>Carman LEE, Hong Kong Polytechnic University, Hong Kong<\/li>\n<li>Danping LIN, Shanghai Maritime University, China<\/li>\n<li>Chrity Yaqiong LV, Wuhan University of Technology, China<\/li>\n<li>Lahcen MIFDAL, Universiapolis Agadir, Morocco<\/li>\n<li>Mehrdad MOHAMMADI, IMT Atlantique, France<\/li>\n<li>Seyed Meysam MOUSAVI, Shahed University, Iran<\/li>\n<li>Simon Peter Nadeem, University of Derby, UK<\/li>\n<li>Balkrishna NARKHEDE, National Institute of Industrial Engineering, India<\/li>\n<li>Banu OZKESER, KOLUMAN Industry Automotive, Turkey<\/li>\n<li>Maurice PILLET, Universit\u00e9 de Savoie Mont Blanc, France<\/li>\n<li>Rakesh RAUT, National Institute of Industrial Engineering, India<\/li>\n<li>Nidhal REGZ, University of Lorraine, France<\/li>\n<li>Luis Rocha-Lona, Instituto Politecnico Nacional, Mexico<\/li>\n<li>Turki SADOK, University of Lorraine, France<\/li>\n<li>J\u00e9r\u00e9mie SCHUTZ, University of Lorraine, France<\/li>\n<li>Sara SHAFIEE, Technical University of Denmark, Denmark<\/li>\n<li>Shakouri G. Hamed, University of Tehran, Iran<\/li>\n<li>Dellagi SOFIENE, University of Lorraine, France<\/li>\n<li>Reza TAVAKKOLI-MOGHADDAM, University of Tehran, Iran<\/li>\n<li>Ayeley TCHANGANI, Institut National Polytechnique de Toulouse \u2013 Ecole Nationale d\u2019Ing\u00e9nieurs de Tarbes, France<\/li>\n<li>Norbert TRAUTMANN, University of Bern, Switzerland<\/li>\n<li>Jiri TUPA, University of West Bohemia, Czech Republic<\/li>\n<li>Yazg\u0131 T\u00dcT\u00dcNC\u00dc, Izmir University of Economics, Turkey<\/li>\n<li>Eric VILLENEUVE, Ecole Sup\u00e9rieure des Technologies Industrielles Avanc\u00e9es, France<\/li>\n<li>Junqiang WANG, Northwestern Polytechnic University, China<\/li>\n<li>Yue WANG, Hang Seng Management College, Hong Kong<\/li>\n<li>Yong WU, Griffith University, Australia<\/li>\n<li>Christoph WUNCK, Jade University of Applied Sciences, Germany<\/li>\n<li>Esma YAHIA, Arts et M\u00e9tiers ParisTech, France<\/li>\n<li>Bingwen YAN, Cape Peninsula University of Technology, South Africa<\/li>\n<li>Marc ZOLGHADRI, Ecole des Ing\u00e9nieurs en M\u00e9canique de Paris, France<\/li>\n<li>Funlade Sunmola , University of Hertfordshire, Hatfield, UK<\/li>\n<li>Ali MOSTAFAEIPOUR, Industrial Engineering Department, Yazd University, Iran<strong style=\"font-size: inherit;\">\u00a0<\/strong><\/li>\n<li>Eldon Caldwell, University of Costa Rica<\/li>\n<li>Mohammad Abdullah Shaikh, Deakin University, Australia<\/li>\n<li>Bhaskar Bhandarkar, Indian Institution of Industrial Engineering (IIIE), Mumbai, India<\/li>\n<li>Mohd Khairol Anuar bin Mohd Ariffin,Co-ordinator Master of Manufacturing System Engineering,Department of Mechanical and Manufacturing Engineering, Faculty of Engineering, University Putra Malaysia (UPM), Selangor, Malaysia<\/li>\n<li>Shekar Babu, AMRITA School of Business, AMRITA University, Bangalore, India<\/li>\n<li>Khurshid Khan, Vice Chancelor, Abdul Wali Khan University Mardan (AWKUM), Mardan, Khyber Pakhtunkhwa, Pakistan<\/li>\n<li>Mahdi Bashiri, Professor of Industrial Engineering, Shahed University, Tehran, Iran<\/li>\n<li>MELLAK Abderrahmane, Boumerdes University \u2013 Algeria<\/li>\n<li>Sumit Kumar Gupta, Dean of Science, Parishkar college of global Excellence Jaipur, India<\/li>\n<li>Sharif, Indian Institute of Technology (IIT) Kanpur (India)<\/li>\n<\/ul>\n","protected":false},"excerpt":{"rendered":"<p>Conference Committee Conference Chairs Dr. Ahad Ali, Associate Professor at Lawrence Tech University and Executive Director of IEOM Society Mag. Ing. Luis Alberto Zuloaga Rotta,\u00a0Decano,\u00a0Facultad De Ingenier\u00eda Industrial Y De Sistemas,\u00a0Universidad Nacional de Ingenier\u00eda,\u00a0Lima, Per\u00fa Dr. Mario Chauca, Professor of Industrial Engineering, Universidad Ricardo Palma Dr. Sandro Paz, Professor and Director, Department of Industrial Engineering [&hellip;]<\/p>\n","protected":false},"author":1,"featured_media":0,"parent":0,"menu_order":0,"comment_status":"closed","ping_status":"closed","template":"","meta":[],"_links":{"self":[{"href":"https:\/\/ieomsociety.org\/peru2023\/wp-json\/wp\/v2\/pages\/26"}],"collection":[{"href":"https:\/\/ieomsociety.org\/peru2023\/wp-json\/wp\/v2\/pages"}],"about":[{"href":"https:\/\/ieomsociety.org\/peru2023\/wp-json\/wp\/v2\/types\/page"}],"author":[{"embeddable":true,"href":"https:\/\/ieomsociety.org\/peru2023\/wp-json\/wp\/v2\/users\/1"}],"replies":[{"embeddable":true,"href":"https:\/\/ieomsociety.org\/peru2023\/wp-json\/wp\/v2\/comments?post=26"}],"version-history":[{"count":140,"href":"https:\/\/ieomsociety.org\/peru2023\/wp-json\/wp\/v2\/pages\/26\/revisions"}],"predecessor-version":[{"id":2779,"href":"https:\/\/ieomsociety.org\/peru2023\/wp-json\/wp\/v2\/pages\/26\/revisions\/2779"}],"wp:attachment":[{"href":"https:\/\/ieomsociety.org\/peru2023\/wp-json\/wp\/v2\/media?parent=26"}],"curies":[{"name":"wp","href":"https:\/\/api.w.org\/{rel}","templated":true}]}}