{"id":71,"date":"2017-01-16T01:49:42","date_gmt":"2017-01-16T01:49:42","guid":{"rendered":"http:\/\/ieomsociety.org\/ieom2018\/?page_id=71"},"modified":"2023-04-14T13:49:34","modified_gmt":"2023-04-14T13:49:34","slug":"program","status":"publish","type":"page","link":"https:\/\/ieomsociety.org\/peru2023\/program\/","title":{"rendered":"Program"},"content":{"rendered":"<h2 align=\"center\"><span style=\"color: #993300;\"><strong>Overall Conference Program<\/strong><\/span><\/h2>\n<p style=\"text-align: center;\"><strong>Submission Link:\u00a0<a href=\"https:\/\/www.xcdsystem.com\/IEOM\/abstract\/index.cfm?ID=jwD1lXm\">https:\/\/www.xcdsystem.com\/IEOM\/abstract\/index.cfm?ID=jwD1lXm<\/a><\/strong><br \/>\n<strong>Registration Link:\u00a0<a href=\"https:\/\/www.xcdsystem.com\/IEOM\/attendee\/index.cfm?ID=Ql0Fn1s\">https:\/\/www.xcdsystem.com\/IEOM\/attendee\/index.cfm?ID=Ql0Fn1s<\/a><\/strong><\/p>\n<hr \/>\n<h3><span style=\"color: #ff6600;\"><strong>Day 1 &#8211; May 8 (Online)<\/strong><\/span><\/h3>\n<ul>\n<li><strong>Student Competitions and technical presentations<\/strong><\/li>\n<\/ul>\n<h3><span style=\"color: #ff6600;\"><strong>Day 1 \u2013 May 9 (Tuesday)<\/strong><\/span><\/h3>\n<ul>\n<li>8:00 -9:30 am &#8211; <span style=\"color: #000000;\">Global Engineering Education and <\/span>Parallel Sessions<\/li>\n<li>9:45 &#8211; 10:00 am Networking and Coffee Break<\/li>\n<li>10:00 &#8211; 1020 am &#8211; Welcome Address<\/li>\n<li>10:20 -11:00 am &#8211; <strong><span style=\"color: #0000ff;\">Keynote Speaker I:\u00a0<\/span><\/strong><\/li>\n<li>11:00 &#8211; 11:40 am &#8211; <strong><strong><span style=\"color: #0000ff;\">Keynote Speaker II: <\/span><\/strong><\/strong>Ivan Garibay, Associate Professor, Industrial Engineering and Management Systems, University of Central Florida, Orlando, Florida, USA &#8211; Director, UCF Artificial Intelligence and Big Data Initiative and Director, Master of Science in Data Analytics<\/li>\n<li>11:40 -12:20 pm &#8211;<strong><span style=\"color: #0000ff;\">Keynote Speaker II: <\/span>Bernardo Rubinstein, Partner, McKinsey &amp; Company, Peru<\/strong><\/li>\n<li>12:20 &#8211; 1:00 pm &#8211; <strong><span style=\"color: #0000ff;\">Keynote Speaker IV: <\/span>Dr. Domingo Gonz\u00e1lez, Vice President for Administration, Professor of Engineering Department, Pontificia Universidad Cat\u00f3lica del Per\u00fa (PUCP), Lima, Peru<\/strong><\/li>\n<li>1:00 &#8211; 2:00 pm &#8211; <span style=\"color: #000000;\">Lunch<\/span><\/li>\n<li><span style=\"color: #000000;\">2:00 &#8211; 3:45 pm &#8211; Global Engineering Education, WIIA Panel and Technical Parallel Session<\/span><\/li>\n<li><span style=\"color: #000000;\">4:00 &#8211; 5:45 pm &#8211; Global Engineering Education Panel and\u00a0 Technical Parallel Session<\/span><\/li>\n<\/ul>\n<hr \/>\n<h3><span style=\"color: #ff6600;\"><strong>Day 2 \u2013 May 10 (Wednesday)<\/strong><\/span><\/h3>\n<ul>\n<li>8:00 -9:30 am &#8211; <span style=\"color: #000000;\">Industry Solutions and <\/span>Parallel Sessions<\/li>\n<li>10:00 &#8211; 10:20 am &#8211; Conference Chairs Remarks<\/li>\n<li>10:20 -11:00 am &#8211; <strong><span style=\"color: #0000ff;\">Keynote Speaker V: Eduardo Herrera, CEO, Celepsa, Lima, Peru<\/span><\/strong><\/li>\n<li>11:00 &#8211; 11:40 am &#8211; <strong><strong><span style=\"color: #0000ff;\">Keynote Speaker VI: <\/span><\/strong><\/strong>George Reinoso Vasquez, Plant Optimization Manager \u2013 Peru Plant, The Goodyear Tire &amp; Rubber Company, Callao, Peru<\/li>\n<li>11:40 -12:20 pm &#8211;<strong><span style=\"color: #0000ff;\">Keynote Speaker VII: <\/span>Tania Cristina D\u2019Agostini Bueno, CEO, Instituto de Governo Eletr\u00f4nico, Intelig\u00eancias e Sistemas \u2013 i3G, Florian\u00f3polis, Santa Catarina, Brazil<\/strong><\/li>\n<li>12:20 &#8211; 1:00 pm &#8211; <strong><span style=\"color: #0000ff;\">Keynote Speaker VIII: <\/span>Carolina Carbone Moane, Client Experience Manager, Mibanco, Peru<\/strong><\/li>\n<li>1:00 &#8211; 2:00 pm &#8211; Lunch<\/li>\n<li><span style=\"color: #000000;\">2:00 &#8211; 3:45 pm &#8211; Industry Solutions and Technical Parallel Sessions<\/span><\/li>\n<li><span style=\"color: #000000;\">4:00 &#8211; 5:45 pm &#8211; Industry Solutions Panel and Technical Parallel Sessions<\/span><\/li>\n<li>6:00 &#8211; 8:30 pm &#8211; <span style=\"color: #000000;\">Diversity and Inclusion Panel sponsored by Ford Motor Company<\/span><\/li>\n<\/ul>\n<hr \/>\n<h3><span style=\"color: #ff6600;\"><strong>Day 3 \u2013 May 11 (Thursday)<\/strong><\/span><\/h3>\n<ul>\n<li>8:00 -9:30 am &#8211; GSCM and Parallel Sessions<\/li>\n<li>10:00 &#8211; 10:20 am &#8211; Conference Chair Remarks<\/li>\n<li>10:20 -11:00 am &#8211; <strong><span style=\"color: #0000ff;\">Keynote Speaker IX: <span style=\"color: #000000;\">Luis Felipe Turbides, Director of Optimization and Projects, DP World Callao, First Port in Peru<\/span><\/span><\/strong><\/li>\n<li>11:00 &#8211; 11:40 am &#8211; <strong><strong><span style=\"color: #0000ff;\">Keynote Speaker X: <\/span><\/strong><\/strong>Esp. Roberto Giordano, Decano de la facultad de ingenier\u00eda, Universidad de FASTA, Argentina<\/li>\n<li>11:40 -12:20 pm &#8211; <strong><span style=\"color: #0000ff;\">Keynote Speaker XI: <\/span>Miguel \u00c1ngel G\u00f3mez Mart\u00ednez, Departamento de ingenier\u00eda, Universidad de Guanajuato, Guanajuato, Mexico<\/strong><\/li>\n<li>12:20 &#8211; 1:00 pm &#8211; <strong><span style=\"color: #0000ff;\">Keynote Speaker XII:\u00a0<\/span><\/strong><\/li>\n<li>1:00 &#8211; 2:00 pm &#8211; Lunch<\/li>\n<li><span style=\"color: #000000;\">2:00 &#8211; 3:45 pm &#8211; GSCM and Technical Parallel Sessions<\/span><\/li>\n<li><span style=\"color: #000000;\">4:00 &#8211; 5:45 pm &#8211; GSCM Panel and Technical Parallel Session<\/span><\/li>\n<li>6:00 &#8211; 9:00 pm &#8211; Conference Awards Ceremony<\/li>\n<\/ul>\n<hr \/>\n<h2><span style=\"color: #993300;\"><strong>Past Conference Programs<\/strong><\/span><\/h2>\n<ul>\n<li><a href=\"http:\/\/www.ieomsociety.org\/program-dubai2020.pdf\">Program &#8211; Dubai 2020 &#8211; 10th Annual<\/a><\/li>\n<li><a href=\"http:\/\/www.ieomsociety.org\/program-riyadh2019.pdf\">Program &#8211; Riyadh 2019 &#8211; 1st GCC<\/a><\/li>\n<li><a href=\"http:\/\/www.ieomsociety.org\/program-toronto2019.pdf\">Program &#8211; Toronto 2019 &#8211; 4th North American<\/a><\/li>\n<li><a href=\"http:\/\/www.ieomsociety.org\/program-pilsen2019.pdf\">Program &#8211; Pilsen 2019- 3rd European<\/a><\/li>\n<li><a href=\"http:\/\/www.ieomsociety.org\/program-ieom2019.pdf\">Program &#8211; Bangkok 2019 &#8211; 9th Annual<\/a><\/li>\n<li><a href=\"http:\/\/www.ieomsociety.org\/program-southafrica2018.pdf\">Program &#8211; Pretoria 2018 &#8211; 1st African<\/a><\/li>\n<li><a href=\"http:\/\/www.ieomsociety.org\/program-dc2018.pdf\">Program &#8211; Washington DC 2018 &#8211; 3rd North American<\/a><\/li>\n<li><a href=\"http:\/\/www.ieomsociety.org\/program-paris2018.pdf\">Program &#8211; Paris 2018 &#8211; 2nd European<\/a><\/li>\n<li><a href=\"http:\/\/www.ieomsociety.org\/program-ieom2018.pdf\">Program &#8211; Bandung 2018 &#8211; 8th Annual<\/a><\/li>\n<li><a href=\"http:\/\/www.ieomsociety.org\/program-bogota2017.pdf\">Program &#8211; Bogota 2017 &#8211; 1st South American<\/a><\/li>\n<li><a href=\"http:\/\/www.ieomsociety.org\/program_uk2017.pdf\">Program &#8211; UK (Bristol) 2017 &#8211; 1st European<\/a><\/li>\n<li><a href=\"http:\/\/www.ieomsociety.org\/program_ieom_2017.pdf\">Program &#8211; Rabat 2017 &#8211; 7th Annual<\/a><\/li>\n<li><a href=\"http:\/\/www.ieomsociety.org\/Final_Program_IEOM_2016_Detroit_Conference.pdf\">Program &#8211; Detroit 2016- 2nd North American<\/a><\/li>\n<li style=\"text-align: left;\"><a href=\"http:\/\/ieomsociety.org\/program_ieom_2016.pdf\">Program &#8211; Kuala Lumpur 2016 &#8211; 6th Annual<\/a><\/li>\n<li><a href=\"http:\/\/ieomsociety.org\/ieom_orlando_2015_program.pdf\">Program &#8211; Orlando 2015 &#8211; 1st North American<\/a><\/li>\n<li style=\"text-align: left;\"><a href=\"http:\/\/ieomsociety.org\/ieom2015program.pdf\">Program &#8211; Dubai 2015 &#8211; 5th Annual<\/a><\/li>\n<li style=\"text-align: left;\"><a href=\"http:\/\/ieomsociety.org\/ieom2014program.pdf\">Program &#8211; Bali 2014 &#8211; 4th Annual<\/a><\/li>\n<li style=\"text-align: left;\"><a href=\"http:\/\/ieomsociety.org\/ieom2012program.pdf\">Program &#8211; Istanbul 2012 &#8211; 3rd Annual<\/a><\/li>\n<li style=\"text-align: left;\"><a href=\"http:\/\/ieomsociety.org\/ieom2011program.pdf\">Program &#8211; Kuala Lumpur 2011 &#8211; 2nd Annual<\/a><\/li>\n<li style=\"text-align: left;\"><a href=\"http:\/\/ieomsociety.org\/ieom2010program.pdf\">Program &#8211; Dhaka 2010 &#8211; 1st Annual<\/a><\/li>\n<\/ul>\n<hr \/>\n","protected":false},"excerpt":{"rendered":"<p>Overall Conference Program Submission Link:\u00a0https:\/\/www.xcdsystem.com\/IEOM\/abstract\/index.cfm?ID=jwD1lXm Registration Link:\u00a0https:\/\/www.xcdsystem.com\/IEOM\/attendee\/index.cfm?ID=Ql0Fn1s Day 1 &#8211; May 8 (Online) Student Competitions and technical presentations Day 1 \u2013 May 9 (Tuesday) 8:00 -9:30 am &#8211; Global Engineering Education and Parallel Sessions 9:45 &#8211; 10:00 am Networking and Coffee Break 10:00 &#8211; 1020 am &#8211; Welcome Address 10:20 -11:00 am &#8211; Keynote Speaker [&hellip;]<\/p>\n","protected":false},"author":1,"featured_media":0,"parent":0,"menu_order":0,"comment_status":"closed","ping_status":"closed","template":"","meta":[],"_links":{"self":[{"href":"https:\/\/ieomsociety.org\/peru2023\/wp-json\/wp\/v2\/pages\/71"}],"collection":[{"href":"https:\/\/ieomsociety.org\/peru2023\/wp-json\/wp\/v2\/pages"}],"about":[{"href":"https:\/\/ieomsociety.org\/peru2023\/wp-json\/wp\/v2\/types\/page"}],"author":[{"embeddable":true,"href":"https:\/\/ieomsociety.org\/peru2023\/wp-json\/wp\/v2\/users\/1"}],"replies":[{"embeddable":true,"href":"https:\/\/ieomsociety.org\/peru2023\/wp-json\/wp\/v2\/comments?post=71"}],"version-history":[{"count":44,"href":"https:\/\/ieomsociety.org\/peru2023\/wp-json\/wp\/v2\/pages\/71\/revisions"}],"predecessor-version":[{"id":2595,"href":"https:\/\/ieomsociety.org\/peru2023\/wp-json\/wp\/v2\/pages\/71\/revisions\/2595"}],"wp:attachment":[{"href":"https:\/\/ieomsociety.org\/peru2023\/wp-json\/wp\/v2\/media?parent=71"}],"curies":[{"name":"wp","href":"https:\/\/api.w.org\/{rel}","templated":true}]}}