{"id":963,"date":"2020-05-14T06:39:43","date_gmt":"2020-05-14T06:39:43","guid":{"rendered":"http:\/\/ieomsociety.org\/detroit2020\/?page_id=963"},"modified":"2023-05-01T21:19:01","modified_gmt":"2023-05-01T21:19:01","slug":"scm","status":"publish","type":"page","link":"https:\/\/ieomsociety.org\/peru2023\/scm\/","title":{"rendered":"Global Supply Chain and Logistics"},"content":{"rendered":"<h1 style=\"text-align: center;\" align=\"center\"><span style=\"color: #993300;\"><strong>Plenary Speakers<br \/>\n18th IEOM Global Supply Chain and Logistics<br \/>\n<\/strong><\/span><\/h1>\n<p style=\"text-align: center;\"><span style=\"color: #000000;\"><strong>Speaker Registration:\u00a0<a href=\"https:\/\/www.xcdsystem.com\/IEOM\/attendee\/index.cfm?ID=Ql0Fn1s\">https:\/\/www.xcdsystem.com\/IEOM\/attendee\/index.cfm?ID=Ql0Fn1s<\/a><\/strong><\/span><\/p>\n<hr \/>\n<p>IEOM Society International addresses the issues of Global Supply Chain and Logistics. There are various levels of readiness of engineering graduates from various parts of the world. One of the main themes is how to reduce the readiness gap of business management graduates around the world. The special focus is given to operations management, management science, supply chain management, business analytics, and logistics management. Are the graduates ready to take on the challenges of the current global economy? IEOM Peru Conference will have a dedicated session for the Global Business Management Education where distinguished speakers will discuss the readiness of business management graduates for workforce around the world. Featured speakers will be from various part of the world to address business management education challenges and opportunities.<\/p>\n<p>Global Supply chain and Logistics Topics can be related on:<\/p>\n<ul>\n<li>Cross-functional drivers in a supply chain<\/li>\n<li>Demand planning and forecasting in supply chain<\/li>\n<li>Designing distribution networks<\/li>\n<li>Inventory positioning in SC<\/li>\n<li>Optimization in supply chain<\/li>\n<li>Strategic, tactical and operational supply chain<\/li>\n<li>Managing uncertainty in a supply chain<\/li>\n<li>Global Supply Chain<\/li>\n<li>Logistics<\/li>\n<li>Risk in supply chain<\/li>\n<li>Resilience in supply chain<\/li>\n<li>Green or Sustainable Supply Chain<\/li>\n<li>Supply chain coordination and collaboration<\/li>\n<li>Supply chain performance<\/li>\n<li>Value distortion of information: Bullwhip effect<\/li>\n<\/ul>\n<p>Each speaker needs to submit a title of the talk, photo and a short bio. All will be included in the IEOM 2023 Peru Conference proceedings. There will be mostly virtual presentation using zoom. If you are interested to be distinguished feature speaker, please contact <a href=\"mailto:info@ieomsociety.org\">info@ieomsociety.org<\/a>\u00a0for details.<\/p>\n<p style=\"text-align: center;\"><strong>All speakers need to register and pay the registration fee.<\/strong><\/p>\n<hr \/>\n<h1 style=\"text-align: center;\" align=\"center\"><span style=\"color: #0000ff;\"><strong>Distinguished Plenary Speakers<\/strong><\/span><\/h1>\n<hr \/>\n<h2 style=\"text-align: center;\"><strong><span style=\"color: #ff6600;\">Global Supply Chain and Logistics I<\/span><br \/>\n<\/strong><strong>May 11, 8:00 &#8211; 9:45 am &#8211; Meeting Room 3 (Onsite)<\/strong><\/h2>\n<p style=\"text-align: left;\"><strong>Session Chair:<\/strong><\/p>\n<p style=\"text-align: left;\"><span style=\"color: #0000ff;\"><strong>8:00 am &#8211; 8:20 am (Thursday, May 11)<\/strong><\/span><\/p>\n<h3><span style=\"color: #ff6600;\"><strong>Juan Pablo Brice\u00f1o<br \/>\n<\/strong>Corporate Planning Manager<\/span><br \/>\n<span style=\"color: #ff6600;\">Vitapro S.A.<\/span><br \/>\n<span style=\"color: #ff6600;\">Lima, Peru<\/span><\/h3>\n<hr \/>\n<p><span style=\"color: #0000ff;\"><strong>8:20 am &#8211; 8:40 am (Thursday, May 11)<\/strong><\/span><\/p>\n<h3 class=\"hide-mobile\"><span style=\"color: #ff6600;\"><span class=\"u-pr-02\"><strong>Christian Ovalle<\/strong><br \/>\n<\/span>Technological University of Peru<\/span><br \/>\n<span style=\"color: #ff6600;\">Per\u00fa<\/span><\/h3>\n<p style=\"text-align: center;\"><em><strong>Predictive model based on Machine Learning for the Supply Chain and its influence on the logistics management of car sales company<\/strong><\/em><\/p>\n<p><img decoding=\"async\" loading=\"lazy\" class=\"alignnone  wp-image-2522\" src=\"http:\/\/ieomsociety.org\/peru2023\/wp-content\/uploads\/2023\/04\/ica.jpg\" alt=\"\" width=\"226\" height=\"254\" srcset=\"https:\/\/ieomsociety.org\/peru2023\/wp-content\/uploads\/2023\/04\/ica.jpg 266w, https:\/\/ieomsociety.org\/peru2023\/wp-content\/uploads\/2023\/04\/ica-173x195.jpg 173w\" sizes=\"(max-width: 226px) 100vw, 226px\" \/><\/p>\n<p>PhD in Systems Engineering from the Universidad Peruana Uni\u00f3n (Peru), Master&#8217;s in Systems Engineering with a mention in Direction and Management of Information Technology from the (UPeU-Peru), graduated with a Systems Engineer belonging to the upper third, also He has a Master&#8217;s in Research Methodology from (ITAE-Spain), a Master&#8217;s in Public Management from (USMP-Peru), currently a Master&#8217;s in Data Science from (UTEL-Mexico) and a Master&#8217;s in Scientific Research and Innovation from (UPT -Tacna). He has a passion for scientific research,<\/p>\n<hr \/>\n<p><span style=\"color: #0000ff;\"><strong>8:40 am &#8211; 9:00 am (Thursday, May 11)<\/strong><\/span><\/p>\n<p><img decoding=\"async\" loading=\"lazy\" class=\"wp-image-2525 alignleft\" src=\"http:\/\/ieomsociety.org\/peru2023\/wp-content\/uploads\/2023\/04\/lon.jpg\" alt=\"\" width=\"224\" height=\"219\" srcset=\"https:\/\/ieomsociety.org\/peru2023\/wp-content\/uploads\/2023\/04\/lon.jpg 534w, https:\/\/ieomsociety.org\/peru2023\/wp-content\/uploads\/2023\/04\/lon-300x293.jpg 300w, https:\/\/ieomsociety.org\/peru2023\/wp-content\/uploads\/2023\/04\/lon-195x191.jpg 195w, https:\/\/ieomsociety.org\/peru2023\/wp-content\/uploads\/2023\/04\/lon-45x45.jpg 45w\" sizes=\"(max-width: 224px) 100vw, 224px\" \/><\/p>\n<h3><strong><span style=\"color: #ff6600;\">Luis Salas Biondi<\/span><\/strong><br \/>\n<span style=\"color: #ff6600;\">Professor of Graduate and Master&#8217;s Degrees at the National University of San Marcos, San Ignacio de Loyola University and the Autonomous University of Peru<\/span><br \/>\n<span style=\"color: #ff6600;\">Operations and Strategic Planning Manager at Corporacion Lon. Consultant in Strategic Planning, Production, Supply Chains, Quality Management and Lean.<\/span><\/h3>\n<p>Luis Salas Biondi is Doctor (c) in Administrative Sciences from UNMSM, has a Master&#8217;s Degree in Business Administration and a Master&#8217;s Degree in Business Administration from Esan University. He has an International Diploma in Lean Supply Chain Management and an Advanced Senior Management Program in Logistics and Operations from Esan University. Additionally, Specialization in Supply Chain and Logistics Management at the SabMiller Co. Academy. He participated in Specialization Programs in Purchasing, Warehouse, Transportation, Aggregate Planning and Forecasting Management at Esan University. He has a Specialization in Quality Engineering from the Pontificia Universidad Cat\u00f3lica del Per\u00fa and has a degree in Business Administration from the Inca Garcilaso de la Vega University. Mr. Salas is a professor at graduate schools on topics of Strategic Management, Operations Management and Supply Chain Management. He has been Head of Warehousing and Logistics at Anheuser-Busch InBev and South African Breweries Miller. Production and Packaging Supervisor, Operations and Maintenance Technician at Cervecer\u00eda Backus y Johnston and Production Supervisor at Bayer Qu\u00edmicas Unidas. He is currently also a consultant in Strategic Management, Supply Chain Integration, Demand Forecasting, Warehouse and Inventory Optimization, Plant Redesign, Continuous Improvement Implementation, World Class Manufacturing, ERP-SAP and certifications for ISO 9001, 14001, 22000, 45000, GAP, GMP and HACCP<\/p>\n<hr \/>\n<p><span style=\"color: #0000ff;\"><strong>9:00 am &#8211; 9:3 am (Thursday, May 11)<\/strong><\/span><\/p>\n<h3><span style=\"color: #ff6600;\"><strong>Elena Espinoza Rios<\/strong><\/span><br \/>\n<span style=\"color: #ff6600;\">Facultad de Ingenier\u00eda<\/span><br \/>\n<span style=\"color: #ff6600;\">Coordinador Modalidad a Distancia<\/span><br \/>\n<span style=\"color: #ff6600;\">Ingenier\u00eda Empresarial y Sistemas e Inform\u00e1tica<\/span><br \/>\n<span style=\"color: #ff6600;\">Universidad Continental<\/span><br \/>\n<span style=\"color: #ff6600;\">Peru<\/span><\/h3>\n<p><img decoding=\"async\" loading=\"lazy\" class=\"alignnone  wp-image-2739\" src=\"http:\/\/ieomsociety.org\/peru2023\/wp-content\/uploads\/2023\/04\/elena.png\" alt=\"\" width=\"223\" height=\"290\" srcset=\"https:\/\/ieomsociety.org\/peru2023\/wp-content\/uploads\/2023\/04\/elena.png 533w, https:\/\/ieomsociety.org\/peru2023\/wp-content\/uploads\/2023\/04\/elena-231x300.png 231w, https:\/\/ieomsociety.org\/peru2023\/wp-content\/uploads\/2023\/04\/elena-150x195.png 150w\" sizes=\"(max-width: 223px) 100vw, 223px\" \/><\/p>\n<p>Coordinator of the Degree in Systems Engineering and Informatics and Business Engineering in Distance Mode at the Continental University. PhD student in Administration and Development &#8211; University of Celaya &#8211; Mexico. Studying Master in Data Science &#8211; Continental University of Florida. Studying the International Engineering Educator Certification Program &#8211; IGIP- ICACIT-INNOVA HiEd. Master in Information Technology Management from ESAN University. Master in Information Technology Management &#8211; Ramon Llull University.\u00a0 Systems Engineer &#8211; UPC with extensive experience in Project Management and solid knowledge in Information Security, Production and Management of Technological Infrastructure.<\/p>\n<h3><span style=\"color: #ff6600;\"><strong>Wilver Auccahuasi Aiquipa<\/strong><\/span><br \/>\n<span style=\"color: #ff6600;\">Professor <\/span><br \/>\n<span style=\"color: #ff6600;\">Continental University<\/span><br \/>\n<span style=\"color: #ff6600;\">Peru<\/span><\/h3>\n<p><img decoding=\"async\" loading=\"lazy\" class=\"alignnone  wp-image-2740\" src=\"http:\/\/ieomsociety.org\/peru2023\/wp-content\/uploads\/2023\/04\/wiv.png\" alt=\"\" width=\"224\" height=\"290\" srcset=\"https:\/\/ieomsociety.org\/peru2023\/wp-content\/uploads\/2023\/04\/wiv.png 518w, https:\/\/ieomsociety.org\/peru2023\/wp-content\/uploads\/2023\/04\/wiv-232x300.png 232w, https:\/\/ieomsociety.org\/peru2023\/wp-content\/uploads\/2023\/04\/wiv-151x195.png 151w\" sizes=\"(max-width: 224px) 100vw, 224px\" \/><\/p>\n<p>Professor at the Continental University in undergraduate.\u00a0 Computer and Systems Engineer from the University of San Martin de Porres, with studies electronics technicians at the School of Aeronautics Specialists in Brazil, with a Master&#8217;s Degree in Design, Management and Project Management from the International Iberoamerican University &#8211; Mexico, with a Master&#8217;s Degree in Care Bioethics and Quality and Safety in the Health Field for the University of Valencia \u2013 Candidate for Master in Biomedical Engineering from the National University from Entre R\u00edos in Argentina, PhD Candidate in Engineering from the National University of the South in Argentina. PhD in Bioengineering from the American\u00a0 Andragogy University in the USA. Experience in design of medical equipment with a strong impact on hardware and software development. Deployment of applications based on image processing algorithms, related to the area of medical images and satellite images. RENACYT Researcher Level SAW. Member of the team of engineers for the Technological transfer, for the operation of the Peruvian Satellite PeruSat1, CONIDA \u2013 AIRBUS in Toulouse \u2013 France, Project Engineer at the Office of Project Management of the Space Agency of the Peru \u2013 CONIDA.<\/p>\n<hr \/>\n<h2 style=\"text-align: center;\"><strong><span style=\"color: #ff6600;\">Global Supply Chain and Logistics II<\/span><br \/>\n<\/strong><strong>May 11, 4:00 &#8211; 5:45 pm &#8211; Meeting Room 3 (onsite)<\/strong><\/h2>\n<p><span style=\"color: #0000ff;\"><strong>4:00 pm &#8211; 4:20 pm (Thursday, May 11)<\/strong><\/span><\/p>\n<h3><span style=\"color: #ff6600;\"><strong>Franklin Cordova-Buiza<br \/>\n<\/strong>Research Teacher<\/span><br \/>\n<span style=\"color: #ff6600;\">Department of Industrial Engineering<\/span><br \/>\n<span style=\"color: #ff6600;\">Universidad Privada del Norte (UPN)<\/span><br \/>\n<span style=\"color: #ff6600;\">Lima, Peru<\/span><\/h3>\n<hr \/>\n<p><span style=\"color: #0000ff;\"><strong>4:20 pm &#8211; 4:40 pm (Thursday, May 11)<\/strong><\/span><\/p>\n<h3><span style=\"color: #ff6600;\"><strong><img decoding=\"async\" loading=\"lazy\" class=\"wp-image-2583 alignleft\" src=\"http:\/\/ieomsociety.org\/peru2023\/wp-content\/uploads\/2023\/04\/syl.jpg\" alt=\"\" width=\"224\" height=\"212\" srcset=\"https:\/\/ieomsociety.org\/peru2023\/wp-content\/uploads\/2023\/04\/syl.jpg 498w, https:\/\/ieomsociety.org\/peru2023\/wp-content\/uploads\/2023\/04\/syl-300x284.jpg 300w, https:\/\/ieomsociety.org\/peru2023\/wp-content\/uploads\/2023\/04\/syl-195x185.jpg 195w\" sizes=\"(max-width: 224px) 100vw, 224px\" \/>Mg. Sylvia Karina Rodas Risso<br \/>\n<\/strong>Supply chain manager, Leader and Entrepreneur<\/span><br \/>\n<span style=\"color: #ff6600;\">Arca Continental Lindley S.A., Peru<\/span><br \/>\n<span style=\"color: #ff6600;\">Vice President of Women Supply Chain &#8211; WINS in Peru<\/span><br \/>\n<span style=\"color: #ff6600;\">Lima, Peru<\/span><\/h3>\n<p>Mg. Industrial Engineer SYLVIA KARINA RODAS RISSO worked for 10 years at Arca Continental Lindley S.A. and 6 years at Alicorp S.A.A. occupying management and leadership positions. Silvia is the Vice President of Women Supply Chain &#8211; WINS in Peru. She is currently an Undergraduate Teacher in Logistics Management and Supply Chain Management subjects.<\/p>\n<p>She has 20 years of experience in planning and controlling operations in supply chains of leading mass consumption companies in Latin America. Her holistic vision allows me to identify the impact on the business of the decisions made at the logistical level. Sylvia is observant, creative, analytical, with a focus on planning and team leadership ensuring reliability in operations and achievement of goals proposed objectives.<\/p>\n<hr \/>\n<p><span style=\"color: #0000ff;\"><strong>4:40 pm &#8211; 5:00 pm (Thursday, May 11)<\/strong><\/span><\/p>\n<h3><span style=\"color: #ff6600;\"><strong><img decoding=\"async\" loading=\"lazy\" class=\"wp-image-2644 alignleft\" src=\"http:\/\/ieomsociety.org\/peru2023\/wp-content\/uploads\/2023\/04\/lucia.png\" alt=\"\" width=\"227\" height=\"287\" srcset=\"https:\/\/ieomsociety.org\/peru2023\/wp-content\/uploads\/2023\/04\/lucia.png 391w, https:\/\/ieomsociety.org\/peru2023\/wp-content\/uploads\/2023\/04\/lucia-237x300.png 237w, https:\/\/ieomsociety.org\/peru2023\/wp-content\/uploads\/2023\/04\/lucia-154x195.png 154w\" sizes=\"(max-width: 227px) 100vw, 227px\" \/>Lucia M. Bautista Zu\u00f1iga<\/strong><br \/>\nDocente Asociado<br \/>\nDirectora Acad\u00e9mica<\/span><br \/>\n<span style=\"color: #ff6600;\">Docente Investigadora Renacyt<\/span><br \/>\n<span style=\"color: #ff6600;\">Universidad Privada del Norte (UPN)<\/span><br \/>\n<span style=\"color: #ff6600;\">Lima, Per\u00fa<\/span><\/h3>\n<p>Lucia Bautista es Docente asociado y Directora Acad\u00e9mica de la Universidad Privada del Norte (UPN). Candidato a Doctorado en Ingenier\u00eda Industrial de la Universidad Nacional Mayor de San Marcos (UNMSM). Docente Investigador Renacyt. Especialista Operaciones, Log\u00edstica y Simulaci\u00f3n. Docente pregrado y posgrado en universidades locales. Especialista en Gesti\u00f3n Universitaria y Acreditaci\u00f3n. Mentor en Incubadora Innova ESAN y Centro de Innovaci\u00f3n y Desarrollo Emprendedor Pontificia Cat\u00f3lica del Per\u00fa (CIDE-PUCP). Coordinadora Acad\u00e9mica en curso Sistemas de informaci\u00f3n ERP &#8211; SAP. Auditor interno ISO. Revisor Pares LACCEI. ACM Professional Member.<\/p>\n<p>Lucia Bautista is Associate Professor and Academic Director of the Universidad Privada del Norte (UPN). PhD Candidate in Industrial Engineering from the Universidad Nacional Mayor de San Marcos (UNMSM). Professor Researcher Renacyt. Operations, Logistics and Simulation Specialist. Undergraduate and graduate professor at local universities. Specialist in University Management and Accreditation. Mentor at Innova ESAN Incubator and Pontificia Cat\u00f3lica Center for Innovation and Entrepreneurial Development of Peru (CIDE-PUCP). Academic Coordinator in course Information Systems ERP &#8211; SAP. ISO internal auditor. LACCEI Peer Reviewer. ACM Professional Member.<\/p>\n<hr \/>\n<p><span style=\"color: #0000ff;\"><strong>5:00 pm &#8211; 5:20 pm (Thursday, May 11)<\/strong><\/span><\/p>\n<h3><strong><a href=\"http:\/\/ieomsociety.org\/ieom\/wp-content\/uploads\/2022\/07\/carlos.png\"><img decoding=\"async\" loading=\"lazy\" class=\"alignleft  wp-image-8968\" src=\"http:\/\/ieomsociety.org\/ieom\/wp-content\/uploads\/2022\/07\/carlos.png\" sizes=\"(max-width: 224px) 100vw, 224px\" srcset=\"http:\/\/ieomsociety.org\/ieom\/wp-content\/uploads\/2022\/07\/carlos.png 394w, http:\/\/ieomsociety.org\/ieom\/wp-content\/uploads\/2022\/07\/carlos-237x300.png 237w, http:\/\/ieomsociety.org\/ieom\/wp-content\/uploads\/2022\/07\/carlos-154x195.png 154w\" alt=\"\" width=\"224\" height=\"284\" \/><\/a><span style=\"color: #ff6600;\">Juan Carlos Quiroz-Flores, Ph.D.<\/span><\/strong><span style=\"color: #ff6600;\"><strong><br \/>\n<\/strong>Research Professor \u2013 ULima<\/span><br \/>\n<span style=\"color: #ff6600;\">Facultad de Ingenier\u00eda y Arquitectura<\/span><br \/>\n<span style=\"color: #ff6600;\">Carrera de Ingenier\u00eda Industrial<\/span><br \/>\n<span style=\"color: #ff6600;\">Universidad de Lima, Peru<\/span><\/h3>\n<p>Juan Carlos Quiroz-Flores holds an MBA from Universidad ESAN. Industrial Engineer from Universidad de Lima. D. in Industrial Engineering from Universidad Nacional Mayor de San Marcos and Black Belt in Lean Six Sigma from Universidad Peruana de Ciencias Aplicadas. He is currently an undergraduate professor and researcher at the University of Lima. Expert in Lean Supply Chain and Operations with more than 20 years of professional experience in management positions in operations management, process improvement, and productivity. He has published articles in journals and conferences indexed in Scopus and Web of Science. He is a classified researcher by the National Council of Science, Technology and Technological Innovation of Peru (CONCYTEC), as well as a member of IEOM, IISE, ASQ, IEEE, and CIP (College of Engineers of Peru).<\/p>\n<p><span style=\"color: #0000ff;\"><strong>5:20 pm &#8211; 5:40 pm (Thursday, May 11)<\/strong><\/span><\/p>\n<h3><span style=\"color: #ff6600;\"><strong>Maria Elena Perez Lujan<br \/>\n<\/strong>Professor in Undergraduate<\/span><br \/>\n<span style=\"color: #ff6600;\">Continental University<\/span><br \/>\n<span style=\"color: #ff6600;\">Peru<\/span><\/h3>\n<p><img decoding=\"async\" loading=\"lazy\" class=\"alignnone  wp-image-2741\" src=\"http:\/\/ieomsociety.org\/peru2023\/wp-content\/uploads\/2023\/04\/maria.png\" alt=\"\" width=\"223\" height=\"340\" srcset=\"https:\/\/ieomsociety.org\/peru2023\/wp-content\/uploads\/2023\/04\/maria.png 397w, https:\/\/ieomsociety.org\/peru2023\/wp-content\/uploads\/2023\/04\/maria-197x300.png 197w, https:\/\/ieomsociety.org\/peru2023\/wp-content\/uploads\/2023\/04\/maria-128x195.png 128w\" sizes=\"(max-width: 223px) 100vw, 223px\" \/><\/p>\n<p>Professor at the Continental University in Undergraduate. Doctor(c) in Business Management from the Universidad Nacional Mayor de San Marcos. Master of Administration from ESAN University. Bach. Industrial Engineer from the National University of San Marcos. Master in International Business at EOI (Spain). Professional with more than 20 years of experience in large transnationals of mass consumption, construction, industry and services &#8211; leading the Supply Chain areas such as Procurement, Warehouses, Transportation, Distribution and International Trade. Director of the Purchasing Committee at WINS.<\/p>\n<hr \/>\n<h3><span style=\"color: #ff6600;\"><strong>Past Global Supply Chain and Logistics<\/strong><\/span><\/h3>\n<ol>\n<li>IEOM Global Supply Chain and Logistics in Port-Au-Prince, Haiti \u2013 June 2021<\/li>\n<li>IEOM Global Supply Chain and Logistics in Harbin, China \u2013 July 2021<\/li>\n<li>IEOM Global Supply Chain and Logistics in Rome, Italy \u2013 August 2021<\/li>\n<li>IEOM Global Supply Chain and Logistics in Bangalore, India \u2013 August 2021<\/li>\n<li>IEOM Global Supply Chain and Logistics in Surakarta, Indonesia \u2013 September 2021<\/li>\n<li>IEOM Global Supply Chain and Logistics in Monterrey, Mexico \u2013 November 2021<strong><br \/>\n<\/strong><\/li>\n<li>IEOM Global Supply Chain and Logistics in Istanbul, Turkey \u2013 March 2022<strong><br \/>\n<\/strong><\/li>\n<li>2022 Nigeria \u2013 Africa<\/li>\n<li>2022 Orlando \u2013 NA<\/li>\n<li>2022 Paraguay \u2013 SA<\/li>\n<li>2022 Rome \u2013 EU<\/li>\n<li>2022 India \u2013 NITW<\/li>\n<li>2022 Malaysia \u2013 Ap<\/li>\n<li>2022 Sydney<\/li>\n<li>2022 Dhaka<\/li>\n<li>2023 Manila \u2013 Annual<\/li>\n<li>2023 Zambia \u2013 African<\/li>\n<li>2023 Lima, Peru \u2013 SA<\/li>\n<\/ol>\n","protected":false},"excerpt":{"rendered":"<p>Plenary Speakers 18th IEOM Global Supply Chain and Logistics Speaker Registration:\u00a0https:\/\/www.xcdsystem.com\/IEOM\/attendee\/index.cfm?ID=Ql0Fn1s IEOM Society International addresses the issues of Global Supply Chain and Logistics. There are various levels of readiness of engineering graduates from various parts of the world. One of the main themes is how to reduce the readiness gap of business management graduates around [&hellip;]<\/p>\n","protected":false},"author":1,"featured_media":0,"parent":0,"menu_order":0,"comment_status":"closed","ping_status":"closed","template":"","meta":[],"_links":{"self":[{"href":"https:\/\/ieomsociety.org\/peru2023\/wp-json\/wp\/v2\/pages\/963"}],"collection":[{"href":"https:\/\/ieomsociety.org\/peru2023\/wp-json\/wp\/v2\/pages"}],"about":[{"href":"https:\/\/ieomsociety.org\/peru2023\/wp-json\/wp\/v2\/types\/page"}],"author":[{"embeddable":true,"href":"https:\/\/ieomsociety.org\/peru2023\/wp-json\/wp\/v2\/users\/1"}],"replies":[{"embeddable":true,"href":"https:\/\/ieomsociety.org\/peru2023\/wp-json\/wp\/v2\/comments?post=963"}],"version-history":[{"count":66,"href":"https:\/\/ieomsociety.org\/peru2023\/wp-json\/wp\/v2\/pages\/963\/revisions"}],"predecessor-version":[{"id":2776,"href":"https:\/\/ieomsociety.org\/peru2023\/wp-json\/wp\/v2\/pages\/963\/revisions\/2776"}],"wp:attachment":[{"href":"https:\/\/ieomsociety.org\/peru2023\/wp-json\/wp\/v2\/media?parent=963"}],"curies":[{"name":"wp","href":"https:\/\/api.w.org\/{rel}","templated":true}]}}