{"id":26,"date":"2017-01-15T14:12:24","date_gmt":"2017-01-15T14:12:24","guid":{"rendered":"http:\/\/ieomsociety.org\/ieom2018\/?page_id=26"},"modified":"2024-10-05T18:10:47","modified_gmt":"2024-10-05T18:10:47","slug":"committee","status":"publish","type":"page","link":"https:\/\/ieomsociety.org\/worldcongress2024\/committee\/","title":{"rendered":"Committee"},"content":{"rendered":"<h1 style=\"text-align: center;\"><strong><span style=\"color: #993300;\">Conference Committee<br \/>\n<\/span><\/strong><\/h1>\n<p>Submission Site: <a href=\"https:\/\/www.xcdsystem.com\/IEOM\/abstract\/index.cfm?ID=6HzYjlI\">https:\/\/www.xcdsystem.com\/IEOM\/abstract\/index.cfm?ID=6HzYjlI<\/a><br \/>\nRegistration Site: <a href=\"https:\/\/www.xcdsystem.com\/IEOM\/attendee\/index.cfm?ID=PqTGe3D\">https:\/\/www.xcdsystem.com\/IEOM\/attendee\/index.cfm?ID=PqTGe3D<\/a><\/p>\n<hr \/>\n<h3><span style=\"color: #ff6600;\"><strong>Conference Chairs<\/strong><\/span><\/h3>\n<ul>\n<li>Nick Skope, Vice President &#8211; Vendor Relations and New Business Development, Electro-Matic, Farmington Hills, Michigan, USA (Chairman)<\/li>\n<li>Dr. Ahad Ali, Associate Professor and Director of Industrial Engineering Program, A. Leon Linton Department of Mechanical, Robotics and Industrial Engineering, Lawrence Technological University, Southfield, Michigan, USA<\/li>\n<li>Steve Sibrel, Senior Supplier Quality Management, Harman International and Fellow, IEOM Society International<\/li>\n<li>Prof. Don Reimer, Chief Operating Officer, IEOM Society International<\/li>\n<\/ul>\n<hr \/>\n<h3><span style=\"color: #ff6600;\"><strong>Conference Co-Chairs<\/strong><\/span><\/h3>\n<ul>\n<li>Dr. George Pappas, Director of Master of Science in Artificial Intelligence, Department of Electrical and Computer Engineering, Lawrence Technological University, Southfield, Michigan, USA<\/li>\n<li>Dr. Leslie Monplaisir, Associate Dean for Academic and Student Affairs and Professor, Department of Industrial and Manufacturing Engineering, Wayne State University, Detroit, Michigan, USA<\/li>\n<li>Dr. Muhammad Sohail Ahmed, Professor of Engineering Management, School of Engineering, Eastern Michigan University, Ypsilanti, Michigan, USA<\/li>\n<li>Dr. Saso Krstovski, MBB, Associate Dean Industrial Technologies, Henry Ford Community College (HFCC), Dearborn, Michigan, USA<\/li>\n<\/ul>\n<hr \/>\n<h3><strong><span style=\"color: #ff6600;\">Program Chairs<\/span><\/strong><\/h3>\n<ul>\n<li>Dr. Neil Murray, Adjunct Professor at LTU and Senior Technical Specialist at ZF<\/li>\n<li>Dr. Joseph Ogundu, Emerald Global Consulting Inc., Southfield<\/li>\n<\/ul>\n<hr \/>\n<h3><strong><span style=\"color: #ff6600;\">Program Committee<\/span><\/strong><\/h3>\n<ul>\n<li>Imran Tusar, PhD, Assistant Professor, Logistics and Systems Engineering, Bowling Green State University, Ohio, USA<\/li>\n<li>Dr. Mohammad Habibur (Habib) Rahman, Chair and Richard and Joanne Grigg Professor, Mechanical Engineering Department, University of Wisconsin-Milwaukee<\/li>\n<li>Prof. Mohammed Saad Alkahtani, Professor and Vice-Dean of Advanced Manufacturing Institute (AMI), King Saud University, Industrial Engineering Department, College of Engineering, King Saud University, Riyadh, Saudi Arabia<\/li>\n<li>Prof. Abdulrahman Al-Ahmari, Professor and Former Dean, Advanced Manufacturing Institute (AMI), Industrial Engineering Department, College of Engineering, King Saud University, Riyadh, Saudi Arabia<\/li>\n<li>Farnaz Ghazi-Nezami, PhD, CSSGB, Interim Department Head and Associate Professor, Industrial and Manufacturing Engineering Department, Kettering University, Flint, Michigan<\/li>\n<li>Rubu Rahman,\u00a0Lead Software Engineer,\u00a0General Motors,\u00a0Milford, Michigan<\/li>\n<li>Yashwanth (YASH) Chaithanya, Quality Assurance Engineer at Molded Magnesium Products, LLC, Jackson Michigan<\/li>\n<li>Sai Abhijith Medavarapu, Industrial Engineer, Generac, Eagle, Wisconsin, United States<\/li>\n<li>Nirav Sheth, Program Manager, Purem by Ebersp\u00e4cher, Novi, Michigan, United States<\/li>\n<li>Kevin McCabe, Industrial Engineer at Stellantis, Sterling Heights, Michigan, United States<\/li>\n<li>Saif Siddique, Engineering Manager, Power Electronics\/ Power Converter, Stellantis, Auburn Hills, Michigan<\/li>\n<li>Joe Puranen, Program Manager at Piston Group<\/li>\n<li>Dr. Craig Schluttenhofer, Agricultural Research and Development Program (ARDP), Central State University, Wilberforce, Ohio, USA<\/li>\n<li>Dr. Som R. Soni), Central State University, Wilberforce, Ohio, USA<\/li>\n<li>Dr. Deng Cao, Central State University, Wilberforce, Ohio, USA<\/li>\n<li>Dr. Kuldeep Agarwal, Professor, Department of Automotive and Manufacturing Engineering Technology, College of Science, Engineering, and Technology, Minnesota State University, Mankato, MN<\/li>\n<li>Dr. Lee Wells, Associate Professor, Industrial and Entrepreneurial Engineering &amp; Engineering Management, Western Michigan University, Kalamazoo MI, USA<\/li>\n<li>Dr. Hayder Zghair, Assistant Professor, Department of Engineering &amp; Physics, Southern Arkansas University, Magnolia, Arkansas, USA<\/li>\n<li>Mohammad A Rahman, Ph.D., Manufacturing and Construction Management, Central Connecticut State University, New Britain, CT, USA<\/li>\n<li>Dr. Jing Hou, Assistant Professor, Department of Data Science and Business Analytics, Fl Poly University<\/li>\n<li>Dr. James Mennie, Business Director \u2013 FIPRI, Department of Data Science and Business Analytics<\/li>\n<li>Dr. Elizabeth O\u201dNeill, Assistant Professor, Engineering Technology, SUNY Buffalo State College, Buffalo, NY, USA<\/li>\n<li>Mr. Jeffrey Sumner, Department of Engineering &amp; Physics, Southern Arkansas University, Magnolia, Arkansas, USA<\/li>\n<li>Dr. Jim Burns, Assistant Professor, Industrial and Entrepreneurial Engineering &amp; Engineering Management, Western Michigan University, Kalamazoo MI, USA<\/li>\n<li>Dr. Sarah Ali, Clinical assistant Professor, Engineering, Math and Honors Departments, Chicago, Illinois, USA<\/li>\n<li>Dr. Pawan Bhandari, Assistant Professor, Department of Automotive and Manufacturing Engineering Technology, College of Science, Engineering, and Technology, Minnesota State University, Mankato, MN<\/li>\n<li>Dr. M. Affan Badar, CPEM, Professor, Applied Engineering and Technology Management Department, Indiana State University, Terre Haute, Indiana, USA<\/li>\n<li>Dr. Adedeji Badiru, Dean, Graduate School of Engineering and Management, Air Force Institute of Technology, Wright-Patterson AFB, Ohio, USA<\/li>\n<li>Mr. Aaron Rubel, Head of Maintenance Programs Development and Intellectual Property Focal Point, Airbus Mobile Engineering Center, Airbus Americas, Inc., Mobile, Alabama, USA<\/li>\n<li>Dr. Shahram Taj, Chair and Professor, Department of Data Science &amp; Business Analytics, Florida Polytechnic University, USA<\/li>\n<li>Dr. Luz Mar\u00eda Valdez de la Rosa, Professor of Engineering Department, University of Monterrey, M\u00e9xico<\/li>\n<\/ul>\n<hr \/>\n<h3><span style=\"color: #993300;\"><strong><span style=\"color: #ff6600;\">Technical Committee<\/span><\/strong><\/span><\/h3>\n<ul>\n<li>Dr. Abdelaziz Berrado, The Ecole Mohammadia d\u2019Ing\u00e9nieurs, Rabat, Morocco<\/li>\n<li>Dr. Abdul Talib Bon, Universiti Tun Hussein Onn Malaysia<\/li>\n<li>Dr. Abdur Rahim, University of New Brunswick, Canada<\/li>\n<li>Dr. Abu Masud, Wichita State University, Kansas, USA<\/li>\n<li>Dr. Ahm Shamsuzzoha, University of Vaasa, Finland<\/li>\n<li>Dr. Alfredo Soeiro, University of Porto, Portugal<\/li>\n<li>Dr. Ali ElKamel, University of Waterloo, Canada<\/li>\n<li>Dr. Andy Pandian, Associate Professor, Saginaw Valley State University, Michigan<\/li>\n<li>Dr. Anwar Hossain, Daikin Applied, Minneapolis, Minnesota, USA<\/li>\n<li>Dr. Arun N. Nambiar, California State University \u2013 Fresno, USA<\/li>\n<li>Dr. Azadeh Maroufmashat, University of Waterloo<\/li>\n<li>Dr. Balan Sundarakani, University of Wollongong in Dubai, UAE<\/li>\n<li>Dr. Bill Edwards, Oakland University, Rochester, MI<\/li>\n<li>Dr. Bouloiz Hafida, National School of Applied Sciences (ENSA), Ibn Zohr University, Agadir, Morocco<\/li>\n<li>Dr. Chan Chee-Ming, Universiti Tun Hussein Onn Malaysia<\/li>\n<li>Dr. Charles Mbohwa, University of South Africa<\/li>\n<li>Dr. D. K. Banwet, IIT-Delhi, India<\/li>\n<li>Dr. George Pappas, Lawrence Technological University, Michigan<\/li>\n<li>Dr. Daw Alwerfalli, Lawrence Technological University, Michigan<\/li>\n<li>Dr. Devdas Shetty, University of the District of Columbia, Washington, DC, USA<\/li>\n<li>Dr. Edmund L. Ijumba, Evergreen Packaging, Memphis, Tennessee<\/li>\n<li>Dr. Fernando Gonz\u00e1lez Aleu, Universidad de Monterrey, Mexico<\/li>\n<li>Dr. Funda Sivrikaya \u015eerifo\u011flu, Bilgi University, Istanbul, Turkey<\/li>\n<li>Dr. Gopalan Srinivasan, University of New Brunswick, Canada<\/li>\n<li>Dr. Hamid Seifoddini, University of Wisconsin-Milwaukee, USA<\/li>\n<li>Dr. Hamid Seifoddini, University of Wisconsin-Milwaukee, USA<\/li>\n<li>Dr. Hari Agung Yuniarto, Universitas Gadjah Mada, Indonesia<\/li>\n<li>Dr. Henk Zijm, University of Twente, Netherlands<\/li>\n<li>Dr. Ho Hwi Chie, Bina Nusantara University (Binus), Indonesia<\/li>\n<li>Dr. Hui-Ming Wee, Chung Yuan Christian University, Taiwan<\/li>\n<li>Dr. Ilham Kissani, Al Akhawayn University, Ifrane, Morocco<\/li>\n<li>Dr. Indra Gunawan, The University of Adelaide, Australia<\/li>\n<li>Dr. Jacqueline Chestnut, North Carolina A&amp;T State University, Greensboro, NC<\/li>\n<li>Dr. Jafri Mohd Rohani, Universiti Teknologi Malaysia<\/li>\n<li>Dr. Jahara bint Ghani, UKM, Malaysia<\/li>\n<li>Dr. Jaouad Boukachour, Universit\u00e9 Le Havre, France<\/li>\n<li>Dr. Jihong Yan, Harbin Institute of Technology, Harbin, China<\/li>\n<li>Dr. Johanna Trujillo D\u00edaz, Escuela Colombiana de Ingenier\u00eda Julio Garavito, Bogot\u00e1, Colombia<\/li>\n<li>Dr. Johanna Trujillo D\u00edaz, Universidad Cooperativa de Colombia, Bogot\u00e1, Colombia<\/li>\n<li>Dr. Jorge Kurita, Asuncion National University, Paraguay<\/li>\n<li>Dr. Jose Arturo Garza-Reyes, University of Derby, UK<\/li>\n<li>Dr. Joseph Ogundu, President at Emerald Global Consulting Inc., Detroit, Michigan<\/li>\n<li>Dr. Kenichi Funaki, Hitachi, Yokohama, Japan<\/li>\n<li>Dr. Kondo H. Adjallah, Paul-Verlaine University, France<\/li>\n<li>Dr. Li Zheng, Tsinghua University, China<\/li>\n<li>Dr. Linda L. Zhang, IESEG School of Management, Lille-Paris, France<\/li>\n<li>Dr. Luis Rocha-Lona, Instituto Polit\u00e9cnico Nacional, Mexico City, M\u00e9xico<\/li>\n<li>Dr. Luz Mar\u00eda Valdez de la Rosa, University of Monterrey, M\u00e9xico<\/li>\n<li>Dr. Mario Chauca, Professor of Industrial Engineering, Universidad Ricardo Palma, Lima, Peru<\/li>\n<li>Dr. MAS Kamal, Gunma University, Japan<\/li>\n<li>Dr. Masud Rana, Delaware State University, USA<\/li>\n<li>Dr. Michael Mutingi, University of Botswana, Botswana<\/li>\n<li>Dr. Mohamed Awwad, California Polytechnic State University-San Luis Obispo, USA<\/li>\n<li>Dr. Mohammed Rahman, Central Connecticut State University, USA<\/li>\n<li>Dr. Moncer Abdelhamid Hariga, American University of Sharjah, UAE<\/li>\n<li>Dr. Mukdam Kena, Ford Motor Company, Michigan<\/li>\n<li>Dr. Mukondeleli Grace Kanakana, TUT, South Africa<\/li>\n<li>Dr. Mukti Rana, Delaware State University, Dover, Delaware<\/li>\n<li>Dr. Neil G. Murray Jr, ZF, Michigan, USA<\/li>\n<li>Dr. Olufemi Adetunji, University of Pretoria, South Africa<\/li>\n<li>Dr. Omar Ashour, Penn State Behrend, Erie, PA<\/li>\n<li>Dr. Omar Elmabrouk, Benghazi University, Libya<\/li>\n<li>Dr. Reza Akhavian, California State University, East Bay<\/li>\n<li>Dr. Robert de Souza, The Logistics Institute &#8211; Asia Pacific, Singapore<\/li>\n<li>Dr. Robert R. Inman, P.E., Technical Fellow, Operations Research Group at General Motors, Michigan<\/li>\n<li>Dr. Rodrigo Luiz Gigante, FACENS University, Sorocaba, Sao Paulo, Brazil<\/li>\n<li>Dr. Rosemary Seva, De La Salle University \u2013 Manila, Philippines<\/li>\n<li>Dr. Salah Haridy, University of Sharjah, Sharjah, UAE<\/li>\n<li>Dr. Samira A. Rahimi, McGill University, Canada<\/li>\n<li>Dr. Sampson Gholston, University of Alabama in Huntsville<\/li>\n<li>Dr. Sandro Paz, Pontificia Universidad Catolica del Peru, San Miguel, Lima, Peru<\/li>\n<li>Dr. Shekar Babu, AMRITA School of Business, Bangalore, India<\/li>\n<li>Dr. Sushil K. Shetty, Wilsonart LLC, Temple, Texas, USA<\/li>\n<li>Dr. Umar AL-Turki, King Fahd University of Petroleum and Minerals, Saudi Arabia<\/li>\n<li>Dr. Vassilis Gerogiannis, Department of Project Management, Greece<\/li>\n<li>Dr. Wilkistar Otieno, Univ. of Wisconsin \u2013 Milwaukee<\/li>\n<li>Dr. Ximena C\u00f3rdova Vallejo, Polit\u00e9cnico Universidad San Francisco de Quito, Ecuador<\/li>\n<li>Dr. Yong Yin, Yamagata University, Japan<\/li>\n<li>Gomanth Duvvuru. Material Execution Lead at General Motors, Michigan<\/li>\n<li>Mr. Ali Massaeli, National Iranian Gas Company, Iran<\/li>\n<li>Ms. Susan M. Ostrowski, P.E., Global Standards &#8211; Industrial Engineer, Ford Motor Company<\/li>\n<li>Prof. Ivanhoe Rozo Rojas, Universidad Cat\u00f3lica de Colombia, Bogota<\/li>\n<li>Prof. Juan S. S\u00e1nchez-G\u00f3mez, Professor, Universidad Cat\u00f3lica de Colombia, Bogota<\/li>\n<li>Prof. Soumaya Yacout, \u00c9cole Polytechnique de Montr\u00e9al, Canada<\/li>\n<li>Prof. Vitor M. Caldana, IFSP \u2013 Instituto Federal de S\u00e3o Paulo \u2013 Campus Sorocaba, SP, Brazil<\/li>\n<li>Professor Abdul Mannan, Adjunct Professor, University of the District of Colombia, Washington DC, USA<\/li>\n<li>Suvro Sudip, Daifuku &#8211; Jervis B. Webb, Michigan<\/li>\n<li>Ziyad ALKassir, General Motors, Michigan<\/li>\n<\/ul>\n<h3><span style=\"color: #ff6600;\"><strong>Student Support Committee<\/strong><\/span><\/h3>\n<ul>\n<li>Chaturya Gadde, Master of Science in Industrial Engineering, Lawrence Tech<\/li>\n<li><span class=\"gI\"><span class=\"qu\" tabindex=\"-1\" role=\"gridcell\" translate=\"no\"><span class=\"gD\" data-hovercard-id=\"vsaladi@ltu.edu\" data-hovercard-owner-id=\"45\">Venkata Sai Karthik Saladi, Master of Science in Industrial Engineering, Lawrence Tech<\/span><\/span><\/span><\/li>\n<\/ul>\n","protected":false},"excerpt":{"rendered":"<p>Conference Committee Submission Site: https:\/\/www.xcdsystem.com\/IEOM\/abstract\/index.cfm?ID=6HzYjlI Registration Site: https:\/\/www.xcdsystem.com\/IEOM\/attendee\/index.cfm?ID=PqTGe3D Conference Chairs Nick Skope, Vice President &#8211; Vendor Relations and New Business Development, Electro-Matic, Farmington Hills, Michigan, USA (Chairman) Dr. Ahad Ali, Associate Professor and Director of Industrial Engineering Program, A. Leon Linton Department of Mechanical, Robotics and Industrial Engineering, Lawrence Technological University, Southfield, Michigan, USA Steve [&hellip;]<\/p>\n","protected":false},"author":1,"featured_media":0,"parent":0,"menu_order":0,"comment_status":"closed","ping_status":"closed","template":"","meta":{"footnotes":""},"class_list":["post-26","page","type-page","status-publish","hentry"],"_links":{"self":[{"href":"https:\/\/ieomsociety.org\/worldcongress2024\/wp-json\/wp\/v2\/pages\/26"}],"collection":[{"href":"https:\/\/ieomsociety.org\/worldcongress2024\/wp-json\/wp\/v2\/pages"}],"about":[{"href":"https:\/\/ieomsociety.org\/worldcongress2024\/wp-json\/wp\/v2\/types\/page"}],"author":[{"embeddable":true,"href":"https:\/\/ieomsociety.org\/worldcongress2024\/wp-json\/wp\/v2\/users\/1"}],"replies":[{"embeddable":true,"href":"https:\/\/ieomsociety.org\/worldcongress2024\/wp-json\/wp\/v2\/comments?post=26"}],"version-history":[{"count":201,"href":"https:\/\/ieomsociety.org\/worldcongress2024\/wp-json\/wp\/v2\/pages\/26\/revisions"}],"predecessor-version":[{"id":2478,"href":"https:\/\/ieomsociety.org\/worldcongress2024\/wp-json\/wp\/v2\/pages\/26\/revisions\/2478"}],"wp:attachment":[{"href":"https:\/\/ieomsociety.org\/worldcongress2024\/wp-json\/wp\/v2\/media?parent=26"}],"curies":[{"name":"wp","href":"https:\/\/api.w.org\/{rel}","templated":true}]}}